{"id":250061,"date":"2021-11-08T17:38:32","date_gmt":"2021-11-08T17:38:32","guid":{"rendered":"https:\/\/museros.org\/?page_id=250061"},"modified":"2022-02-27T15:32:28","modified_gmt":"2022-02-27T15:32:28","slug":"buzon-del-mayor","status":"publish","type":"page","link":"https:\/\/museros.org\/inici\/es\/buzon-del-mayor\/","title":{"rendered":"Buz\u00f3n del mayor"},"content":{"rendered":"<p>[et_pb_section fb_built=\u00bb1&#8243; _builder_version=\u00bb4.13.0&#8243; _module_preset=\u00bbdefault\u00bb custom_margin=\u00bb0px||||false|false\u00bb custom_padding=\u00bb0px||||false|false\u00bb global_colors_info=\u00bb{}\u00bb][et_pb_row column_structure=\u00bb1_4,3_4&#8243; _builder_version=\u00bb4.13.0&#8243; _module_preset=\u00bbdefault\u00bb custom_margin=\u00bb0px||||false|false\u00bb custom_padding=\u00bb0px||||false|false\u00bb global_colors_info=\u00bb{}\u00bb][et_pb_column type=\u00bb1_4&#8243; _builder_version=\u00bb4.13.0&#8243; _module_preset=\u00bbdefault\u00bb global_colors_info=\u00bb{}\u00bb][et_pb_image src=\u00bbhttps:\/\/museros.org\/wp-content\/uploads\/2021\/11\/logo-bustia-320&#215;330-1.jpg\u00bb title_text=\u00bblogo-bustia-320&#215;330&#8243; url=\u00bbhttps:\/\/museros.org\/inici\/es\/area-de-mayores\u00bb use_overlay=\u00bbon\u00bb hover_overlay_color=\u00bbrgba(255,255,255,0.7)\u00bb hover_icon=\u00bb&#xe04d;||divi||400&#8243; align=\u00bbcenter\u00bb _builder_version=\u00bb4.14.8&#8243; _module_preset=\u00bbdefault\u00bb hover_enabled=\u00bb0&#8243; global_colors_info=\u00bb{}\u00bb sticky_enabled=\u00bb0&#8243;][\/et_pb_image][\/et_pb_column][et_pb_column type=\u00bb3_4&#8243; _builder_version=\u00bb4.13.0&#8243; _module_preset=\u00bbdefault\u00bb global_colors_info=\u00bb{}\u00bb][et_pb_text _builder_version=\u00bb4.13.0&#8243; _module_preset=\u00bbdefault\u00bb global_colors_info=\u00bb{}\u00bb]<\/p>\n<h2>Buz\u00f3n del mayor<\/h2>\n<p>\u00bfEres una persona mayor?<\/p>\n<p>\u00a1Queremos saber tu opini\u00f3n!<\/p>\n<p>Cu\u00e9ntanos tus ideas, sugerencias, inquietudes o quejas.<br \/>Lo puedes hacer de dos formas:<br \/>1. Escr\u00edbelo en un papel y depos\u00edtalo en el Buz\u00f3n del Mayor.<br \/>2. Escr\u00edbenos un correo electr\u00f3nico a la direcci\u00f3n:<br \/><a href=\"mailto:buzondelmayor@museros.es\" target=\"_blank\" rel=\"noopener\">buzondelmayor@museros.es<\/a><\/p>\n<p>\u00a1Gracias a ti mejoraremos Museros!<\/p>\n<p>[\/et_pb_text][\/et_pb_column][\/et_pb_row][et_pb_row _builder_version=\u00bb4.13.0&#8243; _module_preset=\u00bbdefault\u00bb global_colors_info=\u00bb{}\u00bb][et_pb_column type=\u00bb4_4&#8243; _builder_version=\u00bb4.13.0&#8243; _module_preset=\u00bbdefault\u00bb global_colors_info=\u00bb{}\u00bb][et_pb_divider color=\u00bb#E02B20&#8243; divider_weight=\u00bb4px\u00bb _builder_version=\u00bb4.13.0&#8243; _module_preset=\u00bbdefault\u00bb global_colors_info=\u00bb{}\u00bb][\/et_pb_divider][\/et_pb_column][\/et_pb_row][\/et_pb_section]<\/p>\n","protected":false},"excerpt":{"rendered":"<p>Buz\u00f3n del mayor \u00bfEres una persona mayor? \u00a1Queremos saber tu opini\u00f3n! Cu\u00e9ntanos tus ideas, sugerencias, inquietudes o quejas.Lo puedes hacer de dos formas:1. Escr\u00edbelo en un papel y depos\u00edtalo en el Buz\u00f3n del Mayor.2. Escr\u00edbenos un correo electr\u00f3nico a la direcci\u00f3n:buzondelmayor@museros.es \u00a1Gracias a ti mejoraremos Museros!<\/p>\n","protected":false},"author":8,"featured_media":0,"parent":0,"menu_order":0,"comment_status":"closed","ping_status":"closed","template":"","meta":{"_et_pb_use_builder":"on","_et_pb_old_content":"","_et_gb_content_width":"","_mc_calendar":[],"footnotes":""},"wf_page_folders":[296],"class_list":["post-250061","page","type-page","status-publish","hentry"],"_links":{"self":[{"href":"https:\/\/museros.org\/inici\/wp-json\/wp\/v2\/pages\/250061","targetHints":{"allow":["GET"]}}],"collection":[{"href":"https:\/\/museros.org\/inici\/wp-json\/wp\/v2\/pages"}],"about":[{"href":"https:\/\/museros.org\/inici\/wp-json\/wp\/v2\/types\/page"}],"author":[{"embeddable":true,"href":"https:\/\/museros.org\/inici\/wp-json\/wp\/v2\/users\/8"}],"replies":[{"embeddable":true,"href":"https:\/\/museros.org\/inici\/wp-json\/wp\/v2\/comments?post=250061"}],"version-history":[{"count":6,"href":"https:\/\/museros.org\/inici\/wp-json\/wp\/v2\/pages\/250061\/revisions"}],"predecessor-version":[{"id":253636,"href":"https:\/\/museros.org\/inici\/wp-json\/wp\/v2\/pages\/250061\/revisions\/253636"}],"wp:attachment":[{"href":"https:\/\/museros.org\/inici\/wp-json\/wp\/v2\/media?parent=250061"}],"wp:term":[{"taxonomy":"wf_page_folders","embeddable":true,"href":"https:\/\/museros.org\/inici\/wp-json\/wp\/v2\/wf_page_folders?post=250061"}],"curies":[{"name":"wp","href":"https:\/\/api.w.org\/{rel}","templated":true}]}}