{"id":249660,"date":"2021-10-19T22:10:03","date_gmt":"2021-10-19T22:10:03","guid":{"rendered":"https:\/\/museros.org\/?page_id=249660"},"modified":"2022-04-15T13:00:00","modified_gmt":"2022-04-15T13:00:00","slug":"whatsapp-municipal","status":"publish","type":"page","link":"https:\/\/museros.org\/inici\/whatsapp-municipal\/","title":{"rendered":"Whatsapp municipal"},"content":{"rendered":"<p>[et_pb_section fb_built=\u00bb1&#8243; _builder_version=\u00bb4.16&#8243; _module_preset=\u00bbdefault\u00bb custom_margin=\u00bb0px||||false|false\u00bb custom_padding=\u00bb0px||||false|false\u00bb locked=\u00bboff\u00bb global_colors_info=\u00bb{}\u00bb][et_pb_row column_structure=\u00bb1_4,3_4&#8243; _builder_version=\u00bb4.16&#8243; _module_preset=\u00bbdefault\u00bb custom_margin=\u00bb0px||||false|false\u00bb custom_padding=\u00bb0px||||false|false\u00bb global_colors_info=\u00bb{}\u00bb][et_pb_column type=\u00bb1_4&#8243; _builder_version=\u00bb4.16&#8243; _module_preset=\u00bbdefault\u00bb global_colors_info=\u00bb{}\u00bb][et_pb_image src=\u00bbhttps:\/\/museros.org\/wp-content\/uploads\/2021\/10\/whatsaapp-230&#215;180-1.jpg\u00bb title_text=\u00bbwhatsaapp-230&#215;180&#8243; url=\u00bbhttps:\/\/museros.org\/ca\/inici\u00bb use_overlay=\u00bbon\u00bb overlay_icon_color=\u00bb#E02B20&#8243; hover_overlay_color=\u00bbrgba(255,255,255,0.69)\u00bb hover_icon=\u00bb&#xe04d;||divi||400&#8243; _builder_version=\u00bb4.16&#8243; _module_preset=\u00bbdefault\u00bb global_colors_info=\u00bb{}\u00bb][\/et_pb_image][\/et_pb_column][et_pb_column type=\u00bb3_4&#8243; _builder_version=\u00bb4.16&#8243; _module_preset=\u00bbdefault\u00bb global_colors_info=\u00bb{}\u00bb][et_pb_image src=\u00bbhttps:\/\/museros.org\/wp-content\/uploads\/2021\/10\/mobile-phone.jpg\u00bb title_text=\u00bbmobile-phone\u00bb _builder_version=\u00bb4.16&#8243; _module_preset=\u00bbdefault\u00bb global_colors_info=\u00bb{}\u00bb][\/et_pb_image][et_pb_text _builder_version=\u00bb4.17.1&#8243; _module_preset=\u00bbdefault\u00bb hover_enabled=\u00bb0&#8243; global_colors_info=\u00bb{}\u00bb sticky_enabled=\u00bb0&#8243;]<\/p>\n<h1>Whatsapp municipal<\/h1>\n<p>Servei municipal d&#8217;informaci\u00f3 per whatsapp<br \/>Dona&#8217;t d&#8217;alta en tres senzills passos:<br \/><em>1.<\/em> Afegeix i guarda el n\u00famero 674 293 235 en la llista de contactes del teu tel\u00e8fon m\u00f2bil.<br \/><em>2.<\/em> Envia un missatge de WhatsApp a aquest n\u00famero amb la paraula ALTA.<br \/><em>3.<\/em> L&#8217;Ajuntament et donar\u00e0 d&#8217;alta perqu\u00e8 pugues rebre la informaci\u00f3.<br \/>Aquest \u00e9s un servei d&#8217;informaci\u00f3 unidireccional, solament es pot rebre informaci\u00f3. Si vols posar-te en contacte amb l&#8217;Ajuntament, utilitza els canals de comunicaci\u00f3 habituals.<\/p>\n<p>[\/et_pb_text][\/et_pb_column][\/et_pb_row][et_pb_row _builder_version=\u00bb4.16&#8243; _module_preset=\u00bbdefault\u00bb global_colors_info=\u00bb{}\u00bb][et_pb_column type=\u00bb4_4&#8243; _builder_version=\u00bb4.16&#8243; _module_preset=\u00bbdefault\u00bb global_colors_info=\u00bb{}\u00bb][et_pb_divider color=\u00bb#E02B20&#8243; divider_weight=\u00bb4px\u00bb _builder_version=\u00bb4.16&#8243; _module_preset=\u00bbdefault\u00bb global_colors_info=\u00bb{}\u00bb][\/et_pb_divider][\/et_pb_column][\/et_pb_row][\/et_pb_section]<\/p>\n","protected":false},"excerpt":{"rendered":"<p>Whatsapp municipal Servei municipal d&#8217;informaci\u00f3 per whatsappDona&#8217;t d&#8217;alta en tres senzills passos:1. Afegeix i guarda el n\u00famero 674 293 235 en la llista de contactes del teu tel\u00e8fon m\u00f2bil.2. Envia un missatge de WhatsApp a aquest n\u00famero amb la paraula ALTA.3. L&#8217;Ajuntament et donar\u00e0 d&#8217;alta perqu\u00e8 pugues rebre la informaci\u00f3.Aquest \u00e9s un servei d&#8217;informaci\u00f3 unidireccional, [&hellip;]<\/p>\n","protected":false},"author":8,"featured_media":0,"parent":0,"menu_order":0,"comment_status":"closed","ping_status":"closed","template":"","meta":{"_et_pb_use_builder":"on","_et_pb_old_content":"","_et_gb_content_width":"","_mc_calendar":[],"footnotes":""},"wf_page_folders":[1014],"class_list":["post-249660","page","type-page","status-publish","hentry"],"_links":{"self":[{"href":"https:\/\/museros.org\/inici\/wp-json\/wp\/v2\/pages\/249660","targetHints":{"allow":["GET"]}}],"collection":[{"href":"https:\/\/museros.org\/inici\/wp-json\/wp\/v2\/pages"}],"about":[{"href":"https:\/\/museros.org\/inici\/wp-json\/wp\/v2\/types\/page"}],"author":[{"embeddable":true,"href":"https:\/\/museros.org\/inici\/wp-json\/wp\/v2\/users\/8"}],"replies":[{"embeddable":true,"href":"https:\/\/museros.org\/inici\/wp-json\/wp\/v2\/comments?post=249660"}],"version-history":[{"count":4,"href":"https:\/\/museros.org\/inici\/wp-json\/wp\/v2\/pages\/249660\/revisions"}],"predecessor-version":[{"id":258009,"href":"https:\/\/museros.org\/inici\/wp-json\/wp\/v2\/pages\/249660\/revisions\/258009"}],"wp:attachment":[{"href":"https:\/\/museros.org\/inici\/wp-json\/wp\/v2\/media?parent=249660"}],"wp:term":[{"taxonomy":"wf_page_folders","embeddable":true,"href":"https:\/\/museros.org\/inici\/wp-json\/wp\/v2\/wf_page_folders?post=249660"}],"curies":[{"name":"wp","href":"https:\/\/api.w.org\/{rel}","templated":true}]}}