{"id":249649,"date":"2021-10-19T21:59:00","date_gmt":"2021-10-19T21:59:00","guid":{"rendered":"https:\/\/museros.org\/?page_id=249649"},"modified":"2022-04-15T12:55:51","modified_gmt":"2022-04-15T12:55:51","slug":"el-whatsapp-municipal","status":"publish","type":"page","link":"https:\/\/museros.org\/inici\/es\/el-whatsapp-municipal\/","title":{"rendered":"El whatsapp municipal"},"content":{"rendered":"<p>[et_pb_section fb_built=\u00bb1&#8243; _builder_version=\u00bb4.16&#8243; _module_preset=\u00bbdefault\u00bb custom_margin=\u00bb0px||||false|false\u00bb custom_padding=\u00bb0px||||false|false\u00bb global_colors_info=\u00bb{}\u00bb][et_pb_row column_structure=\u00bb1_4,3_4&#8243; _builder_version=\u00bb4.16&#8243; _module_preset=\u00bbdefault\u00bb custom_margin=\u00bb0px||||false|false\u00bb custom_padding=\u00bb0px||||false|false\u00bb global_colors_info=\u00bb{}\u00bb][et_pb_column type=\u00bb1_4&#8243; _builder_version=\u00bb4.16&#8243; _module_preset=\u00bbdefault\u00bb global_colors_info=\u00bb{}\u00bb][et_pb_image src=\u00bbhttps:\/\/museros.org\/wp-content\/uploads\/2021\/10\/whatsaapp-230&#215;180-1.jpg\u00bb title_text=\u00bbwhatsaapp-230&#215;180&#8243; url=\u00bbhttps:\/\/museros.org\/inici\/es\/\u00bb use_overlay=\u00bbon\u00bb overlay_icon_color=\u00bb#E02B20&#8243; hover_overlay_color=\u00bbrgba(255,255,255,0.71)\u00bb hover_icon=\u00bb&#xe04d;||divi||400&#8243; _builder_version=\u00bb4.16&#8243; _module_preset=\u00bbdefault\u00bb global_colors_info=\u00bb{}\u00bb][\/et_pb_image][\/et_pb_column][et_pb_column type=\u00bb3_4&#8243; _builder_version=\u00bb4.16&#8243; _module_preset=\u00bbdefault\u00bb global_colors_info=\u00bb{}\u00bb][et_pb_image src=\u00bbhttps:\/\/museros.org\/wp-content\/uploads\/2021\/10\/mobile-phone.jpg\u00bb title_text=\u00bbmobile-phone\u00bb _builder_version=\u00bb4.16&#8243; _module_preset=\u00bbdefault\u00bb global_colors_info=\u00bb{}\u00bb][\/et_pb_image][et_pb_text _builder_version=\u00bb4.17.1&#8243; _module_preset=\u00bbdefault\u00bb hover_enabled=\u00bb0&#8243; global_colors_info=\u00bb{}\u00bb sticky_enabled=\u00bb0&#8243;]<\/p>\n<h1>Whatsapp municipal<\/h1>\n<p>Servicio municipal de informaci\u00f3n por whatsapp<br \/>Date de alta en tres sencillos pasos:<br \/><em>1.<\/em> A\u00f1ade y guarda el n\u00famero 674 293 235 en la lista de contactos de tu tel\u00e9fono m\u00f3vil.<br \/><em>2.<\/em> Env\u00eda un mensaje de WhatsApp a este n\u00famero con la palabra ALTA.<br \/><em>3.<\/em> El Ayuntamiento te dar\u00e1 de alta porque puedas recibir la informaci\u00f3n.<br \/>Este es un servicio de informaci\u00f3n unidireccional, solo se puede recibir informaci\u00f3n. Si quieres ponerte en contacto con el Ayuntamiento, utiliza los canales de comunicaci\u00f3n habituales.<\/p>\n<p>[\/et_pb_text][\/et_pb_column][\/et_pb_row][et_pb_row _builder_version=\u00bb4.16&#8243; _module_preset=\u00bbdefault\u00bb global_colors_info=\u00bb{}\u00bb][et_pb_column type=\u00bb4_4&#8243; _builder_version=\u00bb4.16&#8243; _module_preset=\u00bbdefault\u00bb global_colors_info=\u00bb{}\u00bb][et_pb_divider color=\u00bb#E02B20&#8243; divider_weight=\u00bb4px\u00bb _builder_version=\u00bb4.16&#8243; _module_preset=\u00bbdefault\u00bb global_colors_info=\u00bb{}\u00bb][\/et_pb_divider][\/et_pb_column][\/et_pb_row][\/et_pb_section]<\/p>\n","protected":false},"excerpt":{"rendered":"<p>Whatsapp municipal Servicio municipal de informaci\u00f3n por whatsappDate de alta en tres sencillos pasos:1. A\u00f1ade y guarda el n\u00famero 674 293 235 en la lista de contactos de tu tel\u00e9fono m\u00f3vil.2. Env\u00eda un mensaje de WhatsApp a este n\u00famero con la palabra ALTA.3. El Ayuntamiento te dar\u00e1 de alta porque puedas recibir la informaci\u00f3n.Este es [&hellip;]<\/p>\n","protected":false},"author":8,"featured_media":0,"parent":0,"menu_order":0,"comment_status":"closed","ping_status":"closed","template":"","meta":{"_et_pb_use_builder":"on","_et_pb_old_content":"","_et_gb_content_width":"","_mc_calendar":[],"footnotes":""},"wf_page_folders":[1014],"class_list":["post-249649","page","type-page","status-publish","hentry"],"_links":{"self":[{"href":"https:\/\/museros.org\/inici\/wp-json\/wp\/v2\/pages\/249649","targetHints":{"allow":["GET"]}}],"collection":[{"href":"https:\/\/museros.org\/inici\/wp-json\/wp\/v2\/pages"}],"about":[{"href":"https:\/\/museros.org\/inici\/wp-json\/wp\/v2\/types\/page"}],"author":[{"embeddable":true,"href":"https:\/\/museros.org\/inici\/wp-json\/wp\/v2\/users\/8"}],"replies":[{"embeddable":true,"href":"https:\/\/museros.org\/inici\/wp-json\/wp\/v2\/comments?post=249649"}],"version-history":[{"count":7,"href":"https:\/\/museros.org\/inici\/wp-json\/wp\/v2\/pages\/249649\/revisions"}],"predecessor-version":[{"id":258007,"href":"https:\/\/museros.org\/inici\/wp-json\/wp\/v2\/pages\/249649\/revisions\/258007"}],"wp:attachment":[{"href":"https:\/\/museros.org\/inici\/wp-json\/wp\/v2\/media?parent=249649"}],"wp:term":[{"taxonomy":"wf_page_folders","embeddable":true,"href":"https:\/\/museros.org\/inici\/wp-json\/wp\/v2\/wf_page_folders?post=249649"}],"curies":[{"name":"wp","href":"https:\/\/api.w.org\/{rel}","templated":true}]}}