{"id":249602,"date":"2021-10-19T17:50:52","date_gmt":"2021-10-19T17:50:52","guid":{"rendered":"https:\/\/museros.org\/?page_id=249602"},"modified":"2022-10-28T11:54:53","modified_gmt":"2022-10-28T11:54:53","slug":"paelleros-municipales","status":"publish","type":"page","link":"https:\/\/museros.org\/inici\/es\/paelleros-municipales\/","title":{"rendered":"Paelleros municipales"},"content":{"rendered":"<p>[et_pb_section fb_built=\u00bb1&#8243; _builder_version=\u00bb4.16&#8243; _module_preset=\u00bbdefault\u00bb custom_margin=\u00bb0px||||false|false\u00bb custom_padding=\u00bb0px||||false|false\u00bb global_colors_info=\u00bb{}\u00bb][et_pb_row column_structure=\u00bb1_4,3_4&#8243; _builder_version=\u00bb4.16&#8243; _module_preset=\u00bbdefault\u00bb custom_margin=\u00bb0px||||false|false\u00bb custom_padding=\u00bb0px||||false|false\u00bb global_colors_info=\u00bb{}\u00bb][et_pb_column type=\u00bb1_4&#8243; _builder_version=\u00bb4.16&#8243; _module_preset=\u00bbdefault\u00bb global_colors_info=\u00bb{}\u00bb][et_pb_image src=\u00bbhttps:\/\/museros.org\/wp-content\/uploads\/2021\/10\/paelleros-230&#215;180-1.jpg\u00bb title_text=\u00bbpaelleros-230&#215;180&#8243; url=\u00bbhttps:\/\/museros.org\/inici\/es\/directorio-municipal\u00bb use_overlay=\u00bbon\u00bb overlay_icon_color=\u00bb#E02B20&#8243; hover_overlay_color=\u00bbrgba(255,255,255,0.67)\u00bb hover_icon=\u00bb&#xe04d;||divi||400&#8243; _builder_version=\u00bb4.16&#8243; _module_preset=\u00bbdefault\u00bb global_colors_info=\u00bb{}\u00bb][\/et_pb_image][\/et_pb_column][et_pb_column type=\u00bb3_4&#8243; _builder_version=\u00bb4.16&#8243; _module_preset=\u00bbdefault\u00bb global_colors_info=\u00bb{}\u00bb][et_pb_image src=\u00bbhttps:\/\/museros.org\/wp-content\/uploads\/2021\/10\/paellers.jpg\u00bb title_text=\u00bbpaellers\u00bb _builder_version=\u00bb4.16&#8243; _module_preset=\u00bbdefault\u00bb global_colors_info=\u00bb{}\u00bb][\/et_pb_image][et_pb_text _builder_version=\u00bb4.18.1&#8243; _module_preset=\u00bbdefault\u00bb hover_enabled=\u00bb0&#8243; global_colors_info=\u00bb{}\u00bb sticky_enabled=\u00bb0&#8243;]<\/p>\n<h1>Paelleros municipales<\/h1>\n<p>Una zona recreativa dentro del municipio, que cuenta con varias mesas y bancos de madera, paelleros para asar y cocinar, y una zona infantil. Un entorno agradable para disfrutar del espacio y pasar un buen rato con familiares y amigos.<\/p>\n<h3>HORARIO<\/h3>\n<p><strong>De abril a octubre<\/strong><br \/>S\u00e1bados y domingos, de 10.00 h a 20.00 h<br \/><strong>De noviembre a marzo<\/strong><br \/>S\u00e1bados y domingos, de 10.00 h a 19.00 h<\/p>\n<p>Los d\u00edas festivos estar\u00e1n cerrados, excepto que se comunique el contrario en las redes sociales.<br \/>Queda prohibida la entrada de animales, exceptuando los perros gu\u00eda.<\/p>\n<p>Reservas a trav\u00e9s del m\u00f3vil.<\/p>\n<p>[\/et_pb_text][et_pb_divider color=\u00bb#999999&#8243; divider_style=\u00bbdotted\u00bb divider_weight=\u00bb7px\u00bb _builder_version=\u00bb4.16&#8243; _module_preset=\u00bbdefault\u00bb custom_margin=\u00bb30px||||false|false\u00bb global_colors_info=\u00bb{}\u00bb][\/et_pb_divider][\/et_pb_column][\/et_pb_row][et_pb_row column_structure=\u00bb1_5,1_5,3_5&#8243; _builder_version=\u00bb4.16&#8243; _module_preset=\u00bbdefault\u00bb min_height=\u00bb568.2px\u00bb custom_margin=\u00bb0px||||false|false\u00bb custom_padding=\u00bb0px||||false|false\u00bb global_colors_info=\u00bb{}\u00bb][et_pb_column type=\u00bb1_5&#8243; _builder_version=\u00bb4.16&#8243; _module_preset=\u00bbdefault\u00bb global_colors_info=\u00bb{}\u00bb][\/et_pb_column][et_pb_column type=\u00bb1_5&#8243; _builder_version=\u00bb4.16&#8243; _module_preset=\u00bbdefault\u00bb global_colors_info=\u00bb{}\u00bb][et_pb_image src=\u00bbhttps:\/\/museros.org\/wp-content\/uploads\/2022\/07\/app-paellers.jpg\u00bb title_text=\u00bbapp-paellers\u00bb _builder_version=\u00bb4.17.4&#8243; _module_preset=\u00bbdefault\u00bb global_colors_info=\u00bb{}\u00bb][\/et_pb_image][\/et_pb_column][et_pb_column type=\u00bb3_5&#8243; _builder_version=\u00bb4.16&#8243; _module_preset=\u00bbdefault\u00bb global_colors_info=\u00bb{}\u00bb][et_pb_text _builder_version=\u00bb4.17.4&#8243; _module_preset=\u00bbdefault\u00bb global_colors_info=\u00bb{}\u00bb]<\/p>\n<h2>Ya ten\u00e9is disponible la aplicaci\u00f3n m\u00f3vil para reservar los paelleros municipales.<\/h2>\n<p>Si quer\u00e9is hacer uso de los paelleros municipales, ya pod\u00e9is descargar gratuitamente la aplicaci\u00f3n m\u00f3vil \u2018Reserva Paelleros Museros\u2019. Una vez hecho el registro, podr\u00e9is escoger la fecha, la hora y la mesa que quer\u00e9is reservar.<\/p>\n<p><strong>1. Busca la aplicaci\u00f3n<\/strong><br \/>Si tienes un dispositivo Android, la encontrar\u00e1s en Google Play al buscar las palabras \u2018Paelleros Museros\u2019. Si tienes un iPhone, busca \u2018Reserva Paelleros\u2019 en la App Store.<\/p>\n<p><strong>2. Desc\u00e1rgala en tu m\u00f3vil<\/strong><br \/>Una vez lo hayas encontrado, solo tendr\u00e1s que instalarla en tu dispositivo. Aseg\u00farate que tienes espacio de almacenamiento suficiente.<\/p>\n<p><strong>3. Reg\u00edstrate con un n\u00famero de tel\u00e9fono<\/strong><br \/>Llena los campos solo-licitados y acepta la pol\u00edtica de privacidad. Una vez efectuado este proceso, vuelve a entrar en la aplicaci\u00f3n con el usuario (correo electr\u00f3nico) y la clave que hayas definido en el proceso de registro.<\/p>\n<p><strong>4. Ya puedes reservar mesa!<\/strong><br \/>En el momento que elijas una mesa para una fecha determinada, el sistema te remitir\u00e1 un mensaje a tu correo electr\u00f3nico. Entra en este y confirma la reserva porque quedo validada. Con la aplicaci\u00f3n, tambi\u00e9n podr\u00e1s consultar las reservas que hayas hecho, y anullarlas, si lo deseas.<\/p>\n<p>Descarga en Google Play:<br \/><a href=\"http:\/\/bit.ly\/2v53OWR\" target=\"_blank\" rel=\"noopener\"><img loading=\"lazy\" decoding=\"async\" src=\"https:\/\/museros.org\/wp-content\/uploads\/2021\/10\/googleplay.jpg\" alt=\"\" class=\"wp-image-249611 alignnone size-full\" width=\"156\" height=\"51\" \/><\/a><\/p>\n<p>Descarga en l&#8217;App Store:<br \/><a href=\"https:\/\/apple.co\/2Pcbdg6\" target=\"_blank\" rel=\"noopener\"><img loading=\"lazy\" decoding=\"async\" src=\"https:\/\/museros.org\/wp-content\/uploads\/2021\/10\/applestore.jpg\" alt=\"\" class=\"wp-image-249610 alignnone size-full\" width=\"156\" height=\"61\" \/><\/a><\/p>\n<p>[\/et_pb_text][et_pb_divider color=\u00bb#999999&#8243; divider_style=\u00bbdotted\u00bb divider_weight=\u00bb7px\u00bb _builder_version=\u00bb4.16&#8243; _module_preset=\u00bbdefault\u00bb custom_margin=\u00bb30px||||false|false\u00bb global_colors_info=\u00bb{}\u00bb][\/et_pb_divider][et_pb_button button_url=\u00bbhttps:\/\/museros.org\/wp-content\/uploads\/2021\/10\/EDICTO-aprob.-inicial-reglamento-de-uso-del-area-recreativa-paelleros.pdf\u00bb url_new_window=\u00bbon\u00bb button_text=\u00bbReglamento de uso de los paelleros\u00bb _builder_version=\u00bb4.16&#8243; _module_preset=\u00bbdefault\u00bb global_colors_info=\u00bb{}\u00bb][\/et_pb_button][\/et_pb_column][\/et_pb_row][et_pb_row _builder_version=\u00bb4.16&#8243; _module_preset=\u00bbdefault\u00bb global_colors_info=\u00bb{}\u00bb][et_pb_column type=\u00bb4_4&#8243; _builder_version=\u00bb4.16&#8243; _module_preset=\u00bbdefault\u00bb global_colors_info=\u00bb{}\u00bb][et_pb_divider color=\u00bb#E02B20&#8243; divider_weight=\u00bb4px\u00bb _builder_version=\u00bb4.16&#8243; _module_preset=\u00bbdefault\u00bb global_colors_info=\u00bb{}\u00bb][\/et_pb_divider][\/et_pb_column][\/et_pb_row][\/et_pb_section]<\/p>\n","protected":false},"excerpt":{"rendered":"<p>Paelleros municipales Una zona recreativa dentro del municipio, que cuenta con varias mesas y bancos de madera, paelleros para asar y cocinar, y una zona infantil. Un entorno agradable para disfrutar del espacio y pasar un buen rato con familiares y amigos. HORARIO De abril a octubreS\u00e1bados y domingos, de 10.00 h a 20.00 hDe [&hellip;]<\/p>\n","protected":false},"author":8,"featured_media":0,"parent":0,"menu_order":0,"comment_status":"closed","ping_status":"closed","template":"","meta":{"_et_pb_use_builder":"on","_et_pb_old_content":"","_et_gb_content_width":"","_mc_calendar":[],"footnotes":""},"wf_page_folders":[1013],"class_list":["post-249602","page","type-page","status-publish","hentry"],"_links":{"self":[{"href":"https:\/\/museros.org\/inici\/wp-json\/wp\/v2\/pages\/249602","targetHints":{"allow":["GET"]}}],"collection":[{"href":"https:\/\/museros.org\/inici\/wp-json\/wp\/v2\/pages"}],"about":[{"href":"https:\/\/museros.org\/inici\/wp-json\/wp\/v2\/types\/page"}],"author":[{"embeddable":true,"href":"https:\/\/museros.org\/inici\/wp-json\/wp\/v2\/users\/8"}],"replies":[{"embeddable":true,"href":"https:\/\/museros.org\/inici\/wp-json\/wp\/v2\/comments?post=249602"}],"version-history":[{"count":22,"href":"https:\/\/museros.org\/inici\/wp-json\/wp\/v2\/pages\/249602\/revisions"}],"predecessor-version":[{"id":262380,"href":"https:\/\/museros.org\/inici\/wp-json\/wp\/v2\/pages\/249602\/revisions\/262380"}],"wp:attachment":[{"href":"https:\/\/museros.org\/inici\/wp-json\/wp\/v2\/media?parent=249602"}],"wp:term":[{"taxonomy":"wf_page_folders","embeddable":true,"href":"https:\/\/museros.org\/inici\/wp-json\/wp\/v2\/wf_page_folders?post=249602"}],"curies":[{"name":"wp","href":"https:\/\/api.w.org\/{rel}","templated":true}]}}