{"id":249315,"date":"2021-10-06T16:50:04","date_gmt":"2021-10-06T16:50:04","guid":{"rendered":"https:\/\/museros.org\/?page_id=249315"},"modified":"2022-04-17T14:30:50","modified_gmt":"2022-04-17T14:30:50","slug":"senderisme-municipal-2021-2022","status":"publish","type":"page","link":"https:\/\/museros.org\/inici\/senderisme-municipal-2021-2022\/","title":{"rendered":"Senderisme municipal 2021-2022"},"content":{"rendered":"<p>[et_pb_section fb_built=\u00bb1&#8243; _builder_version=\u00bb4.16&#8243; _module_preset=\u00bbdefault\u00bb custom_margin=\u00bb0px||||false|false\u00bb custom_padding=\u00bb0px||||false|false\u00bb locked=\u00bboff\u00bb global_colors_info=\u00bb{}\u00bb][et_pb_row column_structure=\u00bb1_4,3_4&#8243; _builder_version=\u00bb4.16&#8243; _module_preset=\u00bbdefault\u00bb custom_margin=\u00bb0px||||false|false\u00bb custom_padding=\u00bb0px||||false|false\u00bb global_colors_info=\u00bb{}\u00bb][et_pb_column type=\u00bb1_4&#8243; _builder_version=\u00bb4.16&#8243; _module_preset=\u00bbdefault\u00bb global_colors_info=\u00bb{}\u00bb][et_pb_image src=\u00bbhttps:\/\/museros.org\/wp-content\/uploads\/2021\/08\/logo-esports-cl-230&#215;180-1.jpg\u00bb title_text=\u00bblogo-esports-cl-230&#215;180&#8243; url=\u00bbhttps:\/\/museros.org\/inici\/area-desports\u00bb use_overlay=\u00bbon\u00bb overlay_icon_color=\u00bb#E02B20&#8243; hover_overlay_color=\u00bbrgba(255,255,255,0.67)\u00bb hover_icon=\u00bb&#xe04d;||divi||400&#8243; align=\u00bbcenter\u00bb _builder_version=\u00bb4.16&#8243; _module_preset=\u00bbdefault\u00bb global_colors_info=\u00bb{}\u00bb][\/et_pb_image][\/et_pb_column][et_pb_column type=\u00bb3_4&#8243; _builder_version=\u00bb4.16&#8243; _module_preset=\u00bbdefault\u00bb global_colors_info=\u00bb{}\u00bb][et_pb_image src=\u00bbhttps:\/\/museros.org\/wp-content\/uploads\/2021\/10\/basepc-vlc.png\u00bb title_text=\u00bbbaseiphon-vlc\u00bb src_tablet=\u00bbhttps:\/\/museros.org\/wp-content\/uploads\/2021\/10\/baseipad-vlc.png\u00bb src_phone=\u00bbhttps:\/\/museros.org\/wp-content\/uploads\/2021\/10\/baseiphon-vlc.png\u00bb src_last_edited=\u00bbon|phone\u00bb _builder_version=\u00bb4.16&#8243; _module_preset=\u00bbdefault\u00bb global_colors_info=\u00bb{}\u00bb][\/et_pb_image][et_pb_text _builder_version=\u00bb4.17.1&#8243; _module_preset=\u00bbdefault\u00bb hover_enabled=\u00bb0&#8243; global_colors_info=\u00bb{}\u00bb sticky_enabled=\u00bb0&#8243;]<\/p>\n<p>L\u2019Ajuntament de Museros, en col\u00b7laboraci\u00f3 amb l\u2019empresa de serveis esportius Esport Actiu, posa en marxa una nova edici\u00f3 del programa de Senderisme Municipal, despr\u00e9s de veure\u2019s modificat en l\u2019edici\u00f3 anterior a causa de la situaci\u00f3 sanit\u00e0ria provocada pel SARS-CoV-2.<br \/>El programa es desenvolupar\u00e0 des del mes d\u2019octubre de 2021 fins al mes de juny de 2022 amb un total de 10 rutes, una ruta diferent cada mes.<br \/>La informaci\u00f3 de les diferents rutes, itinerari, longitud, duraci\u00f3, dificultat, recomanacions, etc. la podreu trobar al web <a href=\"http:\/\/www.esportactiu.com\/senderisme-museros\" target=\"_blank\" rel=\"noopener\">www.esportactiu.com\/senderisme-museros<\/a>, aix\u00ed com el formulari d\u2019inscripci\u00f3. Aquest web s\u2019activar\u00e0 en breu.<br \/>La primera ruta se celebrar\u00e0 el pr\u00f2xim 24 d\u2019octubre. Us anirem informant!<\/p>\n<p>[\/et_pb_text][\/et_pb_column][\/et_pb_row][et_pb_row column_structure=\u00bb1_4,1_4,1_4,1_4&#8243; _builder_version=\u00bb4.16&#8243; _module_preset=\u00bbdefault\u00bb global_colors_info=\u00bb{}\u00bb][et_pb_column type=\u00bb1_4&#8243; _builder_version=\u00bb4.16&#8243; _module_preset=\u00bbdefault\u00bb global_colors_info=\u00bb{}\u00bb][\/et_pb_column][et_pb_column type=\u00bb1_4&#8243; _builder_version=\u00bb4.16&#8243; _module_preset=\u00bbdefault\u00bb global_colors_info=\u00bb{}\u00bb][\/et_pb_column][et_pb_column type=\u00bb1_4&#8243; _builder_version=\u00bb4.16&#8243; _module_preset=\u00bbdefault\u00bb global_colors_info=\u00bb{}\u00bb][et_pb_image src=\u00bbhttps:\/\/museros.org\/wp-content\/uploads\/2021\/10\/logo-esports.png\u00bb title_text=\u00bblogo-esports\u00bb src_tablet=\u00bb\u00bb src_phone=\u00bb\u00bb src_last_edited=\u00bbon|desktop\u00bb _builder_version=\u00bb4.16&#8243; _module_preset=\u00bbdefault\u00bb width=\u00bb88%\u00bb width_tablet=\u00bb75%\u00bb width_phone=\u00bb\u00bb width_last_edited=\u00bbon|tablet\u00bb global_colors_info=\u00bb{}\u00bb][\/et_pb_image][\/et_pb_column][et_pb_column type=\u00bb1_4&#8243; _builder_version=\u00bb4.16&#8243; _module_preset=\u00bbdefault\u00bb global_colors_info=\u00bb{}\u00bb][et_pb_image src=\u00bbhttps:\/\/museros.org\/wp-content\/uploads\/2021\/10\/logo-joventut.png\u00bb title_text=\u00bblogo-joventut\u00bb _builder_version=\u00bb4.16&#8243; _module_preset=\u00bbdefault\u00bb width=\u00bb100%\u00bb width_tablet=\u00bb87%\u00bb width_phone=\u00bb\u00bb width_last_edited=\u00bbon|phone\u00bb global_colors_info=\u00bb{}\u00bb][\/et_pb_image][\/et_pb_column][\/et_pb_row][et_pb_row column_structure=\u00bb1_4,3_4&#8243; _builder_version=\u00bb4.16&#8243; _module_preset=\u00bbdefault\u00bb custom_margin=\u00bb0px||||false|false\u00bb custom_padding=\u00bb0px||||false|false\u00bb global_colors_info=\u00bb{}\u00bb][et_pb_column type=\u00bb1_4&#8243; _builder_version=\u00bb4.16&#8243; _module_preset=\u00bbdefault\u00bb global_colors_info=\u00bb{}\u00bb][\/et_pb_column][et_pb_column type=\u00bb3_4&#8243; _builder_version=\u00bb4.16&#8243; _module_preset=\u00bbdefault\u00bb global_colors_info=\u00bb{}\u00bb][et_pb_text _builder_version=\u00bb4.17.1&#8243; _module_preset=\u00bbdefault\u00bb hover_enabled=\u00bb0&#8243; global_colors_info=\u00bb{}\u00bb sticky_enabled=\u00bb0&#8243;]<\/p>\n<p><strong>Totes les mesures i recomanacions indicades s&#8217;hauran d&#8217;adaptar, d&#8217;acord amb l&#8217;evoluci\u00f3 de la situaci\u00f3 epidemiol\u00f2gica, a les indicacions de les autoritats sanit\u00e0ries i a les guies, als protocols i als procediments d&#8217;actuaci\u00f3 existents o que es desenvolupen per a cada escenari previst de transmissi\u00f3 del SARS-CoV-2.<\/strong><\/p>\n<p>[\/et_pb_text][\/et_pb_column][\/et_pb_row][et_pb_row _builder_version=\u00bb4.16&#8243; _module_preset=\u00bbdefault\u00bb global_colors_info=\u00bb{}\u00bb][et_pb_column type=\u00bb4_4&#8243; _builder_version=\u00bb4.16&#8243; _module_preset=\u00bbdefault\u00bb global_colors_info=\u00bb{}\u00bb][et_pb_divider color=\u00bb#E02B20&#8243; divider_weight=\u00bb4px\u00bb _builder_version=\u00bb4.16&#8243; _module_preset=\u00bbdefault\u00bb global_colors_info=\u00bb{}\u00bb][\/et_pb_divider][\/et_pb_column][\/et_pb_row][\/et_pb_section]<\/p>\n","protected":false},"excerpt":{"rendered":"<p>L\u2019Ajuntament de Museros, en col\u00b7laboraci\u00f3 amb l\u2019empresa de serveis esportius Esport Actiu, posa en marxa una nova edici\u00f3 del programa de Senderisme Municipal, despr\u00e9s de veure\u2019s modificat en l\u2019edici\u00f3 anterior a causa de la situaci\u00f3 sanit\u00e0ria provocada pel SARS-CoV-2.El programa es desenvolupar\u00e0 des del mes d\u2019octubre de 2021 fins al mes de juny de 2022 [&hellip;]<\/p>\n","protected":false},"author":8,"featured_media":0,"parent":0,"menu_order":0,"comment_status":"closed","ping_status":"closed","template":"","meta":{"_et_pb_use_builder":"on","_et_pb_old_content":"","_et_gb_content_width":"","_mc_calendar":[],"footnotes":""},"wf_page_folders":[297],"class_list":["post-249315","page","type-page","status-publish","hentry"],"_links":{"self":[{"href":"https:\/\/museros.org\/inici\/wp-json\/wp\/v2\/pages\/249315","targetHints":{"allow":["GET"]}}],"collection":[{"href":"https:\/\/museros.org\/inici\/wp-json\/wp\/v2\/pages"}],"about":[{"href":"https:\/\/museros.org\/inici\/wp-json\/wp\/v2\/types\/page"}],"author":[{"embeddable":true,"href":"https:\/\/museros.org\/inici\/wp-json\/wp\/v2\/users\/8"}],"replies":[{"embeddable":true,"href":"https:\/\/museros.org\/inici\/wp-json\/wp\/v2\/comments?post=249315"}],"version-history":[{"count":9,"href":"https:\/\/museros.org\/inici\/wp-json\/wp\/v2\/pages\/249315\/revisions"}],"predecessor-version":[{"id":258214,"href":"https:\/\/museros.org\/inici\/wp-json\/wp\/v2\/pages\/249315\/revisions\/258214"}],"wp:attachment":[{"href":"https:\/\/museros.org\/inici\/wp-json\/wp\/v2\/media?parent=249315"}],"wp:term":[{"taxonomy":"wf_page_folders","embeddable":true,"href":"https:\/\/museros.org\/inici\/wp-json\/wp\/v2\/wf_page_folders?post=249315"}],"curies":[{"name":"wp","href":"https:\/\/api.w.org\/{rel}","templated":true}]}}