{"id":249143,"date":"2021-10-02T15:21:27","date_gmt":"2021-10-02T15:21:27","guid":{"rendered":"https:\/\/museros.org\/?page_id=249143"},"modified":"2022-04-03T11:17:34","modified_gmt":"2022-04-03T11:17:34","slug":"cursos-municipales-2021-2022","status":"publish","type":"page","link":"https:\/\/museros.org\/inici\/es\/cursos-municipales-2021-2022\/","title":{"rendered":"Cursos municipales 2021-2022"},"content":{"rendered":"<p>[et_pb_section fb_built=\u00bb1&#8243; _builder_version=\u00bb4.16&#8243; _module_preset=\u00bbdefault\u00bb custom_margin=\u00bb0px||||false|false\u00bb custom_padding=\u00bb0px||||false|false\u00bb global_colors_info=\u00bb{}\u00bb][et_pb_row column_structure=\u00bb1_4,3_4&#8243; _builder_version=\u00bb4.16&#8243; _module_preset=\u00bbdefault\u00bb custom_margin=\u00bb0px||||false|false\u00bb custom_padding=\u00bb0px||||false|false\u00bb global_colors_info=\u00bb{}\u00bb][et_pb_column type=\u00bb1_4&#8243; _builder_version=\u00bb4.16&#8243; _module_preset=\u00bbdefault\u00bb global_colors_info=\u00bb{}\u00bb][et_pb_image src=\u00bbhttps:\/\/museros.org\/wp-content\/uploads\/2021\/08\/logo-casacultura-200&#215;160-1.jpg\u00bb title_text=\u00bblogo-casacultura-200&#215;160&#8243; url=\u00bbhttps:\/\/museros.org\/inici\/es\/casa-de-cultura-cs\u00bb use_overlay=\u00bbon\u00bb overlay_icon_color=\u00bb#E02B20&#8243; hover_overlay_color=\u00bbrgba(255,255,255,0.61)\u00bb hover_icon=\u00bb&#xe04d;||divi||400&#8243; align=\u00bbcenter\u00bb _builder_version=\u00bb4.16&#8243; _module_preset=\u00bbdefault\u00bb global_colors_info=\u00bb{}\u00bb][\/et_pb_image][\/et_pb_column][et_pb_column type=\u00bb3_4&#8243; _builder_version=\u00bb4.16&#8243; _module_preset=\u00bbdefault\u00bb global_colors_info=\u00bb{}\u00bb][et_pb_text _builder_version=\u00bb4.16&#8243; _module_preset=\u00bbdefault\u00bb global_colors_info=\u00bb{}\u00bb]<\/p>\n<h1>Cursos municipales 2021 &#8211; 2022<\/h1>\n<p>[\/et_pb_text][et_pb_image src=\u00bbhttps:\/\/museros.org\/wp-content\/uploads\/2021\/11\/cursos-municipales-21-22.jpg\u00bb title_text=\u00bbcursos-municipales-21-22&#8243; _builder_version=\u00bb4.16&#8243; _module_preset=\u00bbdefault\u00bb global_colors_info=\u00bb{}\u00bb][\/et_pb_image][et_pb_text _builder_version=\u00bb4.16&#8243; _module_preset=\u00bbdefault\u00bb global_colors_info=\u00bb{}\u00bb]<\/p>\n<p>\u2022 Inicio de las actividades el 4 de octubre, finalizaci\u00f3n el 30 de junio.<br \/>\u2022 Inscripciones en la Casa de Cultura, a partir del 23 de septiembre, hasta completar plazas.<br \/>\u2022 Horario de inscripci\u00f3n: de lunes a jueves, de 10.00 h a 13.00 h, y de 17.30 h a 19.30 h.<br \/>\u2022 Para formalizar matr\u00edcula, toda la documentaci\u00f3n tendr\u00e1 que entregarse en la Casa de Cultura.<br \/>\u2022 Plazas limitadas. Har\u00e1 falta un m\u00ednimo de alumnado para hacer el curso.<\/p>\n<p>[\/et_pb_text][et_pb_image src=\u00bbhttps:\/\/museros.org\/wp-content\/uploads\/2021\/09\/firma-cursos.jpg\u00bb title_text=\u00bbfirma-cursos\u00bb _builder_version=\u00bb4.16&#8243; _module_preset=\u00bbdefault\u00bb width=\u00bb75%\u00bb width_tablet=\u00bb75%\u00bb width_phone=\u00bb100%\u00bb width_last_edited=\u00bbon|desktop\u00bb custom_margin=\u00bb||50px||false|false\u00bb global_colors_info=\u00bb{}\u00bb][\/et_pb_image][et_pb_button button_url=\u00bbhttps:\/\/museros.org\/wp-content\/uploads\/2022\/04\/E-inscripcio-cursosmunicipals.pdf\u00bb url_new_window=\u00bbon\u00bb button_text=\u00bbSolicitud de inscripci\u00f3n\u00bb _builder_version=\u00bb4.16.0&#8243; _module_preset=\u00bbdefault\u00bb hover_enabled=\u00bb0&#8243; global_colors_info=\u00bb{}\u00bb sticky_enabled=\u00bb0&#8243;][\/et_pb_button][et_pb_button button_url=\u00bbhttps:\/\/museros.org\/wp-content\/uploads\/2021\/11\/cursos-municipales-2021-2022.pdf\u00bb url_new_window=\u00bbon\u00bb button_text=\u00bbCursos en PDF\u00bb _builder_version=\u00bb4.16&#8243; _module_preset=\u00bbdefault\u00bb global_colors_info=\u00bb{}\u00bb][\/et_pb_button][\/et_pb_column][\/et_pb_row][et_pb_row _builder_version=\u00bb4.16&#8243; _module_preset=\u00bbdefault\u00bb global_colors_info=\u00bb{}\u00bb][et_pb_column type=\u00bb4_4&#8243; _builder_version=\u00bb4.16&#8243; _module_preset=\u00bbdefault\u00bb global_colors_info=\u00bb{}\u00bb][et_pb_divider color=\u00bb#E02B20&#8243; divider_weight=\u00bb4px\u00bb _builder_version=\u00bb4.16&#8243; _module_preset=\u00bbdefault\u00bb global_colors_info=\u00bb{}\u00bb][\/et_pb_divider][\/et_pb_column][\/et_pb_row][\/et_pb_section]<\/p>\n","protected":false},"excerpt":{"rendered":"<p>Cursos municipales 2021 &#8211; 2022\u2022 Inicio de las actividades el 4 de octubre, finalizaci\u00f3n el 30 de junio.\u2022 Inscripciones en la Casa de Cultura, a partir del 23 de septiembre, hasta completar plazas.\u2022 Horario de inscripci\u00f3n: de lunes a jueves, de 10.00 h a 13.00 h, y de 17.30 h a 19.30 h.\u2022 Para formalizar [&hellip;]<\/p>\n","protected":false},"author":8,"featured_media":0,"parent":0,"menu_order":0,"comment_status":"closed","ping_status":"closed","template":"","meta":{"_et_pb_use_builder":"on","_et_pb_old_content":"","_et_gb_content_width":"","_mc_calendar":[],"footnotes":""},"wf_page_folders":[382],"class_list":["post-249143","page","type-page","status-publish","hentry"],"_links":{"self":[{"href":"https:\/\/museros.org\/inici\/wp-json\/wp\/v2\/pages\/249143","targetHints":{"allow":["GET"]}}],"collection":[{"href":"https:\/\/museros.org\/inici\/wp-json\/wp\/v2\/pages"}],"about":[{"href":"https:\/\/museros.org\/inici\/wp-json\/wp\/v2\/types\/page"}],"author":[{"embeddable":true,"href":"https:\/\/museros.org\/inici\/wp-json\/wp\/v2\/users\/8"}],"replies":[{"embeddable":true,"href":"https:\/\/museros.org\/inici\/wp-json\/wp\/v2\/comments?post=249143"}],"version-history":[{"count":16,"href":"https:\/\/museros.org\/inici\/wp-json\/wp\/v2\/pages\/249143\/revisions"}],"predecessor-version":[{"id":257225,"href":"https:\/\/museros.org\/inici\/wp-json\/wp\/v2\/pages\/249143\/revisions\/257225"}],"wp:attachment":[{"href":"https:\/\/museros.org\/inici\/wp-json\/wp\/v2\/media?parent=249143"}],"wp:term":[{"taxonomy":"wf_page_folders","embeddable":true,"href":"https:\/\/museros.org\/inici\/wp-json\/wp\/v2\/wf_page_folders?post=249143"}],"curies":[{"name":"wp","href":"https:\/\/api.w.org\/{rel}","templated":true}]}}