{"id":248854,"date":"2021-09-20T22:41:04","date_gmt":"2021-09-20T22:41:04","guid":{"rendered":"https:\/\/museros.org\/?page_id=248854"},"modified":"2021-10-02T09:59:01","modified_gmt":"2021-10-02T09:59:01","slug":"exposicio-adria","status":"publish","type":"page","link":"https:\/\/museros.org\/inici\/exposicio-adria\/","title":{"rendered":"Exposici\u00f3 Adri\u00e0"},"content":{"rendered":"<p>[et_pb_section fb_built=\u00bb1&#8243; _builder_version=\u00bb4.10.7&#8243; _module_preset=\u00bbdefault\u00bb custom_margin=\u00bb0px||||false|false\u00bb custom_padding=\u00bb0px||||false|false\u00bb locked=\u00bboff\u00bb global_colors_info=\u00bb{}\u00bb][et_pb_row column_structure=\u00bb1_4,3_4&#8243; _builder_version=\u00bb4.10.7&#8243; _module_preset=\u00bbdefault\u00bb custom_margin=\u00bb0px||||false|false\u00bb custom_padding=\u00bb0px||||false|false\u00bb global_colors_info=\u00bb{}\u00bb][et_pb_column type=\u00bb1_4&#8243; _builder_version=\u00bb4.10.7&#8243; _module_preset=\u00bbdefault\u00bb global_colors_info=\u00bb{}\u00bb][et_pb_image src=\u00bbhttps:\/\/museros.org\/wp-content\/uploads\/2021\/09\/banderera-900&#215;360-1.jpg\u00bb title_text=\u00bbbanderera-900&#215;360&#8243; url=\u00bbhttps:\/\/museros.org\/ca\/creant-des-del-silenci\/\u00bb use_overlay=\u00bbon\u00bb overlay_icon_color=\u00bb#E02B20&#8243; hover_overlay_color=\u00bbrgba(255,255,255,0.71)\u00bb hover_icon=\u00bb%%197%%\u00bb src_tablet=\u00bb\u00bb src_phone=\u00bb\u00bb src_last_edited=\u00bbon|tablet\u00bb _builder_version=\u00bb4.10.7&#8243; _module_preset=\u00bbdefault\u00bb width=\u00bb100%\u00bb width_tablet=\u00bb30%\u00bb width_phone=\u00bb60%\u00bb width_last_edited=\u00bbon|tablet\u00bb global_colors_info=\u00bb{}\u00bb][\/et_pb_image][\/et_pb_column][et_pb_column type=\u00bb3_4&#8243; _builder_version=\u00bb4.10.7&#8243; _module_preset=\u00bbdefault\u00bb global_colors_info=\u00bb{}\u00bb][et_pb_image src=\u00bbhttps:\/\/museros.org\/wp-content\/uploads\/2021\/09\/capcelera-expo.jpg\u00bb title_text=\u00bbcapcelera-expo\u00bb _builder_version=\u00bb4.10.7&#8243; _module_preset=\u00bbdefault\u00bb width=\u00bb40%\u00bb width_tablet=\u00bb51%\u00bb width_phone=\u00bb100%\u00bb width_last_edited=\u00bbon|phone\u00bb global_colors_info=\u00bb{}\u00bb][\/et_pb_image][et_pb_text _builder_version=\u00bb4.10.8&#8243; _module_preset=\u00bbdefault\u00bb global_colors_info=\u00bb{}\u00bb]<\/p>\n<p>Adri\u00e0 Garc\u00eda Civera va n\u00e0ixer a Museros en 1948. Els seus pares, Adri\u00e1n i Josefa, eren treballadors i tingueren tres fills, dels quals dos, Pilar i Adri\u00e0, van ser persones sordes. Adri\u00e0 va comen\u00e7ar als sis anys els seus estudis en el col\u00b7legi de sords de les religioses franciscanes de La Pur\u00edsima a Val\u00e8ncia, que es convertiria m\u00e9s tard en l&#8217;Institut Valenci\u00e0 d&#8217;Audiofonologia (IVAF). All\u00ed va romandre fins als 15 anys, demostrant un gran inter\u00e9s per l&#8217;artesania i la talla en fusta, per\u00f2 va haver de deixar l&#8217;escola per a ajudar els seus pares en l&#8217;agricultura i va entrar com a aprenent en una f\u00e0brica de mobles.<br \/>Va ingressar en 1964 a l&#8217;Escola d&#8217;Arts i Oficis de Val\u00e8ncia i, superats els cursos, va comen\u00e7ar en 1968 els estudis a l&#8217;Escola Superior de Belles Arts de Sant Carles. Va rebre classes d&#8217;Esteve Edo, Silvestre d&#8217;Edeta i Octavio Vicent, amb el qual va col\u00b7laborar en diversos treballs. Malgrat acabar els seus estudis, una nova llei obligava els estudiants de Belles Arts a tenir el t\u00edtol de batxiller superior, que Adri\u00e0 no tenia, amb la qual cosa no va poder obtenir la llicenciatura sin\u00f3 nom\u00e9s un certificat d&#8217;haver superat els cursos.<br \/>L\u2019any 1972, va ser becat per la Diputaci\u00f3 de Val\u00e8ncia amb el pensionat d&#8217;escultura. En la prova d&#8217;acc\u00e9s, va competir amb l&#8217;escultora \u00c1ngeles Marco. L&#8217;obra d&#8217;Adri\u00e0, Servei de banda result\u00e0 guanyadora. Esta beca li va permetre viatjar a Valladolid, Madrid, Barcelona, Par\u00eds, Roma i Carrara.<br \/>Els pensionats de la Diputaci\u00f3 de Val\u00e8ncia naixen en 1863 amb la finalitat que joves artistes valencians pogueren ampliar els seus estudis en els centres art\u00edstics del moment, especialment Roma i Par\u00eds. Estes ajudes -de pintura i escultura i en algun moment de gravat i paisatge- van ser fonamentals en els per\u00edodes de formaci\u00f3 d&#8217;importants artistes. Per estes han passat noms com: Emilio Caland\u00edn, Mariano Garc\u00eda Mas, Rafael P\u00e9rez Contel, Rafael Pi Belda, Ignacio Pinazo Martinez, Jos\u00e9 Vento, Jos\u00e9 Barber\u00e0, Francisco Domingo, Andr\u00e9s Cillero, Bernat Ferrandis, Joaquin Michavila, Enrique Navas, Ricardo Zamorano, Amadeo Roca, Ignacio Pinazo i Joaquin Sorolla. A canvi d&#8217;una ajuda anual, els artistes havien de lliurar els seus dibuixos i treballs a la Diputaci\u00f3. Les beques anuals podien ser prorrogades.<br \/>Aix\u00ed va succeir en el cas d&#8217;Adri\u00e0. La pr\u00f2rroga el port\u00e0 a Roma on va estudiar a l\u2019Escola de Belles Arts; una altra pr\u00f2rroga de la beca el port\u00e0 a Carrara, a l&#8217;Institut del Marbre. All\u00ed va participar en diverses exposicions i la seua obra va ser seleccionada (i, de fet, una d&#8217;estes roman encara hui en el Museu del Marbre de Carrara).<br \/>En 1978, es vincula novament \u2013per\u00f2 esta vegada com a professor\u2013 a l&#8217;Institut Valenci\u00e0 d\u2019Audiofonologia, el col\u00b7legi on estudi\u00e0 des de menut. D\u2019altra banda, contrau matrimoni amb Julia Sebasti\u00e1n, amb la qual tindr\u00e0 els seus dos fills: Adri i Jos\u00e9 Javier. Julia es va formar a l&#8217;Escola d&#8217;Arts Aplicades i Oficis Art\u00edstics de Val\u00e8ncia, en les especialitats de cer\u00e0mica i disseny d&#8217;interiors.<br \/>Adri\u00e0, en els anys 80, va solucionar el seu problema acad\u00e8mic, va superar l&#8217;acc\u00e9s a la universitat per a adults, i una vegada obtingut el t\u00edtol, va ser oficialment professor de dibuix i modelatge en l&#8217;IVAF del qual arrib\u00e0 a ser subdirector i membre de l&#8217;equip directiu fins a 1994.<br \/>Persona activa, \u00e9s des de 1966 membre de l&#8217;Associaci\u00f3 de Persones Sordes (AVS) i col\u00b7labora amb la Federaci\u00f3 d&#8217;Associacions de Sords de la Comunitat Valenciana. En 1986, es va matricular a l&#8217;Escola de Cer\u00e0mica Art\u00edstica de Manises, va obtenir el t\u00edtol en 1989 i va ser professor de cer\u00e0mica fins a la seua prejubilaci\u00f3 l\u2019any 2003.<br \/>Esta exposici\u00f3 pret\u00e9n mostrar les obres del seu per\u00edode de formaci\u00f3, les que, durant el pensionat de la Diputaci\u00f3 1973\/75, Adri\u00e0 lliur\u00e0 a la Diputaci\u00f3 de Val\u00e8ncia, escultures i dibuixos que ja mostren la v\u00e0lua de l&#8217;obra d&#8217;Adri\u00e0. Es completa amb quatre escultures propietat de l&#8217;Ajuntament de Museros que ens parlen ja d&#8217;una obra en plenitud.<br \/>Adri\u00e0 ha participat en nombroses exposicions i ha rebut nombrosos premis.<br \/>Per\u00f2 sobretot, amb la seua traject\u00f2ria i malgrat les seues dificultats, ha sabut trobar vies per a comunicar la seua sensibilitat, la seua creativitat, i traslladar als que contemplen les seues obres, la bellesa, la for\u00e7a i l\u2019energia que conformen el seu car\u00e0cter.<br \/>Hui Adri\u00e0 continua creant i investigant al seu taller de Museros.<\/p>\n<p>[\/et_pb_text][\/et_pb_column][\/et_pb_row][et_pb_row _builder_version=\u00bb4.11.1&#8243; _module_preset=\u00bbdefault\u00bb column_structure=\u00bb1_3,1_3,1_3&#8243; hover_enabled=\u00bb0&#8243; sticky_enabled=\u00bb0&#8243; locked=\u00bboff\u00bb][et_pb_column _builder_version=\u00bb4.11.1&#8243; _module_preset=\u00bbdefault\u00bb type=\u00bb1_3&#8243;][et_pb_blurb image=\u00bbhttps:\/\/museros.org\/wp-content\/uploads\/2021\/10\/exercici-900&#215;600-1.jpg\u00bb _builder_version=\u00bb4.11.1&#8243; _module_preset=\u00bbdefault\u00bb title_text=\u00bbexercici-900&#215;600&#8243; hover_enabled=\u00bb0&#8243; sticky_enabled=\u00bb0&#8243; locked=\u00bboff\u00bb admin_label=\u00bbExercici\u00bb]<\/p>\n<p>Exercici<br \/>1983<\/p>\n<p>Bronze<\/p>\n<p>[\/et_pb_blurb][et_pb_divider _builder_version=\u00bb4.11.1&#8243; _module_preset=\u00bbdefault\u00bb color=\u00bb#000000&#8243; divider_weight=\u00bb2px\u00bb hover_enabled=\u00bb0&#8243; sticky_enabled=\u00bb0&#8243; custom_margin=\u00bb30px||||false|false\u00bb][\/et_pb_divider][et_pb_blurb image=\u00bbhttps:\/\/museros.org\/wp-content\/uploads\/2021\/10\/avant-900&#215;600-1.jpg\u00bb _builder_version=\u00bb4.11.1&#8243; _module_preset=\u00bbdefault\u00bb title_text=\u00bbavant-900&#215;600&#8243; hover_enabled=\u00bb0&#8243; sticky_enabled=\u00bb0&#8243; locked=\u00bboff\u00bb admin_label=\u00bbAvant\u00bb]<\/p>\n<p>Avant<br \/>1979<\/p>\n<p>Bronze<\/p>\n<p>[\/et_pb_blurb][et_pb_divider _builder_version=\u00bb4.11.1&#8243; _module_preset=\u00bbdefault\u00bb color=\u00bb#000000&#8243; divider_weight=\u00bb2px\u00bb hover_enabled=\u00bb0&#8243; sticky_enabled=\u00bb0&#8243; custom_margin=\u00bb30px||||false|false\u00bb locked=\u00bboff\u00bb][\/et_pb_divider][et_pb_blurb image=\u00bbhttps:\/\/museros.org\/wp-content\/uploads\/2021\/10\/xiqueta-llegint-900&#215;600-1.jpg\u00bb _builder_version=\u00bb4.11.1&#8243; _module_preset=\u00bbdefault\u00bb title_text=\u00bbxiqueta-llegint-900&#215;600&#8243; hover_enabled=\u00bb0&#8243; sticky_enabled=\u00bb0&#8243; admin_label=\u00bbXiqueta llegint\u00bb]<\/p>\n<p>Xiqueta llegint<br \/>1973<\/p>\n<p>Resina i pols de marbre<\/p>\n<p>[\/et_pb_blurb][et_pb_divider _builder_version=\u00bb4.11.1&#8243; _module_preset=\u00bbdefault\u00bb color=\u00bb#000000&#8243; divider_weight=\u00bb2px\u00bb hover_enabled=\u00bb0&#8243; sticky_enabled=\u00bb0&#8243; custom_margin=\u00bb30px||||false|false\u00bb locked=\u00bboff\u00bb][\/et_pb_divider][et_pb_blurb image=\u00bbhttps:\/\/museros.org\/wp-content\/uploads\/2021\/10\/espera-900&#215;600-1.jpg\u00bb _builder_version=\u00bb4.11.1&#8243; _module_preset=\u00bbdefault\u00bb title_text=\u00bbespera-900&#215;600&#8243; hover_enabled=\u00bb0&#8243; sticky_enabled=\u00bb0&#8243; admin_label=\u00bbEspera\u00bb]<\/p>\n<p>Espera<br \/>1973<\/p>\n<p>Guix<\/p>\n<p>[\/et_pb_blurb][et_pb_divider _builder_version=\u00bb4.11.1&#8243; _module_preset=\u00bbdefault\u00bb color=\u00bb#000000&#8243; divider_weight=\u00bb2px\u00bb hover_enabled=\u00bb0&#8243; sticky_enabled=\u00bb0&#8243; custom_margin=\u00bb30px||||false|false\u00bb locked=\u00bboff\u00bb][\/et_pb_divider][\/et_pb_column][et_pb_column _builder_version=\u00bb4.11.1&#8243; _module_preset=\u00bbdefault\u00bb type=\u00bb1_3&#8243;][et_pb_blurb image=\u00bbhttps:\/\/museros.org\/wp-content\/uploads\/2021\/10\/contemplacio-900&#215;600-1.jpg\u00bb _builder_version=\u00bb4.11.1&#8243; _module_preset=\u00bbdefault\u00bb title_text=\u00bbcontemplacio-900&#215;600&#8243; hover_enabled=\u00bb0&#8243; sticky_enabled=\u00bb0&#8243; locked=\u00bboff\u00bb admin_label=\u00bbContemplaci\u00f3\u00bb]<\/p>\n<p>Contemplaci\u00f3<br \/>1983<\/p>\n<p>Marbre de Carrara<\/p>\n<p>[\/et_pb_blurb][et_pb_divider _builder_version=\u00bb4.11.1&#8243; _module_preset=\u00bbdefault\u00bb color=\u00bb#000000&#8243; divider_weight=\u00bb2px\u00bb hover_enabled=\u00bb0&#8243; sticky_enabled=\u00bb0&#8243; custom_margin=\u00bb30px||||false|false\u00bb locked=\u00bboff\u00bb][\/et_pb_divider][et_pb_blurb image=\u00bbhttps:\/\/museros.org\/wp-content\/uploads\/2021\/10\/figura-de-dona-900&#215;600-1.jpg\u00bb _builder_version=\u00bb4.11.1&#8243; _module_preset=\u00bbdefault\u00bb hover_enabled=\u00bb0&#8243; sticky_enabled=\u00bb0&#8243; title_text=\u00bbfigura-de-dona-900&#215;600&#8243; admin_label=\u00bbFigura de dona\u00bb]<\/p>\n<p>Figura de dona<br \/>1976<\/p>\n<p>Marbre<\/p>\n<p>[\/et_pb_blurb][et_pb_divider _builder_version=\u00bb4.11.1&#8243; _module_preset=\u00bbdefault\u00bb color=\u00bb#000000&#8243; divider_weight=\u00bb2px\u00bb hover_enabled=\u00bb0&#8243; sticky_enabled=\u00bb0&#8243; custom_margin=\u00bb30px||||false|false\u00bb locked=\u00bboff\u00bb][\/et_pb_divider][et_pb_blurb image=\u00bbhttps:\/\/museros.org\/wp-content\/uploads\/2021\/10\/servici-de-banda-900&#215;600-1.jpg\u00bb _builder_version=\u00bb4.11.1&#8243; _module_preset=\u00bbdefault\u00bb hover_enabled=\u00bb0&#8243; sticky_enabled=\u00bb0&#8243; title_text=\u00bbservici-de-banda-900&#215;600&#8243; admin_label=\u00bbServei de banda\u00bb]<\/p>\n<p>Servei de banda<br \/>1973<\/p>\n<p>Guix<\/p>\n<p>[\/et_pb_blurb][et_pb_divider _builder_version=\u00bb4.11.1&#8243; _module_preset=\u00bbdefault\u00bb color=\u00bb#000000&#8243; divider_weight=\u00bb2px\u00bb hover_enabled=\u00bb0&#8243; sticky_enabled=\u00bb0&#8243; custom_margin=\u00bb30px||||false|false\u00bb locked=\u00bboff\u00bb][\/et_pb_divider][et_pb_blurb image=\u00bbhttps:\/\/museros.org\/wp-content\/uploads\/2021\/10\/numasculi-900&#215;600-1.jpg\u00bb _builder_version=\u00bb4.11.1&#8243; _module_preset=\u00bbdefault\u00bb title_text=\u00bbnumasculi-900&#215;600&#8243; hover_enabled=\u00bb0&#8243; sticky_enabled=\u00bb0&#8243; locked=\u00bboff\u00bb admin_label=\u00bbLa pau\u00bb]<\/p>\n<p>Nu mascul\u00ed<\/p>\n<p>Carbonet sobre paper<\/p>\n<p>[\/et_pb_blurb][et_pb_divider _builder_version=\u00bb4.11.1&#8243; _module_preset=\u00bbdefault\u00bb color=\u00bb#000000&#8243; divider_weight=\u00bb2px\u00bb hover_enabled=\u00bb0&#8243; sticky_enabled=\u00bb0&#8243; custom_margin=\u00bb30px||||false|false\u00bb locked=\u00bboff\u00bb][\/et_pb_divider][\/et_pb_column][et_pb_column _builder_version=\u00bb4.11.1&#8243; _module_preset=\u00bbdefault\u00bb type=\u00bb1_3&#8243;][et_pb_blurb image=\u00bbhttps:\/\/museros.org\/wp-content\/uploads\/2021\/10\/soletat-900&#215;600-1.jpg\u00bb _builder_version=\u00bb4.11.1&#8243; _module_preset=\u00bbdefault\u00bb title_text=\u00bbsoletat-900&#215;600&#8243; hover_enabled=\u00bb0&#8243; sticky_enabled=\u00bb0&#8243; locked=\u00bboff\u00bb admin_label=\u00bbSoledat\u00bb]Soledat<br \/>\n1983<\/p>\n<p>Marbre[\/et_pb_blurb][et_pb_divider _builder_version=\u00bb4.11.1&#8243; _module_preset=\u00bbdefault\u00bb color=\u00bb#000000&#8243; divider_weight=\u00bb2px\u00bb hover_enabled=\u00bb0&#8243; sticky_enabled=\u00bb0&#8243; custom_margin=\u00bb30px||||false|false\u00bb locked=\u00bboff\u00bb][\/et_pb_divider][et_pb_blurb image=\u00bbhttps:\/\/museros.org\/wp-content\/uploads\/2021\/10\/pasde-dansa-900&#215;600-1.jpg\u00bb _builder_version=\u00bb4.11.1&#8243; _module_preset=\u00bbdefault\u00bb title_text=\u00bbpasde-dansa-900&#215;600&#8243; hover_enabled=\u00bb0&#8243; sticky_enabled=\u00bb0&#8243; admin_label=\u00bbPas de dansa\u00bb]<\/p>\n<p>Pas de dansa<br \/>1974<\/p>\n<p>Guix<\/p>\n<p>[\/et_pb_blurb][et_pb_divider _builder_version=\u00bb4.11.1&#8243; _module_preset=\u00bbdefault\u00bb color=\u00bb#000000&#8243; divider_weight=\u00bb2px\u00bb hover_enabled=\u00bb0&#8243; sticky_enabled=\u00bb0&#8243; custom_margin=\u00bb30px||||false|false\u00bb locked=\u00bboff\u00bb][\/et_pb_divider][et_pb_blurb image=\u00bbhttps:\/\/museros.org\/wp-content\/uploads\/2021\/10\/lespera-900&#215;600-1.jpg\u00bb _builder_version=\u00bb4.11.1&#8243; _module_preset=\u00bbdefault\u00bb title_text=\u00bblespera-900&#215;600&#8243; hover_enabled=\u00bb0&#8243; sticky_enabled=\u00bb0&#8243; admin_label=\u00bbL&#8217;Espera\u00bb]<\/p>\n<p>L\u2019Espera<br \/>1973<\/p>\n<p>Guix<\/p>\n<p>[\/et_pb_blurb][et_pb_divider _builder_version=\u00bb4.11.1&#8243; _module_preset=\u00bbdefault\u00bb color=\u00bb#000000&#8243; divider_weight=\u00bb2px\u00bb hover_enabled=\u00bb0&#8243; sticky_enabled=\u00bb0&#8243; custom_margin=\u00bb30px||||false|false\u00bb locked=\u00bboff\u00bb][\/et_pb_divider][et_pb_blurb image=\u00bbhttps:\/\/museros.org\/wp-content\/uploads\/2021\/10\/la-pau-900&#215;600-1.jpg\u00bb _builder_version=\u00bb4.11.1&#8243; _module_preset=\u00bbdefault\u00bb title_text=\u00bbla-pau-900&#215;600&#8243; hover_enabled=\u00bb0&#8243; sticky_enabled=\u00bb0&#8243; locked=\u00bboff\u00bb admin_label=\u00bbLa pau\u00bb]<\/p>\n<p>La Pau<br \/>1973<\/p>\n<p>Alt relleu. Guix<\/p>\n<p>[\/et_pb_blurb][et_pb_divider _builder_version=\u00bb4.11.1&#8243; _module_preset=\u00bbdefault\u00bb color=\u00bb#000000&#8243; divider_weight=\u00bb2px\u00bb hover_enabled=\u00bb0&#8243; sticky_enabled=\u00bb0&#8243; custom_margin=\u00bb30px||||false|false\u00bb locked=\u00bboff\u00bb][\/et_pb_divider][\/et_pb_column][\/et_pb_row][et_pb_row _builder_version=\u00bb4.10.7&#8243; _module_preset=\u00bbdefault\u00bb global_colors_info=\u00bb{}\u00bb][et_pb_column type=\u00bb4_4&#8243; _builder_version=\u00bb4.10.7&#8243; _module_preset=\u00bbdefault\u00bb global_colors_info=\u00bb{}\u00bb][et_pb_divider color=\u00bb#E02B20&#8243; divider_weight=\u00bb4px\u00bb _builder_version=\u00bb4.10.7&#8243; _module_preset=\u00bbdefault\u00bb global_colors_info=\u00bb{}\u00bb][\/et_pb_divider][\/et_pb_column][\/et_pb_row][\/et_pb_section]<\/p>\n","protected":false},"excerpt":{"rendered":"<p>Adri\u00e0 Garc\u00eda Civera va n\u00e0ixer a Museros en 1948. Els seus pares, Adri\u00e1n i Josefa, eren treballadors i tingueren tres fills, dels quals dos, Pilar i Adri\u00e0, van ser persones sordes. Adri\u00e0 va comen\u00e7ar als sis anys els seus estudis en el col\u00b7legi de sords de les religioses franciscanes de La Pur\u00edsima a Val\u00e8ncia, que [&hellip;]<\/p>\n","protected":false},"author":8,"featured_media":0,"parent":0,"menu_order":0,"comment_status":"closed","ping_status":"closed","template":"","meta":{"_et_pb_use_builder":"on","_et_pb_old_content":"","_et_gb_content_width":"","_mc_calendar":[],"footnotes":""},"wf_page_folders":[1001],"class_list":["post-248854","page","type-page","status-publish","hentry"],"_links":{"self":[{"href":"https:\/\/museros.org\/inici\/wp-json\/wp\/v2\/pages\/248854","targetHints":{"allow":["GET"]}}],"collection":[{"href":"https:\/\/museros.org\/inici\/wp-json\/wp\/v2\/pages"}],"about":[{"href":"https:\/\/museros.org\/inici\/wp-json\/wp\/v2\/types\/page"}],"author":[{"embeddable":true,"href":"https:\/\/museros.org\/inici\/wp-json\/wp\/v2\/users\/8"}],"replies":[{"embeddable":true,"href":"https:\/\/museros.org\/inici\/wp-json\/wp\/v2\/comments?post=248854"}],"version-history":[{"count":6,"href":"https:\/\/museros.org\/inici\/wp-json\/wp\/v2\/pages\/248854\/revisions"}],"predecessor-version":[{"id":249103,"href":"https:\/\/museros.org\/inici\/wp-json\/wp\/v2\/pages\/248854\/revisions\/249103"}],"wp:attachment":[{"href":"https:\/\/museros.org\/inici\/wp-json\/wp\/v2\/media?parent=248854"}],"wp:term":[{"taxonomy":"wf_page_folders","embeddable":true,"href":"https:\/\/museros.org\/inici\/wp-json\/wp\/v2\/wf_page_folders?post=248854"}],"curies":[{"name":"wp","href":"https:\/\/api.w.org\/{rel}","templated":true}]}}