{"id":248838,"date":"2021-09-20T20:21:25","date_gmt":"2021-09-20T20:21:25","guid":{"rendered":"https:\/\/museros.org\/?page_id=248838"},"modified":"2021-12-12T16:06:42","modified_gmt":"2021-12-12T16:06:42","slug":"exposicion-adria","status":"publish","type":"page","link":"https:\/\/museros.org\/inici\/es\/exposicion-adria\/","title":{"rendered":"Exposici\u00f3n Adri\u00e0"},"content":{"rendered":"<p>[et_pb_section fb_built=\u00bb1&#8243; _builder_version=\u00bb4.10.7&#8243; _module_preset=\u00bbdefault\u00bb custom_margin=\u00bb0px||||false|false\u00bb custom_padding=\u00bb0px||||false|false\u00bb global_colors_info=\u00bb{}\u00bb][et_pb_row column_structure=\u00bb1_4,3_4&#8243; _builder_version=\u00bb4.10.7&#8243; _module_preset=\u00bbdefault\u00bb custom_margin=\u00bb0px||||false|false\u00bb custom_padding=\u00bb0px||||false|false\u00bb global_colors_info=\u00bb{}\u00bb][et_pb_column type=\u00bb1_4&#8243; _builder_version=\u00bb4.10.7&#8243; _module_preset=\u00bbdefault\u00bb global_colors_info=\u00bb{}\u00bb][et_pb_image src=\u00bbhttps:\/\/museros.org\/wp-content\/uploads\/2021\/09\/banderera-900&#215;360-1.jpg\u00bb title_text=\u00bbbanderera-900&#215;360&#8243; url=\u00bbhttps:\/\/museros.org\/inici\/es\/creant-desdel-silenci\/\u00bb use_overlay=\u00bbon\u00bb overlay_icon_color=\u00bb#E02B20&#8243; hover_overlay_color=\u00bbrgba(255,255,255,0.71)\u00bb hover_icon=\u00bb&#xe04d;||divi||400&#8243; src_tablet=\u00bb\u00bb src_phone=\u00bb\u00bb src_last_edited=\u00bbon|tablet\u00bb _builder_version=\u00bb4.14.2&#8243; _module_preset=\u00bbdefault\u00bb width=\u00bb100%\u00bb width_tablet=\u00bb30%\u00bb width_phone=\u00bb60%\u00bb width_last_edited=\u00bbon|tablet\u00bb hover_enabled=\u00bb0&#8243; global_colors_info=\u00bb{}\u00bb sticky_enabled=\u00bb0&#8243;][\/et_pb_image][\/et_pb_column][et_pb_column type=\u00bb3_4&#8243; _builder_version=\u00bb4.10.7&#8243; _module_preset=\u00bbdefault\u00bb global_colors_info=\u00bb{}\u00bb][et_pb_image src=\u00bbhttps:\/\/museros.org\/wp-content\/uploads\/2021\/09\/cabecera-expo.jpg\u00bb title_text=\u00bbcabecera-expo\u00bb _builder_version=\u00bb4.10.7&#8243; _module_preset=\u00bbdefault\u00bb width=\u00bb40%\u00bb width_tablet=\u00bb51%\u00bb width_phone=\u00bb100%\u00bb width_last_edited=\u00bbon|phone\u00bb global_colors_info=\u00bb{}\u00bb][\/et_pb_image][et_pb_text _builder_version=\u00bb4.10.8&#8243; _module_preset=\u00bbdefault\u00bb global_colors_info=\u00bb{}\u00bb]<\/p>\n<p>Adri\u00e0 Garc\u00eda Civera naci\u00f3 en Museros en 1948. Sus padres, Adri\u00e1n y Josefa, eran trabajadores y tuvieron tres hijos, de los cuales dos, Pilar y Adri\u00e0, fueron personas sordas. Adri\u00e0 empez\u00f3 a los seis a\u00f1os sus estudios en el colegio de sordos de las religiosas franciscanas de La Pur\u00edsima en Val\u00e8ncia, que se convertir\u00eda m\u00e1s tarde en el Instituto Valenciano de Audiofonolog\u00eda (IVAF). All\u00ed permaneci\u00f3 hasta los 15 a\u00f1os, demostrando un gran inter\u00e9s por la artesan\u00eda y la talla en madera, pero tuvo que dejar la escuela para ayudar a sus padres en la agricultura y entr\u00f3 como aprendiz en una f\u00e1brica de muebles.<br \/>Ingres\u00f3 en 1964 en la Escuela de Artes y Oficios de Val\u00e8ncia y, superados los cursos, empez\u00f3 en 1968 los estudios en la Escuela Superior de Bellas Artes de San Carlos. Recibi\u00f3 clases de Esteve Edo, Silvestre de Edeta y Octavio Vicent, con el cual colabor\u00f3 en varios trabajos. A pesar de acabar sus estudios, una nueva ley obligaba a los estudiantes de Bellas Artes a tener el t\u00edtulo de bachiller superior, que Adri\u00e0 no ten\u00eda, con lo cual no pudo obtener la licenciatura sino solo un certificado de haber superado los cursos.<br \/>El a\u00f1o 1972, fue becado por la Diputaci\u00f3n de Val\u00e8ncia con el pensionado de escultura. En la prueba de acceso, compiti\u00f3 con la escultora \u00c1ngeles Marco. La obra de Adri\u00e0, Saque de banda result\u00f3 ganadora. Esta beca le permiti\u00f3 viajar a Valladolid, Madrid, Barcelona, Par\u00eds, Roma y Carrara.<br \/>Los pensionados de la Diputaci\u00f3n de Val\u00e8ncia nacen en 1863 con el fin de que j\u00f3venes artistas valencianos pudieran ampliar sus estudios en los centros art\u00edsticos del momento, especialmente Roma y Par\u00eds. Estas ayudas -de pintura y escultura y en alg\u00fan momento de grabado y paisaje- fueron fundamentales en los periodos de formaci\u00f3n de importantes artistas. Por ellas han pasado nombres como: Emilio Caland\u00edn, Mariano Garc\u00eda Mas, Rafael P\u00e9rez Contel, Rafael Pi Belda, Ignacio Pinazo Martinez, Jos\u00e9 Vento, Jos\u00e9 Barber\u00e0, Francisco Domingo, Andr\u00e9s Cillero, Bernat Ferrandis, Joaquin Michavila, Enrique Navas, Ricardo Zamorano, Amadeo Roca, Ignacio Pinazo i Joaquin Sorolla. A cambio de una ayuda anual, los artistas ten\u00edan que entregar sus dibujos y trabajos a la Diputaci\u00f3n. Las becas anuales pod\u00edan ser prorrogadas.<br \/>As\u00ed sucedi\u00f3 en el caso de Adri\u00e0. La pr\u00f3rroga lo llev\u00f3 a Roma donde estudi\u00f3 en la Escuela de Bellas Artes; otra pr\u00f3rroga de la beca lo llev\u00f3 a Carrara, en el Instituto del M\u00e1rmol. All\u00ed particip\u00f3 en varias exposiciones y su obra fue seleccionada (y, de hecho, una de ellas permanece todav\u00eda hoy en el Museo del M\u00e1rmol de Carrara).<br \/>En 1978, se vincula nuevamente -pero esta vez como profesor- al Instituto Valenciano de Audiofonolog\u00eda, el colegio donde estudi\u00f3 desde ni\u00f1o. Por otra parte, contrae matrimonio con Julia Sebasti\u00e1n, con la cual tendr\u00e1 sus dos hijos: Adri y Jos\u00e9 Javier. Julia se form\u00f3 en la Escuela de Artes Aplicadas y Oficios Art\u00edsticos de Val\u00e8ncia, en las especialidades de cer\u00e1mica y dise\u00f1o de interiores.<br \/>Adri\u00e0, en los a\u00f1os 80, solucion\u00f3 su problema acad\u00e9mico, super\u00f3 el acceso a la universidad para adultos, y una vez obtenido el t\u00edtulo, fue oficialmente profesor de dibujo y modelado en el IVAF del cual lleg\u00f3 a ser subdirector y miembro del equipo directivo hasta 1994.<br \/>Persona activa, es desde 1966 miembro de la Asociaci\u00f3n de Personas Sordas (AVS) y colabora con la Federaci\u00f3n de Asociaciones de Sordos de la Comunidad Valenciana. En 1986, se matricul\u00f3 en la Escuela de Cer\u00e1mica Art\u00edstica de Manises, obtuvo el t\u00edtulo en 1989 y fue profesor de cer\u00e1mica hasta su prejubilaci\u00f3n el a\u00f1o 2003.<br \/>Esta exposici\u00f3n pretende mostrar las obras de su periodo de formaci\u00f3n, las que, durante el pensionado de la Diputaci\u00f3n 1973\/75, Adri\u00e0 entreg\u00f3 a la Diputaci\u00f3n de Val\u00e8ncia, esculturas y dibujos que ya muestran la val\u00eda de la obra de Adri\u00e0. Se completa con cuatro esculturas propiedad del Ayuntamiento de Museros que nos hablan ya de una obra en plenitud.<br \/>Adri\u00e0 ha participado en numerosas exposiciones y ha recibido numerosos premios. Pero sobre todo, con su trayectoria y a pesar de sus dificultades, ha sabido encontrar v\u00edas para comunicar su sensibilidad, su creatividad, trasladar a los que contemplan sus obras, la belleza, la fuerza y energ\u00eda que conforman su car\u00e1cter.<br \/>Hoy Adri\u00e0 contin\u00faa creando e investigando en su taller de Museros.<\/p>\n<p>[\/et_pb_text][\/et_pb_column][\/et_pb_row][et_pb_row column_structure=\u00bb1_3,1_3,1_3&#8243; _builder_version=\u00bb4.11.1&#8243; _module_preset=\u00bbdefault\u00bb global_colors_info=\u00bb{}\u00bb][et_pb_column type=\u00bb1_3&#8243; _builder_version=\u00bb4.11.1&#8243; _module_preset=\u00bbdefault\u00bb global_colors_info=\u00bb{}\u00bb][et_pb_blurb image=\u00bbhttps:\/\/museros.org\/wp-content\/uploads\/2021\/10\/exercici-900&#215;600-1.jpg\u00bb admin_label=\u00bbExercici\u00bb _builder_version=\u00bb4.13.0&#8243; _module_preset=\u00bbdefault\u00bb locked=\u00bboff\u00bb global_colors_info=\u00bb{}\u00bb]<\/p>\n<p>Ejercicio<br \/>1983<\/p>\n<p>Bronce<\/p>\n<p>[\/et_pb_blurb][et_pb_divider color=\u00bb#000000&#8243; divider_weight=\u00bb2px\u00bb _builder_version=\u00bb4.11.1&#8243; _module_preset=\u00bbdefault\u00bb custom_margin=\u00bb30px||||false|false\u00bb global_colors_info=\u00bb{}\u00bb][\/et_pb_divider][et_pb_blurb image=\u00bbhttps:\/\/museros.org\/wp-content\/uploads\/2021\/10\/avant-900&#215;600-1.jpg\u00bb admin_label=\u00bbAvant\u00bb _builder_version=\u00bb4.13.0&#8243; _module_preset=\u00bbdefault\u00bb locked=\u00bboff\u00bb global_colors_info=\u00bb{}\u00bb]<\/p>\n<p>Adelante<br \/>1979<\/p>\n<p>Bronce<\/p>\n<p>[\/et_pb_blurb][et_pb_divider color=\u00bb#000000&#8243; divider_weight=\u00bb2px\u00bb _builder_version=\u00bb4.11.1&#8243; _module_preset=\u00bbdefault\u00bb custom_margin=\u00bb30px||||false|false\u00bb locked=\u00bboff\u00bb global_colors_info=\u00bb{}\u00bb][\/et_pb_divider][et_pb_blurb image=\u00bbhttps:\/\/museros.org\/wp-content\/uploads\/2021\/10\/xiqueta-llegint-900&#215;600-1.jpg\u00bb admin_label=\u00bbXiqueta llegint\u00bb _builder_version=\u00bb4.13.0&#8243; _module_preset=\u00bbdefault\u00bb global_colors_info=\u00bb{}\u00bb]<\/p>\n<p>Ni\u00f1a leyendo<br \/>1973<\/p>\n<p>Resina y polvo de m\u00e1rmol<\/p>\n<p>[\/et_pb_blurb][et_pb_divider color=\u00bb#000000&#8243; divider_weight=\u00bb2px\u00bb _builder_version=\u00bb4.11.1&#8243; _module_preset=\u00bbdefault\u00bb custom_margin=\u00bb30px||||false|false\u00bb locked=\u00bboff\u00bb global_colors_info=\u00bb{}\u00bb][\/et_pb_divider][et_pb_blurb image=\u00bbhttps:\/\/museros.org\/wp-content\/uploads\/2021\/10\/espera-900&#215;600-1.jpg\u00bb admin_label=\u00bbEspera\u00bb _builder_version=\u00bb4.13.0&#8243; _module_preset=\u00bbdefault\u00bb global_colors_info=\u00bb{}\u00bb]<\/p>\n<p>Espera<br \/>1973<\/p>\n<p>Escayola<\/p>\n<p>[\/et_pb_blurb][et_pb_divider color=\u00bb#000000&#8243; divider_weight=\u00bb2px\u00bb _builder_version=\u00bb4.11.1&#8243; _module_preset=\u00bbdefault\u00bb custom_margin=\u00bb30px||||false|false\u00bb locked=\u00bboff\u00bb global_colors_info=\u00bb{}\u00bb][\/et_pb_divider][\/et_pb_column][et_pb_column type=\u00bb1_3&#8243; _builder_version=\u00bb4.11.1&#8243; _module_preset=\u00bbdefault\u00bb global_colors_info=\u00bb{}\u00bb][et_pb_blurb image=\u00bbhttps:\/\/museros.org\/wp-content\/uploads\/2021\/10\/contemplacio-900&#215;600-1.jpg\u00bb admin_label=\u00bbContemplaci\u00f3\u00bb _builder_version=\u00bb4.13.0&#8243; _module_preset=\u00bbdefault\u00bb locked=\u00bboff\u00bb global_colors_info=\u00bb{}\u00bb]<\/p>\n<p>Contemplaci\u00f3n<br \/>1983<\/p>\n<p>Marmol de Carrara<\/p>\n<p>[\/et_pb_blurb][et_pb_divider color=\u00bb#000000&#8243; divider_weight=\u00bb2px\u00bb _builder_version=\u00bb4.11.1&#8243; _module_preset=\u00bbdefault\u00bb custom_margin=\u00bb30px||||false|false\u00bb locked=\u00bboff\u00bb global_colors_info=\u00bb{}\u00bb][\/et_pb_divider][et_pb_blurb image=\u00bbhttps:\/\/museros.org\/wp-content\/uploads\/2021\/10\/figura-de-dona-900&#215;600-1.jpg\u00bb admin_label=\u00bbFigura de dona\u00bb _builder_version=\u00bb4.13.0&#8243; _module_preset=\u00bbdefault\u00bb global_colors_info=\u00bb{}\u00bb]<\/p>\n<p>Figura de mujer<br \/>1976<\/p>\n<p>M\u00e1rmol<\/p>\n<p>[\/et_pb_blurb][et_pb_divider color=\u00bb#000000&#8243; divider_weight=\u00bb2px\u00bb _builder_version=\u00bb4.11.1&#8243; _module_preset=\u00bbdefault\u00bb custom_margin=\u00bb30px||||false|false\u00bb locked=\u00bboff\u00bb global_colors_info=\u00bb{}\u00bb][\/et_pb_divider][et_pb_blurb image=\u00bbhttps:\/\/museros.org\/wp-content\/uploads\/2021\/10\/servici-de-banda-900&#215;600-1.jpg\u00bb admin_label=\u00bbServei de banda\u00bb _builder_version=\u00bb4.13.0&#8243; _module_preset=\u00bbdefault\u00bb global_colors_info=\u00bb{}\u00bb]<\/p>\n<p>Saque de banda<br \/>1973<\/p>\n<p>Escayola<\/p>\n<p>[\/et_pb_blurb][et_pb_divider color=\u00bb#000000&#8243; divider_weight=\u00bb2px\u00bb _builder_version=\u00bb4.11.1&#8243; _module_preset=\u00bbdefault\u00bb custom_margin=\u00bb30px||||false|false\u00bb locked=\u00bboff\u00bb global_colors_info=\u00bb{}\u00bb][\/et_pb_divider][et_pb_blurb image=\u00bbhttps:\/\/museros.org\/wp-content\/uploads\/2021\/10\/numasculi-900&#215;600-1.jpg\u00bb admin_label=\u00bbLa pau\u00bb _builder_version=\u00bb4.13.0&#8243; _module_preset=\u00bbdefault\u00bb locked=\u00bboff\u00bb global_colors_info=\u00bb{}\u00bb]<\/p>\n<p>Desnudo masculino<\/p>\n<p>Carboncillo sobre papel<\/p>\n<p>[\/et_pb_blurb][et_pb_divider color=\u00bb#000000&#8243; divider_weight=\u00bb2px\u00bb _builder_version=\u00bb4.11.1&#8243; _module_preset=\u00bbdefault\u00bb custom_margin=\u00bb30px||||false|false\u00bb locked=\u00bboff\u00bb global_colors_info=\u00bb{}\u00bb][\/et_pb_divider][\/et_pb_column][et_pb_column type=\u00bb1_3&#8243; _builder_version=\u00bb4.11.1&#8243; _module_preset=\u00bbdefault\u00bb global_colors_info=\u00bb{}\u00bb][et_pb_blurb image=\u00bbhttps:\/\/museros.org\/wp-content\/uploads\/2021\/10\/soletat-900&#215;600-1.jpg\u00bb admin_label=\u00bbSoledat\u00bb _builder_version=\u00bb4.13.0&#8243; _module_preset=\u00bbdefault\u00bb locked=\u00bboff\u00bb global_colors_info=\u00bb{}\u00bb]<\/p>\n<p>Soledad<br \/>1983<\/p>\n<p>Marmol<\/p>\n<p>[\/et_pb_blurb][et_pb_divider color=\u00bb#000000&#8243; divider_weight=\u00bb2px\u00bb _builder_version=\u00bb4.11.1&#8243; _module_preset=\u00bbdefault\u00bb custom_margin=\u00bb30px||||false|false\u00bb locked=\u00bboff\u00bb global_colors_info=\u00bb{}\u00bb][\/et_pb_divider][et_pb_blurb image=\u00bbhttps:\/\/museros.org\/wp-content\/uploads\/2021\/10\/pasde-dansa-900&#215;600-1.jpg\u00bb admin_label=\u00bbPas de dansa\u00bb _builder_version=\u00bb4.13.0&#8243; _module_preset=\u00bbdefault\u00bb global_colors_info=\u00bb{}\u00bb]<\/p>\n<p>Paso de danza<br \/>1974<\/p>\n<p>Escayola<\/p>\n<p>[\/et_pb_blurb][et_pb_divider color=\u00bb#000000&#8243; divider_weight=\u00bb2px\u00bb _builder_version=\u00bb4.11.1&#8243; _module_preset=\u00bbdefault\u00bb custom_margin=\u00bb30px||||false|false\u00bb locked=\u00bboff\u00bb global_colors_info=\u00bb{}\u00bb][\/et_pb_divider][et_pb_blurb image=\u00bbhttps:\/\/museros.org\/wp-content\/uploads\/2021\/10\/lespera-900&#215;600-1.jpg\u00bb admin_label=\u00bbL&#8217;Espera\u00bb _builder_version=\u00bb4.13.0&#8243; _module_preset=\u00bbdefault\u00bb global_colors_info=\u00bb{}\u00bb]<\/p>\n<p>La Espera<br \/>1973<\/p>\n<p>Escayola<\/p>\n<p>[\/et_pb_blurb][et_pb_divider color=\u00bb#000000&#8243; divider_weight=\u00bb2px\u00bb _builder_version=\u00bb4.11.1&#8243; _module_preset=\u00bbdefault\u00bb custom_margin=\u00bb30px||||false|false\u00bb locked=\u00bboff\u00bb global_colors_info=\u00bb{}\u00bb][\/et_pb_divider][et_pb_blurb image=\u00bbhttps:\/\/museros.org\/wp-content\/uploads\/2021\/10\/la-pau-900&#215;600-1.jpg\u00bb admin_label=\u00bbLa pau\u00bb _builder_version=\u00bb4.13.0&#8243; _module_preset=\u00bbdefault\u00bb locked=\u00bboff\u00bb global_colors_info=\u00bb{}\u00bb]<\/p>\n<p>La Paz<br \/>1973<\/p>\n<p>Altorrelieve. Escayola<\/p>\n<p>[\/et_pb_blurb][et_pb_divider color=\u00bb#000000&#8243; divider_weight=\u00bb2px\u00bb _builder_version=\u00bb4.11.1&#8243; _module_preset=\u00bbdefault\u00bb custom_margin=\u00bb30px||||false|false\u00bb locked=\u00bboff\u00bb global_colors_info=\u00bb{}\u00bb][\/et_pb_divider][\/et_pb_column][\/et_pb_row][et_pb_row _builder_version=\u00bb4.10.7&#8243; _module_preset=\u00bbdefault\u00bb global_colors_info=\u00bb{}\u00bb][et_pb_column type=\u00bb4_4&#8243; _builder_version=\u00bb4.10.7&#8243; _module_preset=\u00bbdefault\u00bb global_colors_info=\u00bb{}\u00bb][et_pb_divider color=\u00bb#E02B20&#8243; divider_weight=\u00bb4px\u00bb _builder_version=\u00bb4.10.7&#8243; _module_preset=\u00bbdefault\u00bb global_colors_info=\u00bb{}\u00bb][\/et_pb_divider][\/et_pb_column][\/et_pb_row][\/et_pb_section]<\/p>\n","protected":false},"excerpt":{"rendered":"<p>Adri\u00e0 Garc\u00eda Civera naci\u00f3 en Museros en 1948. Sus padres, Adri\u00e1n y Josefa, eran trabajadores y tuvieron tres hijos, de los cuales dos, Pilar y Adri\u00e0, fueron personas sordas. Adri\u00e0 empez\u00f3 a los seis a\u00f1os sus estudios en el colegio de sordos de las religiosas franciscanas de La Pur\u00edsima en Val\u00e8ncia, que se convertir\u00eda m\u00e1s [&hellip;]<\/p>\n","protected":false},"author":8,"featured_media":0,"parent":0,"menu_order":0,"comment_status":"closed","ping_status":"closed","template":"","meta":{"_et_pb_use_builder":"on","_et_pb_old_content":"","_et_gb_content_width":"","_mc_calendar":[],"footnotes":""},"wf_page_folders":[1001],"class_list":["post-248838","page","type-page","status-publish","hentry"],"_links":{"self":[{"href":"https:\/\/museros.org\/inici\/wp-json\/wp\/v2\/pages\/248838","targetHints":{"allow":["GET"]}}],"collection":[{"href":"https:\/\/museros.org\/inici\/wp-json\/wp\/v2\/pages"}],"about":[{"href":"https:\/\/museros.org\/inici\/wp-json\/wp\/v2\/types\/page"}],"author":[{"embeddable":true,"href":"https:\/\/museros.org\/inici\/wp-json\/wp\/v2\/users\/8"}],"replies":[{"embeddable":true,"href":"https:\/\/museros.org\/inici\/wp-json\/wp\/v2\/comments?post=248838"}],"version-history":[{"count":19,"href":"https:\/\/museros.org\/inici\/wp-json\/wp\/v2\/pages\/248838\/revisions"}],"predecessor-version":[{"id":251162,"href":"https:\/\/museros.org\/inici\/wp-json\/wp\/v2\/pages\/248838\/revisions\/251162"}],"wp:attachment":[{"href":"https:\/\/museros.org\/inici\/wp-json\/wp\/v2\/media?parent=248838"}],"wp:term":[{"taxonomy":"wf_page_folders","embeddable":true,"href":"https:\/\/museros.org\/inici\/wp-json\/wp\/v2\/wf_page_folders?post=248838"}],"curies":[{"name":"wp","href":"https:\/\/api.w.org\/{rel}","templated":true}]}}