{"id":248671,"date":"2021-09-16T22:43:27","date_gmt":"2021-09-16T22:43:27","guid":{"rendered":"https:\/\/museros.org\/?page_id=248671"},"modified":"2021-12-12T11:40:53","modified_gmt":"2021-12-12T11:40:53","slug":"piedra-a-piedra","status":"publish","type":"page","link":"https:\/\/museros.org\/inici\/es\/piedra-a-piedra\/","title":{"rendered":"Piedra a piedra"},"content":{"rendered":"<p>[et_pb_section fb_built=\u00bb1&#8243; _builder_version=\u00bb4.10.7&#8243; _module_preset=\u00bbdefault\u00bb custom_margin=\u00bb0px||||false|false\u00bb custom_padding=\u00bb0px||||false|false\u00bb locked=\u00bboff\u00bb global_colors_info=\u00bb{}\u00bb][et_pb_row column_structure=\u00bb1_3,2_3&#8243; _builder_version=\u00bb4.10.7&#8243; _module_preset=\u00bbdefault\u00bb custom_margin=\u00bb0px||||false|false\u00bb custom_padding=\u00bb0px||||false|false\u00bb global_colors_info=\u00bb{}\u00bb][et_pb_column type=\u00bb1_3&#8243; _builder_version=\u00bb4.10.7&#8243; _module_preset=\u00bbdefault\u00bb global_colors_info=\u00bb{}\u00bb][et_pb_image src=\u00bbhttps:\/\/museros.org\/wp-content\/uploads\/2021\/09\/artsvives300x480.jpg\u00bb title_text=\u00bbartsvives300x480&#8243; url=\u00bbhttps:\/\/museros.org\/inici\/es\/creant-desdel-silenci\u00bb use_overlay=\u00bbon\u00bb overlay_icon_color=\u00bb#E02B20&#8243; hover_overlay_color=\u00bbrgba(255,255,255,0.7)\u00bb hover_icon=\u00bb&#xe04d;||divi||400&#8243; align=\u00bbcenter\u00bb _builder_version=\u00bb4.14.2&#8243; _module_preset=\u00bbdefault\u00bb hover_enabled=\u00bb0&#8243; global_colors_info=\u00bb{}\u00bb sticky_enabled=\u00bb0&#8243;][\/et_pb_image][\/et_pb_column][et_pb_column type=\u00bb2_3&#8243; _builder_version=\u00bb4.10.7&#8243; _module_preset=\u00bbdefault\u00bb global_colors_info=\u00bb{}\u00bb][et_pb_text _builder_version=\u00bb4.10.8&#8243; _module_preset=\u00bbdefault\u00bb global_colors_info=\u00bb{}\u00bb]<\/p>\n<h4>Piedra a piedra &#8211; <em>Arts vives<\/em><\/h4>\n<h2>El proceso de creaci\u00f3n desde el silencio<\/h2>\n<p>Piedra a piedra &#8211; Artes Vives.<br \/>El proceso de creaci\u00f3n desde el silencio.<br \/>Jugar con todo aquello que acontece en un proceso de creaci\u00f3n: hacer, rehacer, pausas, momentos de explosi\u00f3n creativa, pausa, retomar desde el sosiego, dudas, reticencias, las diferentes emociones que el creador experimenta en el proceso, para llegar a representar las esculturas en movimiento como conclusi\u00f3n. Como las olas del mar, ondulantes, grandes, peque\u00f1as, calmadas, intensas.<br \/>El cincel, la maza, el martillo, las herramientas del creador ante el material, la piedra y el metal, son presentes con la percusi\u00f3n. Se conjugan ambos lenguajes, el cuerpo en movimiento, y la m\u00fasica, los dos vive y en directo.<br \/>Se tratar\u00eda de hacer presente todo aquello que acontece cuando el artista creador se enfrenta a su proceso de creaci\u00f3n.<br \/>Las esculturas de Adri\u00e0 transmiten ligereza, por el movimiento que tienen y por sus l\u00edneas, ondulantes.<br \/>En la sala de exposiciones las artistas mostrar\u00e1n movimientos y acciones a partir de las esculturas del artista, a ritmo de la m\u00fasica.<\/p>\n<p>&nbsp;<\/p>\n<p>&nbsp;<\/p>\n<p>[\/et_pb_text][\/et_pb_column][\/et_pb_row][et_pb_row _builder_version=\u00bb4.10.7&#8243; _module_preset=\u00bbdefault\u00bb global_colors_info=\u00bb{}\u00bb][et_pb_column type=\u00bb4_4&#8243; _builder_version=\u00bb4.10.7&#8243; _module_preset=\u00bbdefault\u00bb global_colors_info=\u00bb{}\u00bb][et_pb_divider color=\u00bb#E02B20&#8243; divider_weight=\u00bb4px\u00bb _builder_version=\u00bb4.10.7&#8243; _module_preset=\u00bbdefault\u00bb global_colors_info=\u00bb{}\u00bb][\/et_pb_divider][\/et_pb_column][\/et_pb_row][\/et_pb_section]<\/p>\n","protected":false},"excerpt":{"rendered":"<p>Piedra a piedra &#8211; Arts vives El proceso de creaci\u00f3n desde el silencio Piedra a piedra &#8211; Artes Vives.El proceso de creaci\u00f3n desde el silencio.Jugar con todo aquello que acontece en un proceso de creaci\u00f3n: hacer, rehacer, pausas, momentos de explosi\u00f3n creativa, pausa, retomar desde el sosiego, dudas, reticencias, las diferentes emociones que el creador [&hellip;]<\/p>\n","protected":false},"author":8,"featured_media":0,"parent":0,"menu_order":0,"comment_status":"closed","ping_status":"closed","template":"","meta":{"_et_pb_use_builder":"on","_et_pb_old_content":"","_et_gb_content_width":"","_mc_calendar":[],"footnotes":""},"wf_page_folders":[1001],"class_list":["post-248671","page","type-page","status-publish","hentry"],"_links":{"self":[{"href":"https:\/\/museros.org\/inici\/wp-json\/wp\/v2\/pages\/248671","targetHints":{"allow":["GET"]}}],"collection":[{"href":"https:\/\/museros.org\/inici\/wp-json\/wp\/v2\/pages"}],"about":[{"href":"https:\/\/museros.org\/inici\/wp-json\/wp\/v2\/types\/page"}],"author":[{"embeddable":true,"href":"https:\/\/museros.org\/inici\/wp-json\/wp\/v2\/users\/8"}],"replies":[{"embeddable":true,"href":"https:\/\/museros.org\/inici\/wp-json\/wp\/v2\/comments?post=248671"}],"version-history":[{"count":12,"href":"https:\/\/museros.org\/inici\/wp-json\/wp\/v2\/pages\/248671\/revisions"}],"predecessor-version":[{"id":251164,"href":"https:\/\/museros.org\/inici\/wp-json\/wp\/v2\/pages\/248671\/revisions\/251164"}],"wp:attachment":[{"href":"https:\/\/museros.org\/inici\/wp-json\/wp\/v2\/media?parent=248671"}],"wp:term":[{"taxonomy":"wf_page_folders","embeddable":true,"href":"https:\/\/museros.org\/inici\/wp-json\/wp\/v2\/wf_page_folders?post=248671"}],"curies":[{"name":"wp","href":"https:\/\/api.w.org\/{rel}","templated":true}]}}