{"id":248665,"date":"2021-09-16T22:31:14","date_gmt":"2021-09-16T22:31:14","guid":{"rendered":"https:\/\/museros.org\/?page_id=248665"},"modified":"2021-09-23T21:24:37","modified_gmt":"2021-09-23T21:24:37","slug":"som-tot-sentits","status":"publish","type":"page","link":"https:\/\/museros.org\/inici\/som-tot-sentits\/","title":{"rendered":"Som tot sentits"},"content":{"rendered":"<p>[et_pb_section fb_built=\u00bb1&#8243; _builder_version=\u00bb4.10.7&#8243; _module_preset=\u00bbdefault\u00bb custom_margin=\u00bb0px||||false|false\u00bb custom_padding=\u00bb0px||||false|false\u00bb locked=\u00bboff\u00bb global_colors_info=\u00bb{}\u00bb][et_pb_row column_structure=\u00bb1_3,2_3&#8243; _builder_version=\u00bb4.10.7&#8243; _module_preset=\u00bbdefault\u00bb custom_margin=\u00bb0px||||false|false\u00bb custom_padding=\u00bb0px||||false|false\u00bb global_colors_info=\u00bb{}\u00bb][et_pb_column type=\u00bb1_3&#8243; _builder_version=\u00bb4.10.7&#8243; _module_preset=\u00bbdefault\u00bb global_colors_info=\u00bb{}\u00bb][et_pb_image src=\u00bbhttps:\/\/museros.org\/wp-content\/uploads\/2021\/09\/som-sentits-300&#215;480-1.jpg\u00bb title_text=\u00bbsom-sentits-300&#215;480&#8243; url=\u00bbhttps:\/\/museros.org\/ca\/creant-des-del-silenci\u00bb use_overlay=\u00bbon\u00bb overlay_icon_color=\u00bb#E02B20&#8243; hover_overlay_color=\u00bbrgba(255,255,255,0.7)\u00bb hover_icon=\u00bb%%197%%\u00bb align=\u00bbcenter\u00bb _builder_version=\u00bb4.10.7&#8243; _module_preset=\u00bbdefault\u00bb global_colors_info=\u00bb{}\u00bb][\/et_pb_image][\/et_pb_column][et_pb_column type=\u00bb2_3&#8243; _builder_version=\u00bb4.10.7&#8243; _module_preset=\u00bbdefault\u00bb global_colors_info=\u00bb{}\u00bb][et_pb_text _builder_version=\u00bb4.10.7&#8243; _module_preset=\u00bbdefault\u00bb global_colors_info=\u00bb{}\u00bb]<\/p>\n<h4>Taller de sensorialitat des del silenci<\/h4>\n<h2>Som tot sentits<\/h2>\n<p>\u201dHem conquistat la realitat i perdut el son. Ja ning\u00fa es tendeix sota un arbre a contemplar el cel a trav\u00e9s dels dits del peu\u201d.<br \/>Robert Musil<br \/>La sensaci\u00f3 \u00e9s la percepci\u00f3 conscient d&#8217;un est\u00edmul f\u00edsic o qu\u00edmic mitjan\u00e7ants els sentits, segons la definici\u00f3 del diccionari. Les sensacions, de diferents tipus (les exteroceptives com les que ens arriben mitjansants els sentits, les interoceptives mitjan\u00e7ant la pell, i les propioceptives amb el moviment i l&#8217;equilibri) ens acompanyen des de l&#8217;instant en el qual ens obrim a la vida.<br \/>Cada nou dia \u00e9s una explosi\u00f3 de sensacions. Aix\u00ed ho veu una xiqueta xicoteta. Tot \u00e9s nou sota el sol, encara que no ens el sembli.<br \/>Aquestes sensacions ens poden resultar agradables moltes vegades, unes altres no, fins i tot ens poden resultar indiferents. S\u00f3n les portes, les nostres portes al m\u00f3n. Gr\u00e0cies a aquestes les persones som \u00faniques, perqu\u00e8 \u00faniques i exclusives s\u00f3n les nostres viv\u00e8ncies amb elles. I alhora, ens s\u00f3n comuns. Som iguals i al mat\u00e9is temps diferents, \u00e9s l&#8217;equitat la que ens pot harmonitzar i recol\u00b7locar-nos.<br \/>En un m\u00f3n enva\u00eft pel soroll i habitat per multiplicitat de sons, des de l&#8217;aleteig d&#8217;una papallona a l&#8217;enfonsament d&#8217;un edifici, el silenci ens acompanya, encara que no siguem conscients d&#8217;aix\u00f2.<br \/>L&#8217;art, l&#8217;activitat creativa des de l&#8217;art, ens pot posar en contacte amb aquest m\u00f3n interior que ens connecta amb l&#8217;univers, i poder establir connexions, m\u00e9s enll\u00e0 de la quotidianitat del dia a dia. Ens permet poder explorar territoris des d&#8217;un altre lloc, des d&#8217;un espai segur que ens permet vivenciar suposats l\u00edmits, amb confian\u00e7a.<br \/>Des d&#8217;un cert lloc de confort i de joc que ens possibilita el proc\u00e9s creador, mitjan\u00e7ant l&#8217;atenci\u00f3 plena i la immersi\u00f3 en l&#8217;exploraci\u00f3 del que ens envolta i de nosaltres mateixes, tot des de la sensorialitat, podem prendre consci\u00e8ncia de la interacci\u00f3 que s&#8217;estableix entre ells en cada percepci\u00f3, en cada acci\u00f3 de la nostra vida di\u00e0ria.<br \/>2. Proposta<br \/>Al llarg del taller, intentarem acostar-nos a aquesta situaci\u00f3 de \u201cno sentir\u201d amb diverses propostes de joc i d&#8217;acci\u00f3 en les quals els altres sentits adquireixen un lloc preponderant. I comprovarem que la sensorialitat \u00e9s un tot en el cual els diversos sentits s\u00f3n vasos comunicants que se secunden i coajuden per a permetre&#8217;ns una percepci\u00f3 m\u00e9s poli\u00e8drica de la realitat.<br \/>3. Objectius<br \/>&#8211; Posar el focus en l&#8217;escolta, l&#8217;atenci\u00f3 plena, per a redescubrir el m\u00f3n que ens envolta.<br \/>&#8211; Escoltar-nos i escoltar el que ens envolta des del lloc de la sensorialitat, per afavorir la interrelaci\u00f3.<br \/>&#8211; Redescobrir, retrobar olors, sabors, textures, que ens porten a imatges, a hist\u00f2ries, que son part de la nostra cartografia personal.<br \/>&#8211; Prendre consci\u00e8ncia de la interconnexi\u00f3 a nivell sensible i de com les experi\u00e8ncies sensorials ens acompanyen des que venim al m\u00f3n. Som pell.<br \/>&#8211; Recon\u00e8ixer-nos en l&#8217;altre, els seus l\u00edmits s\u00f3n els nostres, el seu empoderament \u00e9s el nostre.<br \/>&#8211; Acceptar la diversitat i les difer\u00e8ncies com un pas a la conviv\u00e8ncia, des de l&#8217;empatia, posant-nos en el lloc de l&#8217;altre.<\/p>\n<p>Tot aix\u00f2, des de la viv\u00e8ncia experiencial, des del joc, la creativitat i el proc\u00e9s de creaci\u00f3. Des de l&#8217;art. L&#8217;art ens permet trobar un sentit a la vida, a la nostra vida.<\/p>\n<p>&nbsp;<\/p>\n<p>[\/et_pb_text][\/et_pb_column][\/et_pb_row][et_pb_row _builder_version=\u00bb4.10.7&#8243; _module_preset=\u00bbdefault\u00bb global_colors_info=\u00bb{}\u00bb][et_pb_column type=\u00bb4_4&#8243; _builder_version=\u00bb4.10.7&#8243; _module_preset=\u00bbdefault\u00bb global_colors_info=\u00bb{}\u00bb][et_pb_divider color=\u00bb#E02B20&#8243; divider_weight=\u00bb4px\u00bb _builder_version=\u00bb4.10.7&#8243; _module_preset=\u00bbdefault\u00bb global_colors_info=\u00bb{}\u00bb][\/et_pb_divider][\/et_pb_column][\/et_pb_row][\/et_pb_section]<\/p>\n","protected":false},"excerpt":{"rendered":"<p>Taller de sensorialitat des del silenci Som tot sentits \u201dHem conquistat la realitat i perdut el son. Ja ning\u00fa es tendeix sota un arbre a contemplar el cel a trav\u00e9s dels dits del peu\u201d.Robert MusilLa sensaci\u00f3 \u00e9s la percepci\u00f3 conscient d&#8217;un est\u00edmul f\u00edsic o qu\u00edmic mitjan\u00e7ants els sentits, segons la definici\u00f3 del diccionari. Les sensacions, [&hellip;]<\/p>\n","protected":false},"author":8,"featured_media":0,"parent":0,"menu_order":0,"comment_status":"closed","ping_status":"closed","template":"","meta":{"_et_pb_use_builder":"on","_et_pb_old_content":"","_et_gb_content_width":"","_mc_calendar":[],"footnotes":""},"wf_page_folders":[1001],"class_list":["post-248665","page","type-page","status-publish","hentry"],"_links":{"self":[{"href":"https:\/\/museros.org\/inici\/wp-json\/wp\/v2\/pages\/248665","targetHints":{"allow":["GET"]}}],"collection":[{"href":"https:\/\/museros.org\/inici\/wp-json\/wp\/v2\/pages"}],"about":[{"href":"https:\/\/museros.org\/inici\/wp-json\/wp\/v2\/types\/page"}],"author":[{"embeddable":true,"href":"https:\/\/museros.org\/inici\/wp-json\/wp\/v2\/users\/8"}],"replies":[{"embeddable":true,"href":"https:\/\/museros.org\/inici\/wp-json\/wp\/v2\/comments?post=248665"}],"version-history":[{"count":11,"href":"https:\/\/museros.org\/inici\/wp-json\/wp\/v2\/pages\/248665\/revisions"}],"predecessor-version":[{"id":249021,"href":"https:\/\/museros.org\/inici\/wp-json\/wp\/v2\/pages\/248665\/revisions\/249021"}],"wp:attachment":[{"href":"https:\/\/museros.org\/inici\/wp-json\/wp\/v2\/media?parent=248665"}],"wp:term":[{"taxonomy":"wf_page_folders","embeddable":true,"href":"https:\/\/museros.org\/inici\/wp-json\/wp\/v2\/wf_page_folders?post=248665"}],"curies":[{"name":"wp","href":"https:\/\/api.w.org\/{rel}","templated":true}]}}