{"id":248648,"date":"2021-09-16T22:03:08","date_gmt":"2021-09-16T22:03:08","guid":{"rendered":"https:\/\/museros.org\/?page_id=248648"},"modified":"2021-12-12T11:43:02","modified_gmt":"2021-12-12T11:43:02","slug":"somos-todo-sentidos","status":"publish","type":"page","link":"https:\/\/museros.org\/inici\/es\/somos-todo-sentidos\/","title":{"rendered":"Somos todo sentidos"},"content":{"rendered":"<p>[et_pb_section fb_built=\u00bb1&#8243; _builder_version=\u00bb4.10.7&#8243; _module_preset=\u00bbdefault\u00bb custom_margin=\u00bb0px||||false|false\u00bb custom_padding=\u00bb0px||||false|false\u00bb global_colors_info=\u00bb{}\u00bb][et_pb_row column_structure=\u00bb1_3,2_3&#8243; _builder_version=\u00bb4.10.7&#8243; _module_preset=\u00bbdefault\u00bb custom_margin=\u00bb0px||||false|false\u00bb custom_padding=\u00bb0px||||false|false\u00bb global_colors_info=\u00bb{}\u00bb][et_pb_column type=\u00bb1_3&#8243; _builder_version=\u00bb4.10.7&#8243; _module_preset=\u00bbdefault\u00bb global_colors_info=\u00bb{}\u00bb][et_pb_image src=\u00bbhttps:\/\/museros.org\/wp-content\/uploads\/2021\/09\/som-sentits-300&#215;480-1.jpg\u00bb title_text=\u00bbsom-sentits-300&#215;480&#8243; url=\u00bbhttps:\/\/museros.org\/inici\/es\/creant-desdel-silenci\u00bb use_overlay=\u00bbon\u00bb overlay_icon_color=\u00bb#E02B20&#8243; hover_overlay_color=\u00bbrgba(255,255,255,0.7)\u00bb hover_icon=\u00bb&#xe04d;||divi||400&#8243; align=\u00bbcenter\u00bb _builder_version=\u00bb4.14.2&#8243; _module_preset=\u00bbdefault\u00bb hover_enabled=\u00bb0&#8243; global_colors_info=\u00bb{}\u00bb sticky_enabled=\u00bb0&#8243;][\/et_pb_image][\/et_pb_column][et_pb_column type=\u00bb2_3&#8243; _builder_version=\u00bb4.10.7&#8243; _module_preset=\u00bbdefault\u00bb global_colors_info=\u00bb{}\u00bb][et_pb_text _builder_version=\u00bb4.11.1&#8243; _module_preset=\u00bbdefault\u00bb global_colors_info=\u00bb{}\u00bb]<\/p>\n<h4>Taller de sensorialidad desde el silencio<\/h4>\n<h2>Som tot sentits<\/h2>\n<p>\u201dHemos conquistado la realidad y perdido el sue\u00f1o. Ya nadie se tiende bajo un \u00e1rbol a contemplar el cielo a trav\u00e9s de los dedos del pie\u201d.<br \/>Robert Musil<br \/>La sensaci\u00f3n es la percepci\u00f3n consciente de un est\u00edmulo f\u00edsico o qu\u00edmico mediante los sentidos, seg\u00fan la definici\u00f3n del diccionario. Las sensaciones, de diferentes tipos (las exteroceptivas como las que nos llegan a trav\u00e9s de los sentidos, las interoceptivas mediante la piel, y las propioceptivas con el movimiento y el equilibrio) nos acompa\u00f1an desde el instante en el cual nos abrimos en la vida.<br \/>Cada nuevo d\u00eda es una explosi\u00f3n de sensaciones. As\u00ed lo ve una ni\u00f1a peque\u00f1a. Todo es nuevo bajo el sol, aunque no nos lo parezca.<br \/>Estas sensaciones nos pueden resultar agradables muchas veces, otras no, incluso nos pueden resultar indiferentes. Son las puertas, nuestras puertas en el mundo. Gracias a estas las personas somos \u00fanicas, porque \u00fanicas y exclusivas son nuestras vivencias con ellas. Y a la vez, nos son comunes. Somos iguales y al mismo tiempo diferentes, es la equidad la que nos puede armonizar y recolocarnos.<br \/>En un mundo invadido por el ruido y habitado por multiplicidad de sonidos, desde el aleteo de una mariposa al hundimiento de un edificio, el silencio nos acompa\u00f1a, aunque no seamos conscientes de esto.<br \/>El arte, la actividad creativa desde el arte, nos puede poner en contacto con este mundo interior que nos conecta con el universo, y poder establecer conexiones, m\u00e1s all\u00e1 de la cotidianidad del d\u00eda a d\u00eda. Nos permite poder explorar territorios desde otro lugar, desde un espacio seguro que nos permite vivenciar supuestos l\u00edmites, con confianza.<br \/>Desde cierto lugar de confort y de juego que nos posibilita el proceso creador, mediante la atenci\u00f3n llena y la inmersi\u00f3n en la exploraci\u00f3n del que nos rodea y de nosotros mismas, todo desde la sensorialidad, podemos tomar conciencia de la interacci\u00f3n que se establece entre ellos en cada percepci\u00f3n, en cada acci\u00f3n de nuestra vida diaria.<br \/>2. Propuesta<br \/>A lo largo del taller, intentaremos acercarnos a esta situaci\u00f3n de \u201cno sentir\u201d con varias propuestas de juego y de acci\u00f3n en las cuales los otros sentidos adquieren un lugar preponderante. Y comprobaremos que la sensorialidad es un todo en el cual los diversos sentidos son vasos comunicantes que se secundan y coayuden para permitirnos una percepci\u00f3n m\u00e1s poli\u00e9drica de la realidad.<br \/>3. Objetivos<br \/>&#8211; Poner el foco en la escucha, la atenci\u00f3n llena, para redescubrir el mundo que nos rodea.<br \/>&#8211; Escucharnos y escuchar el que nos rodea desde el lugar de la sensorialidad para favorecer la interrelaci\u00f3n.<br \/>&#8211; Redescubrir, reencontrar olores, sabores, texturas, que nos llevan a im\u00e1genes, a historias, que su parto de nuestra cartograf\u00eda personal.<br \/>&#8211; Tomar conciencia del interconexionado a nivel sensible y de como las experiencias sensoriales nos acompa\u00f1an desde que venimos al mundo. Somos piel.<br \/>&#8211; Reconocernos en el otro, sus l\u00edmites son los nuestros, su empoderamiento es el nuestro.<br \/>&#8211; Aceptar la diversidad y las diferencias como un paso a la convivencia, desde la empat\u00eda, poni\u00e9ndonos en el lugar del otro.<\/p>\n<p>Todo esto, desde la vivencia experiencial, desde el juego, la creatividad y el proceso de creaci\u00f3n. Desde el arte. El arte nos permite encontrar un sentido en la vida, en nuestra vida.<\/p>\n<p>[\/et_pb_text][\/et_pb_column][\/et_pb_row][et_pb_row _builder_version=\u00bb4.10.7&#8243; _module_preset=\u00bbdefault\u00bb global_colors_info=\u00bb{}\u00bb][et_pb_column type=\u00bb4_4&#8243; _builder_version=\u00bb4.10.7&#8243; _module_preset=\u00bbdefault\u00bb global_colors_info=\u00bb{}\u00bb][et_pb_divider color=\u00bb#E02B20&#8243; divider_weight=\u00bb4px\u00bb _builder_version=\u00bb4.10.7&#8243; _module_preset=\u00bbdefault\u00bb global_colors_info=\u00bb{}\u00bb][\/et_pb_divider][\/et_pb_column][\/et_pb_row][\/et_pb_section]<\/p>\n","protected":false},"excerpt":{"rendered":"<p>Taller de sensorialidad desde el silencio Som tot sentits \u201dHemos conquistado la realidad y perdido el sue\u00f1o. Ya nadie se tiende bajo un \u00e1rbol a contemplar el cielo a trav\u00e9s de los dedos del pie\u201d.Robert MusilLa sensaci\u00f3n es la percepci\u00f3n consciente de un est\u00edmulo f\u00edsico o qu\u00edmico mediante los sentidos, seg\u00fan la definici\u00f3n del diccionario. [&hellip;]<\/p>\n","protected":false},"author":8,"featured_media":0,"parent":0,"menu_order":0,"comment_status":"closed","ping_status":"closed","template":"","meta":{"_et_pb_use_builder":"on","_et_pb_old_content":"","_et_gb_content_width":"","_mc_calendar":[],"footnotes":""},"wf_page_folders":[1001],"class_list":["post-248648","page","type-page","status-publish","hentry"],"_links":{"self":[{"href":"https:\/\/museros.org\/inici\/wp-json\/wp\/v2\/pages\/248648","targetHints":{"allow":["GET"]}}],"collection":[{"href":"https:\/\/museros.org\/inici\/wp-json\/wp\/v2\/pages"}],"about":[{"href":"https:\/\/museros.org\/inici\/wp-json\/wp\/v2\/types\/page"}],"author":[{"embeddable":true,"href":"https:\/\/museros.org\/inici\/wp-json\/wp\/v2\/users\/8"}],"replies":[{"embeddable":true,"href":"https:\/\/museros.org\/inici\/wp-json\/wp\/v2\/comments?post=248648"}],"version-history":[{"count":14,"href":"https:\/\/museros.org\/inici\/wp-json\/wp\/v2\/pages\/248648\/revisions"}],"predecessor-version":[{"id":251167,"href":"https:\/\/museros.org\/inici\/wp-json\/wp\/v2\/pages\/248648\/revisions\/251167"}],"wp:attachment":[{"href":"https:\/\/museros.org\/inici\/wp-json\/wp\/v2\/media?parent=248648"}],"wp:term":[{"taxonomy":"wf_page_folders","embeddable":true,"href":"https:\/\/museros.org\/inici\/wp-json\/wp\/v2\/wf_page_folders?post=248648"}],"curies":[{"name":"wp","href":"https:\/\/api.w.org\/{rel}","templated":true}]}}