{"id":248625,"date":"2021-09-16T21:22:11","date_gmt":"2021-09-16T21:22:11","guid":{"rendered":"https:\/\/museros.org\/?page_id=248625"},"modified":"2022-06-21T12:07:58","modified_gmt":"2022-06-21T12:07:58","slug":"creant-des-del-silenci","status":"publish","type":"page","link":"https:\/\/museros.org\/inici\/creant-des-del-silenci\/","title":{"rendered":"Creant des del silenci"},"content":{"rendered":"<p>[et_pb_section fb_built=\u00bb1&#8243; _builder_version=\u00bb4.16&#8243; _module_preset=\u00bbdefault\u00bb custom_margin=\u00bb0px||||false|false\u00bb custom_padding=\u00bb0px||||false|false\u00bb locked=\u00bboff\u00bb global_colors_info=\u00bb{}\u00bb][et_pb_row column_structure=\u00bb1_4,3_4&#8243; _builder_version=\u00bb4.16&#8243; _module_preset=\u00bbdefault\u00bb custom_margin=\u00bb0px||||false|false\u00bb custom_padding=\u00bb0px||27px||false|false\u00bb global_colors_info=\u00bb{}\u00bb][et_pb_column type=\u00bb1_4&#8243; _builder_version=\u00bb4.16&#8243; _module_preset=\u00bbdefault\u00bb global_colors_info=\u00bb{}\u00bb][et_pb_image src=\u00bbhttps:\/\/museros.org\/wp-content\/uploads\/2021\/09\/logo-creantdesde-230&#215;230-1.jpg\u00bb title_text=\u00bblogo-creantdesde-230&#215;230&#8243; url=\u00bbhttps:\/\/museros.org\/ca\/creant-des-de\u00bb use_overlay=\u00bbon\u00bb overlay_icon_color=\u00bb#E02B20&#8243; hover_overlay_color=\u00bbrgba(255,255,255,0.71)\u00bb hover_icon=\u00bb&#xe04e;||divi||400&#8243; align=\u00bbcenter\u00bb _builder_version=\u00bb4.16&#8243; _module_preset=\u00bbdefault\u00bb width_tablet=\u00bb40%\u00bb width_phone=\u00bb60%\u00bb width_last_edited=\u00bbon|desktop\u00bb global_colors_info=\u00bb{}\u00bb][\/et_pb_image][\/et_pb_column][et_pb_column type=\u00bb3_4&#8243; _builder_version=\u00bb4.16&#8243; _module_preset=\u00bbdefault\u00bb global_colors_info=\u00bb{}\u00bb][et_pb_image src=\u00bbhttps:\/\/museros.org\/wp-content\/uploads\/2021\/09\/logo-creantdesdelsilenci-450.jpg\u00bb title_text=\u00bblogo-creantdesdelsilenci-450&#8243; _builder_version=\u00bb4.16&#8243; _module_preset=\u00bbdefault\u00bb width_tablet=\u00bb\u00bb width_phone=\u00bb\u00bb width_last_edited=\u00bbon|phone\u00bb locked=\u00bboff\u00bb global_colors_info=\u00bb{}\u00bb][\/et_pb_image][et_pb_text _builder_version=\u00bb4.16&#8243; _module_preset=\u00bbdefault\u00bb global_colors_info=\u00bb{}\u00bb]<\/p>\n<p>L&#8217;activitat central ser\u00e0 l&#8217;exposici\u00f3 que es portar\u00e0 a terme a la sala d&#8217;exposicions de la Casa de Cultura. El comissariat d&#8217;aquesta est\u00e0 a c\u00e0rrec de Salva Calabuig, d&#8217;OFITEC de la Exma Diputaci\u00f3 de Val\u00e8ncia.<br \/>La inauguraci\u00f3 d&#8217;aquesta ser\u00e0 l&#8217;1 d&#8217;octubre i la cloenda el 31 d&#8217;octubre.<br \/>Calendari d&#8217;activitats: al llarg del mes, i al voltant de l&#8217;exposici\u00f3, es realitzaran els esdeveniments seg\u00fcents:<br \/>1 d&#8217;octubre: inauguraci\u00f3 amb pres\u00e8ncia d&#8217;autoritats, parlaments, guia de l&#8217;exposici\u00f3, i mostra d&#8217;arts vives (m\u00fasica i arts esc\u00e8niques) a la sala d&#8217;exposicions.<br \/>8 d&#8217;octubre: gala de reconeixement a la Sala d&#8217;actes de la Casa de Cultura: presentaci\u00f3 del documental entorn de la figura d&#8217;Adri\u00e0, amb l&#8217;entrevista personal, parlament d&#8217;autoritats, i v\u00eddeo amb l&#8217;obra d&#8217;Adri\u00e0 i les seues fonts d&#8217;inspiraci\u00f3.<br \/>Des de la inauguraci\u00f3 de l&#8217;exposici\u00f3 fins a la cloenda, es realitzaran tallers als centres escolars de Museros, dirigits a cursos i cicles concrets I visites guiades d&#8217;aquests grups a l&#8217;exposici\u00f3. Grup d\u2019atenci\u00f3 especialitzada.<br \/>Les arts vives, amb la m\u00fasica i el cos com a ingredients reflectiran l&#8217;inspiraci\u00f3 de l&#8217;obra d&#8217;Adri\u00e0 a l&#8217;hora de crear.<\/p>\n<p>[\/et_pb_text][et_pb_divider color=\u00bb#999999&#8243; divider_style=\u00bbdotted\u00bb divider_weight=\u00bb7px\u00bb _builder_version=\u00bb4.16&#8243; _module_preset=\u00bbdefault\u00bb custom_margin=\u00bb50px||||false|false\u00bb global_colors_info=\u00bb{}\u00bb][\/et_pb_divider][\/et_pb_column][\/et_pb_row][et_pb_row column_structure=\u00bb1_3,1_3,1_3&#8243; _builder_version=\u00bb4.17.1&#8243; _module_preset=\u00bbdefault\u00bb global_colors_info=\u00bb{}\u00bb][et_pb_column type=\u00bb1_3&#8243; _builder_version=\u00bb4.17.1&#8243; _module_preset=\u00bbdefault\u00bb global_colors_info=\u00bb{}\u00bb][et_pb_image src=\u00bbhttps:\/\/museros.org\/wp-content\/uploads\/2022\/04\/documental-2021.jpg\u00bb title_text=\u00bbdocumental-2021&#8243; url=\u00bbhttps:\/\/www.youtube.com\/watch?v=8dG_q0Y0Ih0&#8243; url_new_window=\u00bbon\u00bb use_overlay=\u00bbon\u00bb overlay_icon_color=\u00bb#000000&#8243; hover_overlay_color=\u00bbrgba(255,255,255,0.69)\u00bb hover_icon=\u00bb&#xe04e;||divi||400&#8243; _builder_version=\u00bb4.17.1&#8243; _module_preset=\u00bbdefault\u00bb global_colors_info=\u00bb{}\u00bb][\/et_pb_image][\/et_pb_column][et_pb_column type=\u00bb1_3&#8243; _builder_version=\u00bb4.17.1&#8243; _module_preset=\u00bbdefault\u00bb global_colors_info=\u00bb{}\u00bb][et_pb_image src=\u00bbhttps:\/\/museros.org\/wp-content\/uploads\/2022\/04\/inauguracio-expo-2021-1.jpg\u00bb title_text=\u00bbinauguracio-expo-2021&#8243; url=\u00bbhttps:\/\/www.youtube.com\/watch?v=RwxHh46EWtQ\u00bb url_new_window=\u00bbon\u00bb use_overlay=\u00bbon\u00bb overlay_icon_color=\u00bb#000000&#8243; hover_overlay_color=\u00bbrgba(255,255,255,0.69)\u00bb hover_icon=\u00bb&#xe04e;||divi||400&#8243; _builder_version=\u00bb4.17.1&#8243; _module_preset=\u00bbdefault\u00bb global_colors_info=\u00bb{}\u00bb][\/et_pb_image][\/et_pb_column][et_pb_column type=\u00bb1_3&#8243; _builder_version=\u00bb4.17.1&#8243; _module_preset=\u00bbdefault\u00bb global_colors_info=\u00bb{}\u00bb][et_pb_image src=\u00bbhttps:\/\/museros.org\/wp-content\/uploads\/2022\/04\/galla-premi-cultural-2021.jpg\u00bb title_text=\u00bbgalla-premi-cultural-2021&#8243; url=\u00bbhttps:\/\/www.youtube.com\/watch?v=uvRpteWpvO4%20&#8243; url_new_window=\u00bbon\u00bb use_overlay=\u00bbon\u00bb overlay_icon_color=\u00bb#000000&#8243; hover_overlay_color=\u00bbrgba(255,255,255,0.69)\u00bb hover_icon=\u00bb&#xe04e;||divi||400&#8243; _builder_version=\u00bb4.17.1&#8243; _module_preset=\u00bbdefault\u00bb global_colors_info=\u00bb{}\u00bb][\/et_pb_image][\/et_pb_column][\/et_pb_row][et_pb_row column_structure=\u00bb1_4,3_4&#8243; _builder_version=\u00bb4.17.1&#8243; _module_preset=\u00bbdefault\u00bb custom_margin=\u00bb0px||||false|false\u00bb custom_padding=\u00bb0px||||false|false\u00bb global_colors_info=\u00bb{}\u00bb][et_pb_column type=\u00bb1_4&#8243; _builder_version=\u00bb4.17.1&#8243; _module_preset=\u00bbdefault\u00bb global_colors_info=\u00bb{}\u00bb][\/et_pb_column][et_pb_column type=\u00bb3_4&#8243; _builder_version=\u00bb4.17.1&#8243; _module_preset=\u00bbdefault\u00bb global_colors_info=\u00bb{}\u00bb][et_pb_divider color=\u00bb#999999&#8243; divider_style=\u00bbdotted\u00bb divider_weight=\u00bb7px\u00bb _builder_version=\u00bb4.16&#8243; _module_preset=\u00bbdefault\u00bb custom_margin=\u00bb50px||||false|false\u00bb global_colors_info=\u00bb{}\u00bb][\/et_pb_divider][\/et_pb_column][\/et_pb_row][et_pb_row column_structure=\u00bb1_4,3_4&#8243; module_id=\u00bbcalendari\u00bb _builder_version=\u00bb4.16&#8243; _module_preset=\u00bbdefault\u00bb custom_margin=\u00bb||||false|false\u00bb custom_padding=\u00bb||||false|false\u00bb global_colors_info=\u00bb{}\u00bb][et_pb_column type=\u00bb1_4&#8243; _builder_version=\u00bb4.16&#8243; _module_preset=\u00bbdefault\u00bb global_colors_info=\u00bb{}\u00bb][et_pb_text _builder_version=\u00bb4.16&#8243; _module_preset=\u00bbdefault\u00bb text_orientation=\u00bbcenter\u00bb global_colors_info=\u00bb{}\u00bb]<\/p>\n<h1>Calendari d&#8217;activitats<br \/>\ni horaris<\/h1>\n<p>[\/et_pb_text][\/et_pb_column][et_pb_column type=\u00bb3_4&#8243; _builder_version=\u00bb4.16&#8243; _module_preset=\u00bbdefault\u00bb global_colors_info=\u00bb{}\u00bb][et_pb_text _builder_version=\u00bb4.16&#8243; _module_preset=\u00bbdefault\u00bb global_colors_info=\u00bb{}\u00bb]<\/p>\n<h5>Exposici\u00f3:<\/h5>\n<p>Divendres, 1 d\u2019octubre, a les 19.00 h, inauguraci\u00f3 de l\u2019exposici\u00f3 \u201cCreant des del silenci\u201d.<br \/>\nDel 3 al 31 d\u2019octubre, de dimarts a diumenge, de 18.30 h a 20.30 h, visita del p\u00fablic en general.<br \/>\n<span style=\"color: #808080;\">Els dies 8, 9 i 12 d\u2019octubre i els dilluns, l\u2019exposici\u00f3 estar\u00e0 tancada.<\/span>[\/et_pb_text][\/et_pb_column][\/et_pb_row][et_pb_row column_structure=\u00bb1_4,3_4&#8243; _builder_version=\u00bb4.16&#8243; _module_preset=\u00bbdefault\u00bb custom_margin=\u00bb||||false|false\u00bb custom_padding=\u00bb||||false|false\u00bb global_colors_info=\u00bb{}\u00bb][et_pb_column type=\u00bb1_4&#8243; _builder_version=\u00bb4.16&#8243; _module_preset=\u00bbdefault\u00bb global_colors_info=\u00bb{}\u00bb][et_pb_image src=\u00bbhttps:\/\/museros.org\/wp-content\/uploads\/2021\/09\/calendari-230&#215;200-1.jpg\u00bb title_text=\u00bbcalendari-230&#215;200&#8243; align=\u00bbcenter\u00bb _builder_version=\u00bb4.16&#8243; _module_preset=\u00bbdefault\u00bb global_colors_info=\u00bb{}\u00bb][\/et_pb_image][\/et_pb_column][et_pb_column type=\u00bb3_4&#8243; _builder_version=\u00bb4.16&#8243; _module_preset=\u00bbdefault\u00bb global_colors_info=\u00bb{}\u00bb][et_pb_text _builder_version=\u00bb4.16&#8243; _module_preset=\u00bbdefault\u00bb global_colors_info=\u00bb{}\u00bb]<\/p>\n<h5>Activitats:<\/h5>\n<p><img loading=\"lazy\" decoding=\"async\" src=\"https:\/\/museros.org\/wp-content\/uploads\/2021\/09\/picto-visitas.jpg\" alt=\"\" class=\"wp-image-248621 alignnone size-full\" width=\"20\" height=\"20\" \/> De dimarts a divendres, de mat\u00ed, visites de l\u2019alumnat dels centres educatius de Museros.<br \/><img loading=\"lazy\" decoding=\"async\" src=\"https:\/\/museros.org\/wp-content\/uploads\/2021\/09\/picto-inaugura.jpg\" alt=\"\" class=\"wp-image-248619 alignnone size-full\" width=\"20\" height=\"20\" \/> Divendres, <span lang=\"CA\">8 d\u2019octubre, gala.<\/span><br \/><img loading=\"lazy\" decoding=\"async\" src=\"https:\/\/museros.org\/wp-content\/uploads\/2021\/09\/picto-som.jpg\" alt=\"\" class=\"wp-image-248620 alignnone size-full\" width=\"20\" height=\"20\" \/> Dies 14, 19 i 21, de 17.30 h a 20.30 h, Som tot sentits, taller sensorial impartit per professionals.<br \/><img loading=\"lazy\" decoding=\"async\" src=\"https:\/\/museros.org\/wp-content\/uploads\/2021\/09\/picto-conferencia.jpg\" alt=\"\" class=\"wp-image-248616 alignnone size-full\" width=\"20\" height=\"20\" \/> Divendres, 15 d\u2019octubre, a les 19.00 h, confer\u00e8ncia \u201cLes persones sordes i la cultura\u201d, impartit per Fesord.<br \/><img loading=\"lazy\" decoding=\"async\" src=\"https:\/\/museros.org\/wp-content\/uploads\/2021\/09\/picto-visitasguiadas.jpg\" alt=\"\" class=\"wp-image-248622 alignnone size-full\" width=\"20\" height=\"20\" \/> Dies 16, 24 i 30 d\u2019octubre, a les 18.30 h, visita guiada.<br \/><img loading=\"lazy\" decoding=\"async\" src=\"https:\/\/museros.org\/wp-content\/uploads\/2021\/09\/picto-arts.jpg\" alt=\"\" class=\"wp-image-248615 alignnone size-full\" width=\"20\" height=\"20\" \/> Dies 17, 23 i 31 d\u2019octubre, a les 12.00 h, visita amb actuaci\u00f3 d\u2019arts vives.<br \/><img loading=\"lazy\" decoding=\"async\" src=\"https:\/\/museros.org\/wp-content\/uploads\/2021\/09\/picto-restauracion.jpg\" alt=\"\" class=\"wp-image-248925 alignnone size-full\" width=\"20\" height=\"20\" \/>Del 4 al 22 d\u2019octubre, restauraci\u00f3 de les escultures exteriors de l\u2019artista que es troben en diferents localitzacions de Museros.<\/p>\n<p>Totes les activitats es realitzen a la Casa de Cultura i s\u00f3n gratu\u00eftes<br \/>Recollida d\u2019entrades per a l\u2019exposici\u00f3 i inscripcions a les activitats a la Casa de Cultura:<br \/>\u2022 Matins: de dilluns a dijous, de 10.00 h a 12.30 h<br \/>\u2022 Vesprades: de dilluns a divendres, de 17.30 h a 20.00 h.<br \/>Recollida d\u2019entades en l\u00ednia: <a href=\"https:\/\/agendamuseros.com\" target=\"_blank\" rel=\"noopener\">https:\/\/agendamuseros.com<\/a><\/p>\n<p>[\/et_pb_text][et_pb_divider color=\u00bb#999999&#8243; divider_style=\u00bbdotted\u00bb divider_weight=\u00bb7px\u00bb _builder_version=\u00bb4.16&#8243; _module_preset=\u00bbdefault\u00bb custom_margin=\u00bb50px||0px||false|false\u00bb custom_padding=\u00bb||0px||false|false\u00bb locked=\u00bboff\u00bb global_colors_info=\u00bb{}\u00bb][\/et_pb_divider][\/et_pb_column][\/et_pb_row][et_pb_row column_structure=\u00bb1_4,1_4,1_4,1_4&#8243; _builder_version=\u00bb4.16&#8243; _module_preset=\u00bbdefault\u00bb global_colors_info=\u00bb{}\u00bb][et_pb_column type=\u00bb1_4&#8243; _builder_version=\u00bb4.16&#8243; _module_preset=\u00bbdefault\u00bb global_colors_info=\u00bb{}\u00bb][\/et_pb_column][et_pb_column type=\u00bb1_4&#8243; _builder_version=\u00bb4.16&#8243; _module_preset=\u00bbdefault\u00bb global_colors_info=\u00bb{}\u00bb][et_pb_image src=\u00bbhttps:\/\/museros.org\/wp-content\/uploads\/2021\/09\/banderera-300&#215;480-1.jpg\u00bb title_text=\u00bbbanderera-300&#215;480&#8243; url=\u00bbhttps:\/\/museros.org\/ca\/exposicio-adria\/\u00bb use_overlay=\u00bbon\u00bb overlay_icon_color=\u00bb#E02B20&#8243; hover_overlay_color=\u00bbrgba(255,255,255,0.68)\u00bb hover_icon=\u00bb&#xe04e;||divi||400&#8243; _builder_version=\u00bb4.16&#8243; _module_preset=\u00bbdefault\u00bb global_colors_info=\u00bb{}\u00bb][\/et_pb_image][et_pb_button button_url=\u00bbhttps:\/\/museros.org\/ca\/exposicio-adria\/\u00bb button_text=\u00bbExposici\u00f3\u00bb _builder_version=\u00bb4.16&#8243; _module_preset=\u00bbdefault\u00bb global_colors_info=\u00bb{}\u00bb][\/et_pb_button][\/et_pb_column][et_pb_column type=\u00bb1_4&#8243; _builder_version=\u00bb4.16&#8243; _module_preset=\u00bbdefault\u00bb global_colors_info=\u00bb{}\u00bb][et_pb_image src=\u00bbhttps:\/\/museros.org\/wp-content\/uploads\/2021\/09\/som-sentits-300&#215;480-1.jpg\u00bb title_text=\u00bbsom-sentits-300&#215;480&#8243; url=\u00bbhttps:\/\/museros.org\/ca\/som-tot-sentits\u00bb use_overlay=\u00bbon\u00bb overlay_icon_color=\u00bb#E02B20&#8243; hover_overlay_color=\u00bbrgba(255,255,255,0.67)\u00bb hover_icon=\u00bb&#xe04e;||divi||400&#8243; align=\u00bbcenter\u00bb _builder_version=\u00bb4.16&#8243; _module_preset=\u00bbdefault\u00bb global_colors_info=\u00bb{}\u00bb][\/et_pb_image][et_pb_button button_url=\u00bbhttps:\/\/museros.org\/ca\/som-tot-sentits\u00bb button_text=\u00bbTaller Som tots sentits\u00bb _builder_version=\u00bb4.16&#8243; _module_preset=\u00bbdefault\u00bb global_colors_info=\u00bb{}\u00bb][\/et_pb_button][\/et_pb_column][et_pb_column type=\u00bb1_4&#8243; _builder_version=\u00bb4.16&#8243; _module_preset=\u00bbdefault\u00bb global_colors_info=\u00bb{}\u00bb][et_pb_image src=\u00bbhttps:\/\/museros.org\/wp-content\/uploads\/2021\/09\/artsvives300x480.jpg\u00bb title_text=\u00bbartsvives300x480&#8243; url=\u00bbhttps:\/\/museros.org\/ca\/pedra-a-pedra\u00bb use_overlay=\u00bbon\u00bb overlay_icon_color=\u00bb#E02B20&#8243; hover_overlay_color=\u00bbrgba(255,255,255,0.7)\u00bb hover_icon=\u00bb&#xe04e;||divi||400&#8243; align=\u00bbcenter\u00bb _builder_version=\u00bb4.16&#8243; _module_preset=\u00bbdefault\u00bb global_colors_info=\u00bb{}\u00bb][\/et_pb_image][et_pb_button button_url=\u00bbhttps:\/\/museros.org\/ca\/pedra-a-pedra\u00bb button_text=\u00bbTaller Arts vives\u00bb _builder_version=\u00bb4.16&#8243; _module_preset=\u00bbdefault\u00bb global_colors_info=\u00bb{}\u00bb][\/et_pb_button][\/et_pb_column][\/et_pb_row][et_pb_row _builder_version=\u00bb4.16&#8243; _module_preset=\u00bbdefault\u00bb global_colors_info=\u00bb{}\u00bb][et_pb_column type=\u00bb4_4&#8243; _builder_version=\u00bb4.16&#8243; _module_preset=\u00bbdefault\u00bb global_colors_info=\u00bb{}\u00bb][et_pb_divider color=\u00bb#E02B20&#8243; divider_weight=\u00bb4px\u00bb _builder_version=\u00bb4.16&#8243; _module_preset=\u00bbdefault\u00bb global_colors_info=\u00bb{}\u00bb][\/et_pb_divider][\/et_pb_column][\/et_pb_row][\/et_pb_section]<\/p>\n","protected":false},"excerpt":{"rendered":"<p>L&#8217;activitat central ser\u00e0 l&#8217;exposici\u00f3 que es portar\u00e0 a terme a la sala d&#8217;exposicions de la Casa de Cultura. El comissariat d&#8217;aquesta est\u00e0 a c\u00e0rrec de Salva Calabuig, d&#8217;OFITEC de la Exma Diputaci\u00f3 de Val\u00e8ncia.La inauguraci\u00f3 d&#8217;aquesta ser\u00e0 l&#8217;1 d&#8217;octubre i la cloenda el 31 d&#8217;octubre.Calendari d&#8217;activitats: al llarg del mes, i al voltant de l&#8217;exposici\u00f3, [&hellip;]<\/p>\n","protected":false},"author":8,"featured_media":0,"parent":0,"menu_order":0,"comment_status":"closed","ping_status":"closed","template":"","meta":{"_et_pb_use_builder":"on","_et_pb_old_content":"","_et_gb_content_width":"","_mc_calendar":[],"footnotes":""},"wf_page_folders":[1001],"class_list":["post-248625","page","type-page","status-publish","hentry"],"_links":{"self":[{"href":"https:\/\/museros.org\/inici\/wp-json\/wp\/v2\/pages\/248625","targetHints":{"allow":["GET"]}}],"collection":[{"href":"https:\/\/museros.org\/inici\/wp-json\/wp\/v2\/pages"}],"about":[{"href":"https:\/\/museros.org\/inici\/wp-json\/wp\/v2\/types\/page"}],"author":[{"embeddable":true,"href":"https:\/\/museros.org\/inici\/wp-json\/wp\/v2\/users\/8"}],"replies":[{"embeddable":true,"href":"https:\/\/museros.org\/inici\/wp-json\/wp\/v2\/comments?post=248625"}],"version-history":[{"count":57,"href":"https:\/\/museros.org\/inici\/wp-json\/wp\/v2\/pages\/248625\/revisions"}],"predecessor-version":[{"id":260413,"href":"https:\/\/museros.org\/inici\/wp-json\/wp\/v2\/pages\/248625\/revisions\/260413"}],"wp:attachment":[{"href":"https:\/\/museros.org\/inici\/wp-json\/wp\/v2\/media?parent=248625"}],"wp:term":[{"taxonomy":"wf_page_folders","embeddable":true,"href":"https:\/\/museros.org\/inici\/wp-json\/wp\/v2\/wf_page_folders?post=248625"}],"curies":[{"name":"wp","href":"https:\/\/api.w.org\/{rel}","templated":true}]}}