{"id":248596,"date":"2021-09-16T20:41:10","date_gmt":"2021-09-16T20:41:10","guid":{"rendered":"https:\/\/museros.org\/?page_id=248596"},"modified":"2025-07-09T06:43:23","modified_gmt":"2025-07-09T06:43:23","slug":"creant-desdel-silenci","status":"publish","type":"page","link":"https:\/\/museros.org\/inici\/es\/creant-desdel-silenci\/","title":{"rendered":"Creant desdel silenci"},"content":{"rendered":"<p>[et_pb_section fb_built=\u00bb1&#8243; _builder_version=\u00bb4.16&#8243; _module_preset=\u00bbdefault\u00bb custom_margin=\u00bb0px||||false|false\u00bb custom_padding=\u00bb0px||||false|false\u00bb global_colors_info=\u00bb{}\u00bb][et_pb_row column_structure=\u00bb1_4,3_4&#8243; _builder_version=\u00bb4.16&#8243; _module_preset=\u00bbdefault\u00bb custom_margin=\u00bb0px||||false|false\u00bb custom_padding=\u00bb0px||||false|false\u00bb locked=\u00bboff\u00bb global_colors_info=\u00bb{}\u00bb][et_pb_column type=\u00bb1_4&#8243; _builder_version=\u00bb4.16&#8243; _module_preset=\u00bbdefault\u00bb global_colors_info=\u00bb{}\u00bb][et_pb_image src=\u00bbhttps:\/\/museros.org\/wp-content\/uploads\/2021\/09\/logo-creantdesde-230&#215;230-1.jpg\u00bb title_text=\u00bblogo-creantdesde-230&#215;230&#8243; url=\u00bbhttps:\/\/museros.org\/inici\/es\/creando-desde\/\u00bb use_overlay=\u00bbon\u00bb overlay_icon_color=\u00bb#E02B20&#8243; hover_overlay_color=\u00bbrgba(255,255,255,0.71)\u00bb hover_icon=\u00bb&#xe04d;||divi||400&#8243; align=\u00bbcenter\u00bb _builder_version=\u00bb4.27.4&#8243; _module_preset=\u00bbdefault\u00bb width_tablet=\u00bb40%\u00bb width_phone=\u00bb60%\u00bb width_last_edited=\u00bbon|desktop\u00bb hover_enabled=\u00bb0&#8243; global_colors_info=\u00bb{}\u00bb sticky_enabled=\u00bb0&#8243;][\/et_pb_image][\/et_pb_column][et_pb_column type=\u00bb3_4&#8243; _builder_version=\u00bb4.16&#8243; _module_preset=\u00bbdefault\u00bb global_colors_info=\u00bb{}\u00bb][et_pb_image src=\u00bbhttps:\/\/museros.org\/wp-content\/uploads\/2021\/09\/logo-creantdesdelsilenci-450.jpg\u00bb title_text=\u00bblogo-creantdesdelsilenci-450&#8243; _builder_version=\u00bb4.16&#8243; _module_preset=\u00bbdefault\u00bb locked=\u00bboff\u00bb global_colors_info=\u00bb{}\u00bb][\/et_pb_image][et_pb_text _builder_version=\u00bb4.16&#8243; _module_preset=\u00bbdefault\u00bb global_colors_info=\u00bb{}\u00bb]<\/p>\n<p>La actividad central ser\u00e1 la exposici\u00f3n que se llevar\u00e1 a cabo en la sala de exposiciones de la Casa de Cultura. El comisariado de esta est\u00e1 a cargo de Salva Calabuig, de OFITEC de la Exma Diputaci\u00f3n de Val\u00e8ncia.<br \/>La inauguraci\u00f3n de esta ser\u00e1 el 1 de octubre y la conclusi\u00f3n el 31 de octubre.<br \/>Calendario de actividades: a lo largo del mes, y alrededor de la exposici\u00f3n, se realizar\u00e1n los acontecimientos siguientes:<br \/>1 de octubre: inauguraci\u00f3n con presencia de autoridades, parlamentos, gu\u00eda de la exposici\u00f3n, y muestra de artes vivas (m\u00fasica y artes esc\u00e9nicas) a la sala de exposiciones.<br \/>8 de octubre: gala de reconocimiento al Sal\u00f3n de actos de la Casa de Cultura: presentaci\u00f3n del documental en torno a la figura de Adri\u00e0, con la entrevista personal, parlamento de autoridades, y video con la obra de Adri\u00e0 y sus fuentes de inspiraci\u00f3n.<br \/>Desde la inauguraci\u00f3n de la exposici\u00f3n hasta la conclusi\u00f3n, se realizar\u00e1n talleres en los centros escolares de Museros dirigidos a cursos y ciclos concretos Y visitas guiadas de estos grupos a la exposici\u00f3n. Grupo de atenci\u00f3n especializada.<br \/>Las \u00abarts vives\u00bb, con la m\u00fasica y el cuerpo como ingredientes reflejar\u00e1n la inspiraci\u00f3n de la obra de Adri\u00e0 a la hora de crear.<\/p>\n<p>[\/et_pb_text][et_pb_divider color=\u00bb#999999&#8243; divider_style=\u00bbdotted\u00bb divider_weight=\u00bb7px\u00bb _builder_version=\u00bb4.17.1&#8243; _module_preset=\u00bbdefault\u00bb custom_margin=\u00bb50px||||false|false\u00bb global_colors_info=\u00bb{}\u00bb][\/et_pb_divider][\/et_pb_column][\/et_pb_row][et_pb_row column_structure=\u00bb1_3,1_3,1_3&#8243; _builder_version=\u00bb4.17.1&#8243; _module_preset=\u00bbdefault\u00bb locked=\u00bboff\u00bb global_colors_info=\u00bb{}\u00bb][et_pb_column type=\u00bb1_3&#8243; _builder_version=\u00bb4.17.1&#8243; _module_preset=\u00bbdefault\u00bb global_colors_info=\u00bb{}\u00bb][et_pb_image src=\u00bbhttps:\/\/museros.org\/wp-content\/uploads\/2022\/04\/documental-2021.jpg\u00bb title_text=\u00bbdocumental-2021&#8243; url=\u00bbhttps:\/\/www.youtube.com\/watch?v=8dG_q0Y0Ih0&#8243; url_new_window=\u00bbon\u00bb use_overlay=\u00bbon\u00bb overlay_icon_color=\u00bb#000000&#8243; hover_overlay_color=\u00bbrgba(255,255,255,0.69)\u00bb hover_icon=\u00bb&#xe04e;||divi||400&#8243; _builder_version=\u00bb4.17.1&#8243; _module_preset=\u00bbdefault\u00bb global_colors_info=\u00bb{}\u00bb][\/et_pb_image][\/et_pb_column][et_pb_column type=\u00bb1_3&#8243; _builder_version=\u00bb4.17.1&#8243; _module_preset=\u00bbdefault\u00bb global_colors_info=\u00bb{}\u00bb][et_pb_image src=\u00bbhttps:\/\/museros.org\/wp-content\/uploads\/2022\/04\/inauguracion-expo-2021.jpg\u00bb title_text=\u00bbinauguracion-expo-2021&#8243; url=\u00bbhttps:\/\/www.youtube.com\/watch?v=RwxHh46EWtQ\u00bb url_new_window=\u00bbon\u00bb use_overlay=\u00bbon\u00bb overlay_icon_color=\u00bb#000000&#8243; hover_overlay_color=\u00bbrgba(255,255,255,0.69)\u00bb hover_icon=\u00bb&#xe04e;||divi||400&#8243; _builder_version=\u00bb4.17.1&#8243; _module_preset=\u00bbdefault\u00bb global_colors_info=\u00bb{}\u00bb][\/et_pb_image][\/et_pb_column][et_pb_column type=\u00bb1_3&#8243; _builder_version=\u00bb4.17.1&#8243; _module_preset=\u00bbdefault\u00bb global_colors_info=\u00bb{}\u00bb][et_pb_image src=\u00bbhttps:\/\/museros.org\/wp-content\/uploads\/2022\/04\/gala-premio-cultural-2021.jpg\u00bb title_text=\u00bbgala-premio-cultural-2021&#8243; url=\u00bbhttps:\/\/www.youtube.com\/watch?v=uvRpteWpvO4%20&#8243; url_new_window=\u00bbon\u00bb use_overlay=\u00bbon\u00bb overlay_icon_color=\u00bb#000000&#8243; hover_overlay_color=\u00bbrgba(255,255,255,0.69)\u00bb hover_icon=\u00bb&#xe04e;||divi||400&#8243; _builder_version=\u00bb4.17.1&#8243; _module_preset=\u00bbdefault\u00bb global_colors_info=\u00bb{}\u00bb][\/et_pb_image][\/et_pb_column][\/et_pb_row][et_pb_row column_structure=\u00bb1_4,3_4&#8243; _builder_version=\u00bb4.17.1&#8243; _module_preset=\u00bbdefault\u00bb custom_margin=\u00bb0px||||false|false\u00bb custom_padding=\u00bb0px||||false|false\u00bb global_colors_info=\u00bb{}\u00bb][et_pb_column type=\u00bb1_4&#8243; _builder_version=\u00bb4.17.1&#8243; _module_preset=\u00bbdefault\u00bb global_colors_info=\u00bb{}\u00bb][\/et_pb_column][et_pb_column type=\u00bb3_4&#8243; _builder_version=\u00bb4.17.1&#8243; _module_preset=\u00bbdefault\u00bb global_colors_info=\u00bb{}\u00bb][et_pb_divider color=\u00bb#999999&#8243; divider_style=\u00bbdotted\u00bb divider_weight=\u00bb7px\u00bb _builder_version=\u00bb4.17.1&#8243; _module_preset=\u00bbdefault\u00bb custom_margin=\u00bb50px||||false|false\u00bb global_colors_info=\u00bb{}\u00bb][\/et_pb_divider][\/et_pb_column][\/et_pb_row][et_pb_row column_structure=\u00bb1_4,3_4&#8243; _builder_version=\u00bb4.16&#8243; _module_preset=\u00bbdefault\u00bb custom_padding=\u00bb||||false|false\u00bb locked=\u00bboff\u00bb global_colors_info=\u00bb{}\u00bb][et_pb_column type=\u00bb1_4&#8243; _builder_version=\u00bb4.16&#8243; _module_preset=\u00bbdefault\u00bb global_colors_info=\u00bb{}\u00bb][et_pb_text _builder_version=\u00bb4.16&#8243; _module_preset=\u00bbdefault\u00bb text_orientation=\u00bbcenter\u00bb global_colors_info=\u00bb{}\u00bb]<\/p>\n<h1>Calendario de actividades y horarios<\/h1>\n<p>[\/et_pb_text][\/et_pb_column][et_pb_column type=\u00bb3_4&#8243; _builder_version=\u00bb4.16&#8243; _module_preset=\u00bbdefault\u00bb global_colors_info=\u00bb{}\u00bb][et_pb_text _builder_version=\u00bb4.16&#8243; _module_preset=\u00bbdefault\u00bb global_colors_info=\u00bb{}\u00bb]<\/p>\n<h5>Exposici\u00f3n:<\/h5>\n<p>Viernes, 1 de octubre, a las 19.00 h, inauguraci\u00f3n de la exposici\u00f3n \u201cCreant des del silenci\u201d.<br \/>Del 3 al 31 de octubre, de martes a domingo, de 18.30 h a 20.30 h, visita del p\u00fablico en general.<br \/><span style=\"color: #808080;\">Los d\u00edas 8, 9 y 12 de octubre y los lunes, la exposici\u00f3n estar\u00e1 cerrada.<\/span><\/p>\n<p>[\/et_pb_text][\/et_pb_column][\/et_pb_row][et_pb_row column_structure=\u00bb1_4,3_4&#8243; _builder_version=\u00bb4.16&#8243; _module_preset=\u00bbdefault\u00bb custom_padding=\u00bb||||false|false\u00bb locked=\u00bboff\u00bb global_colors_info=\u00bb{}\u00bb][et_pb_column type=\u00bb1_4&#8243; _builder_version=\u00bb4.16&#8243; _module_preset=\u00bbdefault\u00bb global_colors_info=\u00bb{}\u00bb][et_pb_image src=\u00bbhttps:\/\/museros.org\/wp-content\/uploads\/2021\/09\/calendario-230&#215;200-1.jpg\u00bb title_text=\u00bbcalendario-230&#215;200&#8243; align=\u00bbcenter\u00bb _builder_version=\u00bb4.16&#8243; _module_preset=\u00bbdefault\u00bb global_colors_info=\u00bb{}\u00bb][\/et_pb_image][\/et_pb_column][et_pb_column type=\u00bb3_4&#8243; _builder_version=\u00bb4.16&#8243; _module_preset=\u00bbdefault\u00bb global_colors_info=\u00bb{}\u00bb][et_pb_text _builder_version=\u00bb4.16&#8243; _module_preset=\u00bbdefault\u00bb custom_padding=\u00bb2px|||||\u00bb global_colors_info=\u00bb{}\u00bb]<\/p>\n<h5>Actividades:<\/h5>\n<p><img loading=\"lazy\" decoding=\"async\" src=\"https:\/\/museros.org\/wp-content\/uploads\/2021\/09\/picto-visitas.jpg\" alt=\"\" class=\"wp-image-248621 alignnone size-full\" width=\"20\" height=\"20\" \/> De lunes a viernes, por la ma\u00f1ana, visitas del alumnado de los centros educativos de Museros.<br \/><img loading=\"lazy\" decoding=\"async\" src=\"https:\/\/museros.org\/wp-content\/uploads\/2021\/09\/picto-inaugura.jpg\" alt=\"\" class=\"wp-image-248619 alignnone size-full\" width=\"20\" height=\"20\" \/> Viernes 8 de octubre, gala.<br \/><img loading=\"lazy\" decoding=\"async\" src=\"https:\/\/museros.org\/wp-content\/uploads\/2021\/09\/picto-som.jpg\" alt=\"\" class=\"wp-image-248620 alignnone size-full\" width=\"20\" height=\"20\" \/>Mi\u00e9rcoles 14, 19 y 21, de 17.30 h a 20.30 h, \u201cSom tot sentits\u201d, taller sensorial impartido por profesionales.<br \/><img loading=\"lazy\" decoding=\"async\" src=\"https:\/\/museros.org\/wp-content\/uploads\/2021\/09\/picto-conferencia.jpg\" alt=\"\" class=\"wp-image-248616 alignnone size-full\" width=\"20\" height=\"20\" \/> Viernes, 15 de octubre, a las 19.00 h, conferencia \u201cLas personas sordas y la cultura\u201d, impartido por Fesord.<br \/><img loading=\"lazy\" decoding=\"async\" src=\"https:\/\/museros.org\/wp-content\/uploads\/2021\/09\/picto-visitasguiadas.jpg\" alt=\"\" class=\"wp-image-248622 alignnone size-full\" width=\"20\" height=\"20\" \/> D\u00edas 16, 24 y 30 de octubre, a las 18.30 h, visita guiada.<br \/><img loading=\"lazy\" decoding=\"async\" src=\"https:\/\/museros.org\/wp-content\/uploads\/2021\/09\/picto-arts.jpg\" alt=\"\" class=\"wp-image-248615 alignnone size-full\" width=\"20\" height=\"20\" \/> D\u00edas 17, 23 y 31 de octubre, a las 12.00 h, visita con actuaci\u00f3n de \u201carts vives\u201d.<br \/><img loading=\"lazy\" decoding=\"async\" src=\"https:\/\/museros.org\/wp-content\/uploads\/2021\/09\/picto-restauracion.jpg\" alt=\"\" class=\"wp-image-248925 alignnone size-full\" width=\"20\" height=\"20\" \/> Del 4 al 22 de octubre, restauraci\u00f3n de las esculturas exteriores del artista que se encuentran en diferentes localizaciones de Museros.<\/p>\n<p>Todas las actividades se realizan en la Casa de Cultura y son gratu\u00eftas.<br \/>Recogida de entradas para la exposici\u00f3n e inscripciones a las actividades en la Casa de Cultura:<br \/>\u2022 Ma\u00f1anas: de lunes a jueves, de 10.00 h a 12.30 h.<br \/>\u2022 Tardes: de lunes a viernes, de 17.30 h a 20.00 h.<br \/>Recogida de entadas on-line: <a href=\"https:\/\/agendamuseros.com\" target=\"_blank\" rel=\"noopener\">https:\/\/agendamuseros.com<\/a><\/p>\n<p>[\/et_pb_text][et_pb_divider color=\u00bb#999999&#8243; divider_style=\u00bbdotted\u00bb divider_weight=\u00bb7px\u00bb _builder_version=\u00bb4.16&#8243; _module_preset=\u00bbdefault\u00bb custom_margin=\u00bb50px||0px||false|false\u00bb custom_padding=\u00bb||0px||false|false\u00bb global_colors_info=\u00bb{}\u00bb][\/et_pb_divider][\/et_pb_column][\/et_pb_row][et_pb_row column_structure=\u00bb1_4,1_4,1_4,1_4&#8243; _builder_version=\u00bb4.16&#8243; _module_preset=\u00bbdefault\u00bb global_colors_info=\u00bb{}\u00bb][et_pb_column type=\u00bb1_4&#8243; _builder_version=\u00bb4.16&#8243; _module_preset=\u00bbdefault\u00bb global_colors_info=\u00bb{}\u00bb][\/et_pb_column][et_pb_column type=\u00bb1_4&#8243; _builder_version=\u00bb4.16&#8243; _module_preset=\u00bbdefault\u00bb global_colors_info=\u00bb{}\u00bb][et_pb_image src=\u00bbhttps:\/\/museros.org\/wp-content\/uploads\/2021\/09\/banderera-300&#215;480-1.jpg\u00bb title_text=\u00bbbanderera-300&#215;480&#8243; url=\u00bbhttps:\/\/museros.org\/inici\/es\/exposicion-adria\/\u00bb use_overlay=\u00bbon\u00bb overlay_icon_color=\u00bb#E02B20&#8243; hover_overlay_color=\u00bbrgba(255,255,255,0.66)\u00bb hover_icon=\u00bb&#xe04e;||divi||400&#8243; _builder_version=\u00bb4.16&#8243; _module_preset=\u00bbdefault\u00bb global_colors_info=\u00bb{}\u00bb][\/et_pb_image][et_pb_button button_url=\u00bbhttps:\/\/museros.org\/exposicion-adria\/\u00bb button_text=\u00bbExposici\u00f3n\u00bb _builder_version=\u00bb4.16&#8243; _module_preset=\u00bbdefault\u00bb global_colors_info=\u00bb{}\u00bb][\/et_pb_button][\/et_pb_column][et_pb_column type=\u00bb1_4&#8243; _builder_version=\u00bb4.16&#8243; _module_preset=\u00bbdefault\u00bb global_colors_info=\u00bb{}\u00bb][et_pb_image src=\u00bbhttps:\/\/museros.org\/wp-content\/uploads\/2021\/09\/som-sentits-300&#215;480-1.jpg\u00bb title_text=\u00bbsom-sentits-300&#215;480&#8243; url=\u00bbhttps:\/\/museros.org\/inici\/es\/somos-todo-sentidos\u00bb use_overlay=\u00bbon\u00bb overlay_icon_color=\u00bb#E02B20&#8243; hover_overlay_color=\u00bbrgba(255,255,255,0.66)\u00bb hover_icon=\u00bb&#xe04e;||divi||400&#8243; align=\u00bbcenter\u00bb _builder_version=\u00bb4.16&#8243; _module_preset=\u00bbdefault\u00bb global_colors_info=\u00bb{}\u00bb][\/et_pb_image][et_pb_button button_url=\u00bbhttps:\/\/museros.org\/somos-todo-sentidos\u00bb button_text=\u00bbTaller Som tot sentits\u00bb _builder_version=\u00bb4.16&#8243; _module_preset=\u00bbdefault\u00bb global_colors_info=\u00bb{}\u00bb][\/et_pb_button][\/et_pb_column][et_pb_column type=\u00bb1_4&#8243; _builder_version=\u00bb4.16&#8243; _module_preset=\u00bbdefault\u00bb global_colors_info=\u00bb{}\u00bb][et_pb_image src=\u00bbhttps:\/\/museros.org\/wp-content\/uploads\/2021\/09\/artsvives300x480.jpg\u00bb title_text=\u00bbartsvives300x480&#8243; url=\u00bbhttps:\/\/museros.org\/inici\/es\/piedra-a-piedra\u00bb use_overlay=\u00bbon\u00bb overlay_icon_color=\u00bb#E02B20&#8243; hover_overlay_color=\u00bb#FFFFFF\u00bb hover_icon=\u00bb&#xe04e;||divi||400&#8243; align=\u00bbcenter\u00bb _builder_version=\u00bb4.16&#8243; _module_preset=\u00bbdefault\u00bb global_colors_info=\u00bb{}\u00bb][\/et_pb_image][et_pb_button button_url=\u00bbhttps:\/\/museros.org\/piedra-a-piedra\u00bb button_text=\u00bbTaller Arts vives\u00bb _builder_version=\u00bb4.16&#8243; _module_preset=\u00bbdefault\u00bb global_colors_info=\u00bb{}\u00bb][\/et_pb_button][\/et_pb_column][\/et_pb_row][et_pb_row _builder_version=\u00bb4.16&#8243; _module_preset=\u00bbdefault\u00bb global_colors_info=\u00bb{}\u00bb][et_pb_column type=\u00bb4_4&#8243; _builder_version=\u00bb4.16&#8243; _module_preset=\u00bbdefault\u00bb global_colors_info=\u00bb{}\u00bb][et_pb_divider color=\u00bb#E02B20&#8243; divider_weight=\u00bb4px\u00bb _builder_version=\u00bb4.16&#8243; _module_preset=\u00bbdefault\u00bb global_colors_info=\u00bb{}\u00bb][\/et_pb_divider][\/et_pb_column][\/et_pb_row][\/et_pb_section]<\/p>\n","protected":false},"excerpt":{"rendered":"<p>La actividad central ser\u00e1 la exposici\u00f3n que se llevar\u00e1 a cabo en la sala de exposiciones de la Casa de Cultura. El comisariado de esta est\u00e1 a cargo de Salva Calabuig, de OFITEC de la Exma Diputaci\u00f3n de Val\u00e8ncia.La inauguraci\u00f3n de esta ser\u00e1 el 1 de octubre y la conclusi\u00f3n el 31 de octubre.Calendario de [&hellip;]<\/p>\n","protected":false},"author":8,"featured_media":0,"parent":0,"menu_order":0,"comment_status":"closed","ping_status":"closed","template":"","meta":{"_et_pb_use_builder":"on","_et_pb_old_content":"","_et_gb_content_width":"","_mc_calendar":[],"footnotes":""},"wf_page_folders":[1001],"class_list":["post-248596","page","type-page","status-publish","hentry"],"_links":{"self":[{"href":"https:\/\/museros.org\/inici\/wp-json\/wp\/v2\/pages\/248596","targetHints":{"allow":["GET"]}}],"collection":[{"href":"https:\/\/museros.org\/inici\/wp-json\/wp\/v2\/pages"}],"about":[{"href":"https:\/\/museros.org\/inici\/wp-json\/wp\/v2\/types\/page"}],"author":[{"embeddable":true,"href":"https:\/\/museros.org\/inici\/wp-json\/wp\/v2\/users\/8"}],"replies":[{"embeddable":true,"href":"https:\/\/museros.org\/inici\/wp-json\/wp\/v2\/comments?post=248596"}],"version-history":[{"count":55,"href":"https:\/\/museros.org\/inici\/wp-json\/wp\/v2\/pages\/248596\/revisions"}],"predecessor-version":[{"id":276105,"href":"https:\/\/museros.org\/inici\/wp-json\/wp\/v2\/pages\/248596\/revisions\/276105"}],"wp:attachment":[{"href":"https:\/\/museros.org\/inici\/wp-json\/wp\/v2\/media?parent=248596"}],"wp:term":[{"taxonomy":"wf_page_folders","embeddable":true,"href":"https:\/\/museros.org\/inici\/wp-json\/wp\/v2\/wf_page_folders?post=248596"}],"curies":[{"name":"wp","href":"https:\/\/api.w.org\/{rel}","templated":true}]}}