{"id":248064,"date":"2021-09-01T09:56:00","date_gmt":"2021-09-01T09:56:00","guid":{"rendered":"https:\/\/museros.org\/?page_id=248064"},"modified":"2025-01-16T11:14:42","modified_gmt":"2025-01-16T11:14:42","slug":"area-dinfraestructures","status":"publish","type":"page","link":"https:\/\/museros.org\/inici\/area-dinfraestructures\/","title":{"rendered":"\u00c0rea d&#8217;Infraestructures"},"content":{"rendered":"<p>[et_pb_section fb_built=\u00bb1&#8243; _builder_version=\u00bb4.16&#8243; _module_preset=\u00bbdefault\u00bb custom_margin=\u00bb0px||||false|false\u00bb custom_padding=\u00bb0px||||false|false\u00bb locked=\u00bboff\u00bb global_colors_info=\u00bb{}\u00bb][et_pb_row column_structure=\u00bb1_4,3_4&#8243; _builder_version=\u00bb4.16&#8243; _module_preset=\u00bbdefault\u00bb custom_margin=\u00bb0px||||false|false\u00bb custom_padding=\u00bb0px||||false|false\u00bb global_colors_info=\u00bb{}\u00bb][et_pb_column type=\u00bb1_4&#8243; _builder_version=\u00bb4.16&#8243; _module_preset=\u00bbdefault\u00bb global_colors_info=\u00bb{}\u00bb][et_pb_image src=\u00bbhttps:\/\/museros.org\/wp-content\/uploads\/2021\/08\/logo-estructures-cl-230&#215;180-1.jpg\u00bb title_text=\u00bblogo-estructures-cl-230&#215;180&#8243; url=\u00bbhttps:\/\/museros.org\/regidories\u00bb use_overlay=\u00bbon\u00bb overlay_icon_color=\u00bb#E02B20&#8243; hover_overlay_color=\u00bbrgba(255,255,255,0.71)\u00bb hover_icon=\u00bb&#xe04d;||divi||400&#8243; _builder_version=\u00bb4.16&#8243; _module_preset=\u00bbdefault\u00bb global_colors_info=\u00bb{}\u00bb][\/et_pb_image][\/et_pb_column][et_pb_column type=\u00bb3_4&#8243; _builder_version=\u00bb4.16&#8243; _module_preset=\u00bbdefault\u00bb global_colors_info=\u00bb{}\u00bb][et_pb_text _builder_version=\u00bb4.17.1&#8243; _module_preset=\u00bbdefault\u00bb global_colors_info=\u00bb{}\u00bb]<\/p>\n<h1>\u00c0rea d&#8217;Infraestructures<\/h1>\n<p>L&#8217;\u00c0rea d&#8217;Infraestructures t\u00e9 entre els seus objectius la conservaci\u00f3 i manteniment de totes les depend\u00e8ncies municipals, la neteja d&#8217;aquestes, la senyalitzaci\u00f3 provisional, tant per a actes festius com situacions d&#8217;emerg\u00e8ncia o provisionals, i les infraestructures per a actes culturals, esportius i festius, tot aix\u00f2 a trav\u00e9s de les brigades municipals.<\/p>\n<p>[\/et_pb_text][et_pb_image src=\u00bbhttps:\/\/museros.org\/wp-content\/uploads\/2025\/01\/obres1080x300.jpg\u00bb _builder_version=\u00bb4.27.4&#8243; _module_preset=\u00bbdefault\u00bb title_text=\u00bbobres1080x300&#8243; url=\u00bbhttps:\/\/museros.org\/inici\/obres-de-la-placa\/\u00bb hover_enabled=\u00bb0&#8243; sticky_enabled=\u00bb0&#8243;][\/et_pb_image][\/et_pb_column][\/et_pb_row][et_pb_row _builder_version=\u00bb4.16&#8243; _module_preset=\u00bbdefault\u00bb global_colors_info=\u00bb{}\u00bb][et_pb_column type=\u00bb4_4&#8243; _builder_version=\u00bb4.16&#8243; _module_preset=\u00bbdefault\u00bb global_colors_info=\u00bb{}\u00bb][et_pb_divider color=\u00bb#E02B20&#8243; divider_weight=\u00bb4px\u00bb _builder_version=\u00bb4.16&#8243; _module_preset=\u00bbdefault\u00bb global_colors_info=\u00bb{}\u00bb][\/et_pb_divider][\/et_pb_column][\/et_pb_row][\/et_pb_section]<\/p>\n","protected":false},"excerpt":{"rendered":"<p>\u00c0rea d&#8217;Infraestructures L&#8217;\u00c0rea d&#8217;Infraestructures t\u00e9 entre els seus objectius la conservaci\u00f3 i manteniment de totes les depend\u00e8ncies municipals, la neteja d&#8217;aquestes, la senyalitzaci\u00f3 provisional, tant per a actes festius com situacions d&#8217;emerg\u00e8ncia o provisionals, i les infraestructures per a actes culturals, esportius i festius, tot aix\u00f2 a trav\u00e9s de les brigades municipals.<\/p>\n","protected":false},"author":8,"featured_media":0,"parent":0,"menu_order":0,"comment_status":"closed","ping_status":"closed","template":"","meta":{"_et_pb_use_builder":"on","_et_pb_old_content":"","_et_gb_content_width":"","_mc_calendar":[],"footnotes":""},"wf_page_folders":[286],"class_list":["post-248064","page","type-page","status-publish","hentry"],"_links":{"self":[{"href":"https:\/\/museros.org\/inici\/wp-json\/wp\/v2\/pages\/248064","targetHints":{"allow":["GET"]}}],"collection":[{"href":"https:\/\/museros.org\/inici\/wp-json\/wp\/v2\/pages"}],"about":[{"href":"https:\/\/museros.org\/inici\/wp-json\/wp\/v2\/types\/page"}],"author":[{"embeddable":true,"href":"https:\/\/museros.org\/inici\/wp-json\/wp\/v2\/users\/8"}],"replies":[{"embeddable":true,"href":"https:\/\/museros.org\/inici\/wp-json\/wp\/v2\/comments?post=248064"}],"version-history":[{"count":8,"href":"https:\/\/museros.org\/inici\/wp-json\/wp\/v2\/pages\/248064\/revisions"}],"predecessor-version":[{"id":272687,"href":"https:\/\/museros.org\/inici\/wp-json\/wp\/v2\/pages\/248064\/revisions\/272687"}],"wp:attachment":[{"href":"https:\/\/museros.org\/inici\/wp-json\/wp\/v2\/media?parent=248064"}],"wp:term":[{"taxonomy":"wf_page_folders","embeddable":true,"href":"https:\/\/museros.org\/inici\/wp-json\/wp\/v2\/wf_page_folders?post=248064"}],"curies":[{"name":"wp","href":"https:\/\/api.w.org\/{rel}","templated":true}]}}