{"id":248022,"date":"2021-09-01T08:51:11","date_gmt":"2021-09-01T08:51:11","guid":{"rendered":"https:\/\/museros.org\/?page_id=248022"},"modified":"2022-02-27T20:18:20","modified_gmt":"2022-02-27T20:18:20","slug":"area-dinfancia","status":"publish","type":"page","link":"https:\/\/museros.org\/inici\/area-dinfancia\/","title":{"rendered":"\u00c0rea d&#8217;Inf\u00e0ncia"},"content":{"rendered":"\n[et_pb_section fb_built=\u00bb1&#8243; _builder_version=\u00bb4.10.4&#8243; _module_preset=\u00bbdefault\u00bb custom_margin=\u00bb0px||||false|false\u00bb custom_padding=\u00bb0px||||false|false\u00bb locked=\u00bboff\u00bb global_colors_info=\u00bb{}\u00bb][et_pb_row column_structure=\u00bb1_4,3_4&#8243; _builder_version=\u00bb4.10.4&#8243; _module_preset=\u00bbdefault\u00bb custom_margin=\u00bb0px||||false|false\u00bb custom_padding=\u00bb0px||||false|false\u00bb global_colors_info=\u00bb{}\u00bb][et_pb_column type=\u00bb1_4&#8243; _builder_version=\u00bb4.10.4&#8243; _module_preset=\u00bbdefault\u00bb global_colors_info=\u00bb{}\u00bb][et_pb_image src=\u00bbhttps:\/\/museros.org\/wp-content\/uploads\/2021\/08\/logo-infancia-vl-cl-230&#215;180-1.jpg\u00bb title_text=\u00bblogo-infancia-vl-cl-230&#215;180&#8243; url=\u00bbhttps:\/\/museros.org\/regidories\u00bb use_overlay=\u00bbon\u00bb overlay_icon_color=\u00bb#E02B20&#8243; hover_overlay_color=\u00bbrgba(255,255,255,0.69)\u00bb hover_icon=\u00bb&#xe04d;||divi||400&#8243; _builder_version=\u00bb4.13.0&#8243; _module_preset=\u00bbdefault\u00bb global_colors_info=\u00bb{}\u00bb][\/et_pb_image][\/et_pb_column][et_pb_column type=\u00bb3_4&#8243; _builder_version=\u00bb4.10.4&#8243; _module_preset=\u00bbdefault\u00bb global_colors_info=\u00bb{}\u00bb][et_pb_text _builder_version=\u00bb4.14.8&#8243; _module_preset=\u00bbdefault\u00bb hover_enabled=\u00bb0&#8243; global_colors_info=\u00bb{}\u00bb sticky_enabled=\u00bb0&#8243;]<h1>\u00c0rea d&#8217;Inf\u00e0ncia<\/h1>\n<p>Aquesta \u00c0rea t\u00e9 com a objectiu coordinar, impulsar i promoure pol\u00edtiques d&#8217;inf\u00e0ncia, sensibilitzar i informar la ciutadania sobre els drets i necessitats de xiquets i xiquetes.<br \/>Un espai en el qual les xiquetes i els xiquets s\u00f3n escoltats, expressen les seues opinions i idees i traslladen les seues propostes i demandes sobre aquelles q\u00fcestions i iniciatives que els afecten directament.<\/p>[\/et_pb_text][\/et_pb_column][\/et_pb_row][et_pb_row _builder_version=\u00bb4.10.4&#8243; _module_preset=\u00bbdefault\u00bb global_colors_info=\u00bb{}\u00bb][et_pb_column type=\u00bb4_4&#8243; _builder_version=\u00bb4.10.4&#8243; _module_preset=\u00bbdefault\u00bb global_colors_info=\u00bb{}\u00bb][et_pb_divider color=\u00bb#E02B20&#8243; divider_weight=\u00bb4px\u00bb _builder_version=\u00bb4.10.4&#8243; _module_preset=\u00bbdefault\u00bb global_colors_info=\u00bb{}\u00bb][\/et_pb_divider][\/et_pb_column][\/et_pb_row][\/et_pb_section]\n","protected":false},"excerpt":{"rendered":"<p>\u00c0rea d&#8217;Inf\u00e0ncia Aquesta \u00c0rea t\u00e9 com a objectiu coordinar, impulsar i promoure pol\u00edtiques d&#8217;inf\u00e0ncia, sensibilitzar i informar la ciutadania sobre els drets i necessitats de xiquets i xiquetes.Un espai en el qual les xiquetes i els xiquets s\u00f3n escoltats, expressen les seues opinions i idees i traslladen les seues propostes i demandes sobre aquelles q\u00fcestions [&hellip;]<\/p>\n","protected":false},"author":8,"featured_media":0,"parent":0,"menu_order":0,"comment_status":"closed","ping_status":"closed","template":"","meta":{"_et_pb_use_builder":"on","_et_pb_old_content":"","_et_gb_content_width":"","_mc_calendar":[],"footnotes":""},"wf_page_folders":[289],"class_list":["post-248022","page","type-page","status-publish","hentry"],"_links":{"self":[{"href":"https:\/\/museros.org\/inici\/wp-json\/wp\/v2\/pages\/248022","targetHints":{"allow":["GET"]}}],"collection":[{"href":"https:\/\/museros.org\/inici\/wp-json\/wp\/v2\/pages"}],"about":[{"href":"https:\/\/museros.org\/inici\/wp-json\/wp\/v2\/types\/page"}],"author":[{"embeddable":true,"href":"https:\/\/museros.org\/inici\/wp-json\/wp\/v2\/users\/8"}],"replies":[{"embeddable":true,"href":"https:\/\/museros.org\/inici\/wp-json\/wp\/v2\/comments?post=248022"}],"version-history":[{"count":7,"href":"https:\/\/museros.org\/inici\/wp-json\/wp\/v2\/pages\/248022\/revisions"}],"predecessor-version":[{"id":253704,"href":"https:\/\/museros.org\/inici\/wp-json\/wp\/v2\/pages\/248022\/revisions\/253704"}],"wp:attachment":[{"href":"https:\/\/museros.org\/inici\/wp-json\/wp\/v2\/media?parent=248022"}],"wp:term":[{"taxonomy":"wf_page_folders","embeddable":true,"href":"https:\/\/museros.org\/inici\/wp-json\/wp\/v2\/wf_page_folders?post=248022"}],"curies":[{"name":"wp","href":"https:\/\/api.w.org\/{rel}","templated":true}]}}