{"id":247057,"date":"2021-08-24T17:55:50","date_gmt":"2021-08-24T17:55:50","guid":{"rendered":"https:\/\/museros.org\/?page_id=247057"},"modified":"2025-04-07T19:35:26","modified_gmt":"2025-04-07T19:35:26","slug":"area-de-joventut","status":"publish","type":"page","link":"https:\/\/museros.org\/inici\/area-de-joventut\/","title":{"rendered":"\u00c0rea de Joventut"},"content":{"rendered":"<p>[et_pb_section fb_built=\u00bb1&#8243; _builder_version=\u00bb4.16&#8243; _module_preset=\u00bbdefault\u00bb custom_padding=\u00bb0px||||false|false\u00bb locked=\u00bboff\u00bb global_colors_info=\u00bb{}\u00bb][et_pb_row column_structure=\u00bb1_4,3_4&#8243; _builder_version=\u00bb4.16&#8243; _module_preset=\u00bbdefault\u00bb custom_padding=\u00bb0px||||false|false\u00bb global_colors_info=\u00bb{}\u00bb][et_pb_column type=\u00bb1_4&#8243; _builder_version=\u00bb4.16&#8243; _module_preset=\u00bbdefault\u00bb global_colors_info=\u00bb{}\u00bb][et_pb_image src=\u00bbhttps:\/\/museros.org\/wp-content\/uploads\/2021\/08\/logo-joventut-cl-230&#215;180-1.jpg\u00bb title_text=\u00bblogo-joventut-cl-230&#215;180&#8243; url=\u00bbhttps:\/\/museros.org\/ca\/regidories\/\u00bb use_overlay=\u00bbon\u00bb overlay_icon_color=\u00bb#E02B20&#8243; hover_overlay_color=\u00bbrgba(255,255,255,0.71)\u00bb hover_icon=\u00bb&#xe04d;||divi||400&#8243; show_bottom_space=\u00bboff\u00bb align=\u00bbcenter\u00bb _builder_version=\u00bb4.17.1&#8243; _module_preset=\u00bbdefault\u00bb locked=\u00bboff\u00bb global_colors_info=\u00bb{}\u00bb][\/et_pb_image][\/et_pb_column][et_pb_column type=\u00bb3_4&#8243; _builder_version=\u00bb4.16&#8243; _module_preset=\u00bbdefault\u00bb global_colors_info=\u00bb{}\u00bb][et_pb_text _builder_version=\u00bb4.17.1&#8243; _module_preset=\u00bbdefault\u00bb custom_padding=\u00bb2px|||||\u00bb global_colors_info=\u00bb{}\u00bb]<\/p>\n<h1>\u00c0rea de Joventut<\/h1>\n<p>L&#8217;\u00c0rea de Joventut de Museros posa a disposici\u00f3 de l&#8217;Espai Jove, un lloc on es podr\u00e0 informar de tot all\u00f2 que siga del vostre inter\u00e9s: oci, formaci\u00f3, beques, concursos, salut, temps lliure, convocat\u00f2ries obertes&#8230; Acosta&#8217;t i descobreix el que pot oferir-te aquest servei.<\/p>\n<p>Des de l\u2019\u00c0rea, ens marquem com a objectius, entre altres, els seg\u00fcents:<\/p>\n<ul>\n<li>Fomentar la participaci\u00f3 dels joves i de les joves en tots els \u00e0mbits socials, en impulsar l&#8217;associacionisme juvenil com a element concret de participaci\u00f3, i en facilitar per a aix\u00f2 els canals, mitjans i recursos adequats.<\/li>\n<li>Desenvolupar alternatives a l&#8217;oci i al temps lliure de la joventut, que servisquen com a element de prevenci\u00f3 de riscos.<\/li>\n<li>Promocionar i impulsar la creaci\u00f3 art\u00edstica, cultural i educativa dels joves i de les joves mitjan\u00e7ant activitats de difusi\u00f3 i promoci\u00f3.<\/li>\n<li>Dinamitzar l&#8217;espai educatiu i afavorir la formaci\u00f3 integral de la joventut, en promoure activitats complement\u00e0ries a les actuacions acad\u00e8miques.<\/li>\n<li>Informar i presentar recursos a les persones joves sobre temes o assumptes d&#8217;inter\u00e9s, i assessorar-los sobre q\u00fcestions de car\u00e0cter laboral, habitatge, etc.<\/li>\n<li>Promoure actuacions que afavorisquen l&#8217;acostament de la joventut al municipi i a uns altres municipis del voltant de Museros.<\/li>\n<li>Oferir alternatives de temps lliure als joves i a les joves, en proporcionar-los l&#8217;oportunitat de relacionar-se amb uns altres joves i motivar-los a adoptar una actitud participativa.<\/li>\n<li>Promocionar processos de formaci\u00f3 no formal i informal que contribu\u00efsquen al desenvolupament integral dels joves i de les joves.<\/li>\n<li>Facilitar subvencions econ\u00f2miques i assist\u00e8ncia t\u00e8cnica per al desenvolupament de diverses activitats proposades des de les associacions juvenils.<\/li>\n<\/ul>\n<p>La t\u00e8cnica de joventut treballa di\u00e0riament en atendre els joves i les joves i, en general, tot el que te a veure amb ells i amb elles.<\/p>\n<p>Estudia demandes, interessos i necessitats, i informa, coordina i dinamitza el col\u00b7lectiu jove, amb pr\u00e0ctiques d\u2019avaluaci\u00f3 que contribueixen en el desenvolupament de pol\u00edtiques i programes en coordinaci\u00f3 amb unes altres entitats.<\/p>\n<p>Participa activament en les reunions i altres activitats de connexi\u00f3 amb el personal t\u00e8cnic de joventut de l&#8217;\u00e0rea geogr\u00e0fica per a la creaci\u00f3 de xarxes o per al funcionament de les existents i amb el d&#8217;altres \u00e0rees en el disseny, en la implementaci\u00f3 i en l\u2019avaluaci\u00f3 de plans de joventut, en la realitzaci\u00f3 i difusi\u00f3 de campanyes informatives i educatives, i en la programaci\u00f3 d&#8217;activitats d&#8217;oci educatiu.<\/p>\n<p>A m\u00e9s, facilita informaci\u00f3 i assessorament sobre les activitats, els recursos, els serveis, els programes i les convocat\u00f2ries que siguen d&#8217;inter\u00e9s per a les persones joves i per a les persones que treballen amb joves al municipi.<\/p>\n<p>En general, ofereix informaci\u00f3, assessorament i suport per a fomentar una participaci\u00f3 de les persones joves en tots els \u00e0mbits, especialment en la creaci\u00f3 d&#8217;associacions juvenils, realitzaci\u00f3 d&#8217;activitats de voluntariat, f\u00f2rums joves o qualsevol altre tipus de participaci\u00f3 activa.<\/p>\n<p>[\/et_pb_text][et_pb_text _builder_version=\u00bb4.16&#8243; _module_preset=\u00bbdefault\u00bb global_colors_info=\u00bb{}\u00bb]<\/p>\n<p><a href=\"https:\/\/museros.org\/wp-content\/uploads\/2021\/07\/Protocol-de-prevencio-enfront-del-COVID.pdf\" target=\"_blank\" rel=\"noopener\">Protocol de prevenci\u00f3 COVID<\/a><\/p>\n<p><a href=\"https:\/\/www.youtube.com\/watch?v=sg_TeKLvxrU\" target=\"_blank\" rel=\"noopener\">Carnet Jove<\/a><\/p>\n<p><a href=\"https:\/\/www.youtube.com\/watch?v=NLRHs9dQc-Q\" target=\"_blank\" rel=\"noopener\">Carnet Jove &#8211; Llengua de signes<\/a><\/p>\n<p>[\/et_pb_text][\/et_pb_column][\/et_pb_row][et_pb_row column_structure=\u00bb1_5,1_5,1_5,1_5,1_5&#8243; use_custom_gutter=\u00bbon\u00bb gutter_width=\u00bb1&#8243; _builder_version=\u00bb4.19.0&#8243; _module_preset=\u00bbdefault\u00bb custom_margin=\u00bb0px||0px||false|false\u00bb custom_padding=\u00bb0px||0px||false|false\u00bb global_colors_info=\u00bb{}\u00bb][et_pb_column type=\u00bb1_5&#8243; _builder_version=\u00bb4.16&#8243; _module_preset=\u00bbdefault\u00bb global_colors_info=\u00bb{}\u00bb][\/et_pb_column][et_pb_column type=\u00bb1_5&#8243; _builder_version=\u00bb4.16&#8243; _module_preset=\u00bbdefault\u00bb global_colors_info=\u00bb{}\u00bb][\/et_pb_column][et_pb_column type=\u00bb1_5&#8243; _builder_version=\u00bb4.16&#8243; _module_preset=\u00bbdefault\u00bb global_colors_info=\u00bb{}\u00bb][et_pb_image src=\u00bbhttps:\/\/museros.org\/wp-content\/uploads\/2024\/06\/plajove-230&#215;180-1.jpg\u00bb title_text=\u00bbplajove-230&#215;180&#8243; url=\u00bbhttps:\/\/museros.org\/inici\/pla-jove\/\u00bb use_overlay=\u00bbon\u00bb overlay_icon_color=\u00bb#E02B20&#8243; hover_overlay_color=\u00bbrgba(255,255,255,0.7)\u00bb hover_icon=\u00bb&#xe04e;||divi||400&#8243; show_bottom_space=\u00bboff\u00bb align=\u00bbcenter\u00bb _builder_version=\u00bb4.27.4&#8243; _module_preset=\u00bbdefault\u00bb width=\u00bb100%\u00bb custom_margin=\u00bb-20px||||false|false\u00bb locked=\u00bboff\u00bb global_colors_info=\u00bb{}\u00bb][\/et_pb_image][\/et_pb_column][et_pb_column type=\u00bb1_5&#8243; _builder_version=\u00bb4.17.0&#8243; _module_preset=\u00bbdefault\u00bb global_colors_info=\u00bb{}\u00bb][et_pb_image src=\u00bbhttps:\/\/museros.org\/wp-content\/uploads\/2022\/04\/logo-forum-joves-400&#215;260-1.jpg\u00bb title_text=\u00bblogo-forum-joves-400&#215;260&#8243; url=\u00bbhttps:\/\/museros.org\/inici\/forums-joves\/\u00bb use_overlay=\u00bbon\u00bb overlay_icon_color=\u00bb#E02B20&#8243; hover_overlay_color=\u00bbrgba(255,255,255,0.7)\u00bb hover_icon=\u00bb&#xe04e;||divi||400&#8243; show_bottom_space=\u00bboff\u00bb align=\u00bbcenter\u00bb _builder_version=\u00bb4.17.0&#8243; _module_preset=\u00bbdefault\u00bb width=\u00bb70%\u00bb locked=\u00bboff\u00bb global_colors_info=\u00bb{}\u00bb][\/et_pb_image][\/et_pb_column][et_pb_column type=\u00bb1_5&#8243; _builder_version=\u00bb4.17.0&#8243; _module_preset=\u00bbdefault\u00bb global_colors_info=\u00bb{}\u00bb][et_pb_image src=\u00bbhttps:\/\/museros.org\/wp-content\/uploads\/2021\/07\/espaijove-230&#215;180-1.jpg\u00bb title_text=\u00bbespaijove-230&#215;180&#8243; url=\u00bbhttps:\/\/museros.org\/ca\/espai-jove\u00bb use_overlay=\u00bbon\u00bb overlay_icon_color=\u00bb#E02B20&#8243; hover_overlay_color=\u00bbrgba(255,255,255,0.69)\u00bb hover_icon=\u00bb&#xe04e;||divi||400&#8243; _builder_version=\u00bb4.16&#8243; _module_preset=\u00bbdefault\u00bb global_colors_info=\u00bb{}\u00bb][\/et_pb_image][\/et_pb_column][\/et_pb_row][et_pb_row column_structure=\u00bb1_4,3_4&#8243; _builder_version=\u00bb4.16&#8243; _module_preset=\u00bbdefault\u00bb custom_margin=\u00bb||30px||false|false\u00bb custom_padding=\u00bb||0px||false|false\u00bb global_colors_info=\u00bb{}\u00bb][et_pb_column type=\u00bb1_4&#8243; _builder_version=\u00bb4.16&#8243; _module_preset=\u00bbdefault\u00bb global_colors_info=\u00bb{}\u00bb][\/et_pb_column][et_pb_column type=\u00bb3_4&#8243; _builder_version=\u00bb4.16&#8243; _module_preset=\u00bbdefault\u00bb global_colors_info=\u00bb{}\u00bb][et_pb_divider color=\u00bb#999999&#8243; divider_style=\u00bbdotted\u00bb divider_weight=\u00bb7px\u00bb _builder_version=\u00bb4.16&#8243; _module_preset=\u00bbdefault\u00bb global_colors_info=\u00bb{}\u00bb][\/et_pb_divider][et_pb_button button_url=\u00bbhttps:\/\/museros.org\/wp-content\/uploads\/2022\/06\/FORMULARIO-SOLICITUD-CARNET-JOVE.pdf\u00bb url_new_window=\u00bbon\u00bb button_text=\u00bbSol\u00b7licitud CARNET JOVE \u00bb _builder_version=\u00bb4.19.3&#8243; _module_preset=\u00bbdefault\u00bb custom_margin=\u00bb20px||40px||false|false\u00bb global_colors_info=\u00bb{}\u00bb][\/et_pb_button][\/et_pb_column][\/et_pb_row][et_pb_row _builder_version=\u00bb4.16&#8243; _module_preset=\u00bbdefault\u00bb custom_margin=\u00bb0px||||false|false\u00bb custom_padding=\u00bb0px||||false|false\u00bb global_colors_info=\u00bb{}\u00bb][et_pb_column type=\u00bb4_4&#8243; _builder_version=\u00bb4.16&#8243; _module_preset=\u00bbdefault\u00bb global_colors_info=\u00bb{}\u00bb][et_pb_divider color=\u00bb#E02B20&#8243; divider_weight=\u00bb4px\u00bb _builder_version=\u00bb4.16&#8243; _module_preset=\u00bbdefault\u00bb custom_margin=\u00bb40px||||false|false\u00bb global_colors_info=\u00bb{}\u00bb][\/et_pb_divider][\/et_pb_column][\/et_pb_row][\/et_pb_section]<\/p>\n","protected":false},"excerpt":{"rendered":"<p>\u00c0rea de Joventut L&#8217;\u00c0rea de Joventut de Museros posa a disposici\u00f3 de l&#8217;Espai Jove, un lloc on es podr\u00e0 informar de tot all\u00f2 que siga del vostre inter\u00e9s: oci, formaci\u00f3, beques, concursos, salut, temps lliure, convocat\u00f2ries obertes&#8230; Acosta&#8217;t i descobreix el que pot oferir-te aquest servei. Des de l\u2019\u00c0rea, ens marquem com a objectius, entre [&hellip;]<\/p>\n","protected":false},"author":8,"featured_media":0,"parent":0,"menu_order":0,"comment_status":"closed","ping_status":"closed","template":"","meta":{"_et_pb_use_builder":"on","_et_pb_old_content":"","_et_gb_content_width":"","_mc_calendar":[],"footnotes":""},"wf_page_folders":[292],"class_list":["post-247057","page","type-page","status-publish","hentry"],"_links":{"self":[{"href":"https:\/\/museros.org\/inici\/wp-json\/wp\/v2\/pages\/247057","targetHints":{"allow":["GET"]}}],"collection":[{"href":"https:\/\/museros.org\/inici\/wp-json\/wp\/v2\/pages"}],"about":[{"href":"https:\/\/museros.org\/inici\/wp-json\/wp\/v2\/types\/page"}],"author":[{"embeddable":true,"href":"https:\/\/museros.org\/inici\/wp-json\/wp\/v2\/users\/8"}],"replies":[{"embeddable":true,"href":"https:\/\/museros.org\/inici\/wp-json\/wp\/v2\/comments?post=247057"}],"version-history":[{"count":42,"href":"https:\/\/museros.org\/inici\/wp-json\/wp\/v2\/pages\/247057\/revisions"}],"predecessor-version":[{"id":273485,"href":"https:\/\/museros.org\/inici\/wp-json\/wp\/v2\/pages\/247057\/revisions\/273485"}],"wp:attachment":[{"href":"https:\/\/museros.org\/inici\/wp-json\/wp\/v2\/media?parent=247057"}],"wp:term":[{"taxonomy":"wf_page_folders","embeddable":true,"href":"https:\/\/museros.org\/inici\/wp-json\/wp\/v2\/wf_page_folders?post=247057"}],"curies":[{"name":"wp","href":"https:\/\/api.w.org\/{rel}","templated":true}]}}