{"id":246982,"date":"2021-08-24T10:35:13","date_gmt":"2021-08-24T10:35:13","guid":{"rendered":"https:\/\/museros.org\/?page_id=246982"},"modified":"2022-04-16T17:14:13","modified_gmt":"2022-04-16T17:14:13","slug":"area-de-tecnologies","status":"publish","type":"page","link":"https:\/\/museros.org\/inici\/area-de-tecnologies\/","title":{"rendered":"\u00c0rea de Tecnologies"},"content":{"rendered":"<p>[et_pb_section fb_built=\u00bb1&#8243; _builder_version=\u00bb4.16&#8243; _module_preset=\u00bbdefault\u00bb custom_padding=\u00bb0px||||false|false\u00bb locked=\u00bboff\u00bb global_colors_info=\u00bb{}\u00bb][et_pb_row column_structure=\u00bb1_4,3_4&#8243; _builder_version=\u00bb4.16&#8243; _module_preset=\u00bbdefault\u00bb custom_padding=\u00bb0px||||false|false\u00bb global_colors_info=\u00bb{}\u00bb][et_pb_column type=\u00bb1_4&#8243; _builder_version=\u00bb4.16&#8243; _module_preset=\u00bbdefault\u00bb global_colors_info=\u00bb{}\u00bb][et_pb_image src=\u00bbhttps:\/\/museros.org\/wp-content\/uploads\/2021\/08\/logo-tecnologies-cl-230&#215;180-1.jpg\u00bb title_text=\u00bblogo-tecnologies-cl-230&#215;180&#8243; url=\u00bbhttps:\/\/museros.org\/ca\/regidories\u00bb use_overlay=\u00bbon\u00bb overlay_icon_color=\u00bb#E02B20&#8243; hover_overlay_color=\u00bbrgba(255,255,255,0.71)\u00bb hover_icon=\u00bb&#xe04d;||divi||400&#8243; align=\u00bbcenter\u00bb _builder_version=\u00bb4.16&#8243; _module_preset=\u00bbdefault\u00bb width=\u00bb100%\u00bb width_tablet=\u00bb\u00bb width_phone=\u00bb\u00bb width_last_edited=\u00bbon|phone\u00bb max_width_tablet=\u00bb\u00bb max_width_phone=\u00bb\u00bb max_width_last_edited=\u00bbon|desktop\u00bb global_colors_info=\u00bb{}\u00bb][\/et_pb_image][\/et_pb_column][et_pb_column type=\u00bb3_4&#8243; _builder_version=\u00bb4.16&#8243; _module_preset=\u00bbdefault\u00bb global_colors_info=\u00bb{}\u00bb][et_pb_text _builder_version=\u00bb4.16&#8243; _module_preset=\u00bbdefault\u00bb global_colors_info=\u00bb{}\u00bb]<\/p>\n<h1>TIC<\/h1>\n<p>La regidoria Tecnologies de la Informaci\u00f3 i la Comunicaci\u00f3 (TIC) naix amb la necessitat de l&#8217;administraci\u00f3 electr\u00f2nica i t\u00e9 com a principal objectiu establir les diferents l\u00ednies estrat\u00e8giques d&#8217;actuaci\u00f3 que conduiran a una major efici\u00e8ncia en la gesti\u00f3 administrativa i al desenvolupament de la societat de la informaci\u00f3, d&#8217;aquesta manera es pret\u00e9n generar una administraci\u00f3 electr\u00f2nica m\u00e9s \u00fatil i pr\u00f2xima al ciutad\u00e0, dissenyar, desenvolupar i impulsar el desplegament de les Tecnologies de la Informaci\u00f3 i la Comunicaci\u00f3.<\/p>\n<p>Per a aix\u00f2 es treballa a generalitzar l&#8217;\u00fas de solucions reals i rendibilitzar les infraestructures de comunicacions, aix\u00ed com la implantaci\u00f3 de noves tecnologies en la gesti\u00f3 municipal, dotant tant al ciutad\u00e0 com als empleats municipals de les eines inform\u00e0tiques necess\u00e0ries.<\/p>\n<p>&nbsp;<\/p>\n<p>[\/et_pb_text][\/et_pb_column][\/et_pb_row][et_pb_row _builder_version=\u00bb4.16&#8243; _module_preset=\u00bbdefault\u00bb global_colors_info=\u00bb{}\u00bb][et_pb_column type=\u00bb4_4&#8243; _builder_version=\u00bb4.16&#8243; _module_preset=\u00bbdefault\u00bb global_colors_info=\u00bb{}\u00bb][et_pb_divider color=\u00bb#E02B20&#8243; divider_weight=\u00bb4px\u00bb _builder_version=\u00bb4.16&#8243; _module_preset=\u00bbdefault\u00bb global_colors_info=\u00bb{}\u00bb][\/et_pb_divider][\/et_pb_column][\/et_pb_row][\/et_pb_section]<\/p>\n","protected":false},"excerpt":{"rendered":"<p>TIC La regidoria Tecnologies de la Informaci\u00f3 i la Comunicaci\u00f3 (TIC) naix amb la necessitat de l&#8217;administraci\u00f3 electr\u00f2nica i t\u00e9 com a principal objectiu establir les diferents l\u00ednies estrat\u00e8giques d&#8217;actuaci\u00f3 que conduiran a una major efici\u00e8ncia en la gesti\u00f3 administrativa i al desenvolupament de la societat de la informaci\u00f3, d&#8217;aquesta manera es pret\u00e9n generar una [&hellip;]<\/p>\n","protected":false},"author":8,"featured_media":0,"parent":0,"menu_order":0,"comment_status":"closed","ping_status":"closed","template":"","meta":{"_et_pb_use_builder":"on","_et_pb_old_content":"","_et_gb_content_width":"","_mc_calendar":[],"footnotes":""},"wf_page_folders":[287],"class_list":["post-246982","page","type-page","status-publish","hentry"],"_links":{"self":[{"href":"https:\/\/museros.org\/inici\/wp-json\/wp\/v2\/pages\/246982","targetHints":{"allow":["GET"]}}],"collection":[{"href":"https:\/\/museros.org\/inici\/wp-json\/wp\/v2\/pages"}],"about":[{"href":"https:\/\/museros.org\/inici\/wp-json\/wp\/v2\/types\/page"}],"author":[{"embeddable":true,"href":"https:\/\/museros.org\/inici\/wp-json\/wp\/v2\/users\/8"}],"replies":[{"embeddable":true,"href":"https:\/\/museros.org\/inici\/wp-json\/wp\/v2\/comments?post=246982"}],"version-history":[{"count":8,"href":"https:\/\/museros.org\/inici\/wp-json\/wp\/v2\/pages\/246982\/revisions"}],"predecessor-version":[{"id":258132,"href":"https:\/\/museros.org\/inici\/wp-json\/wp\/v2\/pages\/246982\/revisions\/258132"}],"wp:attachment":[{"href":"https:\/\/museros.org\/inici\/wp-json\/wp\/v2\/media?parent=246982"}],"wp:term":[{"taxonomy":"wf_page_folders","embeddable":true,"href":"https:\/\/museros.org\/inici\/wp-json\/wp\/v2\/wf_page_folders?post=246982"}],"curies":[{"name":"wp","href":"https:\/\/api.w.org\/{rel}","templated":true}]}}