{"id":246895,"date":"2021-08-23T14:19:02","date_gmt":"2021-08-23T14:19:02","guid":{"rendered":"https:\/\/museros.org\/?page_id=246895"},"modified":"2021-08-25T19:51:01","modified_gmt":"2021-08-25T19:51:01","slug":"joan-trochut-2","status":"publish","type":"page","link":"https:\/\/museros.org\/inici\/joan-trochut-2\/","title":{"rendered":"Joan Trochut"},"content":{"rendered":"<p>[et_pb_section fb_built=\u00bb1&#8243; _builder_version=\u00bb4.10.4&#8243; hover_enabled=\u00bb0&#8243; locked=\u00bboff\u00bb global_colors_info=\u00bb{}\u00bb custom_padding=\u00bb0px||||false|false\u00bb sticky_enabled=\u00bb0&#8243;][et_pb_row column_structure=\u00bb1_4,3_4&#8243; _builder_version=\u00bb4.10.4&#8243; hover_enabled=\u00bb0&#8243; global_colors_info=\u00bb{}\u00bb custom_padding=\u00bb0px||||false|false\u00bb sticky_enabled=\u00bb0&#8243;][et_pb_column type=\u00bb1_4&#8243; _builder_version=\u00bb4.4.6&#8243; global_colors_info=\u00bb{}\u00bb][et_pb_image src=\u00bbhttps:\/\/museros.org\/wp-content\/uploads\/2020\/12\/joantrochut.jpg\u00bb alt=\u00bbRetrat de Joan Trochut\u00bb title_text=\u00bbjoantrochut\u00bb _builder_version=\u00bb4.9.1&#8243; global_colors_info=\u00bb{}\u00bb][\/et_pb_image][\/et_pb_column][et_pb_column type=\u00bb3_4&#8243; _builder_version=\u00bb4.4.6&#8243; global_colors_info=\u00bb{}\u00bb][et_pb_text _builder_version=\u00bb4.4.6&#8243; global_colors_info=\u00bb{}\u00bb]<\/p>\n<h2><span style=\"color: #7d79af;\"><em>S\u00faper-Veloz<\/em><\/span><\/h2>\n<p>Joan Trochut Blanchard (1920 \u2013 1980) Considerat figura clau en el camp de les arts gr\u00e0fiques espanyoles del segle XX.<br \/> Entre altres innovacions en el m\u00f3n de la tipografia va crear el sistema de tipus <em>S\u00faper-Veloz<\/em>.<br \/> Produ\u00eft originalment en plom, en 1942, per la <em>Fundici\u00f3n Tipografica Iranzo<\/em>, el tipus <em>S\u00faper-Veloz<\/em> era una col\u00b7lecci\u00f3 de peces m\u00f2bils, combinables entre si, que constitu\u00efen un complet sistema modular.<br \/> La versatilitat d&#8217;aquest sistema va permetre als impressors desenvolupar alfabets, dissenyar logotips i marques comercials \u2014i fins i tot crear il\u00b7lustracions\u2014 sense les limitacions pr\u00f2pies dels tipus de plom i a uns costos d&#8217;acord amb les seues modestes economies.<\/p>\n<p>[\/et_pb_text][\/et_pb_column][\/et_pb_row][et_pb_row _builder_version=\u00bb4.4.6&#8243; global_colors_info=\u00bb{}\u00bb][et_pb_column type=\u00bb4_4&#8243; _builder_version=\u00bb4.4.6&#8243; global_colors_info=\u00bb{}\u00bb][et_pb_image src=\u00bbhttps:\/\/museros.org\/wp-content\/uploads\/2020\/12\/modular03.jpg\u00bb alt=\u00bbTipus de plom\u00bb title_text=\u00bbmodular03&#8243; align=\u00bbright\u00bb _builder_version=\u00bb4.9.1&#8243; max_width=\u00bb73%\u00bb max_width_tablet=\u00bb100%\u00bb max_width_phone=\u00bb\u00bb max_width_last_edited=\u00bbon|phone\u00bb module_alignment=\u00bbright\u00bb global_colors_info=\u00bb{}\u00bb][\/et_pb_image][et_pb_image src=\u00bbhttps:\/\/museros.org\/wp-content\/uploads\/2020\/12\/albara-03.jpg\u00bb alt=\u00bbModel d&#8217;albar\u00e0\u00bb title_text=\u00bbalbara-03&#8243; align=\u00bbright\u00bb _builder_version=\u00bb4.9.1&#8243; max_width=\u00bb73%\u00bb max_width_tablet=\u00bb\u00bb max_width_phone=\u00bb\u00bb max_width_last_edited=\u00bbon|desktop\u00bb module_alignment=\u00bbright\u00bb global_colors_info=\u00bb{}\u00bb][\/et_pb_image][et_pb_image src=\u00bbhttps:\/\/museros.org\/wp-content\/uploads\/2020\/12\/albara-01.jpg\u00bb alt=\u00bbModel d&#8217;albar\u00e0\u00bb title_text=\u00bbalbara-01&#8243; align=\u00bbright\u00bb _builder_version=\u00bb4.9.1&#8243; max_width=\u00bb73%\u00bb max_width_tablet=\u00bb\u00bb max_width_phone=\u00bb\u00bb max_width_last_edited=\u00bbon|desktop\u00bb module_alignment=\u00bbright\u00bb global_colors_info=\u00bb{}\u00bb][\/et_pb_image][\/et_pb_column][\/et_pb_row][et_pb_row column_structure=\u00bb1_4,3_4&#8243; _builder_version=\u00bb4.4.6&#8243; global_colors_info=\u00bb{}\u00bb][et_pb_column type=\u00bb1_4&#8243; _builder_version=\u00bb4.4.6&#8243; global_colors_info=\u00bb{}\u00bb][\/et_pb_column][et_pb_column type=\u00bb3_4&#8243; _builder_version=\u00bb4.4.6&#8243; global_colors_info=\u00bb{}\u00bb][et_pb_button button_url=\u00bbhttps:\/\/museros.org\/ca\/cronica-de-lencarrrec\/\u00bb button_text=\u00bbTornar enrere\u00bb button_alignment=\u00bbleft\u00bb _builder_version=\u00bb4.10.3&#8243; custom_button=\u00bbon\u00bb button_bg_color=\u00bb#7d79af\u00bb button_bg_use_color_gradient=\u00bbon\u00bb button_bg_color_gradient_start=\u00bb#7d79af\u00bb button_bg_color_gradient_end=\u00bb#7d79af\u00bb button_border_color=\u00bb#7d79af\u00bb button_icon=\u00bb%%19%%\u00bb button_icon_placement=\u00bbleft\u00bb animation_style=\u00bbfade\u00bb global_colors_info=\u00bb{}\u00bb][\/et_pb_button][\/et_pb_column][\/et_pb_row][et_pb_row _builder_version=\u00bb4.4.6&#8243; global_colors_info=\u00bb{}\u00bb][et_pb_column type=\u00bb4_4&#8243; _builder_version=\u00bb4.4.6&#8243; global_colors_info=\u00bb{}\u00bb][et_pb_divider color=\u00bb#7d79af\u00bb divider_weight=\u00bb3px\u00bb _builder_version=\u00bb4.6.6&#8243; global_colors_info=\u00bb{}\u00bb][\/et_pb_divider][\/et_pb_column][\/et_pb_row][\/et_pb_section]<\/p>\n","protected":false},"excerpt":{"rendered":"<p>S\u00faper-Veloz Joan Trochut Blanchard (1920 \u2013 1980) Considerat figura clau en el camp de les arts gr\u00e0fiques espanyoles del segle XX. Entre altres innovacions en el m\u00f3n de la tipografia va crear el sistema de tipus S\u00faper-Veloz. Produ\u00eft originalment en plom, en 1942, per la Fundici\u00f3n Tipografica Iranzo, el tipus S\u00faper-Veloz era una col\u00b7lecci\u00f3 de [&hellip;]<\/p>\n","protected":false},"author":8,"featured_media":0,"parent":0,"menu_order":0,"comment_status":"closed","ping_status":"closed","template":"","meta":{"_et_pb_use_builder":"on","_et_pb_old_content":"","_et_gb_content_width":"","_mc_calendar":[],"footnotes":""},"wf_page_folders":[172],"class_list":["post-246895","page","type-page","status-publish","hentry"],"_links":{"self":[{"href":"https:\/\/museros.org\/inici\/wp-json\/wp\/v2\/pages\/246895","targetHints":{"allow":["GET"]}}],"collection":[{"href":"https:\/\/museros.org\/inici\/wp-json\/wp\/v2\/pages"}],"about":[{"href":"https:\/\/museros.org\/inici\/wp-json\/wp\/v2\/types\/page"}],"author":[{"embeddable":true,"href":"https:\/\/museros.org\/inici\/wp-json\/wp\/v2\/users\/8"}],"replies":[{"embeddable":true,"href":"https:\/\/museros.org\/inici\/wp-json\/wp\/v2\/comments?post=246895"}],"version-history":[{"count":7,"href":"https:\/\/museros.org\/inici\/wp-json\/wp\/v2\/pages\/246895\/revisions"}],"predecessor-version":[{"id":247661,"href":"https:\/\/museros.org\/inici\/wp-json\/wp\/v2\/pages\/246895\/revisions\/247661"}],"wp:attachment":[{"href":"https:\/\/museros.org\/inici\/wp-json\/wp\/v2\/media?parent=246895"}],"wp:term":[{"taxonomy":"wf_page_folders","embeddable":true,"href":"https:\/\/museros.org\/inici\/wp-json\/wp\/v2\/wf_page_folders?post=246895"}],"curies":[{"name":"wp","href":"https:\/\/api.w.org\/{rel}","templated":true}]}}