{"id":246889,"date":"2021-08-23T14:14:24","date_gmt":"2021-08-23T14:14:24","guid":{"rendered":"https:\/\/museros.org\/?page_id=246889"},"modified":"2021-08-25T19:48:20","modified_gmt":"2021-08-25T19:48:20","slug":"cronica-de-lencarrrec","status":"publish","type":"page","link":"https:\/\/museros.org\/inici\/cronica-de-lencarrrec\/","title":{"rendered":"Cr\u00f2nica de l&#8217;enc\u00e0rrec"},"content":{"rendered":"<p>[et_pb_section fb_built=\u00bb1&#8243; _builder_version=\u00bb4.10.4&#8243; hover_enabled=\u00bb0&#8243; locked=\u00bboff\u00bb global_colors_info=\u00bb{}\u00bb custom_padding=\u00bb0px||||false|false\u00bb sticky_enabled=\u00bb0&#8243;][et_pb_row _builder_version=\u00bb4.10.4&#8243; hover_enabled=\u00bb0&#8243; global_colors_info=\u00bb{}\u00bb custom_padding=\u00bb0px||||false|false\u00bb sticky_enabled=\u00bb0&#8243;][et_pb_column type=\u00bb4_4&#8243; _builder_version=\u00bb4.4.5&#8243; global_colors_info=\u00bb{}\u00bb][et_pb_text _builder_version=\u00bb4.10.2&#8243; text_font_tablet=\u00bb\u00bb text_font_phone=\u00bb\u00bb text_font_last_edited=\u00bbon|phone\u00bb text_font_size_tablet=\u00bb16px\u00bb text_font_size_phone=\u00bb18px\u00bb text_font_size_last_edited=\u00bbon|phone\u00bb text_line_height_tablet=\u00bb1.5em\u00bb text_line_height_phone=\u00bb\u00bb text_line_height_last_edited=\u00bbon|desktop\u00bb global_colors_info=\u00bb{}\u00bb]<\/p>\n<h1><span style=\"color: #7d79af;\">Cr\u00f2nica de l&#8217;enc\u00e0rrec<\/span><\/h1>\n<p><span style=\"color: #7d79af;\"><\/span><\/p>\n<p>La marca <strong>MUSEROS ja era present en el municipi quan vaig assumir l&#8217;enc\u00e0rrec<\/strong>, va arribar amb la modernitat en el ferrocarril de la S.V.T. a principis del segle XX. Va esperar pacient al fet que l&#8217;autoritat municipal competent decidira donar-li forma. Despr\u00e9s de cent anys continuava estant operativa.<\/p>\n<p>[\/et_pb_text][et_pb_image src=\u00bbhttps:\/\/museros.org\/wp-content\/uploads\/2020\/12\/biblioteca-1200&#215;380-1.jpg\u00bb alt=\u00bblogotip museroa sobre la fa\u00e7ana de les escoles velles ara biblioteca municipal\u00bb title_text=\u00bbbiblioteca-1200&#215;380&#8243; _builder_version=\u00bb4.9.1&#8243; global_colors_info=\u00bb{}\u00bb][\/et_pb_image][et_pb_text _builder_version=\u00bb4.10.2&#8243; custom_margin=\u00bb50px||||false|false\u00bb text_font_size_tablet=\u00bb18px\u00bb text_font_size_phone=\u00bb18px\u00bb text_font_size_last_edited=\u00bbon|phone\u00bb text_line_height_tablet=\u00bb1.5em\u00bb text_line_height_phone=\u00bb1.5em\u00bb text_line_height_last_edited=\u00bbon|desktop\u00bb global_colors_info=\u00bb{}\u00bb]<\/p>\n<h3><span style=\"color: #7d79af;\">La tasca<\/span><\/h3>\n<p>La meua tasca ha consistit a <strong>dotar la marca de l&#8217;estil i la composici\u00f3 adequats<\/strong> perqu\u00e8 contemple els requisits est\u00e8tics i funcionals que se li s\u00f3n propis. En una labor perseverant i meticulosa he descartat possibles dissenys durant el proc\u00e9s perqu\u00e8 no complien amb les expectatives, alguns molt interessants i que vull mostrar.<\/p>\n<p>&nbsp;<\/p>\n<h3><span style=\"color: #7d79af;\">Descartes<\/span><\/h3>\n<p>[\/et_pb_text][et_pb_slider arrows_custom_color_tablet=\u00bb\u00bb arrows_custom_color_phone=\u00bbrgba(0,0,0,0)\u00bb arrows_custom_color_last_edited=\u00bbon|phone\u00bb _builder_version=\u00bb4.10.2&#8243; custom_margin=\u00bb30px||30px||false|false\u00bb animation_style=\u00bbslide\u00bb auto=\u00bbon\u00bb auto_speed=\u00bb4000&#8243; global_colors_info=\u00bb{}\u00bb][et_pb_slide dot_nav_custom_color=\u00bbrgba(0,0,0,0)\u00bb arrows_custom_color_tablet=\u00bb\u00bb arrows_custom_color_phone=\u00bbrgba(0,0,0,0)\u00bb arrows_custom_color_last_edited=\u00bbon|phone\u00bb dot_nav_custom_color_tablet=\u00bbrgba(0,0,0,0)\u00bb dot_nav_custom_color_phone=\u00bbrgba(0,0,0,0)\u00bb dot_nav_custom_color_last_edited=\u00bbon|phone\u00bb _builder_version=\u00bb4.9.1&#8243; background_color=\u00bbrgba(0,0,0,0)\u00bb background_enable_color=\u00bbon\u00bb background_image=\u00bbhttps:\/\/museros.org\/wp-content\/uploads\/2020\/12\/descarte-01.jpg\u00bb background_enable_image=\u00bbon\u00bb custom_padding=\u00bb0px||20%||false|false\u00bb global_colors_info=\u00bb{}\u00bb sticky_transition=\u00bbon\u00bb][\/et_pb_slide][et_pb_slide dot_nav_custom_color=\u00bbrgba(0,0,0,0)\u00bb arrows_custom_color_tablet=\u00bb\u00bb arrows_custom_color_phone=\u00bbrgba(0,0,0,0)\u00bb arrows_custom_color_last_edited=\u00bbon|phone\u00bb dot_nav_custom_color_tablet=\u00bbrgba(0,0,0,0)\u00bb dot_nav_custom_color_phone=\u00bbrgba(0,0,0,0)\u00bb dot_nav_custom_color_last_edited=\u00bbon|phone\u00bb _builder_version=\u00bb4.9.1&#8243; background_color=\u00bbrgba(0,0,0,0)\u00bb background_enable_color=\u00bbon\u00bb background_image=\u00bbhttps:\/\/museros.org\/wp-content\/uploads\/2020\/12\/descarte-16.jpg\u00bb background_enable_image=\u00bbon\u00bb custom_padding=\u00bb0px||20%||false|false\u00bb global_colors_info=\u00bb{}\u00bb sticky_transition=\u00bbon\u00bb][\/et_pb_slide][et_pb_slide dot_nav_custom_color=\u00bbrgba(0,0,0,0)\u00bb arrows_custom_color_tablet=\u00bb\u00bb arrows_custom_color_phone=\u00bbrgba(0,0,0,0)\u00bb arrows_custom_color_last_edited=\u00bbon|phone\u00bb _builder_version=\u00bb4.9.1&#8243; background_color=\u00bbrgba(0,0,0,0)\u00bb background_enable_color=\u00bbon\u00bb background_image=\u00bbhttps:\/\/museros.org\/wp-content\/uploads\/2020\/12\/descarte-04.jpg\u00bb background_enable_image=\u00bbon\u00bb custom_padding=\u00bb0px||20%||false|false\u00bb global_colors_info=\u00bb{}\u00bb sticky_transition=\u00bbon\u00bb][\/et_pb_slide][et_pb_slide dot_nav_custom_color=\u00bbrgba(0,0,0,0)\u00bb arrows_custom_color_tablet=\u00bb\u00bb arrows_custom_color_phone=\u00bbrgba(0,0,0,0)\u00bb arrows_custom_color_last_edited=\u00bbon|phone\u00bb _builder_version=\u00bb4.9.1&#8243; background_color=\u00bbrgba(0,0,0,0)\u00bb background_enable_color=\u00bbon\u00bb background_image=\u00bbhttps:\/\/museros.org\/wp-content\/uploads\/2020\/12\/descarte-05.jpg\u00bb background_enable_image=\u00bbon\u00bb custom_padding=\u00bb0px||20%||false|false\u00bb global_colors_info=\u00bb{}\u00bb sticky_transition=\u00bbon\u00bb][\/et_pb_slide][et_pb_slide dot_nav_custom_color=\u00bbrgba(0,0,0,0)\u00bb arrows_custom_color_tablet=\u00bb\u00bb arrows_custom_color_phone=\u00bbrgba(0,0,0,0)\u00bb arrows_custom_color_last_edited=\u00bbon|phone\u00bb _builder_version=\u00bb4.9.1&#8243; background_color=\u00bbrgba(0,0,0,0)\u00bb background_enable_color=\u00bbon\u00bb background_image=\u00bbhttps:\/\/museros.org\/wp-content\/uploads\/2020\/12\/descarte-07.jpg\u00bb background_enable_image=\u00bbon\u00bb custom_padding=\u00bb0px||20%||false|false\u00bb global_colors_info=\u00bb{}\u00bb sticky_transition=\u00bbon\u00bb][\/et_pb_slide][et_pb_slide dot_nav_custom_color=\u00bbrgba(0,0,0,0)\u00bb arrows_custom_color_tablet=\u00bb\u00bb arrows_custom_color_phone=\u00bbrgba(0,0,0,0)\u00bb arrows_custom_color_last_edited=\u00bbon|phone\u00bb _builder_version=\u00bb4.9.1&#8243; background_color=\u00bbrgba(0,0,0,0)\u00bb background_enable_color=\u00bbon\u00bb background_image=\u00bbhttps:\/\/museros.org\/wp-content\/uploads\/2020\/12\/descarte-06.jpg\u00bb background_enable_image=\u00bbon\u00bb custom_padding=\u00bb0px||20%||false|false\u00bb global_colors_info=\u00bb{}\u00bb sticky_transition=\u00bbon\u00bb][\/et_pb_slide][et_pb_slide dot_nav_custom_color=\u00bbrgba(0,0,0,0)\u00bb arrows_custom_color_tablet=\u00bb\u00bb arrows_custom_color_phone=\u00bbrgba(0,0,0,0)\u00bb arrows_custom_color_last_edited=\u00bbon|phone\u00bb _builder_version=\u00bb4.9.1&#8243; background_color=\u00bbrgba(0,0,0,0)\u00bb background_enable_color=\u00bbon\u00bb background_image=\u00bbhttps:\/\/museros.org\/wp-content\/uploads\/2020\/12\/descarte-09.jpg\u00bb background_enable_image=\u00bbon\u00bb custom_padding=\u00bb0px||20%||false|false\u00bb global_colors_info=\u00bb{}\u00bb sticky_transition=\u00bbon\u00bb][\/et_pb_slide][et_pb_slide dot_nav_custom_color=\u00bbrgba(0,0,0,0)\u00bb arrows_custom_color_tablet=\u00bb\u00bb arrows_custom_color_phone=\u00bbrgba(0,0,0,0)\u00bb arrows_custom_color_last_edited=\u00bbon|phone\u00bb _builder_version=\u00bb4.9.1&#8243; background_color=\u00bbrgba(0,0,0,0)\u00bb background_enable_color=\u00bbon\u00bb background_image=\u00bbhttps:\/\/museros.org\/wp-content\/uploads\/2020\/12\/descarte-10.jpg\u00bb background_enable_image=\u00bbon\u00bb custom_padding=\u00bb0px||20%||false|false\u00bb global_colors_info=\u00bb{}\u00bb sticky_transition=\u00bbon\u00bb][\/et_pb_slide][et_pb_slide dot_nav_custom_color=\u00bbrgba(0,0,0,0)\u00bb arrows_custom_color_tablet=\u00bb\u00bb arrows_custom_color_phone=\u00bbrgba(0,0,0,0)\u00bb arrows_custom_color_last_edited=\u00bbon|phone\u00bb _builder_version=\u00bb4.9.1&#8243; background_color=\u00bbrgba(0,0,0,0)\u00bb background_enable_color=\u00bbon\u00bb background_image=\u00bbhttps:\/\/museros.org\/wp-content\/uploads\/2020\/12\/descarte-08.jpg\u00bb background_enable_image=\u00bbon\u00bb custom_padding=\u00bb0px||20%||false|false\u00bb global_colors_info=\u00bb{}\u00bb sticky_transition=\u00bbon\u00bb][\/et_pb_slide][et_pb_slide dot_nav_custom_color=\u00bbrgba(0,0,0,0)\u00bb arrows_custom_color_tablet=\u00bb\u00bb arrows_custom_color_phone=\u00bbrgba(0,0,0,0)\u00bb arrows_custom_color_last_edited=\u00bbon|phone\u00bb _builder_version=\u00bb4.9.1&#8243; background_color=\u00bbrgba(0,0,0,0)\u00bb background_enable_color=\u00bbon\u00bb background_image=\u00bbhttps:\/\/museros.org\/wp-content\/uploads\/2020\/12\/descarte-11.jpg\u00bb background_enable_image=\u00bbon\u00bb custom_padding=\u00bb0px||20%||false|false\u00bb global_colors_info=\u00bb{}\u00bb sticky_transition=\u00bbon\u00bb][\/et_pb_slide][et_pb_slide dot_nav_custom_color=\u00bbrgba(0,0,0,0)\u00bb arrows_custom_color_tablet=\u00bb\u00bb arrows_custom_color_phone=\u00bbrgba(0,0,0,0)\u00bb arrows_custom_color_last_edited=\u00bbon|phone\u00bb _builder_version=\u00bb4.9.1&#8243; background_color=\u00bbrgba(0,0,0,0)\u00bb background_enable_color=\u00bbon\u00bb background_image=\u00bbhttps:\/\/www.museros.site\/wp-content\/uploads\/2020\/05\/descarte-12.jpg\u00bb background_enable_image=\u00bbon\u00bb custom_padding=\u00bb0px||20%||false|false\u00bb global_colors_info=\u00bb{}\u00bb sticky_transition=\u00bbon\u00bb][\/et_pb_slide][et_pb_slide dot_nav_custom_color=\u00bbrgba(0,0,0,0)\u00bb arrows_custom_color_tablet=\u00bb\u00bb arrows_custom_color_phone=\u00bbrgba(0,0,0,0)\u00bb arrows_custom_color_last_edited=\u00bbon|phone\u00bb _builder_version=\u00bb4.9.1&#8243; background_enable_color=\u00bboff\u00bb background_image=\u00bbhttps:\/\/museros.org\/wp-content\/uploads\/2020\/12\/descarte-13.jpg\u00bb background_enable_image=\u00bbon\u00bb custom_padding=\u00bb0px||20%||false|false\u00bb global_colors_info=\u00bb{}\u00bb sticky_transition=\u00bbon\u00bb][\/et_pb_slide][et_pb_slide dot_nav_custom_color=\u00bbrgba(0,0,0,0)\u00bb arrows_custom_color_tablet=\u00bb\u00bb arrows_custom_color_phone=\u00bbrgba(0,0,0,0)\u00bb arrows_custom_color_last_edited=\u00bbon|phone\u00bb _builder_version=\u00bb4.9.1&#8243; background_color=\u00bbrgba(0,0,0,0)\u00bb background_enable_color=\u00bbon\u00bb background_image=\u00bbhttps:\/\/museros.org\/wp-content\/uploads\/2020\/12\/descarte-14.jpg\u00bb background_enable_image=\u00bbon\u00bb custom_padding=\u00bb0px||20%||false|false\u00bb global_colors_info=\u00bb{}\u00bb sticky_transition=\u00bbon\u00bb][\/et_pb_slide][et_pb_slide dot_nav_custom_color=\u00bbrgba(0,0,0,0)\u00bb arrows_custom_color_tablet=\u00bb\u00bb arrows_custom_color_phone=\u00bbrgba(0,0,0,0)\u00bb arrows_custom_color_last_edited=\u00bbon|phone\u00bb _builder_version=\u00bb4.9.1&#8243; background_color=\u00bbrgba(0,0,0,0)\u00bb background_enable_color=\u00bbon\u00bb background_image=\u00bbhttps:\/\/museros.org\/wp-content\/uploads\/2020\/12\/descarte-15.jpg\u00bb background_enable_image=\u00bbon\u00bb custom_padding=\u00bb0px||20%||false|false\u00bb global_colors_info=\u00bb{}\u00bb sticky_transition=\u00bbon\u00bb][\/et_pb_slide][\/et_pb_slider][et_pb_text _builder_version=\u00bb4.10.2&#8243; custom_margin=\u00bb50px||50px||false|false\u00bb custom_padding=\u00bb||0px|||\u00bb text_font_size_tablet=\u00bb18px\u00bb text_font_size_phone=\u00bb18px\u00bb text_font_size_last_edited=\u00bbon|phone\u00bb text_line_height_tablet=\u00bb1.5em\u00bb text_line_height_phone=\u00bb1.5em\u00bb text_line_height_last_edited=\u00bbon|desktop\u00bb global_colors_info=\u00bb{}\u00bb]<\/p>\n<h3><span style=\"color: #7d79af;\">Et voil\u00e0!<\/span><\/h3>\n<p>El resultat, fruit del treball i de la inspiraci\u00f3, una tipografia amb influ\u00e8ncies Art d\u00e9co, <strong>dibuixada per a l&#8217;ocasi\u00f3, modular i vers\u00e0til<\/strong> que permet conformar la marca principal i les seues diferents regidories per les possibilitats de combinaci\u00f3 que presenta.<\/p>\n<p>[\/et_pb_text][et_pb_image src=\u00bbhttps:\/\/museros.org\/wp-content\/uploads\/2020\/12\/reticle-grup-D1-.jpg\u00bb alt=\u00bbreticle de construcci\u00f3 de la nova tipografia\u00bb title_text=\u00bbreticle-grup-D1-\u00bb _builder_version=\u00bb4.10.2&#8243; width=\u00bb70%\u00bb width_tablet=\u00bb80%\u00bb width_phone=\u00bb100%\u00bb width_last_edited=\u00bbon|tablet\u00bb module_alignment=\u00bbcenter\u00bb global_colors_info=\u00bb{}\u00bb][\/et_pb_image][et_pb_text _builder_version=\u00bb4.10.2&#8243; custom_margin=\u00bb50px||50px||false|false\u00bb text_font_size_tablet=\u00bb\u00bb text_font_size_phone=\u00bb\u00bb text_font_size_last_edited=\u00bbon|desktop\u00bb global_colors_info=\u00bb{}\u00bb]<\/p>\n<p>Utilitze per a aix\u00f2 nou tipus de la mateixa fam\u00edlia que he batejat amb els <strong>noms de la rosa dels vents<\/strong>, a la qual he anomenat MUSEROS. Aquesta iniciativa sorgeix de la idea de<strong> tr\u00e0nsit i riquesa en la diversitat<\/strong>, tractant-se d&#8217;una poblaci\u00f3 situada en una hist\u00f2rica ruta comercial des de la seua fundaci\u00f3, la Via Augusta.<\/p>\n<p>[\/et_pb_text][et_pb_image src=\u00bbhttps:\/\/museros.org\/wp-content\/uploads\/2020\/12\/reticle-grup-D2-.jpg\u00bb alt=\u00bbreticle de construcci\u00f3 de variables de la nova tipografia\u00bb title_text=\u00bbreticle-grup-D2-\u00bb _builder_version=\u00bb4.9.1&#8243; width=\u00bb70%\u00bb width_tablet=\u00bb80%\u00bb width_phone=\u00bb100%\u00bb width_last_edited=\u00bbon|phone\u00bb module_alignment=\u00bbcenter\u00bb global_colors_info=\u00bb{}\u00bb][\/et_pb_image][et_pb_text _builder_version=\u00bb4.10.2&#8243; custom_margin=\u00bb50px||50px||false|false\u00bb global_colors_info=\u00bb{}\u00bb]<\/p>\n<p>Per a identificar amb una marca<strong> les regidories<\/strong> utilitze les inicials del nom de cadascuna d&#8217;elles emulant la tradicional <strong>lletra capital<\/strong>, acompanyada d&#8217;un pictograma al\u00b7leg\u00f2ric en el cas de ser una sola inicial per tractar-se d&#8217;una \u00fanica paraula.<\/p>\n<p>[\/et_pb_text][et_pb_image src=\u00bbhttps:\/\/museros.org\/wp-content\/uploads\/2020\/12\/reticle-grup-D3-.jpg\u00bb alt=\u00bbLogotips de regidories a manera de lletres capitulars\u00bb title_text=\u00bbreticle-grup-D3-\u00bb _builder_version=\u00bb4.9.1&#8243; width=\u00bb70%\u00bb width_tablet=\u00bb80%\u00bb width_phone=\u00bb100%\u00bb width_last_edited=\u00bbon|phone\u00bb module_alignment=\u00bbcenter\u00bb global_colors_info=\u00bb{}\u00bb][\/et_pb_image][et_pb_text _builder_version=\u00bb4.10.2&#8243; custom_margin=\u00bb50px||||false|false\u00bb global_colors_info=\u00bb{}\u00bb]<\/p>\n<p><span style=\"color: #7d79af;\"><span style=\"color: #333333;\">I des d&#8217;ac\u00ed el meu reconeixement a<\/span> <a href=\"https:\/\/www.museros.site\/pagina\/joan-trochut\/\" style=\"color: #7d79af;\"><strong>Joan Trochut<\/strong><\/a><\/span> i els seus tipus modulars de plom, molt utilitzats durant m\u00e9s de quaranta anys per molts impressors i del qual he pres en pr\u00e9stec un parell de recursos gr\u00e0fics.<\/p>\n<p>[\/et_pb_text][\/et_pb_column][\/et_pb_row][et_pb_row column_structure=\u00bb1_2,1_2&#8243; _builder_version=\u00bb4.6.6&#8243; _module_preset=\u00bbdefault\u00bb locked=\u00bboff\u00bb global_colors_info=\u00bb{}\u00bb][et_pb_column type=\u00bb1_2&#8243; _builder_version=\u00bb4.6.6&#8243; _module_preset=\u00bbdefault\u00bb global_colors_info=\u00bb{}\u00bb][et_pb_button button_url=\u00bbhttps:\/\/museros.org\/ca\/marca-museros-2\/\u00bb button_text=\u00bbTornar enrere\u00bb button_alignment=\u00bbcenter\u00bb _builder_version=\u00bb4.10.3&#8243; _module_preset=\u00bbdefault\u00bb custom_button=\u00bbon\u00bb button_bg_color=\u00bb#7d79af\u00bb button_bg_use_color_gradient=\u00bbon\u00bb button_bg_color_gradient_start=\u00bb#7d79af\u00bb button_bg_color_gradient_end=\u00bb#7d79af\u00bb button_bg_color_gradient_overlays_image=\u00bbon\u00bb button_border_color=\u00bb#7d79af\u00bb button_icon=\u00bb%%19%%\u00bb button_icon_placement=\u00bbleft\u00bb animation_style=\u00bbfade\u00bb global_colors_info=\u00bb{}\u00bb][\/et_pb_button][\/et_pb_column][et_pb_column type=\u00bb1_2&#8243; _builder_version=\u00bb4.6.6&#8243; _module_preset=\u00bbdefault\u00bb global_colors_info=\u00bb{}\u00bb][et_pb_button button_url=\u00bbhttps:\/\/museros.org\/ca\/joan-trochut-2\/\u00bb button_text=\u00bbTipo S\u00faper-Veloz\u00bb button_alignment=\u00bbcenter\u00bb _builder_version=\u00bb4.10.3&#8243; custom_button=\u00bbon\u00bb button_bg_color=\u00bb#7d79af\u00bb button_bg_use_color_gradient=\u00bbon\u00bb button_bg_color_gradient_start=\u00bb#7d79af\u00bb button_bg_color_gradient_end=\u00bb#7d79af\u00bb button_border_color=\u00bb#7d79af\u00bb button_icon=\u00bb%%20%%\u00bb animation_style=\u00bbfade\u00bb global_colors_info=\u00bb{}\u00bb][\/et_pb_button][\/et_pb_column][\/et_pb_row][et_pb_row _builder_version=\u00bb4.4.6&#8243; global_colors_info=\u00bb{}\u00bb][et_pb_column type=\u00bb4_4&#8243; _builder_version=\u00bb4.4.6&#8243; global_colors_info=\u00bb{}\u00bb][et_pb_divider color=\u00bb#7d79af\u00bb divider_weight=\u00bb3px\u00bb _builder_version=\u00bb4.6.6&#8243; global_colors_info=\u00bb{}\u00bb][\/et_pb_divider][\/et_pb_column][\/et_pb_row][\/et_pb_section]<\/p>\n","protected":false},"excerpt":{"rendered":"<p>Cr\u00f2nica de l&#8217;enc\u00e0rrec La marca MUSEROS ja era present en el municipi quan vaig assumir l&#8217;enc\u00e0rrec, va arribar amb la modernitat en el ferrocarril de la S.V.T. a principis del segle XX. Va esperar pacient al fet que l&#8217;autoritat municipal competent decidira donar-li forma. Despr\u00e9s de cent anys continuava estant operativa.La tasca La meua tasca [&hellip;]<\/p>\n","protected":false},"author":8,"featured_media":0,"parent":0,"menu_order":0,"comment_status":"closed","ping_status":"closed","template":"","meta":{"_et_pb_use_builder":"on","_et_pb_old_content":"","_et_gb_content_width":"","_mc_calendar":[],"footnotes":""},"wf_page_folders":[172],"class_list":["post-246889","page","type-page","status-publish","hentry"],"_links":{"self":[{"href":"https:\/\/museros.org\/inici\/wp-json\/wp\/v2\/pages\/246889","targetHints":{"allow":["GET"]}}],"collection":[{"href":"https:\/\/museros.org\/inici\/wp-json\/wp\/v2\/pages"}],"about":[{"href":"https:\/\/museros.org\/inici\/wp-json\/wp\/v2\/types\/page"}],"author":[{"embeddable":true,"href":"https:\/\/museros.org\/inici\/wp-json\/wp\/v2\/users\/8"}],"replies":[{"embeddable":true,"href":"https:\/\/museros.org\/inici\/wp-json\/wp\/v2\/comments?post=246889"}],"version-history":[{"count":9,"href":"https:\/\/museros.org\/inici\/wp-json\/wp\/v2\/pages\/246889\/revisions"}],"predecessor-version":[{"id":247658,"href":"https:\/\/museros.org\/inici\/wp-json\/wp\/v2\/pages\/246889\/revisions\/247658"}],"wp:attachment":[{"href":"https:\/\/museros.org\/inici\/wp-json\/wp\/v2\/media?parent=246889"}],"wp:term":[{"taxonomy":"wf_page_folders","embeddable":true,"href":"https:\/\/museros.org\/inici\/wp-json\/wp\/v2\/wf_page_folders?post=246889"}],"curies":[{"name":"wp","href":"https:\/\/api.w.org\/{rel}","templated":true}]}}