{"id":246844,"date":"2021-08-20T17:59:11","date_gmt":"2021-08-20T17:59:11","guid":{"rendered":"https:\/\/museros.org\/?page_id=246844"},"modified":"2022-04-16T11:53:48","modified_gmt":"2022-04-16T11:53:48","slug":"llocs-dinteres","status":"publish","type":"page","link":"https:\/\/museros.org\/inici\/llocs-dinteres\/","title":{"rendered":"Llocs d&#8217;inter\u00e9s"},"content":{"rendered":"<p>[et_pb_section fb_built=\u00bb1&#8243; _builder_version=\u00bb4.16&#8243; _module_preset=\u00bbdefault\u00bb custom_padding=\u00bb0px||||false|false\u00bb locked=\u00bboff\u00bb global_colors_info=\u00bb{}\u00bb][et_pb_row column_structure=\u00bb1_4,3_4&#8243; _builder_version=\u00bb4.16&#8243; _module_preset=\u00bbdefault\u00bb custom_margin=\u00bb0px||||false|false\u00bb custom_padding=\u00bb0px||||false|false\u00bb global_colors_info=\u00bb{}\u00bb][et_pb_column type=\u00bb1_4&#8243; _builder_version=\u00bb4.16&#8243; _module_preset=\u00bbdefault\u00bb global_colors_info=\u00bb{}\u00bb][et_pb_image src=\u00bbhttps:\/\/museros.org\/wp-content\/uploads\/2021\/08\/logo-llocsdinteres.jpg\u00bb title_text=\u00bblogo-llocsdinteres\u00bb url=\u00bbhttps:\/\/museros.org\/ca\/inici\u00bb use_overlay=\u00bbon\u00bb overlay_icon_color=\u00bb#E02B20&#8243; hover_overlay_color=\u00bbrgba(255,255,255,0.68)\u00bb hover_icon=\u00bb&#xe04d;||divi||400&#8243; align=\u00bbcenter\u00bb _builder_version=\u00bb4.16&#8243; _module_preset=\u00bbdefault\u00bb global_colors_info=\u00bb{}\u00bb][\/et_pb_image][\/et_pb_column][et_pb_column type=\u00bb3_4&#8243; _builder_version=\u00bb4.16&#8243; _module_preset=\u00bbdefault\u00bb global_colors_info=\u00bb{}\u00bb][et_pb_text _builder_version=\u00bb4.16&#8243; _module_preset=\u00bbdefault\u00bb global_colors_info=\u00bb{}\u00bb]<\/p>\n<h1>Llocs d&#8217;inter\u00e9s<\/h1>\n<p>Al llarg dels seus carrers, podem trobar hist\u00f2ria projectada en el seu patrimoni municipal. Entre els espais m\u00e9s importants trobem:<\/p>\n<p>Masia de Sant Onofre<br \/>Antic convent de dominics, fundat el 1471, on va ser prior el beatificat i canonitzat sant Llu\u00eds Beltr\u00e1n. Despr\u00e9s de l&#8217;aband\u00f3 de les instal\u00b7lacions de les religioses, es va culminar com a enclavament decisiu en la batalla de la Guerra de la Independ\u00e8ncia espanyola, on ve\u00efns del municipi van combatre heroicament a les tropes del mariscal Suchet. Per aquest motiu, l&#8217;escut municipal llueix dues branques de llorer, s\u00edmbol de lleialtat i valor.<\/p>\n<p>Ermita de Sant Roque<br \/>Constru\u00efda el 1542, \u00e9s d&#8217;estil barroc, amb una edificaci\u00f3 molt senzilla concebuda segons el model de les esgl\u00e9sies \u00abde conquesta\u00bb. S\u00edmbol de la devoci\u00f3 a sant Roque. En les festes patronals d&#8217;agost, es realitzen, en aquesta ermita, les processons m\u00e9s multitudin\u00e0ries i belles de la comarca.<\/p>\n<p>Esgl\u00e9sia parroquial de l&#8217;Assumpci\u00f3<br \/>Va comen\u00e7ar la seua construcci\u00f3 el 1415 i va ser acabada el 1734, va substituir l&#8217;antic temple que en un principi edificara l&#8217;orde de Calatrava. \u00c9s un edifici amb torre campanar, d&#8217;una sola nau amb capelles laterals i decoraci\u00f3 de taulells t\u00edpics valencians. Est\u00e0 dedicada a la Mare de D\u00e9u de l&#8217;Assumpci\u00f3.<\/p>\n<p>Casa jard\u00ed de Teodoro Llorente<br \/>Situada en la pla\u00e7a hom\u00f2nima, Va ser elegida per l&#8217;il\u00b7lustre autor com a lloc de descans i recolliment. A l&#8217;interior de l&#8217;habitatge, es guarden importants documents de l&#8217;autor.<\/p>\n<p>Reial s\u00e9quia de Montcada<br \/>Constru\u00efda l&#8217;any 850 pels romans Espero i Atles, i denominada amb aquest nom per Jaume I. Rega les terres de 28 municipis.<\/p>\n<p>Via Augusta<br \/>Antic pas entre Sagunt i Val\u00e8ncia, va ser reconvertida pels romans en espl\u00e8ndida via. El Cid, Jaume I i el mariscal Suchet se&#8217;n beneficiaren d&#8217;ella en les seues estrat\u00e8gies de conquesta.<\/p>\n<p>Jaciments arqueol\u00f2gics<br \/>En la partida dels Germanells, apareixen restes arqueol\u00f2giques centen\u00e0ries, que ens indiquen l&#8217;origen del primer assentament hum\u00e0 a Museros. En l&#8217;actualitat, el nucli urb\u00e0 es troba uns quil\u00f2metres m\u00e9s pr\u00f2xim a la mar Mediterr\u00e0nia.<\/p>\n<p>[\/et_pb_text][\/et_pb_column][\/et_pb_row][et_pb_row _builder_version=\u00bb4.16&#8243; _module_preset=\u00bbdefault\u00bb custom_margin=\u00bb25px||||false|false\u00bb global_colors_info=\u00bb{}\u00bb][et_pb_column type=\u00bb4_4&#8243; _builder_version=\u00bb4.16&#8243; _module_preset=\u00bbdefault\u00bb global_colors_info=\u00bb{}\u00bb][et_pb_divider color=\u00bb#E02B20&#8243; divider_weight=\u00bb4px\u00bb _builder_version=\u00bb4.16&#8243; _module_preset=\u00bbdefault\u00bb global_colors_info=\u00bb{}\u00bb][\/et_pb_divider][\/et_pb_column][\/et_pb_row][\/et_pb_section]<\/p>\n","protected":false},"excerpt":{"rendered":"<p>Llocs d&#8217;inter\u00e9s Al llarg dels seus carrers, podem trobar hist\u00f2ria projectada en el seu patrimoni municipal. Entre els espais m\u00e9s importants trobem: Masia de Sant OnofreAntic convent de dominics, fundat el 1471, on va ser prior el beatificat i canonitzat sant Llu\u00eds Beltr\u00e1n. Despr\u00e9s de l&#8217;aband\u00f3 de les instal\u00b7lacions de les religioses, es va culminar [&hellip;]<\/p>\n","protected":false},"author":8,"featured_media":0,"parent":0,"menu_order":0,"comment_status":"closed","ping_status":"closed","template":"","meta":{"_et_pb_use_builder":"on","_et_pb_old_content":"","_et_gb_content_width":"","_mc_calendar":[],"footnotes":""},"wf_page_folders":[393],"class_list":["post-246844","page","type-page","status-publish","hentry"],"_links":{"self":[{"href":"https:\/\/museros.org\/inici\/wp-json\/wp\/v2\/pages\/246844","targetHints":{"allow":["GET"]}}],"collection":[{"href":"https:\/\/museros.org\/inici\/wp-json\/wp\/v2\/pages"}],"about":[{"href":"https:\/\/museros.org\/inici\/wp-json\/wp\/v2\/types\/page"}],"author":[{"embeddable":true,"href":"https:\/\/museros.org\/inici\/wp-json\/wp\/v2\/users\/8"}],"replies":[{"embeddable":true,"href":"https:\/\/museros.org\/inici\/wp-json\/wp\/v2\/comments?post=246844"}],"version-history":[{"count":17,"href":"https:\/\/museros.org\/inici\/wp-json\/wp\/v2\/pages\/246844\/revisions"}],"predecessor-version":[{"id":258087,"href":"https:\/\/museros.org\/inici\/wp-json\/wp\/v2\/pages\/246844\/revisions\/258087"}],"wp:attachment":[{"href":"https:\/\/museros.org\/inici\/wp-json\/wp\/v2\/media?parent=246844"}],"wp:term":[{"taxonomy":"wf_page_folders","embeddable":true,"href":"https:\/\/museros.org\/inici\/wp-json\/wp\/v2\/wf_page_folders?post=246844"}],"curies":[{"name":"wp","href":"https:\/\/api.w.org\/{rel}","templated":true}]}}