{"id":246745,"date":"2021-08-20T11:31:41","date_gmt":"2021-08-20T11:31:41","guid":{"rendered":"https:\/\/museros.org\/?page_id=246745"},"modified":"2021-11-11T10:52:18","modified_gmt":"2021-11-11T10:52:18","slug":"punt-dinformacio-cadastral","status":"publish","type":"page","link":"https:\/\/museros.org\/inici\/punt-dinformacio-cadastral\/","title":{"rendered":"Punt d&#8217;Informaci\u00f3 Cadastral"},"content":{"rendered":"<p>[et_pb_section fb_built=\u00bb1&#8243; _builder_version=\u00bb4.10.4&#8243; _module_preset=\u00bbdefault\u00bb custom_padding=\u00bb0px||||false|false\u00bb locked=\u00bboff\u00bb global_colors_info=\u00bb{}\u00bb][et_pb_row column_structure=\u00bb1_4,3_4&#8243; _builder_version=\u00bb4.9.2&#8243; _module_preset=\u00bbdefault\u00bb custom_margin=\u00bb0px||0px||false|false\u00bb custom_padding=\u00bb0px||0px||false|false\u00bb global_colors_info=\u00bb{}\u00bb][et_pb_column type=\u00bb1_4&#8243; _builder_version=\u00bb4.9.2&#8243; _module_preset=\u00bbdefault\u00bb global_colors_info=\u00bb{}\u00bb][et_pb_image src=\u00bbhttps:\/\/museros.org\/wp-content\/uploads\/2021\/08\/logo-cadastral.jpg\u00bb title_text=\u00bblogo-cadastral\u00bb url=\u00bbhttps:\/\/museros.org\/ca\/inici\u00bb use_overlay=\u00bbon\u00bb overlay_icon_color=\u00bb#E02B20&#8243; hover_overlay_color=\u00bbrgba(255,255,255,0.66)\u00bb hover_icon=\u00bb&#xe04d;||divi||400&#8243; align=\u00bbcenter\u00bb _builder_version=\u00bb4.13.0&#8243; _module_preset=\u00bbdefault\u00bb global_colors_info=\u00bb{}\u00bb][\/et_pb_image][\/et_pb_column][et_pb_column type=\u00bb3_4&#8243; _builder_version=\u00bb4.9.2&#8243; _module_preset=\u00bbdefault\u00bb global_colors_info=\u00bb{}\u00bb][et_pb_image src=\u00bbhttps:\/\/museros.org\/wp-content\/uploads\/2021\/03\/centrodedia.jpg\u00bb title_text=\u00bbcentrodedia\u00bb _builder_version=\u00bb4.9.2&#8243; _module_preset=\u00bbdefault\u00bb global_colors_info=\u00bb{}\u00bb][\/et_pb_image][et_pb_text _builder_version=\u00bb4.13.0&#8243; _module_preset=\u00bbdefault\u00bb custom_margin=\u00bb30px||||false|false\u00bb hover_enabled=\u00bb0&#8243; global_colors_info=\u00bb{}\u00bb sticky_enabled=\u00bb0&#8243;]<\/p>\n<h1>Punt d&#8217;Informaci\u00f3 Cadastral<\/h1>\n<p>El Punt d&#8217;Informaci\u00f3 Cadastral \u00e9s una oficina autoritzada per la Direcci\u00f3 General del Cadastre a l&#8217;Ajuntament on els ciutadans i les ciutadanes poden accedir a la informaci\u00f3 cadastral.<\/p>\n<p>Est\u00e0 situat en l&#8217;Oficina T\u00e8cnica Municipal, en el Centre Social de Dia, a l&#8217;avinguda de Blasco Ib\u00e1\u00f1ez, 87, de Museros.<\/p>\n<p>Horari: de dilluns a divendres, de 09.00 h a 14.00 h.<\/p>\n<p>El Punt d&#8217;Informaci\u00f3 Cadastral ofereix els serveis seg\u00fcents:<br \/>\u2022 Informaci\u00f3 de car\u00e0cter general i particular d&#8217;immobles.<br \/>\u2022 Assessorament sobre obligacions amb el Cadastre.<br \/>\u2022 Notificaci\u00f3 per compareixen\u00e7a en procediments cadastrals.<br \/>\u2022 Servei de consulta lliure i certificaci\u00f3 de dades cadastrals no protegides i de cartografia digital.<br \/>\u2022 Servei de consulta i certificaci\u00f3 electr\u00f2nica per als titulars cadastrals de dades cadastrals protegides, sobre els immobles de la seua titularitat.<br \/>\u2022 Servei de certificaci\u00f3 negativa de b\u00e9ns immobles o de la circumst\u00e0ncia de no figurar com a titular cadastral del sol\u00b7licitant.<\/p>\n<p>[\/et_pb_text][\/et_pb_column][\/et_pb_row][et_pb_row _builder_version=\u00bb4.10.2&#8243; _module_preset=\u00bbdefault\u00bb custom_margin=\u00bb35px||||false|false\u00bb global_colors_info=\u00bb{}\u00bb][et_pb_column type=\u00bb4_4&#8243; _builder_version=\u00bb4.9.2&#8243; _module_preset=\u00bbdefault\u00bb global_colors_info=\u00bb{}\u00bb][et_pb_divider color=\u00bb#E02B20&#8243; divider_weight=\u00bb4px\u00bb _builder_version=\u00bb4.9.2&#8243; _module_preset=\u00bbdefault\u00bb global_colors_info=\u00bb{}\u00bb][\/et_pb_divider][\/et_pb_column][\/et_pb_row][\/et_pb_section]<\/p>\n","protected":false},"excerpt":{"rendered":"<p>Punt d&#8217;Informaci\u00f3 Cadastral El Punt d&#8217;Informaci\u00f3 Cadastral \u00e9s una oficina autoritzada per la Direcci\u00f3 General del Cadastre a l&#8217;Ajuntament on els ciutadans i les ciutadanes poden accedir a la informaci\u00f3 cadastral. Est\u00e0 situat en l&#8217;Oficina T\u00e8cnica Municipal, en el Centre Social de Dia, a l&#8217;avinguda de Blasco Ib\u00e1\u00f1ez, 87, de Museros. Horari: de dilluns a [&hellip;]<\/p>\n","protected":false},"author":8,"featured_media":0,"parent":0,"menu_order":0,"comment_status":"closed","ping_status":"closed","template":"","meta":{"_et_pb_use_builder":"on","_et_pb_old_content":"","_et_gb_content_width":"","_mc_calendar":[],"footnotes":""},"wf_page_folders":[386],"class_list":["post-246745","page","type-page","status-publish","hentry"],"_links":{"self":[{"href":"https:\/\/museros.org\/inici\/wp-json\/wp\/v2\/pages\/246745","targetHints":{"allow":["GET"]}}],"collection":[{"href":"https:\/\/museros.org\/inici\/wp-json\/wp\/v2\/pages"}],"about":[{"href":"https:\/\/museros.org\/inici\/wp-json\/wp\/v2\/types\/page"}],"author":[{"embeddable":true,"href":"https:\/\/museros.org\/inici\/wp-json\/wp\/v2\/users\/8"}],"replies":[{"embeddable":true,"href":"https:\/\/museros.org\/inici\/wp-json\/wp\/v2\/comments?post=246745"}],"version-history":[{"count":9,"href":"https:\/\/museros.org\/inici\/wp-json\/wp\/v2\/pages\/246745\/revisions"}],"predecessor-version":[{"id":250296,"href":"https:\/\/museros.org\/inici\/wp-json\/wp\/v2\/pages\/246745\/revisions\/250296"}],"wp:attachment":[{"href":"https:\/\/museros.org\/inici\/wp-json\/wp\/v2\/media?parent=246745"}],"wp:term":[{"taxonomy":"wf_page_folders","embeddable":true,"href":"https:\/\/museros.org\/inici\/wp-json\/wp\/v2\/wf_page_folders?post=246745"}],"curies":[{"name":"wp","href":"https:\/\/api.w.org\/{rel}","templated":true}]}}