{"id":246720,"date":"2021-08-20T10:23:15","date_gmt":"2021-08-20T10:23:15","guid":{"rendered":"https:\/\/museros.org\/?page_id=246720"},"modified":"2026-04-14T09:57:54","modified_gmt":"2026-04-14T07:57:54","slug":"signatura-electronica","status":"publish","type":"page","link":"https:\/\/museros.org\/inici\/signatura-electronica\/","title":{"rendered":"Firma electr\u00f2nica"},"content":{"rendered":"<p>[et_pb_section fb_built=\u00bb1&#8243; _builder_version=\u00bb4.16&#8243; _module_preset=\u00bbdefault\u00bb custom_padding=\u00bb0px||||false|false\u00bb locked=\u00bboff\u00bb global_colors_info=\u00bb{}\u00bb][et_pb_row column_structure=\u00bb1_4,3_4&#8243; _builder_version=\u00bb4.16&#8243; _module_preset=\u00bbdefault\u00bb custom_margin=\u00bb||0px||false|false\u00bb custom_padding=\u00bb0px||0px||false|false\u00bb global_colors_info=\u00bb{}\u00bb][et_pb_column type=\u00bb1_4&#8243; _builder_version=\u00bb4.16&#8243; _module_preset=\u00bbdefault\u00bb global_colors_info=\u00bb{}\u00bb][et_pb_image src=\u00bbhttps:\/\/museros.org\/wp-content\/uploads\/2021\/08\/logo-prdusuari.jpg\u00bb title_text=\u00bblogo-prdusuari\u00bb url=\u00bbhttps:\/\/museros.org\/ca\/inici\u00bb use_overlay=\u00bbon\u00bb overlay_icon_color=\u00bb#E02B20&#8243; hover_overlay_color=\u00bbrgba(255,255,255,0.72)\u00bb hover_icon=\u00bb&#xe04d;||divi||400&#8243; align=\u00bbcenter\u00bb src_tablet=\u00bbhttps:\/\/museros.org\/wp-content\/uploads\/2021\/08\/PRU-cst.jpg\u00bb src_phone=\u00bbhttps:\/\/museros.org\/wp-content\/uploads\/2021\/08\/PRU-cst.jpg\u00bb src_last_edited=\u00bbon|phone\u00bb _builder_version=\u00bb4.16&#8243; _module_preset=\u00bbdefault\u00bb global_colors_info=\u00bb{}\u00bb][\/et_pb_image][\/et_pb_column][et_pb_column type=\u00bb3_4&#8243; _builder_version=\u00bb4.16&#8243; _module_preset=\u00bbdefault\u00bb global_colors_info=\u00bb{}\u00bb][et_pb_text _builder_version=\u00bb4.27.4&#8243; _module_preset=\u00bbdefault\u00bb custom_padding=\u00bb||2px|1px||\u00bb global_colors_info=\u00bb{}\u00bb]<\/p>\n<h1>Certificat firma digital<\/h1>\n<h3>Servici amb cita pr\u00e8via<\/h3>\n<p><strong>Sol\u00b7licitar en el correu electr\u00f2nic:<\/strong> <a href=\"mailto:firmadigital@museros.es\">firmadigital@museros.es<\/a><\/p>\n<p>Una vegada tinga assignada la cita, haur\u00e0 de dirigir-se a les oficines de l&#8217;ajuntament, en la pla\u00e7a del Castell, 1, i identificar-se amb el seu DNI o NIE.<\/p>\n<p>Museros \u00e9s Punt de Registre d&#8217;Usuaris (PRU) de la Generalitat Valenciana per a que la ciutadania obtinga el certificat digital, tamb\u00e9 conegut com a firma digital.<\/p>\n<p>Qu\u00e8 \u00e9s?<br \/>El certificat o firma digital \u00e9s un document digital que cont\u00e9 les nostres dades identificatives i confirma la nostra identitat en Internet com a persona f\u00edsica.<\/p>\n<p>Per a qu\u00e8 serveix?<br \/>\u2022 Firmar i xifrar de manera segura qualsevol mena de document electr\u00f2nic fins i tot els missatges de correu electr\u00f2nic.<br \/>\u2022 La identificaci\u00f3 de les persones usu\u00e0ries davant serveis telem\u00e0tics de l&#8217;Administraci\u00f3 p\u00fablica i les entitats privades.<\/p>\n<p><strong>Punt PRU a Museros<\/strong><br \/><strong>Ajuntament de Museros:<\/strong> pla\u00e7a del Castell, 1<br \/>Tel\u00e8fon 96 144 16 80<\/p>\n<p>M\u00e9s informaci\u00f3 en:<\/p>\n<p>[\/et_pb_text][et_pb_image src=\u00bbhttps:\/\/museros.org\/wp-content\/uploads\/2021\/08\/logo-certificacio.jpg\u00bb title_text=\u00bblogo-certificacio\u00bb url=\u00bbhttp:\/\/www.accv.es\/\u00bb url_new_window=\u00bbon\u00bb use_overlay=\u00bbon\u00bb overlay_icon_color=\u00bb#E02B20&#8243; hover_overlay_color=\u00bbrgba(255,255,255,0.68)\u00bb hover_icon=\u00bb&#xe04e;||divi||400&#8243; _builder_version=\u00bb4.16&#8243; _module_preset=\u00bbdefault\u00bb global_colors_info=\u00bb{}\u00bb][\/et_pb_image][et_pb_divider _builder_version=\u00bb4.27.6&#8243; _module_preset=\u00bbdefault\u00bb global_colors_info=\u00bb{}\u00bb][\/et_pb_divider][et_pb_button button_url=\u00bbhttps:\/\/museros.org\/wp-content\/uploads\/2026\/04\/como-instalar-tu-certificado-de-firma-digital-1.pdf\u00bb url_new_window=\u00bbon\u00bb button_text=\u00bbInstruccions d&#8217;instal\u00b7laci\u00f3 del certificat digital\u00bb _builder_version=\u00bb4.27.6&#8243; _module_preset=\u00bbdefault\u00bb global_colors_info=\u00bb{}\u00bb][\/et_pb_button][et_pb_image src=\u00bbhttps:\/\/museros.org\/wp-content\/uploads\/2022\/03\/certificat-pasapas-600&#215;300-1.jpg\u00bb title_text=\u00bbcertificat-pasapas-600&#215;300&#8243; url=\u00bbhttps:\/\/museros.org\/wp-content\/uploads\/2022\/03\/MuserosSEf.mp4&#8243; url_new_window=\u00bbon\u00bb align=\u00bbcenter\u00bb _builder_version=\u00bb4.16&#8243; _module_preset=\u00bbdefault\u00bb custom_margin=\u00bb60px||||false|false\u00bb box_shadow_style=\u00bbpreset3&#8243; locked=\u00bboff\u00bb global_colors_info=\u00bb{}\u00bb][\/et_pb_image][\/et_pb_column][\/et_pb_row][et_pb_row _builder_version=\u00bb4.16&#8243; _module_preset=\u00bbdefault\u00bb custom_margin=\u00bb50px||||false|false\u00bb locked=\u00bboff\u00bb global_colors_info=\u00bb{}\u00bb][et_pb_column type=\u00bb4_4&#8243; _builder_version=\u00bb4.16&#8243; _module_preset=\u00bbdefault\u00bb global_colors_info=\u00bb{}\u00bb][et_pb_divider color=\u00bb#cc0000&#8243; divider_weight=\u00bb4px\u00bb _builder_version=\u00bb4.16&#8243; _module_preset=\u00bbdefault\u00bb global_colors_info=\u00bb{}\u00bb][\/et_pb_divider][\/et_pb_column][\/et_pb_row][\/et_pb_section]<\/p>\n","protected":false},"excerpt":{"rendered":"<p>Certificat firma digital Servici amb cita pr\u00e8via Sol\u00b7licitar en el correu electr\u00f2nic: firmadigital@museros.es Una vegada tinga assignada la cita, haur\u00e0 de dirigir-se a les oficines de l&#8217;ajuntament, en la pla\u00e7a del Castell, 1, i identificar-se amb el seu DNI o NIE. Museros \u00e9s Punt de Registre d&#8217;Usuaris (PRU) de la Generalitat Valenciana per a que [&hellip;]<\/p>\n","protected":false},"author":8,"featured_media":0,"parent":0,"menu_order":0,"comment_status":"closed","ping_status":"closed","template":"","meta":{"_et_pb_use_builder":"on","_et_pb_old_content":"","_et_gb_content_width":"","_mc_calendar":[],"footnotes":""},"wf_page_folders":[387],"class_list":["post-246720","page","type-page","status-publish","hentry"],"_links":{"self":[{"href":"https:\/\/museros.org\/inici\/wp-json\/wp\/v2\/pages\/246720","targetHints":{"allow":["GET"]}}],"collection":[{"href":"https:\/\/museros.org\/inici\/wp-json\/wp\/v2\/pages"}],"about":[{"href":"https:\/\/museros.org\/inici\/wp-json\/wp\/v2\/types\/page"}],"author":[{"embeddable":true,"href":"https:\/\/museros.org\/inici\/wp-json\/wp\/v2\/users\/8"}],"replies":[{"embeddable":true,"href":"https:\/\/museros.org\/inici\/wp-json\/wp\/v2\/comments?post=246720"}],"version-history":[{"count":28,"href":"https:\/\/museros.org\/inici\/wp-json\/wp\/v2\/pages\/246720\/revisions"}],"predecessor-version":[{"id":279439,"href":"https:\/\/museros.org\/inici\/wp-json\/wp\/v2\/pages\/246720\/revisions\/279439"}],"wp:attachment":[{"href":"https:\/\/museros.org\/inici\/wp-json\/wp\/v2\/media?parent=246720"}],"wp:term":[{"taxonomy":"wf_page_folders","embeddable":true,"href":"https:\/\/museros.org\/inici\/wp-json\/wp\/v2\/wf_page_folders?post=246720"}],"curies":[{"name":"wp","href":"https:\/\/api.w.org\/{rel}","templated":true}]}}