{"id":246704,"date":"2021-08-20T08:43:26","date_gmt":"2021-08-20T08:43:26","guid":{"rendered":"https:\/\/museros.org\/?page_id=246704"},"modified":"2022-04-15T16:47:05","modified_gmt":"2022-04-15T16:47:05","slug":"gabinet-psicopedagogic","status":"publish","type":"page","link":"https:\/\/museros.org\/inici\/gabinet-psicopedagogic\/","title":{"rendered":"Gabinet psicopedag\u00f2gic"},"content":{"rendered":"<p>[et_pb_section fb_built=\u00bb1&#8243; _builder_version=\u00bb4.16&#8243; _module_preset=\u00bbdefault\u00bb custom_padding=\u00bb0px||||false|false\u00bb locked=\u00bboff\u00bb global_colors_info=\u00bb{}\u00bb][et_pb_row column_structure=\u00bb1_4,3_4&#8243; _builder_version=\u00bb4.16&#8243; _module_preset=\u00bbdefault\u00bb custom_padding=\u00bb0px||||false|false\u00bb global_colors_info=\u00bb{}\u00bb][et_pb_column type=\u00bb1_4&#8243; _builder_version=\u00bb4.16&#8243; _module_preset=\u00bbdefault\u00bb global_colors_info=\u00bb{}\u00bb][et_pb_image src=\u00bbhttps:\/\/museros.org\/wp-content\/uploads\/2022\/03\/gabinet-psic-180&#215;230-1.jpg\u00bb alt=\u00bbIcono gabinete psicopedag\u00f3gico\u00bb title_text=\u00bbgabinet-psic-180&#215;230&#8243; url=\u00bbhttps:\/\/museros.org\/inici\/area-deducacio\/\u00bb use_overlay=\u00bbon\u00bb overlay_icon_color=\u00bb#E02B20&#8243; hover_overlay_color=\u00bbrgba(255,255,255,0.65)\u00bb hover_icon=\u00bb&#xe04d;||divi||400&#8243; align=\u00bbcenter\u00bb align_tablet=\u00bb\u00bb align_phone=\u00bb\u00bb align_last_edited=\u00bbon|phone\u00bb _builder_version=\u00bb4.16&#8243; _module_preset=\u00bbdefault\u00bb width_tablet=\u00bb45%\u00bb width_phone=\u00bb75%\u00bb width_last_edited=\u00bbon|tablet\u00bb custom_margin=\u00bb0px||||false|false\u00bb global_colors_info=\u00bb{}\u00bb][\/et_pb_image][et_pb_image src=\u00bbhttp:\/\/museros.org\/wp-content\/uploads\/2020\/09\/coronavirus.jpg\u00bb title_text=\u00bbcoronavirus\u00bb align=\u00bbcenter\u00bb _builder_version=\u00bb4.16&#8243; _module_preset=\u00bbdefault\u00bb width_tablet=\u00bb45%\u00bb width_phone=\u00bb75%\u00bb width_last_edited=\u00bbon|phone\u00bb global_colors_info=\u00bb{}\u00bb][\/et_pb_image][et_pb_button button_url=\u00bbhttps:\/\/museros.org\/ca\/comunicat-covid-19\/\u00bb button_text=\u00bbComunicat COVID-19&#8243; button_alignment=\u00bbcenter\u00bb button_alignment_tablet=\u00bb\u00bb button_alignment_phone=\u00bb\u00bb button_alignment_last_edited=\u00bbon|phone\u00bb _builder_version=\u00bb4.16&#8243; _module_preset=\u00bbdefault\u00bb custom_button=\u00bbon\u00bb button_text_color=\u00bb#ffffff\u00bb button_bg_color=\u00bb#cc3333&#8243; button_border_color=\u00bbrgba(0,0,0,0)\u00bb button_border_radius=\u00bb2px\u00bb button_icon=\u00bb&#x35;||divi||400&#8243; button_icon_color=\u00bb#ffffff\u00bb custom_margin=\u00bb||25px||false|false\u00bb global_colors_info=\u00bb{}\u00bb][\/et_pb_button][\/et_pb_column][et_pb_column type=\u00bb3_4&#8243; _builder_version=\u00bb4.16&#8243; _module_preset=\u00bbdefault\u00bb global_colors_info=\u00bb{}\u00bb][et_pb_text _builder_version=\u00bb4.16&#8243; _module_preset=\u00bbdefault\u00bb custom_padding=\u00bb0px||0px|0px|false|false\u00bb global_colors_info=\u00bb{}\u00bb]<\/p>\n<h2>\u00a0Gabinet Psicopedag\u00f2gic Municipal<\/h2>\n<p>&nbsp;<\/p>\n<p>El Gabinet Psicopedag\u00f2gic \u00e9s un servei municipal d&#8217;orientaci\u00f3 educativa, psicopedag\u00f2gica i professional que desenvolupa la seua tasca en diferents \u00e0mbits.<\/p>\n<p>Des de l&#8217;\u00e0mbit educatiu, el Gabinet interv\u00e9 en el centre d&#8217;educaci\u00f3 infantil i prim\u00e0ria de Museros i en l&#8217;Escola Infantil de Primer Cicle Municipal. Participa en el suport t\u00e8cnic i en l&#8217;assessorament psicopedag\u00f2gic en aquests centres en q\u00fcestions com:<\/p>\n<ul>\n<li>Assessora el professorat en el tractament de la diversitat i en el disseny de procediments i instruments d&#8217;avaluaci\u00f3 en el proc\u00e9s d&#8217;ensenyament-aprenentatge.<\/li>\n<li>Col\u00b7labora en la prevenci\u00f3 i detecci\u00f3 de les condicions que dificulten o faciliten el desenvolupament personal i el proc\u00e9s d&#8217;aprenentatge de l&#8217;alumnat i en l&#8217;elaboraci\u00f3 de les adaptacions curriculars.<\/li>\n<li>Realitza l&#8217;orientaci\u00f3 psicopedag\u00f2gica sobre el proc\u00e9s d&#8217;ensenyament-aprenentatge i sobre l&#8217;adaptaci\u00f3 personal i social en l&#8217;\u00e0mbit educatiu.<\/li>\n<li>Realitza l&#8217;avaluaci\u00f3 i la valoraci\u00f3 psicopedag\u00f2giques de l&#8217;alumnat amb necessitats educatives especials per a la determinaci\u00f3 de l&#8217;escolaritzaci\u00f3 m\u00e9s adequada i, si es cau, l&#8217;elaboraci\u00f3 de la proposta d&#8217;adaptaci\u00f3 curricular corresponent.<\/li>\n<li>Participa en l&#8217;assessorament a les fam\u00edlies i participa en el desenvolupament de programes formatius de pares de l&#8217;alumnat.<\/li>\n<\/ul>\n<p>Des de l&#8217;\u00e0mbit psicoterap\u00e8utic, el Gabinet realitza intervencions en psicoter\u00e0pia individual, familiar, de parella, de grup&#8230; en actuar des de la pr\u00e0ctica cl\u00ednica i des del desenvolupament personal.<\/p>\n<p>Des de l&#8217;\u00e0mbit social, el Gabinet forma part de l&#8217;equip municipal de Serveis Socials, on desenvolupa les tasques d&#8217;informaci\u00f3, detecci\u00f3 i derivaci\u00f3 a les treballadores socials de qualsevol problem\u00e0tica derivada de menors, dona, fam\u00edlia, etc.<\/p>\n<p>Un servei a c\u00e0rrec de:<br \/>Rosa M. Sep\u00falveda Moreno, psic\u00f2loga<\/p>\n<p>A el CEIP de Blasco Ib\u00e1\u00f1ez:<br \/>\u2022 Edifici de prim\u00e0ria: dilluns, dimecres i dijous de 09.00 h a 15.00 h<br \/>\u2022 Edifici d&#8217;infantil: dimarts i divendres de 09.00 h a 13.00 h<\/p>\n<p>A l&#8217;Ajuntament:<br \/>\u2022 Divendres, de 13.00 h a 15.00 h, amb cita pr\u00e8via.<\/p>\n<p>Sol\u00b7licitar cita pr\u00e8via en el tel\u00e8fon 665 595 515 o escrivint a <a href=\"mailto:psicologa@museros.es\">psicologa@museros.es<\/a><\/p>\n<p>[\/et_pb_text][et_pb_image src=\u00bbhttp:\/\/museros.org\/wp-content\/uploads\/2020\/09\/gabinete-psicopedagogico-800&#215;450-1.jpg\u00bb title_text=\u00bbgabinete-psicopedagogico-800&#215;450&#8243; src_tablet=\u00bb\u00bb src_phone=\u00bb\u00bb src_last_edited=\u00bbon|phone\u00bb _builder_version=\u00bb4.16&#8243; _module_preset=\u00bbdefault\u00bb custom_margin=\u00bb||||false|false\u00bb custom_padding=\u00bb30px||||false|false\u00bb global_colors_info=\u00bb{}\u00bb][\/et_pb_image][\/et_pb_column][\/et_pb_row][et_pb_row _builder_version=\u00bb4.16&#8243; _module_preset=\u00bbdefault\u00bb global_colors_info=\u00bb{}\u00bb][et_pb_column type=\u00bb4_4&#8243; _builder_version=\u00bb4.16&#8243; _module_preset=\u00bbdefault\u00bb global_colors_info=\u00bb{}\u00bb][et_pb_divider color=\u00bb#cc0000&#8243; divider_weight=\u00bb4px\u00bb _builder_version=\u00bb4.16&#8243; _module_preset=\u00bbdefault\u00bb global_colors_info=\u00bb{}\u00bb][\/et_pb_divider][\/et_pb_column][\/et_pb_row][\/et_pb_section]<\/p>\n","protected":false},"excerpt":{"rendered":"<p>\u00a0Gabinet Psicopedag\u00f2gic Municipal &nbsp; El Gabinet Psicopedag\u00f2gic \u00e9s un servei municipal d&#8217;orientaci\u00f3 educativa, psicopedag\u00f2gica i professional que desenvolupa la seua tasca en diferents \u00e0mbits. Des de l&#8217;\u00e0mbit educatiu, el Gabinet interv\u00e9 en el centre d&#8217;educaci\u00f3 infantil i prim\u00e0ria de Museros i en l&#8217;Escola Infantil de Primer Cicle Municipal. Participa en el suport t\u00e8cnic i en [&hellip;]<\/p>\n","protected":false},"author":8,"featured_media":0,"parent":0,"menu_order":0,"comment_status":"closed","ping_status":"closed","template":"","meta":{"_et_pb_use_builder":"on","_et_pb_old_content":"","_et_gb_content_width":"","_mc_calendar":[],"footnotes":""},"wf_page_folders":[385],"class_list":["post-246704","page","type-page","status-publish","hentry"],"_links":{"self":[{"href":"https:\/\/museros.org\/inici\/wp-json\/wp\/v2\/pages\/246704","targetHints":{"allow":["GET"]}}],"collection":[{"href":"https:\/\/museros.org\/inici\/wp-json\/wp\/v2\/pages"}],"about":[{"href":"https:\/\/museros.org\/inici\/wp-json\/wp\/v2\/types\/page"}],"author":[{"embeddable":true,"href":"https:\/\/museros.org\/inici\/wp-json\/wp\/v2\/users\/8"}],"replies":[{"embeddable":true,"href":"https:\/\/museros.org\/inici\/wp-json\/wp\/v2\/comments?post=246704"}],"version-history":[{"count":21,"href":"https:\/\/museros.org\/inici\/wp-json\/wp\/v2\/pages\/246704\/revisions"}],"predecessor-version":[{"id":258030,"href":"https:\/\/museros.org\/inici\/wp-json\/wp\/v2\/pages\/246704\/revisions\/258030"}],"wp:attachment":[{"href":"https:\/\/museros.org\/inici\/wp-json\/wp\/v2\/media?parent=246704"}],"wp:term":[{"taxonomy":"wf_page_folders","embeddable":true,"href":"https:\/\/museros.org\/inici\/wp-json\/wp\/v2\/wf_page_folders?post=246704"}],"curies":[{"name":"wp","href":"https:\/\/api.w.org\/{rel}","templated":true}]}}