{"id":246673,"date":"2021-08-20T07:45:43","date_gmt":"2021-08-20T07:45:43","guid":{"rendered":"https:\/\/museros.org\/?page_id=246673"},"modified":"2024-11-18T11:12:13","modified_gmt":"2024-11-18T11:12:13","slug":"omic-en-linia","status":"publish","type":"page","link":"https:\/\/museros.org\/inici\/omic-en-linia\/","title":{"rendered":"OMIC en l\u00ednia"},"content":{"rendered":"<p>[et_pb_section fb_built=\u00bb1&#8243; _builder_version=\u00bb4.16&#8243; _module_preset=\u00bbdefault\u00bb custom_padding=\u00bb0px||||false|false\u00bb locked=\u00bboff\u00bb global_colors_info=\u00bb{}\u00bb][et_pb_row column_structure=\u00bb1_3,2_3&#8243; use_custom_gutter=\u00bbon\u00bb gutter_width=\u00bb3&#8243; _builder_version=\u00bb4.16&#8243; _module_preset=\u00bbdefault\u00bb custom_padding=\u00bb0px||||false|false\u00bb locked=\u00bboff\u00bb global_colors_info=\u00bb{}\u00bb][et_pb_column type=\u00bb1_3&#8243; _builder_version=\u00bb4.16&#8243; _module_preset=\u00bbdefault\u00bb global_colors_info=\u00bb{}\u00bb][et_pb_image src=\u00bbhttps:\/\/museros.org\/wp-content\/uploads\/2021\/08\/logo-omic-vl.jpg\u00bb title_text=\u00bblogo-omic-vl\u00bb url=\u00bbhttps:\/\/museros.org\/ca\/inici\u00bb use_overlay=\u00bbon\u00bb overlay_icon_color=\u00bb#E02B20&#8243; hover_overlay_color=\u00bbrgba(255,255,255,0.66)\u00bb hover_icon=\u00bb&#xe04d;||divi||400&#8243; align=\u00bbcenter\u00bb _builder_version=\u00bb4.16&#8243; _module_preset=\u00bbdefault\u00bb global_colors_info=\u00bb{}\u00bb][\/et_pb_image][\/et_pb_column][et_pb_column type=\u00bb2_3&#8243; _builder_version=\u00bb4.16&#8243; _module_preset=\u00bbdefault\u00bb global_colors_info=\u00bb{}\u00bb][et_pb_text _builder_version=\u00bb4.16&#8243; _module_preset=\u00bbdefault\u00bb global_colors_info=\u00bb{}\u00bb]<\/p>\n<h1>Oficina Municipal d&#8217;Informaci\u00f3 al Consumidor<\/h1>\n<p>[\/et_pb_text][et_pb_text _builder_version=\u00bb4.27.3&#8243; _module_preset=\u00bbdefault\u00bb custom_margin=\u00bb||-1px||false|false\u00bb hover_enabled=\u00bb0&#8243; global_colors_info=\u00bb{}\u00bb sticky_enabled=\u00bb0&#8243;]<\/p>\n<p>L&#8217;Oficina Municipal d&#8217;Informaci\u00f3 al Consumidor \u00e9s un servei totalment gratu\u00eft, prestat per la Mancomunitat de l&#8217;Horta Nord, als municipis que la integren, amb la finalitat d&#8217;assessorar-los en les seues decisions de consum, informar-los dels seus drets i defensar-los, quan aquests hagen sigut vulnerats.<\/p>\n<h4>Com contactar<\/h4>\n<p>En l&#8217;horari d&#8217;atenci\u00f3 al p\u00fablic de l&#8217;Ajuntament, els dijous de 09.00 h a 12.00 h, via correu eletr\u00f2nic: <a href=\"mailto:omic@mhnord.es\" target=\"_blank\" rel=\"noopener\">omic@mhnord.es<\/a> o cita pr\u00e8via en el tel\u00e8fon 96 144 16 80.<\/p>\n<h4>Funcions:<\/h4>\n<p>&#8211; Assessorament jur\u00eddic especialitzat en mat\u00e8ria de consum.<br \/>&#8211; Recepci\u00f3 i gesti\u00f3 de reclamacions, queixes i den\u00fancies suscitades per les persones consumidores.<br \/>&#8211; Facilitar informaci\u00f3 d&#8217;adreces d&#8217;altres organismes o entitats d&#8217;inter\u00e9s per al consumidor o per a la consumidora.<br \/>&#8211; Mediaci\u00f3 entre persona consumidora i comerciant per a la resoluci\u00f3 de conflictes.<br \/>&#8211; Col\u00b7laboraci\u00f3 en actuacions d&#8217;inspecci\u00f3.<br \/>&#8211; Elaboraci\u00f3 de fullets i cartells, i la participaci\u00f3 en mitjans de divulgaci\u00f3 locals i comarcals, com televisions, peri\u00f2dics, butlletins municipals&#8230; sobre temes de consum.<br \/>&#8211; Elaboraci\u00f3 i realitzaci\u00f3 de xarrades, tallers, jornades&#8230; tant formatives com informatives, sobre temes d&#8217;inter\u00e9s per a les persones consumidores i usu\u00e0ries de totes les edats: xiquets, mestres o mestressa de casa, tercera edat&#8230;<br \/>&#8211; Col\u00b7laboraci\u00f3 i foment de l&#8217;associacionisme de persones consumidores i usu\u00e0ries.<br \/>&#8211; Distribuci\u00f3 a comerciants de fulls de reclamacions.<br \/>&#8211; Realitzar activitats de col\u00b7laboraci\u00f3 amb el sistema educatiu, en mat\u00e8ria de consum.<\/p>\n<p>M\u00e9s informaci\u00f3: <a href=\"http:\/\/www.hortanord.es\/es\/page\/consumidores\" target=\"_blank\" rel=\"noopener\">http:\/\/www.hortanord.es\/es\/page\/consumidores<\/a><\/p>\n<p>[\/et_pb_text][\/et_pb_column][\/et_pb_row][et_pb_row _builder_version=\u00bb4.16&#8243; _module_preset=\u00bbdefault\u00bb global_colors_info=\u00bb{}\u00bb][et_pb_column type=\u00bb4_4&#8243; _builder_version=\u00bb4.16&#8243; _module_preset=\u00bbdefault\u00bb global_colors_info=\u00bb{}\u00bb][et_pb_divider color=\u00bb#E02B20&#8243; divider_weight=\u00bb4px\u00bb _builder_version=\u00bb4.16&#8243; _module_preset=\u00bbdefault\u00bb global_colors_info=\u00bb{}\u00bb][\/et_pb_divider][\/et_pb_column][\/et_pb_row][\/et_pb_section]<\/p>\n","protected":false},"excerpt":{"rendered":"<p>Oficina Municipal d&#8217;Informaci\u00f3 al ConsumidorL&#8217;Oficina Municipal d&#8217;Informaci\u00f3 al Consumidor \u00e9s un servei totalment gratu\u00eft, prestat per la Mancomunitat de l&#8217;Horta Nord, als municipis que la integren, amb la finalitat d&#8217;assessorar-los en les seues decisions de consum, informar-los dels seus drets i defensar-los, quan aquests hagen sigut vulnerats. Com contactar En l&#8217;horari d&#8217;atenci\u00f3 al p\u00fablic de [&hellip;]<\/p>\n","protected":false},"author":8,"featured_media":0,"parent":0,"menu_order":0,"comment_status":"closed","ping_status":"closed","template":"","meta":{"_et_pb_use_builder":"on","_et_pb_old_content":"","_et_gb_content_width":"","_mc_calendar":[],"footnotes":""},"wf_page_folders":[380],"class_list":["post-246673","page","type-page","status-publish","hentry"],"_links":{"self":[{"href":"https:\/\/museros.org\/inici\/wp-json\/wp\/v2\/pages\/246673","targetHints":{"allow":["GET"]}}],"collection":[{"href":"https:\/\/museros.org\/inici\/wp-json\/wp\/v2\/pages"}],"about":[{"href":"https:\/\/museros.org\/inici\/wp-json\/wp\/v2\/types\/page"}],"author":[{"embeddable":true,"href":"https:\/\/museros.org\/inici\/wp-json\/wp\/v2\/users\/8"}],"replies":[{"embeddable":true,"href":"https:\/\/museros.org\/inici\/wp-json\/wp\/v2\/comments?post=246673"}],"version-history":[{"count":15,"href":"https:\/\/museros.org\/inici\/wp-json\/wp\/v2\/pages\/246673\/revisions"}],"predecessor-version":[{"id":272123,"href":"https:\/\/museros.org\/inici\/wp-json\/wp\/v2\/pages\/246673\/revisions\/272123"}],"wp:attachment":[{"href":"https:\/\/museros.org\/inici\/wp-json\/wp\/v2\/media?parent=246673"}],"wp:term":[{"taxonomy":"wf_page_folders","embeddable":true,"href":"https:\/\/museros.org\/inici\/wp-json\/wp\/v2\/wf_page_folders?post=246673"}],"curies":[{"name":"wp","href":"https:\/\/api.w.org\/{rel}","templated":true}]}}