{"id":246571,"date":"2021-08-19T20:46:57","date_gmt":"2021-08-19T20:46:57","guid":{"rendered":"https:\/\/museros.org\/?page_id=246571"},"modified":"2022-04-14T15:41:15","modified_gmt":"2022-04-14T15:41:15","slug":"gossos-potencialment-perillosos","status":"publish","type":"page","link":"https:\/\/museros.org\/inici\/gossos-potencialment-perillosos\/","title":{"rendered":"Gossos potencialment perillosos"},"content":{"rendered":"<p>[et_pb_section fb_built=\u00bb1&#8243; _builder_version=\u00bb4.16&#8243; _module_preset=\u00bbdefault\u00bb custom_padding=\u00bb0px||||false|false\u00bb locked=\u00bboff\u00bb global_colors_info=\u00bb{}\u00bb][et_pb_row column_structure=\u00bb1_4,3_4&#8243; _builder_version=\u00bb4.16&#8243; _module_preset=\u00bbdefault\u00bb min_height=\u00bb660.3px\u00bb custom_margin=\u00bb0px||0px||false|false\u00bb custom_padding=\u00bb0px||0px||false|false\u00bb global_colors_info=\u00bb{}\u00bb][et_pb_column type=\u00bb1_4&#8243; _builder_version=\u00bb4.16&#8243; _module_preset=\u00bbdefault\u00bb global_colors_info=\u00bb{}\u00bb][et_pb_image src=\u00bbhttps:\/\/museros.org\/wp-content\/uploads\/2021\/08\/logo-gossos-pp-200&#215;160-1.jpg\u00bb title_text=\u00bblogo-gossos-pp-200&#215;160&#8243; url=\u00bbhttps:\/\/museros.org\/inici\/area-de-seguretat-ciutadana\u00bb use_overlay=\u00bbon\u00bb overlay_icon_color=\u00bb#E02B20&#8243; hover_overlay_color=\u00bbrgba(255,255,255,0.7)\u00bb hover_icon=\u00bb&#xe04d;||divi||400&#8243; align=\u00bbcenter\u00bb _builder_version=\u00bb4.16&#8243; _module_preset=\u00bbdefault\u00bb global_colors_info=\u00bb{}\u00bb][\/et_pb_image][\/et_pb_column][et_pb_column type=\u00bb3_4&#8243; _builder_version=\u00bb4.16&#8243; _module_preset=\u00bbdefault\u00bb global_colors_info=\u00bb{}\u00bb][et_pb_text _builder_version=\u00bb4.17.0&#8243; _module_preset=\u00bbdefault\u00bb custom_padding=\u00bb3px|||||\u00bb global_colors_info=\u00bb{}\u00bb]<\/p>\n<h1>Gossos potencialment perillosos PPP<\/h1>\n<p>La llei estatal registra 8 races de gos catalogats com PPP: Pit bull terrier, Staffordshire bull terrier, American staffordshire terrier, Rottweiler, Dogo Argentino, Fila Brasile\u00f1o, Tosa inu y Akita inu.<\/p>\n<p>[\/et_pb_text][et_pb_slider _builder_version=\u00bb4.16&#8243; _module_preset=\u00bbdefault\u00bb custom_margin=\u00bb40px||40px||false|false\u00bb custom_padding=\u00bb||||false|false\u00bb global_colors_info=\u00bb{}\u00bb][et_pb_slide heading=\u00bbPit bull terrier\u00bb image=\u00bbhttps:\/\/museros.org\/wp-content\/uploads\/2021\/06\/pitbullterrier.jpeg\u00bb use_bg_overlay=\u00bboff\u00bb use_text_overlay=\u00bboff\u00bb _builder_version=\u00bb4.16&#8243; _module_preset=\u00bbdefault\u00bb header_font_size=\u00bb25px\u00bb background_color=\u00bb#663366&#8243; background_enable_color=\u00bbon\u00bb width=\u00bb100%\u00bb custom_padding=\u00bb||||false|false\u00bb global_colors_info=\u00bb{}\u00bb sticky_transition=\u00bbon\u00bb][\/et_pb_slide][et_pb_slide heading=\u00bbStaffordshire bull terrier\u00bb image=\u00bbhttps:\/\/museros.org\/wp-content\/uploads\/2021\/06\/staffordshirebullterrier.jpeg\u00bb use_bg_overlay=\u00bboff\u00bb use_text_overlay=\u00bboff\u00bb _builder_version=\u00bb4.16&#8243; _module_preset=\u00bbdefault\u00bb header_font_size=\u00bb25px\u00bb background_color=\u00bb#663366&#8243; background_enable_color=\u00bbon\u00bb custom_padding=\u00bb||||false|false\u00bb global_colors_info=\u00bb{}\u00bb sticky_transition=\u00bbon\u00bb][\/et_pb_slide][et_pb_slide heading=\u00bbAmerican staffordshire terrier\u00bb image=\u00bbhttps:\/\/museros.org\/wp-content\/uploads\/2021\/06\/american-staffordshire-terrier.jpeg\u00bb use_bg_overlay=\u00bboff\u00bb use_text_overlay=\u00bboff\u00bb _builder_version=\u00bb4.16&#8243; _module_preset=\u00bbdefault\u00bb header_font_size=\u00bb25px\u00bb background_color=\u00bb#663366&#8243; background_enable_color=\u00bbon\u00bb custom_padding=\u00bb||||false|false\u00bb global_colors_info=\u00bb{}\u00bb sticky_transition=\u00bbon\u00bb][\/et_pb_slide][et_pb_slide heading=\u00bbRottweiler\u00bb image=\u00bbhttps:\/\/museros.org\/wp-content\/uploads\/2021\/06\/rottweiler.jpeg\u00bb use_bg_overlay=\u00bboff\u00bb use_text_overlay=\u00bboff\u00bb _builder_version=\u00bb4.16&#8243; _module_preset=\u00bbdefault\u00bb header_font_size=\u00bb25px\u00bb background_color=\u00bb#663366&#8243; background_enable_color=\u00bbon\u00bb custom_padding=\u00bb||||false|false\u00bb global_colors_info=\u00bb{}\u00bb sticky_transition=\u00bbon\u00bb][\/et_pb_slide][et_pb_slide heading=\u00bbDogo Argentino\u00bb image=\u00bbhttps:\/\/museros.org\/wp-content\/uploads\/2021\/06\/dogoargentino.jpeg\u00bb use_bg_overlay=\u00bboff\u00bb use_text_overlay=\u00bboff\u00bb _builder_version=\u00bb4.16&#8243; _module_preset=\u00bbdefault\u00bb header_font_size=\u00bb25px\u00bb background_color=\u00bb#663366&#8243; background_enable_color=\u00bbon\u00bb custom_padding=\u00bb||||false|false\u00bb global_colors_info=\u00bb{}\u00bb sticky_transition=\u00bbon\u00bb][\/et_pb_slide][et_pb_slide heading=\u00bbFila Brasile\u00f1o\u00bb image=\u00bbhttps:\/\/museros.org\/wp-content\/uploads\/2021\/06\/filabrasileiro.jpeg\u00bb use_bg_overlay=\u00bboff\u00bb use_text_overlay=\u00bboff\u00bb _builder_version=\u00bb4.16&#8243; _module_preset=\u00bbdefault\u00bb header_font_size=\u00bb25px\u00bb background_color=\u00bb#663366&#8243; background_enable_color=\u00bbon\u00bb custom_padding=\u00bb||||false|false\u00bb global_colors_info=\u00bb{}\u00bb sticky_transition=\u00bbon\u00bb][\/et_pb_slide][et_pb_slide heading=\u00bbTosa inu\u00bb image=\u00bbhttps:\/\/museros.org\/wp-content\/uploads\/2021\/06\/tosainu.jpeg\u00bb use_bg_overlay=\u00bboff\u00bb use_text_overlay=\u00bboff\u00bb _builder_version=\u00bb4.16&#8243; _module_preset=\u00bbdefault\u00bb header_font_size=\u00bb25px\u00bb background_color=\u00bb#663366&#8243; background_enable_color=\u00bbon\u00bb custom_padding=\u00bb||||false|false\u00bb global_colors_info=\u00bb{}\u00bb sticky_transition=\u00bbon\u00bb][\/et_pb_slide][et_pb_slide heading=\u00bbAkita inu\u00bb image=\u00bbhttps:\/\/museros.org\/wp-content\/uploads\/2021\/06\/akitainu.jpeg\u00bb use_bg_overlay=\u00bboff\u00bb use_text_overlay=\u00bboff\u00bb _builder_version=\u00bb4.16&#8243; _module_preset=\u00bbdefault\u00bb header_font_size=\u00bb25px\u00bb background_color=\u00bb#663366&#8243; background_enable_color=\u00bbon\u00bb custom_padding=\u00bb||||false|false\u00bb global_colors_info=\u00bb{}\u00bb sticky_transition=\u00bbon\u00bb][\/et_pb_slide][\/et_pb_slider][et_pb_text _builder_version=\u00bb4.16&#8243; _module_preset=\u00bbdefault\u00bb custom_margin=\u00bb||30px||false|false\u00bb global_colors_info=\u00bb{}\u00bb]<\/p>\n<p>La tinen\u00e7a d&#8217;aquesta mena d&#8217;animals requereix, per part del seu propietari, forqueta o posse\u00efdor l&#8217;obtenci\u00f3 pr\u00e8via d&#8217;una llic\u00e8ncia administrativa que autoritze la seua tinen\u00e7a, a m\u00e9s d&#8217;inscriure els animals que posse\u00efsca en un registre municipal d&#8217;animals potencialment perillosos.<\/p>\n<p>[\/et_pb_text][et_pb_button button_url=\u00bbhttps:\/\/museros.org\/wp-content\/uploads\/2022\/04\/a-sollicitud-llicencia-gosos-perillosos.pdf\u00bb url_new_window=\u00bbon\u00bb button_text=\u00bbSol\u00b7licitud de llic\u00e8ncia per a la tinen\u00e7a d&#8217;animal perill\u00f3s\u00bb _builder_version=\u00bb4.17.0&#8243; _module_preset=\u00bbdefault\u00bb hover_enabled=\u00bb0&#8243; global_colors_info=\u00bb{}\u00bb sticky_enabled=\u00bb0&#8243;][\/et_pb_button][et_pb_button button_url=\u00bbhttps:\/\/museros.org\/wp-content\/uploads\/2022\/04\/a-declaracio-responsable-gosos-perillosos.pdf\u00bb url_new_window=\u00bbon\u00bb button_text=\u00bbDeclaraci\u00f3 responsable de tinen\u00e7a d&#8217;animal perill\u00f3s\u00bb _builder_version=\u00bb4.17.0&#8243; _module_preset=\u00bbdefault\u00bb hover_enabled=\u00bb0&#8243; global_colors_info=\u00bb{}\u00bb sticky_enabled=\u00bb0&#8243;][\/et_pb_button][et_pb_button button_url=\u00bbhttps:\/\/ayuntamientomuseros.tributoslocales.es\/461775\/AMUSEROS\/tasas\u00bb url_new_window=\u00bbon\u00bb button_text=\u00bbTaxa sobre la tinen\u00e7a d&#8217;animals\u00bb _builder_version=\u00bb4.17.0&#8243; _module_preset=\u00bbdefault\u00bb global_colors_info=\u00bb{}\u00bb][\/et_pb_button][\/et_pb_column][\/et_pb_row][et_pb_row _builder_version=\u00bb4.16&#8243; _module_preset=\u00bbdefault\u00bb global_colors_info=\u00bb{}\u00bb][et_pb_column type=\u00bb4_4&#8243; _builder_version=\u00bb4.16&#8243; _module_preset=\u00bbdefault\u00bb global_colors_info=\u00bb{}\u00bb][et_pb_divider color=\u00bb#E02B20&#8243; divider_weight=\u00bb4px\u00bb _builder_version=\u00bb4.16&#8243; _module_preset=\u00bbdefault\u00bb global_colors_info=\u00bb{}\u00bb][\/et_pb_divider][\/et_pb_column][\/et_pb_row][\/et_pb_section]<\/p>\n","protected":false},"excerpt":{"rendered":"<p>Gossos potencialment perillosos PPP La llei estatal registra 8 races de gos catalogats com PPP: Pit bull terrier, Staffordshire bull terrier, American staffordshire terrier, Rottweiler, Dogo Argentino, Fila Brasile\u00f1o, Tosa inu y Akita inu.La tinen\u00e7a d&#8217;aquesta mena d&#8217;animals requereix, per part del seu propietari, forqueta o posse\u00efdor l&#8217;obtenci\u00f3 pr\u00e8via d&#8217;una llic\u00e8ncia administrativa que autoritze la [&hellip;]<\/p>\n","protected":false},"author":8,"featured_media":0,"parent":0,"menu_order":0,"comment_status":"closed","ping_status":"closed","template":"","meta":{"_et_pb_use_builder":"on","_et_pb_old_content":"","_et_gb_content_width":"","_mc_calendar":[],"footnotes":""},"wf_page_folders":[278],"class_list":["post-246571","page","type-page","status-publish","hentry"],"_links":{"self":[{"href":"https:\/\/museros.org\/inici\/wp-json\/wp\/v2\/pages\/246571","targetHints":{"allow":["GET"]}}],"collection":[{"href":"https:\/\/museros.org\/inici\/wp-json\/wp\/v2\/pages"}],"about":[{"href":"https:\/\/museros.org\/inici\/wp-json\/wp\/v2\/types\/page"}],"author":[{"embeddable":true,"href":"https:\/\/museros.org\/inici\/wp-json\/wp\/v2\/users\/8"}],"replies":[{"embeddable":true,"href":"https:\/\/museros.org\/inici\/wp-json\/wp\/v2\/comments?post=246571"}],"version-history":[{"count":15,"href":"https:\/\/museros.org\/inici\/wp-json\/wp\/v2\/pages\/246571\/revisions"}],"predecessor-version":[{"id":257903,"href":"https:\/\/museros.org\/inici\/wp-json\/wp\/v2\/pages\/246571\/revisions\/257903"}],"wp:attachment":[{"href":"https:\/\/museros.org\/inici\/wp-json\/wp\/v2\/media?parent=246571"}],"wp:term":[{"taxonomy":"wf_page_folders","embeddable":true,"href":"https:\/\/museros.org\/inici\/wp-json\/wp\/v2\/wf_page_folders?post=246571"}],"curies":[{"name":"wp","href":"https:\/\/api.w.org\/{rel}","templated":true}]}}