{"id":246556,"date":"2021-08-19T20:21:17","date_gmt":"2021-08-19T20:21:17","guid":{"rendered":"https:\/\/museros.org\/?page_id=246556"},"modified":"2025-06-30T12:41:33","modified_gmt":"2025-06-30T12:41:33","slug":"junta-local-de-seguretat","status":"publish","type":"page","link":"https:\/\/museros.org\/inici\/junta-local-de-seguretat\/","title":{"rendered":"Junta Local de Seguretat"},"content":{"rendered":"<p>[et_pb_section fb_built=\u00bb1&#8243; _builder_version=\u00bb4.16&#8243; _module_preset=\u00bbdefault\u00bb custom_padding=\u00bb0px||54px||false|false\u00bb locked=\u00bboff\u00bb global_colors_info=\u00bb{}\u00bb][et_pb_row column_structure=\u00bb1_4,3_4&#8243; _builder_version=\u00bb4.16&#8243; _module_preset=\u00bbdefault\u00bb custom_margin=\u00bb0px||||false|false\u00bb custom_padding=\u00bb0px||||false|false\u00bb global_colors_info=\u00bb{}\u00bb][et_pb_column type=\u00bb1_4&#8243; _builder_version=\u00bb4.16&#8243; _module_preset=\u00bbdefault\u00bb global_colors_info=\u00bb{}\u00bb][et_pb_image src=\u00bbhttps:\/\/museros.org\/wp-content\/uploads\/2021\/08\/base-jl-seguretat-200&#215;160-1.jpg\u00bb title_text=\u00bbbase-jl-seguretat-200&#215;160&#8243; url=\u00bbhttps:\/\/museros.org\/inici\/area-de-seguretat-ciutadana\u00bb use_overlay=\u00bbon\u00bb overlay_icon_color=\u00bb#E02B20&#8243; hover_overlay_color=\u00bbrgba(255,255,255,0.7)\u00bb hover_icon=\u00bb&#xe04d;||divi||400&#8243; align=\u00bbcenter\u00bb _builder_version=\u00bb4.16&#8243; _module_preset=\u00bbdefault\u00bb width=\u00bb100%\u00bb module_alignment=\u00bbcenter\u00bb global_colors_info=\u00bb{}\u00bb][\/et_pb_image][\/et_pb_column][et_pb_column type=\u00bb3_4&#8243; _builder_version=\u00bb4.16&#8243; _module_preset=\u00bbdefault\u00bb global_colors_info=\u00bb{}\u00bb][et_pb_text _builder_version=\u00bb4.27.4&#8243; _module_preset=\u00bbdefault\u00bb global_colors_info=\u00bb{}\u00bb]<\/p>\n<h1><strong>L&#8217;Ajuntament de Museros convoca la Junta Local de Seguretat per a preparar les seues festes<\/strong><\/h1>\n<p>L&#8217;Ajuntament de Museros ha convocat la Junta Local de Seguretat per a preparar i coordinar l&#8217;operatiu d&#8217;actuaci\u00f3 de les festes patronals de 2025. La trobada ha tingut lloc hui, 30 de juny, en el sal\u00f3 de plens del consistori.<\/p>\n<p>La reuni\u00f3 ha sigut presidida per l&#8217;alcaldessa, Cristina Civera, davant representants de la subdelegaci\u00f3 del govern de Val\u00e8ncia i de les forces i cossos de seguretat: Gu\u00e0rdia Civil, policia local i Policia Nacional.<\/p>\n<p>En la sessi\u00f3, des de la subdelegaci\u00f3 del govern i Gu\u00e0rdia Civil, s&#8217;ha felicitat l&#8217;alcaldessa i al cap de la policia local de Museros pel nombre d&#8217;agents i personal de seguretat privada destinats en l&#8217;operatiu de les festes patronals, que comen\u00e7aran el 26 de juliol amb el tradicional \u2018txupinazo\u2019. Enguany, a m\u00e9s, es tornar\u00e0 a comptar amb dues unitats canines, i hi haur\u00e0 de nou Punt Violeta. Respecte a la coordinaci\u00f3 de les actuacions en mat\u00e8ria de viol\u00e8ncia de g\u00e8nere, s&#8217;ha destacat la import\u00e0ncia que la ciutadania dispose d\u2019Alertcops, una aplicaci\u00f3 m\u00f2bil gratu\u00efta desenvolupada pel Ministeri de l&#8217;Interior d&#8217;Espanya, que serveix com a canal de comunicaci\u00f3 entre ciutadans i Policia Nacional i Gu\u00e0rdia Civil, i que permet enviar alertes de seguretat geolocalitzades, informaci\u00f3, o den\u00fancies sobre actes delictius o incid\u00e8ncies de seguretat. Davant un cas de viol\u00e8ncia masclista, tamb\u00e9 es pot utilitzar el 016, que no deixa rastre en la factura de telefonia, o el Whatsapp 600 000 016.<\/p>\n<p>\u201cVolem que les nostres ve\u00efnes i ve\u00efns, aix\u00ed com qualsevol persona que ens visite, se senta segur i gaudisca de les festes amb tranquil\u00b7litat, per a la qual cosa destinarem tots els recursos disponibles i actuarem de manera coordinada amb totes les forces de seguretat\u201d, ha explicat Cristina Civera. Mentre que Roberto S\u00e1nchez, cap de la policia local, ha destacat \u201cel treball en equip i la bona coordinaci\u00f3 de totes les forces de seguretat per a evitar i minimitzar qualsevol conflicte durant els actes festius\u201d.<\/p>\n<p>D&#8217;altra banda, en la reuni\u00f3 s&#8217;ha realitzat tamb\u00e9 el seguiment de la problem\u00e0tica d&#8217;uns habitatges ocupats il\u00b7legalment en el municipi. Des de la Gu\u00e0rdia Civil juntament amb la policia local s&#8217;han posat en com\u00fa les accions realitzades i s\u2019ha informat que la situaci\u00f3 es troba dins de les compet\u00e8ncies judicials. Civera es reunir\u00e0 aquesta setmana amb el jutge deg\u00e0 del jutjat de Massamagrell per a con\u00e9ixer de primera m\u00e0 en quina situaci\u00f3 es troba el procediment judicial.<\/p>\n<p>[\/et_pb_text][\/et_pb_column][\/et_pb_row][et_pb_row column_structure=\u00bb1_3,1_3,1_3&#8243; _builder_version=\u00bb4.16&#8243; _module_preset=\u00bbdefault\u00bb global_colors_info=\u00bb{}\u00bb][et_pb_column type=\u00bb1_3&#8243; _builder_version=\u00bb4.16&#8243; _module_preset=\u00bbdefault\u00bb global_colors_info=\u00bb{}\u00bb][et_pb_image src=\u00bbhttps:\/\/museros.org\/wp-content\/uploads\/2025\/06\/junta-seguretat-juny-25.jpeg\u00bb title_text=\u00bbjunta seguretat juny 25&#8243; _builder_version=\u00bb4.27.4&#8243; _module_preset=\u00bbdefault\u00bb global_colors_info=\u00bb{}\u00bb][\/et_pb_image][\/et_pb_column][et_pb_column type=\u00bb1_3&#8243; _builder_version=\u00bb4.16&#8243; _module_preset=\u00bbdefault\u00bb global_colors_info=\u00bb{}\u00bb][et_pb_image src=\u00bbhttps:\/\/museros.org\/wp-content\/uploads\/2025\/06\/junta-seguretat-Museros-juny-25.jpeg\u00bb title_text=\u00bbjunta seguretat Museros juny 25&#8243; _builder_version=\u00bb4.27.4&#8243; _module_preset=\u00bbdefault\u00bb global_colors_info=\u00bb{}\u00bb][\/et_pb_image][\/et_pb_column][et_pb_column type=\u00bb1_3&#8243; _builder_version=\u00bb4.16&#8243; _module_preset=\u00bbdefault\u00bb global_colors_info=\u00bb{}\u00bb][et_pb_image src=\u00bbhttps:\/\/museros.org\/wp-content\/uploads\/2025\/06\/Junta-seguretat-2025.jpeg\u00bb title_text=\u00bbJunta seguretat 2025&#8243; _builder_version=\u00bb4.27.4&#8243; _module_preset=\u00bbdefault\u00bb global_colors_info=\u00bb{}\u00bb][\/et_pb_image][\/et_pb_column][\/et_pb_row][et_pb_row _builder_version=\u00bb4.16&#8243; _module_preset=\u00bbdefault\u00bb custom_margin=\u00bb30px||0px||false|false\u00bb global_colors_info=\u00bb{}\u00bb][et_pb_column type=\u00bb4_4&#8243; _builder_version=\u00bb4.16&#8243; _module_preset=\u00bbdefault\u00bb global_colors_info=\u00bb{}\u00bb][et_pb_divider color=\u00bb#E02B20&#8243; divider_weight=\u00bb4px\u00bb _builder_version=\u00bb4.16&#8243; _module_preset=\u00bbdefault\u00bb global_colors_info=\u00bb{}\u00bb][\/et_pb_divider][\/et_pb_column][\/et_pb_row][\/et_pb_section]<\/p>\n","protected":false},"excerpt":{"rendered":"<p>L&#8217;Ajuntament de Museros convoca la Junta Local de Seguretat per a preparar les seues festes L&#8217;Ajuntament de Museros ha convocat la Junta Local de Seguretat per a preparar i coordinar l&#8217;operatiu d&#8217;actuaci\u00f3 de les festes patronals de 2025. La trobada ha tingut lloc hui, 30 de juny, en el sal\u00f3 de plens del consistori. La [&hellip;]<\/p>\n","protected":false},"author":8,"featured_media":0,"parent":0,"menu_order":0,"comment_status":"closed","ping_status":"closed","template":"","meta":{"_et_pb_use_builder":"on","_et_pb_old_content":"","_et_gb_content_width":"","_mc_calendar":[],"footnotes":""},"wf_page_folders":[278],"class_list":["post-246556","page","type-page","status-publish","hentry"],"_links":{"self":[{"href":"https:\/\/museros.org\/inici\/wp-json\/wp\/v2\/pages\/246556","targetHints":{"allow":["GET"]}}],"collection":[{"href":"https:\/\/museros.org\/inici\/wp-json\/wp\/v2\/pages"}],"about":[{"href":"https:\/\/museros.org\/inici\/wp-json\/wp\/v2\/types\/page"}],"author":[{"embeddable":true,"href":"https:\/\/museros.org\/inici\/wp-json\/wp\/v2\/users\/8"}],"replies":[{"embeddable":true,"href":"https:\/\/museros.org\/inici\/wp-json\/wp\/v2\/comments?post=246556"}],"version-history":[{"count":10,"href":"https:\/\/museros.org\/inici\/wp-json\/wp\/v2\/pages\/246556\/revisions"}],"predecessor-version":[{"id":275805,"href":"https:\/\/museros.org\/inici\/wp-json\/wp\/v2\/pages\/246556\/revisions\/275805"}],"wp:attachment":[{"href":"https:\/\/museros.org\/inici\/wp-json\/wp\/v2\/media?parent=246556"}],"wp:term":[{"taxonomy":"wf_page_folders","embeddable":true,"href":"https:\/\/museros.org\/inici\/wp-json\/wp\/v2\/wf_page_folders?post=246556"}],"curies":[{"name":"wp","href":"https:\/\/api.w.org\/{rel}","templated":true}]}}