{"id":246484,"date":"2021-08-19T11:13:39","date_gmt":"2021-08-19T11:13:39","guid":{"rendered":"https:\/\/museros.org\/?page_id=246484"},"modified":"2022-04-14T09:02:58","modified_gmt":"2022-04-14T09:02:58","slug":"proteccio-ciutadana","status":"publish","type":"page","link":"https:\/\/museros.org\/inici\/proteccio-ciutadana\/","title":{"rendered":"Protecci\u00f3 ciutadana"},"content":{"rendered":"<p>[et_pb_section fb_built=\u00bb1&#8243; _builder_version=\u00bb4.17.0&#8243; _module_preset=\u00bbdefault\u00bb custom_padding=\u00bb0px||||false|false\u00bb hover_enabled=\u00bb0&#8243; locked=\u00bboff\u00bb global_colors_info=\u00bb{}\u00bb sticky_enabled=\u00bb0&#8243;][et_pb_row column_structure=\u00bb1_4,3_4&#8243; _builder_version=\u00bb4.16&#8243; _module_preset=\u00bbdefault\u00bb custom_margin=\u00bb0px||0px||false|false\u00bb custom_padding=\u00bb0px||0px||false|false\u00bb locked=\u00bboff\u00bb global_colors_info=\u00bb{}\u00bb][et_pb_column type=\u00bb1_4&#8243; _builder_version=\u00bb4.16&#8243; _module_preset=\u00bbdefault\u00bb global_colors_info=\u00bb{}\u00bb][et_pb_image src=\u00bbhttps:\/\/museros.org\/wp-content\/uploads\/2021\/08\/logo-protecciociut-200&#215;160-1.jpg\u00bb title_text=\u00bblogo-protecciociut-200&#215;160&#8243; url=\u00bbhttps:\/\/museros.org\/inici\/area-de-seguretat-ciutadana\/\u00bb use_overlay=\u00bbon\u00bb overlay_icon_color=\u00bb#E02B20&#8243; hover_overlay_color=\u00bbrgba(255,255,255,0.67)\u00bb hover_icon=\u00bb&#xe04d;||divi||400&#8243; align=\u00bbcenter\u00bb _builder_version=\u00bb4.16&#8243; _module_preset=\u00bbdefault\u00bb global_colors_info=\u00bb{}\u00bb][\/et_pb_image][\/et_pb_column][et_pb_column type=\u00bb3_4&#8243; _builder_version=\u00bb4.16&#8243; _module_preset=\u00bbdefault\u00bb global_colors_info=\u00bb{}\u00bb][et_pb_text _builder_version=\u00bb4.16&#8243; _module_preset=\u00bbdefault\u00bb custom_margin=\u00bb0px||0px||false|false\u00bb custom_padding=\u00bb0px||0px||false|false\u00bb global_colors_info=\u00bb{}\u00bb]<\/p>\n<h1>Protecci\u00f3 ciutadana<\/h1>\n<p>La clau de la prevenci\u00f3 de la viol\u00e8ncia familiar, de g\u00e8nere, l&#8217;assetjament escolar o qualsevol tipus de viol\u00e8ncia es troba en una socialitzaci\u00f3 i una educaci\u00f3 basada en la igualtat amb la condici\u00f3 d&#8217;exercir una labor de prevenci\u00f3. La socialitzaci\u00f3 \u00e9s el proc\u00e9s en el qual assumim les regles i normes de comportament segons la fam\u00edlia, l&#8217;escola, els amics, etc.<\/p>\n<p>[\/et_pb_text][et_pb_image src=\u00bbhttps:\/\/museros.org\/wp-content\/uploads\/2022\/04\/degenere.jpg\u00bb title_text=\u00bbdegenere\u00bb show_bottom_space=\u00bboff\u00bb src_tablet=\u00bb\u00bb src_phone=\u00bbhttps:\/\/museros.org\/wp-content\/uploads\/2021\/05\/violencia-mv.jpg\u00bb src_last_edited=\u00bbon|phone\u00bb _builder_version=\u00bb4.17.0&#8243; _module_preset=\u00bbdefault\u00bb custom_margin=\u00bb40px||30px||false|false\u00bb global_colors_info=\u00bb{}\u00bb][\/et_pb_image][et_pb_text _builder_version=\u00bb4.17.0&#8243; _module_preset=\u00bbdefault\u00bb custom_margin=\u00bb||30px||false|false\u00bb global_colors_info=\u00bb{}\u00bb]<\/p>\n<h3>Viol\u00e8ncia de g\u00e8nere<\/h3>\n<p>S&#8217;ent\u00e9n per viol\u00e8ncia de g\u00e8nere qualsevol acte violent o agressi\u00f3, basats en una situaci\u00f3 de desigualtat en el marc d&#8217;un sistema de relacions de dominaci\u00f3 dels homes sobre les dones que tinga o puga tindre com a conseq\u00fc\u00e8ncia un mal f\u00edsic, sexual o psicol\u00f2gic, incloses les amenaces de tals actes i la coacci\u00f3 o privaci\u00f3 arbitr\u00e0ria de la llibertat, tant si ocorren en l&#8217;\u00e0mbit p\u00fablic com en la vida familiar o personal.<\/p>\n<p>El concepte viol\u00e8ncia de g\u00e8nere dona nom a un problema, que fins i tot fa poc, formava part de l&#8217;entorn privat de les persones; era considerat un assumpte de fam\u00edlia que no havia de transcendir de portes per a fora i, per tant, en el qual no s&#8217;havia d&#8217;intervindre. Entendre la viol\u00e8ncia com un assumpte personal refor\u00e7a a les dones a una situaci\u00f3 de subordinaci\u00f3 respecte de l&#8217;home i implica assumir les relacions de poder hist\u00f2ricament desiguals entre tots dos i a trav\u00e9s de les quals es legitima a l&#8217;home a mantindre el seu <em>estatus-quo<\/em> de la dominaci\u00f3 fins i tot a trav\u00e9s de la viol\u00e8ncia. Aquesta percepci\u00f3 contribueix al fet que les dones no denuncien la seua situaci\u00f3 per por, vergonya o culpabilitat.<\/p>\n<p>[\/et_pb_text][\/et_pb_column][\/et_pb_row][et_pb_row column_structure=\u00bb1_4,1_4,1_4,1_4&#8243; _builder_version=\u00bb4.16&#8243; _module_preset=\u00bbdefault\u00bb custom_margin=\u00bb0px||-30px||false|false\u00bb custom_padding=\u00bb0px||0px||false|false\u00bb global_colors_info=\u00bb{}\u00bb][et_pb_column type=\u00bb1_4&#8243; _builder_version=\u00bb4.16&#8243; _module_preset=\u00bbdefault\u00bb global_colors_info=\u00bb{}\u00bb][\/et_pb_column][et_pb_column type=\u00bb1_4&#8243; _builder_version=\u00bb4.16&#8243; _module_preset=\u00bbdefault\u00bb global_colors_info=\u00bb{}\u00bb][et_pb_image src=\u00bbhttps:\/\/museros.org\/wp-content\/uploads\/2021\/08\/logo-protocol-vg-200&#215;160-1.jpg\u00bb title_text=\u00bblogo-protocol-vg-200&#215;160&#8243; url=\u00bbhttps:\/\/museros.org\/wp-content\/uploads\/2021\/05\/PROTOCOLO-VIOLENCIA-DE-GENERO-AYUNTAMIENTO-DE-MUSEROS..pdf\u00bb url_new_window=\u00bbon\u00bb use_overlay=\u00bbon\u00bb overlay_icon_color=\u00bb#8300E9&#8243; hover_overlay_color=\u00bbrgba(255,255,255,0.7)\u00bb hover_icon=\u00bb&#xe04c;||divi||400&#8243; align=\u00bbcenter\u00bb _builder_version=\u00bb4.16&#8243; _module_preset=\u00bbdefault\u00bb global_colors_info=\u00bb{}\u00bb][\/et_pb_image][\/et_pb_column][et_pb_column type=\u00bb1_4&#8243; _builder_version=\u00bb4.16&#8243; _module_preset=\u00bbdefault\u00bb global_colors_info=\u00bb{}\u00bb][et_pb_image src=\u00bbhttps:\/\/museros.org\/wp-content\/uploads\/2021\/11\/logo-informaciovg-200&#215;160-1.jpg\u00bb title_text=\u00bblogo-informaciovg-200&#215;160&#8243; url=\u00bbhttps:\/\/museros.org\/wp-content\/uploads\/2021\/11\/PRESENTACION-VIOLENCIA-DE-GENERO.pdf\u00bb url_new_window=\u00bbon\u00bb use_overlay=\u00bbon\u00bb overlay_icon_color=\u00bb#8300E9&#8243; hover_overlay_color=\u00bbrgba(255,255,255,0.7)\u00bb hover_icon=\u00bb&#xe04c;||divi||400&#8243; align=\u00bbcenter\u00bb _builder_version=\u00bb4.16&#8243; _module_preset=\u00bbdefault\u00bb global_colors_info=\u00bb{}\u00bb][\/et_pb_image][\/et_pb_column][et_pb_column type=\u00bb1_4&#8243; _builder_version=\u00bb4.16&#8243; _module_preset=\u00bbdefault\u00bb global_colors_info=\u00bb{}\u00bb][et_pb_image src=\u00bbhttps:\/\/museros.org\/wp-content\/uploads\/2021\/08\/logo-proactives-vg-200&#215;160-1.jpg\u00bb title_text=\u00bblogo-proactives-vg-200&#215;160&#8243; url=\u00bbhttps:\/\/museros.org\/wp-content\/uploads\/2021\/05\/TECNICAS-PROACTIVAS-EN-EL-AMBITO-DE-LA-VIOLENCIA-DE-GENERO.pdf\u00bb url_new_window=\u00bbon\u00bb use_overlay=\u00bbon\u00bb overlay_icon_color=\u00bb#8300E9&#8243; hover_overlay_color=\u00bbrgba(255,255,255,0.7)\u00bb hover_icon=\u00bb&#xe04c;||divi||400&#8243; align=\u00bbcenter\u00bb _builder_version=\u00bb4.16&#8243; _module_preset=\u00bbdefault\u00bb global_colors_info=\u00bb{}\u00bb][\/et_pb_image][\/et_pb_column][\/et_pb_row][et_pb_row column_structure=\u00bb1_4,3_4&#8243; _builder_version=\u00bb4.16&#8243; _module_preset=\u00bbdefault\u00bb custom_margin=\u00bb-1px||-25px||false|false\u00bb locked=\u00bboff\u00bb global_colors_info=\u00bb{}\u00bb][et_pb_column type=\u00bb1_4&#8243; _builder_version=\u00bb4.16&#8243; _module_preset=\u00bbdefault\u00bb global_colors_info=\u00bb{}\u00bb][\/et_pb_column][et_pb_column type=\u00bb3_4&#8243; _builder_version=\u00bb4.16&#8243; _module_preset=\u00bbdefault\u00bb global_colors_info=\u00bb{}\u00bb][et_pb_divider color=\u00bb#999999&#8243; divider_style=\u00bbdotted\u00bb divider_weight=\u00bb7px\u00bb _builder_version=\u00bb4.16&#8243; _module_preset=\u00bbdefault\u00bb min_height=\u00bb26px\u00bb custom_margin=\u00bb15px||25px||false|false\u00bb custom_padding=\u00bb||0px||false|false\u00bb locked=\u00bboff\u00bb global_colors_info=\u00bb{}\u00bb][\/et_pb_divider][et_pb_text _builder_version=\u00bb4.17.0&#8243; _module_preset=\u00bbdefault\u00bb custom_margin=\u00bb||30px||false|false\u00bb global_colors_info=\u00bb{}\u00bb]<\/p>\n<h3>Viol\u00e8ncia dom\u00e8stica<\/h3>\n<p>Definim la viol\u00e8ncia dom\u00e8stica com un incident o patr\u00f3 d&#8217;incidents de comportament controlador, coercitiu, amena\u00e7ador, degradant i violent, inclosa la viol\u00e8ncia sexual, en la majoria dels casos exercit per part d&#8217;una parella o exparella, per\u00f2 tamb\u00e9 d&#8217;un familiar o cuidador. \u00c9s molt com\u00fa, en general, implica un c\u00f2njuge o parella, per\u00f2 tamb\u00e9 pot ser un xiquet, parent major o un altre membre de la fam\u00edlia. En la gran majoria dels casos ho pateixen les dones i ho perpetren els homes.<\/p>\n<p>La\u00a0 viol\u00e8ncia dom\u00e8stica pot incloure diferents tipus d&#8217;ab\u00fas, com:<br \/>\u2022 Viol\u00e8ncia f\u00edsica: Pot provocar lesions com a contusions o fractures (ossos trencats)<br \/>\u2022 Viol\u00e8ncia sexual: Inclou l&#8217;agressi\u00f3 sexual<br \/>\u2022 Ab\u00fas emocional: Inclou amenaces, insults, humiliacions i menyspreus. Tamb\u00e9 pot implicar una conducta controladora, com dir-li a la v\u00edctima com actuar o vestir-se i no deixar que veja a familiars o amics<br \/>\u2022 Ab\u00fas econ\u00f2mic: Implica controlar l&#8217;acc\u00e9s als diners<br \/>\u2022 Assetjament o aguaite: Contacte repetit i no desitjat que causa temor o preocupaci\u00f3 per la seguretat de la v\u00edctima. Pot incloure observar o seguir a la v\u00edctima. L&#8217;assetjador pot realitzar trucades telef\u00f2niques o missatges de text repetits i no desitjats.<br \/>La\u00a0 viol\u00e8ncia dom\u00e8stica pot succeir-li a homes o dones de totes les edats. Afecta persones de tots els nivells d&#8217;ingressos i educaci\u00f3.<\/p>\n<p>[\/et_pb_text][\/et_pb_column][\/et_pb_row][et_pb_row column_structure=\u00bb1_4,1_4,1_4,1_4&#8243; _builder_version=\u00bb4.16&#8243; _module_preset=\u00bbdefault\u00bb custom_margin=\u00bb0px||0px||false|false\u00bb custom_padding=\u00bb0px||0px||false|false\u00bb global_colors_info=\u00bb{}\u00bb][et_pb_column type=\u00bb1_4&#8243; _builder_version=\u00bb4.16&#8243; _module_preset=\u00bbdefault\u00bb global_colors_info=\u00bb{}\u00bb][\/et_pb_column][et_pb_column type=\u00bb1_4&#8243; _builder_version=\u00bb4.16&#8243; _module_preset=\u00bbdefault\u00bb global_colors_info=\u00bb{}\u00bb][et_pb_image src=\u00bbhttps:\/\/museros.org\/wp-content\/uploads\/2021\/08\/logo-protocol-vd-200&#215;160-1.jpg\u00bb title_text=\u00bblogo-protocol-vd-200&#215;160&#8243; url=\u00bbhttps:\/\/museros.org\/wp-content\/uploads\/2021\/05\/PROTOCOLO-VIOLENCIA-DOMESTICA.pdf\u00bb url_new_window=\u00bbon\u00bb use_overlay=\u00bbon\u00bb overlay_icon_color=\u00bb#8300E9&#8243; hover_overlay_color=\u00bbrgba(255,255,255,0.7)\u00bb hover_icon=\u00bb&#xe04c;||divi||400&#8243; align=\u00bbcenter\u00bb _builder_version=\u00bb4.16&#8243; _module_preset=\u00bbdefault\u00bb global_colors_info=\u00bb{}\u00bb][\/et_pb_image][\/et_pb_column][et_pb_column type=\u00bb1_4&#8243; _builder_version=\u00bb4.16&#8243; _module_preset=\u00bbdefault\u00bb global_colors_info=\u00bb{}\u00bb][et_pb_image src=\u00bbhttps:\/\/museros.org\/wp-content\/uploads\/2021\/08\/logo-proteccio-vdg-200&#215;160-1.jpg\u00bb title_text=\u00bblogo-proteccio-vdg-200&#215;160&#8243; url=\u00bbhttps:\/\/museros.org\/wp-content\/uploads\/2021\/05\/PROTOCOLO-PARA-LA-IMPLANTACION-DE-LA-ORDEN-DE-PROTECCION-DE-VIOLENCIA-DOMESTICA-Y-DE-GENERO.pdf\u00bb url_new_window=\u00bbon\u00bb use_overlay=\u00bbon\u00bb overlay_icon_color=\u00bb#8300E9&#8243; hover_overlay_color=\u00bbrgba(255,255,255,0.7)\u00bb hover_icon=\u00bb&#xe04c;||divi||400&#8243; align=\u00bbcenter\u00bb _builder_version=\u00bb4.16&#8243; _module_preset=\u00bbdefault\u00bb global_colors_info=\u00bb{}\u00bb][\/et_pb_image][\/et_pb_column][et_pb_column type=\u00bb1_4&#8243; _builder_version=\u00bb4.16&#8243; _module_preset=\u00bbdefault\u00bb global_colors_info=\u00bb{}\u00bb][et_pb_image src=\u00bbhttps:\/\/museros.org\/wp-content\/uploads\/2021\/08\/logo-ordre-prot-200&#215;160-1.jpg\u00bb title_text=\u00bblogo-ordre-prot-200&#215;160&#8243; url=\u00bbhttps:\/\/museros.org\/wp-content\/uploads\/2022\/04\/a-sollicitud-ordre-proteccio.pdf\u00bb url_new_window=\u00bbon\u00bb use_overlay=\u00bbon\u00bb overlay_icon_color=\u00bb#8300E9&#8243; hover_overlay_color=\u00bbrgba(255,255,255,0.7)\u00bb hover_icon=\u00bb&#xe04c;||divi||400&#8243; align=\u00bbcenter\u00bb _builder_version=\u00bb4.17.0&#8243; _module_preset=\u00bbdefault\u00bb custom_margin=\u00bb0px||0px||false|false\u00bb custom_padding=\u00bb0px||0px||false|false\u00bb global_colors_info=\u00bb{}\u00bb][\/et_pb_image][et_pb_text _builder_version=\u00bb4.16&#8243; _module_preset=\u00bbdefault\u00bb text_font_size=\u00bb14px\u00bb text_line_height=\u00bb1.4em\u00bb global_colors_info=\u00bb{}\u00bb]<\/p>\n<p style=\"text-align: center;\"><a href=\"https:\/\/www.poderjudicial.es\" target=\"_blank\" rel=\"noopener\">poderjudicial.es<\/a><\/p>\n<p style=\"text-align: center;\"><a href=\"https:\/\/violenciagenero.igualdad.gob.es\" target=\"_blank\" rel=\"noopener\">violenciagenero.igualdad.gob.es<\/a><\/p>\n<p>[\/et_pb_text][\/et_pb_column][\/et_pb_row][et_pb_row column_structure=\u00bb1_4,3_4&#8243; _builder_version=\u00bb4.16&#8243; _module_preset=\u00bbdefault\u00bb custom_margin=\u00bb0px||||false|false\u00bb custom_padding=\u00bb0px||||false|false\u00bb locked=\u00bboff\u00bb global_colors_info=\u00bb{}\u00bb][et_pb_column type=\u00bb1_4&#8243; _builder_version=\u00bb4.16&#8243; _module_preset=\u00bbdefault\u00bb global_colors_info=\u00bb{}\u00bb][\/et_pb_column][et_pb_column type=\u00bb3_4&#8243; _builder_version=\u00bb4.16&#8243; _module_preset=\u00bbdefault\u00bb global_colors_info=\u00bb{}\u00bb][et_pb_divider color=\u00bb#999999&#8243; divider_style=\u00bbdotted\u00bb divider_weight=\u00bb7px\u00bb _builder_version=\u00bb4.16&#8243; _module_preset=\u00bbdefault\u00bb min_height=\u00bb26px\u00bb custom_margin=\u00bb15px||25px||false|false\u00bb custom_padding=\u00bb||0px||false|false\u00bb locked=\u00bboff\u00bb global_colors_info=\u00bb{}\u00bb][\/et_pb_divider][et_pb_image src=\u00bbhttps:\/\/museros.org\/wp-content\/uploads\/2021\/05\/bullying.jpg\u00bb title_text=\u00bbbullying-mv\u00bb src_tablet=\u00bb\u00bb src_phone=\u00bbhttps:\/\/museros.org\/wp-content\/uploads\/2021\/05\/bullying-mv.jpg\u00bb src_last_edited=\u00bbon|phone\u00bb _builder_version=\u00bb4.16&#8243; _module_preset=\u00bbdefault\u00bb custom_margin=\u00bb15px||32px||false|false\u00bb global_colors_info=\u00bb{}\u00bb][\/et_pb_image][et_pb_text _builder_version=\u00bb4.17.0&#8243; _module_preset=\u00bbdefault\u00bb custom_padding=\u00bb3px|||||\u00bb global_colors_info=\u00bb{}\u00bb]<\/p>\n<h3>Assetjament escolar<\/h3>\n<p>M\u00e9s conegut com a <em>bullying<\/em>, \u00e9s una paraula anglesa que significa intimidaci\u00f3. Desgraciadament, aquesta paraula est\u00e0 de moda a causa dels innombrables casos de persecuci\u00f3 i d&#8217;agressions que s&#8217;estan detectant a les escoles i col\u00b7legis, i que estan portant a molts escolars a viure situacions veritablement aterridores.<\/p>\n<p>El <em>bullying<\/em> es refereix a totes les formes d&#8217;actituds agressives, intencionades i repetides, que ocorren sense motivaci\u00f3 evident, adoptades per un o m\u00e9s estudiants contra un altre o altres.<\/p>\n<p>La persona que exerceix el <em>bullying<\/em> ho fa per a imposar el seu poder sobre l&#8217;altre, a trav\u00e9s de constants amenaces, insults, agressions o vexacions, i aix\u00ed tindre-ho sota el seu complet domini al llarg de mesos i fins i tot anys. La v\u00edctima pateix callada en la majoria dels casos. El maltractament intimidatori li fa sentir dolor, angoixa i por, fins a tal punt que, en alguns casos, pot portar-li a conseq\u00fc\u00e8ncies devastadores com el su\u00efcidi.<\/p>\n<p>[\/et_pb_text][\/et_pb_column][\/et_pb_row][et_pb_row column_structure=\u00bb1_4,1_4,1_4,1_4&#8243; _builder_version=\u00bb4.16&#8243; _module_preset=\u00bbdefault\u00bb custom_margin=\u00bb0px||-30px||false|false\u00bb custom_padding=\u00bb0px||0px||false|false\u00bb global_colors_info=\u00bb{}\u00bb][et_pb_column type=\u00bb1_4&#8243; _builder_version=\u00bb4.16&#8243; _module_preset=\u00bbdefault\u00bb global_colors_info=\u00bb{}\u00bb][\/et_pb_column][et_pb_column type=\u00bb1_4&#8243; _builder_version=\u00bb4.16&#8243; _module_preset=\u00bbdefault\u00bb global_colors_info=\u00bb{}\u00bb][et_pb_image src=\u00bbhttps:\/\/museros.org\/wp-content\/uploads\/2021\/08\/logo-assetjament-200&#215;160-1.jpg\u00bb title_text=\u00bblogo-assetjament-200&#215;160&#8243; url=\u00bbhttps:\/\/museros.org\/wp-content\/uploads\/2021\/05\/PROTOCOLO-ACOSO-ESCOLAR-MUSEROS.pdf\u00bb url_new_window=\u00bbon\u00bb use_overlay=\u00bbon\u00bb overlay_icon_color=\u00bb#8300E9&#8243; hover_overlay_color=\u00bbrgba(255,255,255,0.7)\u00bb hover_icon=\u00bb&#xe04c;||divi||400&#8243; align=\u00bbcenter\u00bb _builder_version=\u00bb4.16&#8243; _module_preset=\u00bbdefault\u00bb global_colors_info=\u00bb{}\u00bb][\/et_pb_image][\/et_pb_column][et_pb_column type=\u00bb1_4&#8243; _builder_version=\u00bb4.16&#8243; _module_preset=\u00bbdefault\u00bb global_colors_info=\u00bb{}\u00bb][et_pb_image src=\u00bbhttps:\/\/museros.org\/wp-content\/uploads\/2021\/08\/logo-esqu-assetj-200&#215;160-1.jpg\u00bb title_text=\u00bblogo-esqu-assetj-200&#215;160&#8243; url=\u00bbhttps:\/\/museros.org\/wp-content\/uploads\/2021\/05\/ESQUEMA-PROTOCOLO-ACOSO-ESCOLAR-MUSEROS.pdf\u00bb url_new_window=\u00bbon\u00bb use_overlay=\u00bbon\u00bb overlay_icon_color=\u00bb#8300E9&#8243; hover_overlay_color=\u00bbrgba(255,255,255,0.7)\u00bb hover_icon=\u00bb&#xe04c;||divi||400&#8243; align=\u00bbcenter\u00bb _builder_version=\u00bb4.16&#8243; _module_preset=\u00bbdefault\u00bb global_colors_info=\u00bb{}\u00bb][\/et_pb_image][\/et_pb_column][et_pb_column type=\u00bb1_4&#8243; _builder_version=\u00bb4.16&#8243; _module_preset=\u00bbdefault\u00bb global_colors_info=\u00bb{}\u00bb][et_pb_image src=\u00bbhttps:\/\/museros.org\/wp-content\/uploads\/2021\/08\/logo-policia-menors-200&#215;160-1.jpg\u00bb title_text=\u00bblogo-policia-menors-200&#215;160&#8243; url=\u00bbhttps:\/\/museros.org\/wp-content\/uploads\/2021\/05\/PROTOCOLO-ACTUACION-POLICIAL-CON-MENORES.pdf\u00bb url_new_window=\u00bbon\u00bb use_overlay=\u00bbon\u00bb overlay_icon_color=\u00bb#8300E9&#8243; hover_overlay_color=\u00bbrgba(255,255,255,0.7)\u00bb hover_icon=\u00bb&#xe04c;||divi||400&#8243; align=\u00bbcenter\u00bb _builder_version=\u00bb4.16&#8243; _module_preset=\u00bbdefault\u00bb global_colors_info=\u00bb{}\u00bb][\/et_pb_image][\/et_pb_column][\/et_pb_row][et_pb_row _builder_version=\u00bb4.16&#8243; _module_preset=\u00bbdefault\u00bb custom_margin=\u00bb50px||||false|false\u00bb custom_padding=\u00bb0px|||||\u00bb global_colors_info=\u00bb{}\u00bb][et_pb_column type=\u00bb4_4&#8243; _builder_version=\u00bb4.16&#8243; _module_preset=\u00bbdefault\u00bb global_colors_info=\u00bb{}\u00bb][et_pb_divider color=\u00bb#E02B20&#8243; divider_weight=\u00bb4px\u00bb _builder_version=\u00bb4.16&#8243; _module_preset=\u00bbdefault\u00bb global_colors_info=\u00bb{}\u00bb][\/et_pb_divider][\/et_pb_column][\/et_pb_row][\/et_pb_section]<\/p>\n","protected":false},"excerpt":{"rendered":"<p>Protecci\u00f3 ciutadana La clau de la prevenci\u00f3 de la viol\u00e8ncia familiar, de g\u00e8nere, l&#8217;assetjament escolar o qualsevol tipus de viol\u00e8ncia es troba en una socialitzaci\u00f3 i una educaci\u00f3 basada en la igualtat amb la condici\u00f3 d&#8217;exercir una labor de prevenci\u00f3. La socialitzaci\u00f3 \u00e9s el proc\u00e9s en el qual assumim les regles i normes de comportament [&hellip;]<\/p>\n","protected":false},"author":8,"featured_media":0,"parent":0,"menu_order":0,"comment_status":"closed","ping_status":"closed","template":"","meta":{"_et_pb_use_builder":"on","_et_pb_old_content":"","_et_gb_content_width":"","_mc_calendar":[],"footnotes":""},"wf_page_folders":[278],"class_list":["post-246484","page","type-page","status-publish","hentry"],"_links":{"self":[{"href":"https:\/\/museros.org\/inici\/wp-json\/wp\/v2\/pages\/246484","targetHints":{"allow":["GET"]}}],"collection":[{"href":"https:\/\/museros.org\/inici\/wp-json\/wp\/v2\/pages"}],"about":[{"href":"https:\/\/museros.org\/inici\/wp-json\/wp\/v2\/types\/page"}],"author":[{"embeddable":true,"href":"https:\/\/museros.org\/inici\/wp-json\/wp\/v2\/users\/8"}],"replies":[{"embeddable":true,"href":"https:\/\/museros.org\/inici\/wp-json\/wp\/v2\/comments?post=246484"}],"version-history":[{"count":26,"href":"https:\/\/museros.org\/inici\/wp-json\/wp\/v2\/pages\/246484\/revisions"}],"predecessor-version":[{"id":257879,"href":"https:\/\/museros.org\/inici\/wp-json\/wp\/v2\/pages\/246484\/revisions\/257879"}],"wp:attachment":[{"href":"https:\/\/museros.org\/inici\/wp-json\/wp\/v2\/media?parent=246484"}],"wp:term":[{"taxonomy":"wf_page_folders","embeddable":true,"href":"https:\/\/museros.org\/inici\/wp-json\/wp\/v2\/wf_page_folders?post=246484"}],"curies":[{"name":"wp","href":"https:\/\/api.w.org\/{rel}","templated":true}]}}