{"id":246434,"date":"2021-08-18T19:22:39","date_gmt":"2021-08-18T19:22:39","guid":{"rendered":"https:\/\/museros.org\/?page_id=246434"},"modified":"2025-07-02T13:52:12","modified_gmt":"2025-07-02T13:52:12","slug":"seguretat-viaria-i-transit","status":"publish","type":"page","link":"https:\/\/museros.org\/inici\/seguretat-viaria-i-transit\/","title":{"rendered":"Seguretat vi\u00e0ria i tr\u00e0nsit"},"content":{"rendered":"<p>[et_pb_section fb_built=\u00bb1&#8243; _builder_version=\u00bb4.16&#8243; _module_preset=\u00bbdefault\u00bb custom_padding=\u00bb0px||||false|false\u00bb locked=\u00bboff\u00bb global_colors_info=\u00bb{}\u00bb][et_pb_row column_structure=\u00bb1_4,3_4&#8243; _builder_version=\u00bb4.16&#8243; _module_preset=\u00bbdefault\u00bb custom_padding=\u00bb0px||||false|false\u00bb global_colors_info=\u00bb{}\u00bb][et_pb_column type=\u00bb1_4&#8243; _builder_version=\u00bb4.16&#8243; _module_preset=\u00bbdefault\u00bb global_colors_info=\u00bb{}\u00bb][et_pb_image src=\u00bbhttps:\/\/museros.org\/wp-content\/uploads\/2021\/08\/logo-viariaitransit-200&#215;160-1.jpg\u00bb title_text=\u00bblogo-viariaitransit-200&#215;160&#8243; url=\u00bbhttps:\/\/museros.org\/inici\/area-de-seguretat-ciutadana\u00bb use_overlay=\u00bbon\u00bb overlay_icon_color=\u00bb#E02B20&#8243; hover_overlay_color=\u00bbrgba(255,255,255,0.7)\u00bb hover_icon=\u00bb&#xe04d;||divi||400&#8243; align=\u00bbcenter\u00bb _builder_version=\u00bb4.16&#8243; _module_preset=\u00bbdefault\u00bb width=\u00bb100%\u00bb module_alignment=\u00bbcenter\u00bb global_colors_info=\u00bb{}\u00bb][\/et_pb_image][\/et_pb_column][et_pb_column type=\u00bb3_4&#8243; _builder_version=\u00bb4.16&#8243; _module_preset=\u00bbdefault\u00bb global_colors_info=\u00bb{}\u00bb][et_pb_text _builder_version=\u00bb4.27.4&#8243; _module_preset=\u00bbdefault\u00bb global_colors_info=\u00bb{}\u00bb]<\/p>\n<h1>Seguretat vi\u00e0ria<\/h1>\n<p>La seguretat vi\u00e0ria s&#8217;encarrega de previndre i\/o minimitzar els danys i efectes que provoquen els accidents viaris, el seu principal objectiu \u00e9s salvaguardar la integritat f\u00edsica de les persones que transiten per la via p\u00fablica eliminant i\/o disminuint els factors de risc.<\/p>\n<p>Dins de seguretat vi\u00e0ria existeix la <strong>seguretat vi\u00e0ria activa<\/strong> i <strong>seguretat vi\u00e0ria passiva<\/strong>:<br \/>La <strong>seguretat vi\u00e0ria activa<\/strong> o prim\u00e0ria t\u00e9 com a objectiu principal evitar que l&#8217;accident succe\u00efsca.<br \/>La seguretat vi\u00e0ria activa s&#8217;aplica al factor hum\u00e0, als vehicles i a les vies. Per exemple un element de seguretat vi\u00e0ria activa en les vies s\u00f3n els senyals de tr\u00e0nsit, en el vehicle serien els frens ABS i en el factor hum\u00e0 la velocitat adequada a la qual es condueix.<\/p>\n<p>La <strong>seguretat passiva<\/strong> o secund\u00e0ria compr\u00e9n una s\u00e8rie de dispositius la missi\u00f3 dels quals consisteix a tractar de disminuir al m\u00e0xim la gravetat de les lesions produ\u00efdes a les v\u00edctimes d&#8217;un accident una vegada que aquest s&#8217;ha produ\u00eft.<br \/>Igual que la seguretat vi\u00e0ria activa aquesta es pot aplicar en el factor hum\u00e0, en els vehicles i en les vies. Per exemple, el cintur\u00f3 de seguretat \u00e9s un element de seguretat vi\u00e0ria passiva aplicada al vehicle.<\/p>\n<p>[\/et_pb_text][et_pb_divider color=\u00bb#E02B20&#8243; divider_weight=\u00bb4px\u00bb _builder_version=\u00bb4.27.4&#8243; _module_preset=\u00bbdefault\u00bb hover_enabled=\u00bb0&#8243; locked=\u00bboff\u00bb global_colors_info=\u00bb{}\u00bb sticky_enabled=\u00bb0&#8243;][\/et_pb_divider][et_pb_text _builder_version=\u00bb4.27.4&#8243; _module_preset=\u00bbdefault\u00bb hover_enabled=\u00bb0&#8243; global_colors_info=\u00bb{}\u00bb sticky_enabled=\u00bb0&#8243;]<\/p>\n<p><strong>Resoluci\u00f3 instal\u00b7laci\u00f3 de c\u00e0meres de videovigil\u00e0ncia per a la regulaci\u00f3 del tr\u00e0nsit<\/strong> <a href=\"https:\/\/museros.org\/wp-content\/uploads\/2025\/07\/20250402_resolucion-instalacion-de-camaras-museros.pdf\" target=\"_blank\" rel=\"noopener\">&gt; pdf<\/a><\/p>\n<p>[\/et_pb_text][et_pb_divider color=\u00bb#E02B20&#8243; divider_weight=\u00bb4px\u00bb _builder_version=\u00bb4.16&#8243; _module_preset=\u00bbdefault\u00bb hover_enabled=\u00bb0&#8243; locked=\u00bboff\u00bb global_colors_info=\u00bb{}\u00bb sticky_enabled=\u00bb0&#8243;][\/et_pb_divider][\/et_pb_column][\/et_pb_row][et_pb_row column_structure=\u00bb1_4,1_4,1_4,1_4&#8243; _builder_version=\u00bb4.16&#8243; _module_preset=\u00bbdefault\u00bb custom_margin=\u00bb0px||0px||false|false\u00bb custom_padding=\u00bb0px||0px||false|false\u00bb global_colors_info=\u00bb{}\u00bb][et_pb_column type=\u00bb1_4&#8243; _builder_version=\u00bb4.16&#8243; _module_preset=\u00bbdefault\u00bb global_colors_info=\u00bb{}\u00bb][\/et_pb_column][et_pb_column type=\u00bb1_4&#8243; _builder_version=\u00bb4.16&#8243; _module_preset=\u00bbdefault\u00bb global_colors_info=\u00bb{}\u00bb][\/et_pb_column][et_pb_column type=\u00bb1_4&#8243; _builder_version=\u00bb4.16&#8243; _module_preset=\u00bbdefault\u00bb global_colors_info=\u00bb{}\u00bb][et_pb_image src=\u00bbhttps:\/\/museros.org\/wp-content\/uploads\/2021\/08\/logo-dgt-200&#215;160-1.jpg\u00bb title_text=\u00bblogo-dgt-200&#215;160&#8243; url=\u00bbhttps:\/\/www.dgt.es\u00bb url_new_window=\u00bbon\u00bb use_overlay=\u00bbon\u00bb overlay_icon_color=\u00bb#E02B20&#8243; hover_overlay_color=\u00bbrgba(255,255,255,0.7)\u00bb hover_icon=\u00bb&#xe04e;||divi||400&#8243; align=\u00bbcenter\u00bb _builder_version=\u00bb4.16&#8243; _module_preset=\u00bbdefault\u00bb global_colors_info=\u00bb{}\u00bb][\/et_pb_image][\/et_pb_column][et_pb_column type=\u00bb1_4&#8243; _builder_version=\u00bb4.16&#8243; _module_preset=\u00bbdefault\u00bb global_colors_info=\u00bb{}\u00bb][et_pb_image src=\u00bbhttps:\/\/museros.org\/wp-content\/uploads\/2021\/08\/logo-intras-200&#215;160-1.jpg\u00bb title_text=\u00bblogo-intras-200&#215;160&#8243; url=\u00bbhttps:\/\/bit.ly\/3c2xTfn\u00bb url_new_window=\u00bbon\u00bb use_overlay=\u00bbon\u00bb overlay_icon_color=\u00bb#E02B20&#8243; hover_overlay_color=\u00bbrgba(255,255,255,0.7)\u00bb hover_icon=\u00bb&#xe04e;||divi||400&#8243; align=\u00bbcenter\u00bb _builder_version=\u00bb4.16&#8243; _module_preset=\u00bbdefault\u00bb global_colors_info=\u00bb{}\u00bb][\/et_pb_image][\/et_pb_column][\/et_pb_row][et_pb_row _builder_version=\u00bb4.16&#8243; _module_preset=\u00bbdefault\u00bb custom_margin=\u00bb50px||||false|false\u00bb custom_padding=\u00bb0px|||||\u00bb global_colors_info=\u00bb{}\u00bb][et_pb_column type=\u00bb4_4&#8243; _builder_version=\u00bb4.16&#8243; _module_preset=\u00bbdefault\u00bb global_colors_info=\u00bb{}\u00bb][et_pb_divider color=\u00bb#E02B20&#8243; divider_weight=\u00bb4px\u00bb _builder_version=\u00bb4.16&#8243; _module_preset=\u00bbdefault\u00bb global_colors_info=\u00bb{}\u00bb][\/et_pb_divider][\/et_pb_column][\/et_pb_row][\/et_pb_section]<\/p>\n","protected":false},"excerpt":{"rendered":"<p>Seguretat vi\u00e0ria La seguretat vi\u00e0ria s&#8217;encarrega de previndre i\/o minimitzar els danys i efectes que provoquen els accidents viaris, el seu principal objectiu \u00e9s salvaguardar la integritat f\u00edsica de les persones que transiten per la via p\u00fablica eliminant i\/o disminuint els factors de risc. Dins de seguretat vi\u00e0ria existeix la seguretat vi\u00e0ria activa i seguretat [&hellip;]<\/p>\n","protected":false},"author":8,"featured_media":0,"parent":0,"menu_order":0,"comment_status":"closed","ping_status":"closed","template":"","meta":{"_et_pb_use_builder":"on","_et_pb_old_content":"","_et_gb_content_width":"","_mc_calendar":[],"footnotes":""},"wf_page_folders":[278],"class_list":["post-246434","page","type-page","status-publish","hentry"],"_links":{"self":[{"href":"https:\/\/museros.org\/inici\/wp-json\/wp\/v2\/pages\/246434","targetHints":{"allow":["GET"]}}],"collection":[{"href":"https:\/\/museros.org\/inici\/wp-json\/wp\/v2\/pages"}],"about":[{"href":"https:\/\/museros.org\/inici\/wp-json\/wp\/v2\/types\/page"}],"author":[{"embeddable":true,"href":"https:\/\/museros.org\/inici\/wp-json\/wp\/v2\/users\/8"}],"replies":[{"embeddable":true,"href":"https:\/\/museros.org\/inici\/wp-json\/wp\/v2\/comments?post=246434"}],"version-history":[{"count":12,"href":"https:\/\/museros.org\/inici\/wp-json\/wp\/v2\/pages\/246434\/revisions"}],"predecessor-version":[{"id":275951,"href":"https:\/\/museros.org\/inici\/wp-json\/wp\/v2\/pages\/246434\/revisions\/275951"}],"wp:attachment":[{"href":"https:\/\/museros.org\/inici\/wp-json\/wp\/v2\/media?parent=246434"}],"wp:term":[{"taxonomy":"wf_page_folders","embeddable":true,"href":"https:\/\/museros.org\/inici\/wp-json\/wp\/v2\/wf_page_folders?post=246434"}],"curies":[{"name":"wp","href":"https:\/\/api.w.org\/{rel}","templated":true}]}}