{"id":246330,"date":"2021-08-18T10:21:54","date_gmt":"2021-08-18T10:21:54","guid":{"rendered":"https:\/\/museros.org\/?page_id=246330"},"modified":"2022-04-15T11:50:46","modified_gmt":"2022-04-15T11:50:46","slug":"familia-nombrosa","status":"publish","type":"page","link":"https:\/\/museros.org\/inici\/familia-nombrosa\/","title":{"rendered":"Familia nombrosa"},"content":{"rendered":"<p>[et_pb_section fb_built=\u00bb1&#8243; _builder_version=\u00bb4.16&#8243; _module_preset=\u00bbdefault\u00bb custom_padding=\u00bb0px||||false|false\u00bb locked=\u00bboff\u00bb global_colors_info=\u00bb{}\u00bb][et_pb_row column_structure=\u00bb1_4,3_4&#8243; _builder_version=\u00bb4.16&#8243; _module_preset=\u00bbdefault\u00bb custom_margin=\u00bb0px||||false|false\u00bb custom_padding=\u00bb0px||||false|false\u00bb global_colors_info=\u00bb{}\u00bb][et_pb_column type=\u00bb1_4&#8243; _builder_version=\u00bb4.16&#8243; _module_preset=\u00bbdefault\u00bb global_colors_info=\u00bb{}\u00bb][et_pb_image src=\u00bbhttps:\/\/museros.org\/wp-content\/uploads\/2021\/08\/logo-famnombrosa-200&#215;160-1.jpg\u00bb title_text=\u00bblogo-famnombrosa-200&#215;160&#8243; url=\u00bbhttps:\/\/museros.org\/ca\/otam-en-linia\/\u00bb use_overlay=\u00bbon\u00bb overlay_icon_color=\u00bb#0C71C3&#8243; hover_overlay_color=\u00bbrgba(255,255,255,0.69)\u00bb hover_icon=\u00bb&#xe04d;||divi||400&#8243; align=\u00bbcenter\u00bb _builder_version=\u00bb4.16&#8243; _module_preset=\u00bbdefault\u00bb width=\u00bb100%\u00bb global_colors_info=\u00bb{}\u00bb][\/et_pb_image][\/et_pb_column][et_pb_column type=\u00bb3_4&#8243; _builder_version=\u00bb4.16&#8243; _module_preset=\u00bbdefault\u00bb global_colors_info=\u00bb{}\u00bb][et_pb_text _builder_version=\u00bb4.17.1&#8243; _module_preset=\u00bbdefault\u00bb hover_enabled=\u00bb0&#8243; global_colors_info=\u00bb{}\u00bb sticky_enabled=\u00bb0&#8243;]<\/p>\n<h2><span style=\"color: #0094ff;\">Bonificaci\u00f3 del IBI per fam\u00edlia nombrosa<br \/><\/span><\/h2>\n<p><span style=\"color: #0099cc;\">Tipus de bonificaci\u00f3 segon la condici\u00f3 de fam\u00edlia nombrosa:<\/span><\/p>\n<p><strong>C.1) Fam\u00edlia Nombrosa de categoria General <\/strong>(atenent el que s&#8217;ent\u00e9n per la mateixa en l&#8217;article 4 de la Llei 40\/2003, de 18 de novembre, de Protecci\u00f3 a les Fam\u00edlies Nombroses o norma aplicable posterior sobre aquest tema).<\/p>\n<p>Tindran dret a una bonificaci\u00f3 del 70% la quota \u00edntegra de l&#8217;Impost amb un l\u00edmit m\u00e0xim de deducci\u00f3 de 300 \u20ac els subjectes passius que ostenten la condici\u00f3 de fam\u00edlies nombroses de categoria general en la data de la meritaci\u00f3 corresponent al per\u00edode impositiu d&#8217;aplicaci\u00f3 i respecte dels immobles que constitu\u00efsquen el seu habitatge habitual familiar.<\/p>\n<p><strong>C.2) Fam\u00edlia Nombrosa de categoria Especial <\/strong>(atenent el que s&#8217;ent\u00e9n per la mateixa en l&#8217;article 4 de la Llei 40\/2003, de 18 de novembre, de Protecci\u00f3 a les Fam\u00edlies Nombroses o norma aplicable posterior sobre aquest tema).<\/p>\n<p>Tindran dret a una bonificaci\u00f3 del 80% la quota \u00edntegra de l&#8217;Impost amb un l\u00edmit m\u00e0xim de deducci\u00f3 de 300 \u20ac els subjectes passius que ostenten la condici\u00f3 de fam\u00edlies nombroses de categoria especial en la data de la meritaci\u00f3 corresponent al per\u00edode impositiu d&#8217;aplicaci\u00f3 i respecte dels immobles que constitu\u00efsquen el seu habitatge habitual familiar.<\/p>\n<p>La sol\u00b7licitud de la present bonificaci\u00f3 podr\u00e0 realitzar-se en qualsevol moment durant l&#8217;exercici, si b\u00e9 nom\u00e9s les sol\u00b7licituds rebudes fins al 28 de febrer faran efecte sobre els rebuts d&#8217;IBI de l&#8217;exercici en curs. La resta de les sol\u00b7licituds rebudes suposaran, si es cau, una bonificaci\u00f3 en el rebut de l&#8217;exercici seg\u00fcent.<\/p>\n<p>La sol\u00b7licitud haur\u00e0 d&#8217;acompanyar-se de la documentaci\u00f3 que acredite la condici\u00f3 de fam\u00edlia nombrosa de categoria especial.<\/p>\n<p>&nbsp;<\/p>\n<p><span style=\"color: #808080;\">Descarregar Sol\u00b7licitud bonificaci\u00f3 IBI fam\u00edlia nombrosa<\/span><br \/><span style=\"color: #808080;\">Document Adobe Acrobat<\/span><\/p>\n<p>[\/et_pb_text][et_pb_button button_url=\u00bbhttps:\/\/museros.org\/wp-content\/uploads\/2022\/04\/a-bonificacio-familia-nombrosa.pdf\u00bb url_new_window=\u00bbon\u00bb button_text=\u00bbBonificaci\u00f3 familia nombrosa\u00bb admin_label=\u00bbword\u00bb _builder_version=\u00bb4.17.1&#8243; _module_preset=\u00bbdefault\u00bb custom_button=\u00bbon\u00bb button_bg_color=\u00bb#0099cc\u00bb button_icon=\u00bb&#x35;||divi||400&#8243; global_colors_info=\u00bb{}\u00bb][\/et_pb_button][\/et_pb_column][\/et_pb_row][et_pb_row _builder_version=\u00bb4.16&#8243; _module_preset=\u00bbdefault\u00bb custom_margin=\u00bb25px||-25px||false|false\u00bb custom_padding=\u00bb0px||0px||false|false\u00bb locked=\u00bboff\u00bb global_colors_info=\u00bb{}\u00bb][et_pb_column type=\u00bb4_4&#8243; _builder_version=\u00bb4.16&#8243; _module_preset=\u00bbdefault\u00bb global_colors_info=\u00bb{}\u00bb][et_pb_divider color=\u00bb#999999&#8243; divider_style=\u00bbdotted\u00bb divider_weight=\u00bb7px\u00bb _builder_version=\u00bb4.16&#8243; _module_preset=\u00bbdefault\u00bb width=\u00bb100%\u00bb module_alignment=\u00bbright\u00bb custom_margin=\u00bb0px||20px||false|false\u00bb custom_padding=\u00bb0px||0px||false|false\u00bb locked=\u00bboff\u00bb global_colors_info=\u00bb{}\u00bb][\/et_pb_divider][et_pb_text _builder_version=\u00bb4.16&#8243; _module_preset=\u00bbdefault\u00bb text_text_color=\u00bb#0094ff\u00bb header_text_color=\u00bb#0094ff\u00bb header_2_text_color=\u00bb#0094ff\u00bb global_colors_info=\u00bb{}\u00bb]<\/p>\n<h3><span style=\"color: #3366ff;\">Informaci\u00f3 \u00fatil<\/span><\/h3>\n<p>[\/et_pb_text][\/et_pb_column][\/et_pb_row][et_pb_row column_structure=\u00bb1_5,1_5,1_5,1_5,1_5&#8243; _builder_version=\u00bb4.16&#8243; _module_preset=\u00bbdefault\u00bb locked=\u00bboff\u00bb global_colors_info=\u00bb{}\u00bb][et_pb_column type=\u00bb1_5&#8243; _builder_version=\u00bb4.16&#8243; _module_preset=\u00bbdefault\u00bb global_colors_info=\u00bb{}\u00bb][et_pb_image src=\u00bbhttps:\/\/museros.org\/wp-content\/uploads\/2021\/08\/logo-calendarifis-200&#215;160-1.jpg\u00bb title_text=\u00bblogo-calendarifis-200&#215;160&#8243; url=\u00bbhttps:\/\/www.museros.org\/ca\/calendari-fiscal\/\u00bb use_overlay=\u00bbon\u00bb overlay_icon_color=\u00bbrgba(12,113,195,0.7)\u00bb hover_overlay_color=\u00bbrgba(255,255,255,0.5)\u00bb hover_icon=\u00bb&#xe04e;||divi||400&#8243; align=\u00bbcenter\u00bb src_tablet=\u00bbhttp:\/\/museros.org\/wp-content\/uploads\/2020\/12\/calendario-fiscal-410.png\u00bb src_phone=\u00bbhttp:\/\/museros.org\/wp-content\/uploads\/2020\/12\/calendario-fiscal-410.png\u00bb src_last_edited=\u00bbon|desktop\u00bb _builder_version=\u00bb4.16&#8243; _module_preset=\u00bbdefault\u00bb width=\u00bb100%\u00bb width_tablet=\u00bb70%\u00bb width_phone=\u00bb60%\u00bb width_last_edited=\u00bbon|phone\u00bb global_colors_info=\u00bb{}\u00bb src__hover_enabled=\u00bbon|desktop\u00bb src__hover=\u00bb\u00bb][\/et_pb_image][\/et_pb_column][et_pb_column type=\u00bb1_5&#8243; _builder_version=\u00bb4.16&#8243; _module_preset=\u00bbdefault\u00bb global_colors_info=\u00bb{}\u00bb][et_pb_image src=\u00bbhttps:\/\/museros.org\/wp-content\/uploads\/2021\/08\/logo-plamuseros-200&#215;160-1.jpg\u00bb title_text=\u00bblogo-plamuseros-200&#215;160&#8243; url=\u00bbhttps:\/\/www.museros.org\/ca\/pla-museros-plus\u00bb use_overlay=\u00bbon\u00bb overlay_icon_color=\u00bbrgba(12,113,195,0.7)\u00bb hover_overlay_color=\u00bbrgba(255,255,255,0.5)\u00bb hover_icon=\u00bb&#xe04e;||divi||400&#8243; align=\u00bbcenter\u00bb src_tablet=\u00bbhttp:\/\/museros.org\/wp-content\/uploads\/2020\/12\/familia-numerosa-410.png\u00bb src_phone=\u00bbhttp:\/\/museros.org\/wp-content\/uploads\/2020\/12\/familia-numerosa-410.png\u00bb src_last_edited=\u00bbon|desktop\u00bb _builder_version=\u00bb4.16&#8243; _module_preset=\u00bbdefault\u00bb width=\u00bb100%\u00bb width_tablet=\u00bb69%\u00bb width_phone=\u00bb60%\u00bb width_last_edited=\u00bbon|tablet\u00bb global_colors_info=\u00bb{}\u00bb src__hover_enabled=\u00bbon|desktop\u00bb src__hover=\u00bb\u00bb][\/et_pb_image][\/et_pb_column][et_pb_column type=\u00bb1_5&#8243; _builder_version=\u00bb4.16&#8243; _module_preset=\u00bbdefault\u00bb global_colors_info=\u00bb{}\u00bb][et_pb_image src=\u00bbhttps:\/\/museros.org\/wp-content\/uploads\/2021\/08\/logo-domiciliacio-200&#215;160-1.jpg\u00bb title_text=\u00bblogo-domiciliacio-200&#215;160&#8243; url=\u00bbhttps:\/\/www.museros.org\/ca\/domiciliacio\/\u00bb use_overlay=\u00bbon\u00bb overlay_icon_color=\u00bbrgba(12,113,195,0.7)\u00bb hover_overlay_color=\u00bbrgba(255,255,255,0.5)\u00bb hover_icon=\u00bb&#xe04e;||divi||400&#8243; align=\u00bbcenter\u00bb src_tablet=\u00bbhttp:\/\/museros.org\/wp-content\/uploads\/2020\/12\/domiciliacion410.png\u00bb src_phone=\u00bbhttp:\/\/museros.org\/wp-content\/uploads\/2020\/12\/domiciliacion410.png\u00bb src_last_edited=\u00bbon|desktop\u00bb _builder_version=\u00bb4.16&#8243; _module_preset=\u00bbdefault\u00bb width_tablet=\u00bb70%\u00bb width_phone=\u00bb60%\u00bb width_last_edited=\u00bbon|phone\u00bb global_colors_info=\u00bb{}\u00bb src__hover_enabled=\u00bbon|desktop\u00bb src__hover=\u00bb\u00bb][\/et_pb_image][\/et_pb_column][et_pb_column type=\u00bb1_5&#8243; _builder_version=\u00bb4.16&#8243; _module_preset=\u00bbdefault\u00bb global_colors_info=\u00bb{}\u00bb][et_pb_image src=\u00bbhttps:\/\/museros.org\/wp-content\/uploads\/2021\/08\/logo-altaguals-200&#215;160-1.jpg\u00bb title_text=\u00bblogo-altaguals-200&#215;160&#8243; url=\u00bbhttps:\/\/www.museros.org\/ca\/alta-guals\/\u00bb use_overlay=\u00bbon\u00bb overlay_icon_color=\u00bbrgba(12,113,195,0.7)\u00bb hover_overlay_color=\u00bbrgba(255,255,255,0.5)\u00bb hover_icon=\u00bb&#xe04e;||divi||400&#8243; align=\u00bbcenter\u00bb align_tablet=\u00bb\u00bb align_phone=\u00bb\u00bb align_last_edited=\u00bbon|phone\u00bb _builder_version=\u00bb4.16&#8243; _module_preset=\u00bbdefault\u00bb width_tablet=\u00bb70%\u00bb width_phone=\u00bb\u00bb width_last_edited=\u00bbon|tablet\u00bb global_colors_info=\u00bb{}\u00bb src__hover_enabled=\u00bbon|desktop\u00bb src__hover=\u00bbhttps:\/\/museros.org\/wp-content\/uploads\/2021\/08\/logo-altaguals-200&#215;160-1.jpg\u00bb][\/et_pb_image][\/et_pb_column][et_pb_column type=\u00bb1_5&#8243; _builder_version=\u00bb4.16&#8243; _module_preset=\u00bbdefault\u00bb global_colors_info=\u00bb{}\u00bb][et_pb_image src=\u00bbhttps:\/\/museros.org\/wp-content\/uploads\/2021\/08\/logo-subhastes-200&#215;160-1.jpg\u00bb title_text=\u00bblogo-subhastes-200&#215;160&#8243; url=\u00bbhttps:\/\/www.museros.org\/ca\/subastes\/\u00bb use_overlay=\u00bbon\u00bb overlay_icon_color=\u00bbrgba(12,113,195,0.7)\u00bb hover_overlay_color=\u00bbrgba(255,255,255,0.5)\u00bb hover_icon=\u00bb&#xe04e;||divi||400&#8243; align=\u00bbcenter\u00bb src_tablet=\u00bbhttp:\/\/museros.org\/wp-content\/uploads\/2020\/12\/subastas-410.png\u00bb src_phone=\u00bbhttp:\/\/museros.org\/wp-content\/uploads\/2020\/12\/subastas-410.png\u00bb src_last_edited=\u00bbon|desktop\u00bb _builder_version=\u00bb4.16&#8243; _module_preset=\u00bbdefault\u00bb width_tablet=\u00bb70%\u00bb width_phone=\u00bb60%\u00bb width_last_edited=\u00bbon|tablet\u00bb global_colors_info=\u00bb{}\u00bb src__hover_enabled=\u00bbon|desktop\u00bb src__hover=\u00bb\u00bb][\/et_pb_image][\/et_pb_column][\/et_pb_row][et_pb_row _builder_version=\u00bb4.16&#8243; _module_preset=\u00bbdefault\u00bb global_colors_info=\u00bb{}\u00bb][et_pb_column type=\u00bb4_4&#8243; _builder_version=\u00bb4.16&#8243; _module_preset=\u00bbdefault\u00bb global_colors_info=\u00bb{}\u00bb][et_pb_divider color=\u00bb#0099cc\u00bb divider_weight=\u00bb4px\u00bb _builder_version=\u00bb4.16&#8243; _module_preset=\u00bbdefault\u00bb global_colors_info=\u00bb{}\u00bb][\/et_pb_divider][\/et_pb_column][\/et_pb_row][\/et_pb_section]<\/p>\n","protected":false},"excerpt":{"rendered":"<p>Bonificaci\u00f3 del IBI per fam\u00edlia nombrosa Tipus de bonificaci\u00f3 segon la condici\u00f3 de fam\u00edlia nombrosa: C.1) Fam\u00edlia Nombrosa de categoria General (atenent el que s&#8217;ent\u00e9n per la mateixa en l&#8217;article 4 de la Llei 40\/2003, de 18 de novembre, de Protecci\u00f3 a les Fam\u00edlies Nombroses o norma aplicable posterior sobre aquest tema). Tindran dret a [&hellip;]<\/p>\n","protected":false},"author":8,"featured_media":0,"parent":0,"menu_order":0,"comment_status":"closed","ping_status":"closed","template":"","meta":{"_et_pb_use_builder":"on","_et_pb_old_content":"","_et_gb_content_width":"","_mc_calendar":[],"footnotes":""},"wf_page_folders":[155],"class_list":["post-246330","page","type-page","status-publish","hentry"],"_links":{"self":[{"href":"https:\/\/museros.org\/inici\/wp-json\/wp\/v2\/pages\/246330","targetHints":{"allow":["GET"]}}],"collection":[{"href":"https:\/\/museros.org\/inici\/wp-json\/wp\/v2\/pages"}],"about":[{"href":"https:\/\/museros.org\/inici\/wp-json\/wp\/v2\/types\/page"}],"author":[{"embeddable":true,"href":"https:\/\/museros.org\/inici\/wp-json\/wp\/v2\/users\/8"}],"replies":[{"embeddable":true,"href":"https:\/\/museros.org\/inici\/wp-json\/wp\/v2\/comments?post=246330"}],"version-history":[{"count":12,"href":"https:\/\/museros.org\/inici\/wp-json\/wp\/v2\/pages\/246330\/revisions"}],"predecessor-version":[{"id":257995,"href":"https:\/\/museros.org\/inici\/wp-json\/wp\/v2\/pages\/246330\/revisions\/257995"}],"wp:attachment":[{"href":"https:\/\/museros.org\/inici\/wp-json\/wp\/v2\/media?parent=246330"}],"wp:term":[{"taxonomy":"wf_page_folders","embeddable":true,"href":"https:\/\/museros.org\/inici\/wp-json\/wp\/v2\/wf_page_folders?post=246330"}],"curies":[{"name":"wp","href":"https:\/\/api.w.org\/{rel}","templated":true}]}}