{"id":246013,"date":"2021-08-16T14:08:47","date_gmt":"2021-08-16T14:08:47","guid":{"rendered":"https:\/\/museros.org\/?page_id=246013"},"modified":"2022-12-18T17:29:42","modified_gmt":"2022-12-18T17:29:42","slug":"serveis-socials","status":"publish","type":"page","link":"https:\/\/museros.org\/inici\/serveis-socials\/","title":{"rendered":"Serveis socials"},"content":{"rendered":"<p>[et_pb_section fb_built=\u00bb1&#8243; _builder_version=\u00bb4.16&#8243; _module_preset=\u00bbdefault\u00bb custom_margin=\u00bb0px||||false|false\u00bb custom_padding=\u00bb0px||||false|false\u00bb locked=\u00bboff\u00bb global_colors_info=\u00bb{}\u00bb][et_pb_row column_structure=\u00bb1_4,3_4&#8243; _builder_version=\u00bb4.16&#8243; _module_preset=\u00bbdefault\u00bb custom_margin=\u00bb0px||||false|false\u00bb custom_padding=\u00bb0px||||false|false\u00bb global_colors_info=\u00bb{}\u00bb][et_pb_column type=\u00bb1_4&#8243; _builder_version=\u00bb4.16&#8243; _module_preset=\u00bbdefault\u00bb global_colors_info=\u00bb{}\u00bb][et_pb_image src=\u00bbhttps:\/\/museros.org\/wp-content\/uploads\/2022\/11\/serveissocials-230&#215;180-1.jpg\u00bb title_text=\u00bbserveissocials-230&#215;180&#8243; url=\u00bbhttps:\/\/museros.org\/inici\/museros-inclusiu\u00bb use_overlay=\u00bbon\u00bb overlay_icon_color=\u00bb#E02B20&#8243; hover_overlay_color=\u00bbrgba(255,255,255,0.7)\u00bb hover_icon=\u00bb&#xe04e;||divi||400&#8243; align=\u00bbcenter\u00bb _builder_version=\u00bb4.19.4&#8243; _module_preset=\u00bbdefault\u00bb width=\u00bb100%\u00bb hover_enabled=\u00bb0&#8243; locked=\u00bboff\u00bb global_colors_info=\u00bb{}\u00bb sticky_enabled=\u00bb0&#8243;][\/et_pb_image][\/et_pb_column][et_pb_column type=\u00bb3_4&#8243; _builder_version=\u00bb4.16&#8243; _module_preset=\u00bbdefault\u00bb global_colors_info=\u00bb{}\u00bb][et_pb_text _builder_version=\u00bb4.17.1&#8243; _module_preset=\u00bbdefault\u00bb global_colors_info=\u00bb{}\u00bb]<\/p>\n<h2>Serveis socials<\/h2>\n<p>Es tracta d&#8217;un sistema que inclou una s\u00e8rie de programes i recursos que aborden problemes socials concrets; un conjunt de serveis i prestacions de promoci\u00f3 i acci\u00f3 social que at\u00e9n les necessitats socials de manera integral. Promou activitats per a evitar situacions de risc social.<\/p>\n<p>Treballadores socials<br \/>Horari d&#8217;atenci\u00f3 al p\u00fablic, amb cita pr\u00e8via.<\/p>\n<p>Situats en el Centre Social de Dia, en l&#8217;avinguda de Blasco Ib\u00e1\u00f1ez, 87 (darrere de l&#8217;ermita).<br \/>L&#8217;horari \u00e9s de 09.30 h a 14.30 h.<br \/>Tel\u00e8fon: 960 262 153<\/p>\n<p>&nbsp;<\/p>\n<p>[\/et_pb_text][\/et_pb_column][\/et_pb_row][et_pb_row _builder_version=\u00bb4.16&#8243; _module_preset=\u00bbdefault\u00bb global_colors_info=\u00bb{}\u00bb][et_pb_column type=\u00bb4_4&#8243; _builder_version=\u00bb4.16&#8243; _module_preset=\u00bbdefault\u00bb global_colors_info=\u00bb{}\u00bb][et_pb_divider color=\u00bb#cc0000&#8243; divider_weight=\u00bb5px\u00bb _builder_version=\u00bb4.16&#8243; _module_preset=\u00bbdefault\u00bb global_colors_info=\u00bb{}\u00bb][\/et_pb_divider][\/et_pb_column][\/et_pb_row][\/et_pb_section]<\/p>\n","protected":false},"excerpt":{"rendered":"<p>Serveis socials Es tracta d&#8217;un sistema que inclou una s\u00e8rie de programes i recursos que aborden problemes socials concrets; un conjunt de serveis i prestacions de promoci\u00f3 i acci\u00f3 social que at\u00e9n les necessitats socials de manera integral. Promou activitats per a evitar situacions de risc social. Treballadores socialsHorari d&#8217;atenci\u00f3 al p\u00fablic, amb cita pr\u00e8via. [&hellip;]<\/p>\n","protected":false},"author":8,"featured_media":0,"parent":0,"menu_order":0,"comment_status":"closed","ping_status":"closed","template":"","meta":{"_et_pb_use_builder":"on","_et_pb_old_content":"","_et_gb_content_width":"","_mc_calendar":[],"footnotes":""},"wf_page_folders":[288],"class_list":["post-246013","page","type-page","status-publish","hentry"],"_links":{"self":[{"href":"https:\/\/museros.org\/inici\/wp-json\/wp\/v2\/pages\/246013","targetHints":{"allow":["GET"]}}],"collection":[{"href":"https:\/\/museros.org\/inici\/wp-json\/wp\/v2\/pages"}],"about":[{"href":"https:\/\/museros.org\/inici\/wp-json\/wp\/v2\/types\/page"}],"author":[{"embeddable":true,"href":"https:\/\/museros.org\/inici\/wp-json\/wp\/v2\/users\/8"}],"replies":[{"embeddable":true,"href":"https:\/\/museros.org\/inici\/wp-json\/wp\/v2\/comments?post=246013"}],"version-history":[{"count":10,"href":"https:\/\/museros.org\/inici\/wp-json\/wp\/v2\/pages\/246013\/revisions"}],"predecessor-version":[{"id":263027,"href":"https:\/\/museros.org\/inici\/wp-json\/wp\/v2\/pages\/246013\/revisions\/263027"}],"wp:attachment":[{"href":"https:\/\/museros.org\/inici\/wp-json\/wp\/v2\/media?parent=246013"}],"wp:term":[{"taxonomy":"wf_page_folders","embeddable":true,"href":"https:\/\/museros.org\/inici\/wp-json\/wp\/v2\/wf_page_folders?post=246013"}],"curies":[{"name":"wp","href":"https:\/\/api.w.org\/{rel}","templated":true}]}}