{"id":245929,"date":"2021-08-16T10:35:32","date_gmt":"2021-08-16T10:35:32","guid":{"rendered":"https:\/\/museros.org\/?page_id=245929"},"modified":"2022-03-22T18:09:43","modified_gmt":"2022-03-22T18:09:43","slug":"aodl","status":"publish","type":"page","link":"https:\/\/museros.org\/inici\/aodl\/","title":{"rendered":"AODL"},"content":{"rendered":"<p>[et_pb_section fb_built=\u00bb1&#8243; _builder_version=\u00bb4.15&#8243; _module_preset=\u00bbdefault\u00bb custom_padding=\u00bb0px||||false|false\u00bb locked=\u00bboff\u00bb global_colors_info=\u00bb{}\u00bb][et_pb_row column_structure=\u00bb1_4,3_4&#8243; _builder_version=\u00bb4.15&#8243; _module_preset=\u00bbdefault\u00bb custom_padding=\u00bb0px||||false|false\u00bb global_colors_info=\u00bb{}\u00bb][et_pb_column type=\u00bb1_4&#8243; _builder_version=\u00bb4.15&#8243; _module_preset=\u00bbdefault\u00bb global_colors_info=\u00bb{}\u00bb][et_pb_image src=\u00bbhttps:\/\/museros.org\/wp-content\/uploads\/2022\/03\/logo-aodl-230&#215;180-1.jpg\u00bb title_text=\u00bblogo-aodl-230&#215;180&#8243; url=\u00bbhttps:\/\/museros.org\/inici\/area-docupacio\u00bb use_overlay=\u00bbon\u00bb overlay_icon_color=\u00bb#E02B20&#8243; hover_overlay_color=\u00bbrgba(255,255,255,0.7)\u00bb hover_icon=\u00bb&#xe04d;||divi||400&#8243; align=\u00bbcenter\u00bb _builder_version=\u00bb4.15&#8243; _module_preset=\u00bbdefault\u00bb width=\u00bb100%\u00bb custom_margin=\u00bb||||false|false\u00bb global_colors_info=\u00bb{}\u00bb][\/et_pb_image][\/et_pb_column][et_pb_column type=\u00bb3_4&#8243; _builder_version=\u00bb4.15&#8243; _module_preset=\u00bbdefault\u00bb global_colors_info=\u00bb{}\u00bb][et_pb_text _builder_version=\u00bb4.15&#8243; _module_preset=\u00bbdefault\u00bb global_colors_info=\u00bb{}\u00bb]<\/p>\n<h1>Ag\u00e8ncia d&#8217;Ocupaci\u00f3 i Desenvolupament Local<\/h1>\n<p>[\/et_pb_text][et_pb_text _builder_version=\u00bb4.15&#8243; _module_preset=\u00bbdefault\u00bb global_colors_info=\u00bb{}\u00bb]<\/p>\n<p>L\u2019Ag\u00e8ncia d\u2019Ocupaci\u00f3 i Desenvolupament Local \u00e9s un servei municipal dirigit a persones desocupades i a empreses, amb la finalitat d\u2019afavorir el desenvolupament socioecon\u00f2mic i la creaci\u00f3 d&#8217;ocupaci\u00f3 al municipi de Museros.<\/p>\n<p>Entre les diferents actuacions que es porten a terme, destaquen:<br \/>\u2022 Suport a emprenedors i emprenedores que creen la seua empresa: assessorament, formaci\u00f3, tramitaci\u00f3 d\u2019ajudes i de subvencions i acompanyament i promoci\u00f3 en els moments inicials de la creaci\u00f3 d&#8217;una empresa, en minimitzar els riscos d&#8217;aband\u00f3 i maximitzar els aspectes que resulten favorables per al manteniment i consolidaci\u00f3 dels projectes empresarials posats en marxa.<br \/>\u2022 Col\u00b7laboraci\u00f3 amb les empreses i els comer\u00e7os del municipi: gesti\u00f3 d\u2019ofertes de treball, assessorament en mat\u00e8ria de responsabilitat social empresarial, formaci\u00f3, informaci\u00f3 sobre subvencions i ajudes i promoci\u00f3 de l\u2019associacionisme.<br \/>\u2022 Orientaci\u00f3, informaci\u00f3 laboral i formaci\u00f3 per a persones aturades o amb necessitat d\u2019una millora d\u2019ocupaci\u00f3, que busquen treball i qualificaci\u00f3 professional.<\/p>\n<p>L&#8217;Ajuntament de Museros participa en l&#8217;Ag\u00e8ncia P\u00fablica d&#8217;Ocupaci\u00f3 de l&#8217;Horta Nord, n\u00fam. 1000000110, impulsada des del Consorci Pactem Nord, amb l&#8217;objectiu de vertebrar la comarca, garantir l&#8217;accessibilitat de la ciutadania als serveis d&#8217;ocupaci\u00f3 i oferir, a les empreses, un servei gratu\u00eft d&#8217;intermediaci\u00f3 laboral. Per a m\u00e9s informaci\u00f3, en <a href=\"https:\/\/www.consorci.info\/webempleo.html\" target=\"_blank\" rel=\"noopener\">https:\/\/www.consorci.info\/webempleo.html<\/a><\/p>\n<p>Per a inscriure&#8217;t a l&#8217;Ag\u00e8ncia P\u00fablica d&#8217;Ocupaci\u00f3 de l&#8217;Horta Nord, com a usuari o usu\u00e0ria de Museros, has de sol\u00b7licitar cita pr\u00e8via i pots fer-ho telef\u00f2nicament en el 961441680, ext. 5, o presencialment, de dilluns a divendres, de 12.00 h a 14.00 h.<\/p>\n<p>[\/et_pb_text][et_pb_divider color=\u00bb#999999&#8243; divider_style=\u00bbdotted\u00bb divider_weight=\u00bb7px\u00bb _builder_version=\u00bb4.15&#8243; _module_preset=\u00bbdefault\u00bb custom_margin=\u00bb46px||-18px||false|false\u00bb custom_padding=\u00bb||0px||false|false\u00bb global_colors_info=\u00bb{}\u00bb][\/et_pb_divider][\/et_pb_column][\/et_pb_row][et_pb_row column_structure=\u00bb1_5,1_5,1_5,1_5,1_5&#8243; use_custom_gutter=\u00bbon\u00bb gutter_width=\u00bb1&#8243; _builder_version=\u00bb4.15&#8243; _module_preset=\u00bbdefault\u00bb custom_margin=\u00bb0px||0px||false|false\u00bb custom_padding=\u00bb0px||0px||false|false\u00bb global_colors_info=\u00bb{}\u00bb][et_pb_column type=\u00bb1_5&#8243; _builder_version=\u00bb4.15&#8243; _module_preset=\u00bbdefault\u00bb global_colors_info=\u00bb{}\u00bb][\/et_pb_column][et_pb_column type=\u00bb1_5&#8243; _builder_version=\u00bb4.15&#8243; _module_preset=\u00bbdefault\u00bb global_colors_info=\u00bb{}\u00bb][et_pb_image src=\u00bbhttps:\/\/museros.org\/wp-content\/uploads\/2021\/08\/logo-borsadocp-200&#215;160-1.jpg\u00bb title_text=\u00bblogo-borsadocp-200&#215;160&#8243; url=\u00bbhttps:\/\/museros.org\/ca\/borsa-docupacio\u00bb use_overlay=\u00bbon\u00bb overlay_icon_color=\u00bb#E02B20&#8243; hover_overlay_color=\u00bbrgba(255,255,255,0.7)\u00bb hover_icon=\u00bb&#xe04e;||divi||400&#8243; align=\u00bbcenter\u00bb _builder_version=\u00bb4.15&#8243; _module_preset=\u00bbdefault\u00bb width=\u00bb100%\u00bb global_colors_info=\u00bb{}\u00bb][\/et_pb_image][\/et_pb_column][et_pb_column type=\u00bb1_5&#8243; _builder_version=\u00bb4.15&#8243; _module_preset=\u00bbdefault\u00bb global_colors_info=\u00bb{}\u00bb][et_pb_image src=\u00bbhttps:\/\/museros.org\/wp-content\/uploads\/2021\/08\/logo-accions-200&#215;160-1.jpg\u00bb title_text=\u00bblogo-accions-200&#215;160&#8243; url=\u00bbhttps:\/\/museros.org\/ca\/accions-de-formacio\u00bb use_overlay=\u00bbon\u00bb overlay_icon_color=\u00bb#e02b20&#8243; hover_overlay_color=\u00bbrgba(255,255,255,0.7)\u00bb hover_icon=\u00bb&#xe04e;||divi||400&#8243; align=\u00bbcenter\u00bb _builder_version=\u00bb4.15&#8243; _module_preset=\u00bbdefault\u00bb width=\u00bb100%\u00bb global_colors_info=\u00bb{}\u00bb][\/et_pb_image][\/et_pb_column][et_pb_column type=\u00bb1_5&#8243; _builder_version=\u00bb4.15&#8243; _module_preset=\u00bbdefault\u00bb global_colors_info=\u00bb{}\u00bb][et_pb_image src=\u00bbhttps:\/\/museros.org\/wp-content\/uploads\/2021\/08\/logo-tallers-200&#215;160-1.jpg\u00bb title_text=\u00bblogo-tallers-200&#215;160&#8243; url=\u00bbhttps:\/\/museros.org\/ca\/tallers-i-cursos\u00bb use_overlay=\u00bbon\u00bb overlay_icon_color=\u00bb#E02B20&#8243; hover_overlay_color=\u00bbrgba(255,255,255,0.7)\u00bb hover_icon=\u00bb&#xe04e;||divi||400&#8243; align=\u00bbcenter\u00bb _builder_version=\u00bb4.15&#8243; _module_preset=\u00bbdefault\u00bb width=\u00bb100%\u00bb global_colors_info=\u00bb{}\u00bb][\/et_pb_image][\/et_pb_column][et_pb_column type=\u00bb1_5&#8243; _builder_version=\u00bb4.15&#8243; _module_preset=\u00bbdefault\u00bb global_colors_info=\u00bb{}\u00bb][et_pb_image src=\u00bbhttps:\/\/museros.org\/wp-content\/uploads\/2021\/08\/logo-pactemnord.jpg\u00bb title_text=\u00bblogo-pactemnord\u00bb url=\u00bbhttps:\/\/www.consorci.info\/webempleo.html\u00bb url_new_window=\u00bbon\u00bb use_overlay=\u00bbon\u00bb overlay_icon_color=\u00bb#E02B20&#8243; hover_overlay_color=\u00bbrgba(255,255,255,0.7)\u00bb hover_icon=\u00bb&#xe04e;||divi||400&#8243; _builder_version=\u00bb4.15&#8243; _module_preset=\u00bbdefault\u00bb global_colors_info=\u00bb{}\u00bb][\/et_pb_image][\/et_pb_column][\/et_pb_row][et_pb_row _builder_version=\u00bb4.15&#8243; _module_preset=\u00bbdefault\u00bb global_colors_info=\u00bb{}\u00bb][et_pb_column type=\u00bb4_4&#8243; _builder_version=\u00bb4.15&#8243; _module_preset=\u00bbdefault\u00bb global_colors_info=\u00bb{}\u00bb][et_pb_divider color=\u00bb#E02B20&#8243; divider_weight=\u00bb4px\u00bb _builder_version=\u00bb4.15&#8243; _module_preset=\u00bbdefault\u00bb custom_margin=\u00bb||||false|false\u00bb custom_padding=\u00bb||0px||false|false\u00bb global_colors_info=\u00bb{}\u00bb][\/et_pb_divider][et_pb_text _builder_version=\u00bb4.15.1&#8243; _module_preset=\u00bbdefault\u00bb custom_margin=\u00bb0px||||false|false\u00bb custom_padding=\u00bb0px||||false|false\u00bb hover_enabled=\u00bb0&#8243; global_colors_info=\u00bb{}\u00bb sticky_enabled=\u00bb0&#8243;]<\/p>\n<h1>Noticies<\/h1>\n<p>[\/et_pb_text][et_pb_blog fullwidth=\u00bboff\u00bb posts_number=\u00bb3&#8243; include_categories=\u00bb1116&#8243; show_author=\u00bboff\u00bb show_pagination=\u00bboff\u00bb admin_label=\u00bbBlog noticias\u00bb _builder_version=\u00bb4.15.1&#8243; _module_preset=\u00bbdefault\u00bb min_height=\u00bb519.1px\u00bb hover_enabled=\u00bb0&#8243; box_shadow_style=\u00bbpreset1&#8243; locked=\u00bboff\u00bb global_colors_info=\u00bb{}\u00bb meta_date=\u00bbjM,Y\u00bb sticky_enabled=\u00bb0&#8243;][\/et_pb_blog][et_pb_divider color=\u00bb#E02B20&#8243; divider_weight=\u00bb4px\u00bb _builder_version=\u00bb4.15&#8243; _module_preset=\u00bbdefault\u00bb global_colors_info=\u00bb{}\u00bb][\/et_pb_divider][\/et_pb_column][\/et_pb_row][\/et_pb_section]<\/p>\n","protected":false},"excerpt":{"rendered":"<p>Ag\u00e8ncia d&#8217;Ocupaci\u00f3 i Desenvolupament LocalL\u2019Ag\u00e8ncia d\u2019Ocupaci\u00f3 i Desenvolupament Local \u00e9s un servei municipal dirigit a persones desocupades i a empreses, amb la finalitat d\u2019afavorir el desenvolupament socioecon\u00f2mic i la creaci\u00f3 d&#8217;ocupaci\u00f3 al municipi de Museros. Entre les diferents actuacions que es porten a terme, destaquen:\u2022 Suport a emprenedors i emprenedores que creen la seua empresa: [&hellip;]<\/p>\n","protected":false},"author":8,"featured_media":0,"parent":0,"menu_order":0,"comment_status":"closed","ping_status":"closed","template":"","meta":{"_et_pb_use_builder":"on","_et_pb_old_content":"","_et_gb_content_width":"","_mc_calendar":[],"footnotes":""},"wf_page_folders":[157],"class_list":["post-245929","page","type-page","status-publish","hentry"],"_links":{"self":[{"href":"https:\/\/museros.org\/inici\/wp-json\/wp\/v2\/pages\/245929","targetHints":{"allow":["GET"]}}],"collection":[{"href":"https:\/\/museros.org\/inici\/wp-json\/wp\/v2\/pages"}],"about":[{"href":"https:\/\/museros.org\/inici\/wp-json\/wp\/v2\/types\/page"}],"author":[{"embeddable":true,"href":"https:\/\/museros.org\/inici\/wp-json\/wp\/v2\/users\/8"}],"replies":[{"embeddable":true,"href":"https:\/\/museros.org\/inici\/wp-json\/wp\/v2\/comments?post=245929"}],"version-history":[{"count":35,"href":"https:\/\/museros.org\/inici\/wp-json\/wp\/v2\/pages\/245929\/revisions"}],"predecessor-version":[{"id":255722,"href":"https:\/\/museros.org\/inici\/wp-json\/wp\/v2\/pages\/245929\/revisions\/255722"}],"wp:attachment":[{"href":"https:\/\/museros.org\/inici\/wp-json\/wp\/v2\/media?parent=245929"}],"wp:term":[{"taxonomy":"wf_page_folders","embeddable":true,"href":"https:\/\/museros.org\/inici\/wp-json\/wp\/v2\/wf_page_folders?post=245929"}],"curies":[{"name":"wp","href":"https:\/\/api.w.org\/{rel}","templated":true}]}}