{"id":245885,"date":"2021-08-16T08:34:36","date_gmt":"2021-08-16T08:34:36","guid":{"rendered":"https:\/\/museros.org\/?page_id=245885"},"modified":"2022-04-15T13:28:13","modified_gmt":"2022-04-15T13:28:13","slug":"assessoria-juridica","status":"publish","type":"page","link":"https:\/\/museros.org\/inici\/assessoria-juridica\/","title":{"rendered":"Assessoria jur\u00eddica"},"content":{"rendered":"<p>[et_pb_section fb_built=\u00bb1&#8243; _builder_version=\u00bb4.16&#8243; _module_preset=\u00bbdefault\u00bb custom_padding=\u00bb0px||||false|false\u00bb locked=\u00bboff\u00bb global_colors_info=\u00bb{}\u00bb][et_pb_row column_structure=\u00bb1_4,3_4&#8243; _builder_version=\u00bb4.16&#8243; _module_preset=\u00bbdefault\u00bb custom_margin=\u00bb0px||0px||false|false\u00bb custom_padding=\u00bb0px||||false|false\u00bb global_colors_info=\u00bb{}\u00bb][et_pb_column type=\u00bb1_4&#8243; _builder_version=\u00bb4.16&#8243; _module_preset=\u00bbdefault\u00bb global_colors_info=\u00bb{}\u00bb][et_pb_image src=\u00bbhttps:\/\/museros.org\/wp-content\/uploads\/2022\/04\/assessoria-juridica-180&#215;230-1.jpg\u00bb title_text=\u00bbassessoria-juridica-180&#215;230&#8243; url=\u00bbhttps:\/\/museros.org\/inici\u00bb use_overlay=\u00bbon\u00bb overlay_icon_color=\u00bb#E02B20&#8243; hover_overlay_color=\u00bbrgba(255,255,255,0.65)\u00bb hover_icon=\u00bb&#xe04d;||divi||400&#8243; align=\u00bbcenter\u00bb _builder_version=\u00bb4.17.1&#8243; _module_preset=\u00bbdefault\u00bb hover_enabled=\u00bb0&#8243; global_colors_info=\u00bb{}\u00bb sticky_enabled=\u00bb0&#8243;][\/et_pb_image][\/et_pb_column][et_pb_column type=\u00bb3_4&#8243; _builder_version=\u00bb4.16&#8243; _module_preset=\u00bbdefault\u00bb global_colors_info=\u00bb{}\u00bb][et_pb_text _builder_version=\u00bb4.17.1&#8243; _module_preset=\u00bbdefault\u00bb custom_padding=\u00bb||5px|||\u00bb global_colors_info=\u00bb{}\u00bb]<\/p>\n<h2>Assessoria Jur\u00eddica<\/h2>\n<p>Servei gratu\u00eft d&#8217;assessorament jur\u00eddic, intermediaci\u00f3 i negociacions diverses.<\/p>\n<p>Els ve\u00efns i les ve\u00efnes de Museros es poden beneficiar del conveni de col\u00b7laboraci\u00f3 entre la Diputaci\u00f3 de Val\u00e8ncia i el Col\u00b7legi d&#8217;Advocats de Val\u00e8ncia per a la prestaci\u00f3 gratu\u00efta dels serveis d&#8217;assessorament jur\u00eddic, intermediaci\u00f3 i negociaci\u00f3 de pr\u00e9stecs, arrendaments i evitaci\u00f3 de desnonaments en l&#8217;habitatge habitual.<\/p>\n<p>Conveni de col\u00b7laboraci\u00f3 entre l&#8217;Excel\u00b7lent\u00edssima Diputaci\u00f3 Provincial de Val\u00e8ncia i l&#8217;Il\u00b7lustre Col\u00b7legi d&#8217;Advocats de Val\u00e8ncia, per a la prestaci\u00f3 dels serveis d&#8217;assessorament jur\u00eddic, intermediaci\u00f3 i negociaci\u00f3 sobre pr\u00e9stecs, arrendaments i evitaci\u00f3 de desnonaments relatius a l&#8217;habitatge habitual i sobre mediaci\u00f3 familiar (mar\u00e7 de 2016).<em><\/em><\/p>\n<p>[\/et_pb_text][et_pb_button button_url=\u00bbhttps:\/\/museros.org\/wp-content\/uploads\/2021\/07\/Convenio-Diputacion.pdf\u00bb url_new_window=\u00bbon\u00bb button_text=\u00bbArxiu PDF\u00bb _builder_version=\u00bb4.16&#8243; _module_preset=\u00bbdefault\u00bb global_colors_info=\u00bb{}\u00bb][\/et_pb_button][et_pb_text _builder_version=\u00bb4.16&#8243; _module_preset=\u00bbdefault\u00bb global_colors_info=\u00bb{}\u00bb]<\/p>\n<p><em><span style=\"color: #000000;\"><\/span><\/em><\/p>\n<p><span style=\"color: #000000;\">Inst\u00e0ncia per a la prestaci\u00f3 de serveis jur\u00eddics.<\/span><\/p>\n<p>[\/et_pb_text][et_pb_button button_url=\u00bbhttps:\/\/museros.org\/wp-content\/uploads\/2022\/02\/E-modelo-sollicitut-juridica.pdf\u00bb url_new_window=\u00bbon\u00bb button_text=\u00bbSol\u00b7licitud PDF\u00bb _builder_version=\u00bb4.16&#8243; _module_preset=\u00bbdefault\u00bb global_colors_info=\u00bb{}\u00bb][\/et_pb_button][\/et_pb_column][\/et_pb_row][et_pb_row _builder_version=\u00bb4.16&#8243; _module_preset=\u00bbdefault\u00bb custom_margin=\u00bb25px||||false|false\u00bb global_colors_info=\u00bb{}\u00bb][et_pb_column type=\u00bb4_4&#8243; _builder_version=\u00bb4.16&#8243; _module_preset=\u00bbdefault\u00bb global_colors_info=\u00bb{}\u00bb][et_pb_divider color=\u00bb#E02B20&#8243; divider_weight=\u00bb4px\u00bb _builder_version=\u00bb4.16&#8243; _module_preset=\u00bbdefault\u00bb global_colors_info=\u00bb{}\u00bb][\/et_pb_divider][\/et_pb_column][\/et_pb_row][\/et_pb_section]<\/p>\n","protected":false},"excerpt":{"rendered":"<p>Assessoria Jur\u00eddica Servei gratu\u00eft d&#8217;assessorament jur\u00eddic, intermediaci\u00f3 i negociacions diverses. Els ve\u00efns i les ve\u00efnes de Museros es poden beneficiar del conveni de col\u00b7laboraci\u00f3 entre la Diputaci\u00f3 de Val\u00e8ncia i el Col\u00b7legi d&#8217;Advocats de Val\u00e8ncia per a la prestaci\u00f3 gratu\u00efta dels serveis d&#8217;assessorament jur\u00eddic, intermediaci\u00f3 i negociaci\u00f3 de pr\u00e9stecs, arrendaments i evitaci\u00f3 de desnonaments en [&hellip;]<\/p>\n","protected":false},"author":8,"featured_media":0,"parent":0,"menu_order":0,"comment_status":"closed","ping_status":"closed","template":"","meta":{"_et_pb_use_builder":"on","_et_pb_old_content":"","_et_gb_content_width":"","_mc_calendar":[],"footnotes":""},"wf_page_folders":[389],"class_list":["post-245885","page","type-page","status-publish","hentry"],"_links":{"self":[{"href":"https:\/\/museros.org\/inici\/wp-json\/wp\/v2\/pages\/245885","targetHints":{"allow":["GET"]}}],"collection":[{"href":"https:\/\/museros.org\/inici\/wp-json\/wp\/v2\/pages"}],"about":[{"href":"https:\/\/museros.org\/inici\/wp-json\/wp\/v2\/types\/page"}],"author":[{"embeddable":true,"href":"https:\/\/museros.org\/inici\/wp-json\/wp\/v2\/users\/8"}],"replies":[{"embeddable":true,"href":"https:\/\/museros.org\/inici\/wp-json\/wp\/v2\/comments?post=245885"}],"version-history":[{"count":17,"href":"https:\/\/museros.org\/inici\/wp-json\/wp\/v2\/pages\/245885\/revisions"}],"predecessor-version":[{"id":258026,"href":"https:\/\/museros.org\/inici\/wp-json\/wp\/v2\/pages\/245885\/revisions\/258026"}],"wp:attachment":[{"href":"https:\/\/museros.org\/inici\/wp-json\/wp\/v2\/media?parent=245885"}],"wp:term":[{"taxonomy":"wf_page_folders","embeddable":true,"href":"https:\/\/museros.org\/inici\/wp-json\/wp\/v2\/wf_page_folders?post=245885"}],"curies":[{"name":"wp","href":"https:\/\/api.w.org\/{rel}","templated":true}]}}