{"id":245869,"date":"2021-08-16T08:16:32","date_gmt":"2021-08-16T08:16:32","guid":{"rendered":"https:\/\/museros.org\/?page_id=245869"},"modified":"2023-10-31T09:07:54","modified_gmt":"2023-10-31T09:07:54","slug":"serveis","status":"publish","type":"page","link":"https:\/\/museros.org\/inici\/serveis\/","title":{"rendered":"SERVEIS"},"content":{"rendered":"<p>[et_pb_section fb_built=\u00bb1&#8243; _builder_version=\u00bb4.16&#8243; _module_preset=\u00bbdefault\u00bb custom_padding=\u00bb0px||||false|false\u00bb locked=\u00bboff\u00bb global_colors_info=\u00bb{}\u00bb][et_pb_row column_structure=\u00bb1_4,3_4&#8243; _builder_version=\u00bb4.16&#8243; _module_preset=\u00bbdefault\u00bb custom_padding=\u00bb0px||||false|false\u00bb global_colors_info=\u00bb{}\u00bb][et_pb_column type=\u00bb1_4&#8243; _builder_version=\u00bb4.16&#8243; _module_preset=\u00bbdefault\u00bb global_colors_info=\u00bb{}\u00bb][et_pb_image src=\u00bbhttps:\/\/museros.org\/wp-content\/uploads\/2021\/08\/serveis-200&#215;160-1.jpg\u00bb title_text=\u00bbserveis-200&#215;160&#8243; url=\u00bbhttps:\/\/museros.org\/inici\/otam-en-linia\u00bb use_overlay=\u00bbon\u00bb overlay_icon_color=\u00bb#E02B20&#8243; hover_overlay_color=\u00bbrgba(255,255,255,0.66)\u00bb hover_icon=\u00bb&#xe04e;||divi||400&#8243; align=\u00bbcenter\u00bb _builder_version=\u00bb4.16&#8243; _module_preset=\u00bbdefault\u00bb global_colors_info=\u00bb{}\u00bb][\/et_pb_image][\/et_pb_column][et_pb_column type=\u00bb3_4&#8243; _builder_version=\u00bb4.16&#8243; _module_preset=\u00bbdefault\u00bb global_colors_info=\u00bb{}\u00bb][et_pb_text _builder_version=\u00bb4.23&#8243; _module_preset=\u00bbdefault\u00bb hover_enabled=\u00bb0&#8243; global_colors_info=\u00bb{}\u00bb sticky_enabled=\u00bb0&#8243;]<\/p>\n<p><a href=\"https:\/\/museros.org\/inici\/otam-en-linia\/\">OTAM en l\u00ednia<\/a><br \/><a href=\"https:\/\/museros.org\/inici\/omic-en-linia\/\">OMIC en l\u00ednia<\/a><br \/><a href=\"https:\/\/museros.org\/inici\/omac-en-linia\/\">OMAC en l\u00ednia<\/a><br \/><a href=\"https:\/\/museros.org\/inici\/museros-inclusiu\/\">Serveis Socials<\/a><br \/><a href=\"https:\/\/museros.org\/inici\/recursos-humans\/\">Personal- R. Humans<\/a><br \/><a href=\"https:\/\/museros.org\/inici\/aodl\/\">AODL<\/a><br \/><a href=\"https:\/\/museros.org\/inici\/gabinet-psicopedagogic\/\">Gabinet Psicopedag\u00f2gic<\/a><br \/><a href=\"https:\/\/museros.org\/inici\/signatura-electronica\/\">Firma electr\u00f2nica<\/a><br \/><a href=\"https:\/\/museros.org\/inici\/punt-dinformacio-cadastral\/\">Punt d\u2019Informaci\u00f3 Cadastral<\/a><br \/><a href=\"https:\/\/museros.org\/inici\/jutjat-de-pau\/\">Jutjat de Pau<\/a><br \/><a href=\"https:\/\/museros.org\/inici\/assessoria-juridica\/\">Asessoria jur\u00eddica<\/a><br \/><a href=\"https:\/\/museros.sedelectronica.es\/info.0\" target=\"_blank\" rel=\"noopener\">Seu electr\u00f2nica<\/a><br \/><a href=\"https:\/\/museros.sedelectronica.es\/contractor-profile-list\" target=\"_blank\" rel=\"noopener\">Perfil del contractant<\/a><br \/><a href=\"https:\/\/museros.governalia.es\/\" target=\"_blank\" rel=\"noopener\">Transpar\u00e8ncia<\/a><br \/><a href=\"https:\/\/museros.org\/inici\/whatsapp-municipal\/\">Whatsapp municipal<\/a><br \/><a href=\"https:\/\/museros.org\/inici\/museros-mes-net\/\">Recollida de trastos<\/a><\/p>\n<p>[\/et_pb_text][\/et_pb_column][\/et_pb_row][et_pb_row _builder_version=\u00bb4.16&#8243; _module_preset=\u00bbdefault\u00bb global_colors_info=\u00bb{}\u00bb][et_pb_column type=\u00bb4_4&#8243; _builder_version=\u00bb4.16&#8243; _module_preset=\u00bbdefault\u00bb global_colors_info=\u00bb{}\u00bb][et_pb_divider color=\u00bb#E02B20&#8243; divider_weight=\u00bb4px\u00bb _builder_version=\u00bb4.16&#8243; _module_preset=\u00bbdefault\u00bb global_colors_info=\u00bb{}\u00bb][\/et_pb_divider][\/et_pb_column][\/et_pb_row][\/et_pb_section]<\/p>\n","protected":false},"excerpt":{"rendered":"<p>OTAM en l\u00edniaOMIC en l\u00edniaOMAC en l\u00edniaServeis SocialsPersonal- R. HumansAODLGabinet Psicopedag\u00f2gicFirma electr\u00f2nicaPunt d\u2019Informaci\u00f3 CadastralJutjat de PauAsessoria jur\u00eddicaSeu electr\u00f2nicaPerfil del contractantTranspar\u00e8nciaWhatsapp municipalRecollida de trastos<\/p>\n","protected":false},"author":8,"featured_media":0,"parent":0,"menu_order":0,"comment_status":"closed","ping_status":"closed","template":"","meta":{"_et_pb_use_builder":"on","_et_pb_old_content":"","_et_gb_content_width":"","_mc_calendar":[],"footnotes":""},"wf_page_folders":[150],"class_list":["post-245869","page","type-page","status-publish","hentry"],"_links":{"self":[{"href":"https:\/\/museros.org\/inici\/wp-json\/wp\/v2\/pages\/245869","targetHints":{"allow":["GET"]}}],"collection":[{"href":"https:\/\/museros.org\/inici\/wp-json\/wp\/v2\/pages"}],"about":[{"href":"https:\/\/museros.org\/inici\/wp-json\/wp\/v2\/types\/page"}],"author":[{"embeddable":true,"href":"https:\/\/museros.org\/inici\/wp-json\/wp\/v2\/users\/8"}],"replies":[{"embeddable":true,"href":"https:\/\/museros.org\/inici\/wp-json\/wp\/v2\/comments?post=245869"}],"version-history":[{"count":9,"href":"https:\/\/museros.org\/inici\/wp-json\/wp\/v2\/pages\/245869\/revisions"}],"predecessor-version":[{"id":266437,"href":"https:\/\/museros.org\/inici\/wp-json\/wp\/v2\/pages\/245869\/revisions\/266437"}],"wp:attachment":[{"href":"https:\/\/museros.org\/inici\/wp-json\/wp\/v2\/media?parent=245869"}],"wp:term":[{"taxonomy":"wf_page_folders","embeddable":true,"href":"https:\/\/museros.org\/inici\/wp-json\/wp\/v2\/wf_page_folders?post=245869"}],"curies":[{"name":"wp","href":"https:\/\/api.w.org\/{rel}","templated":true}]}}