{"id":245864,"date":"2021-08-16T08:12:52","date_gmt":"2021-08-16T08:12:52","guid":{"rendered":"https:\/\/museros.org\/?page_id=245864"},"modified":"2024-07-03T15:35:29","modified_gmt":"2024-07-03T15:35:29","slug":"salutacio-de-lalcaldessa","status":"publish","type":"page","link":"https:\/\/museros.org\/inici\/salutacio-de-lalcaldessa\/","title":{"rendered":"Salutaci\u00f3 de l&#8217;alcaldessa"},"content":{"rendered":"<p>[et_pb_section fb_built=\u00bb1&#8243; _builder_version=\u00bb4.16&#8243; custom_margin=\u00bb0px||||false|false\u00bb custom_padding=\u00bb0px||||false|false\u00bb locked=\u00bboff\u00bb global_colors_info=\u00bb{}\u00bb][et_pb_row _builder_version=\u00bb4.16&#8243; _module_preset=\u00bbdefault\u00bb custom_margin=\u00bb0px||||false|false\u00bb custom_padding=\u00bb0px||||false|false\u00bb global_colors_info=\u00bb{}\u00bb][et_pb_column type=\u00bb4_4&#8243; _builder_version=\u00bb4.16&#8243; _module_preset=\u00bbdefault\u00bb global_colors_info=\u00bb{}\u00bb][et_pb_text _builder_version=\u00bb4.16&#8243; _module_preset=\u00bbdefault\u00bb global_colors_info=\u00bb{}\u00bb]<\/p>\n<h1>Salutaci\u00f3 de l&#8217;alcaldessa<\/h1>\n<p>[\/et_pb_text][\/et_pb_column][\/et_pb_row][et_pb_row column_structure=\u00bb1_4,3_4&#8243; _builder_version=\u00bb4.16&#8243; custom_padding=\u00bb2px||23px|||\u00bb global_colors_info=\u00bb{}\u00bb][et_pb_column type=\u00bb1_4&#8243; _builder_version=\u00bb4.16&#8243; global_colors_info=\u00bb{}\u00bb][et_pb_image src=\u00bbhttps:\/\/museros.org\/wp-content\/uploads\/2024\/07\/AJZ_3041-scaled.jpg\u00bb title_text=\u00bbAJZ_3041&#8243; align=\u00bbcenter\u00bb _builder_version=\u00bb4.25.2&#8243; width_tablet=\u00bb50%\u00bb width_phone=\u00bb100%\u00bb width_last_edited=\u00bbon|tablet\u00bb hover_enabled=\u00bb0&#8243; global_colors_info=\u00bb{}\u00bb sticky_enabled=\u00bb0&#8243;][\/et_pb_image][\/et_pb_column][et_pb_column type=\u00bb3_4&#8243; _builder_version=\u00bb4.16&#8243; global_colors_info=\u00bb{}\u00bb][et_pb_text _builder_version=\u00bb4.22.1&#8243; custom_padding=\u00bb||0px|||\u00bb global_colors_info=\u00bb{}\u00bb]<\/p>\n<p style=\"text-align: justify;\">Benvolguts ve\u00efns i benvolgudes ve\u00efnes,<\/p>\n<p style=\"text-align: justify;\">\u00c9s un orgull per a mi dirigir-me a tots vosaltres com l\u2019alcaldessa del nostre poble, el meu, Museros, des del web de l\u2019ajuntament.<\/p>\n<p style=\"text-align: justify;\">En aquestes l\u00ednies, vull agrair-vos la confian\u00e7a amb el treball que aquest Equip de Govern, i jo en particular, hem dut a terme durant els darrers anys al nostre poble. La nostra prioritat com a ajuntament sempre ha estat posicionar-nos al costat de tots els muserencs i de totes les muserenques, i buscar sempre la millora continua dels nostres serveis i instal\u00b7lacions municipals per a no deixar cap persona enrere.<\/p>\n<p style=\"text-align: justify;\">Crec que la millor comunicaci\u00f3 que hi ha entre una alcaldessa i els ve\u00efns i les ve\u00efnes \u00e9s estar sempre al peu de carrer, que \u00e9s on sempre tracte d\u2019estar per a escoltar-vos i per a atendre les vostres demandes. A m\u00e9s a m\u00e9s, quan vam entrar en l\u2019Ajuntament de Museros, una de les principals prioritats era aprofitar els nous canals de comunicaci\u00f3 com les xarxes socials i el Whatsapp per a oferir-vos tota la informaci\u00f3 necess\u00e0ria.<\/p>\n<p style=\"text-align: justify;\">Per\u00f2 les relacions entre una instituci\u00f3 i la seua ciutadania no poden limitar-se sols al m\u00f3n digital i \u00e9s per aquest motiu que, com sabeu, teniu sempre les portes obertes del nostre ajuntament, per a atendre-vos de primera m\u00e0 i con\u00e8ixer les vostres necessitats, opinions i suggeriments per fer del nostre poble un lloc millor.<\/p>\n<p style=\"text-align: justify;\">El futur de Museros dep\u00e9n de totes i tots nosaltres.<\/p>\n<p style=\"text-align: justify;\">Rebeu una cordial salutaci\u00f3.<\/p>\n<p style=\"text-align: justify;\">Cristina Civera Balaguer<\/p>\n<p>[\/et_pb_text][\/et_pb_column][\/et_pb_row][et_pb_row _builder_version=\u00bb4.16&#8243; _module_preset=\u00bbdefault\u00bb global_colors_info=\u00bb{}\u00bb][et_pb_column type=\u00bb4_4&#8243; _builder_version=\u00bb4.16&#8243; _module_preset=\u00bbdefault\u00bb global_colors_info=\u00bb{}\u00bb][et_pb_divider color=\u00bb#cc0000&#8243; divider_weight=\u00bb4px\u00bb _builder_version=\u00bb4.16&#8243; _module_preset=\u00bbdefault\u00bb global_colors_info=\u00bb{}\u00bb][\/et_pb_divider][\/et_pb_column][\/et_pb_row][\/et_pb_section]<\/p>\n","protected":false},"excerpt":{"rendered":"<p>Salutaci\u00f3 de l&#8217;alcaldessaBenvolguts ve\u00efns i benvolgudes ve\u00efnes, \u00c9s un orgull per a mi dirigir-me a tots vosaltres com l\u2019alcaldessa del nostre poble, el meu, Museros, des del web de l\u2019ajuntament. En aquestes l\u00ednies, vull agrair-vos la confian\u00e7a amb el treball que aquest Equip de Govern, i jo en particular, hem dut a terme durant els [&hellip;]<\/p>\n","protected":false},"author":8,"featured_media":0,"parent":0,"menu_order":0,"comment_status":"closed","ping_status":"closed","template":"","meta":{"_et_pb_use_builder":"on","_et_pb_old_content":"","_et_gb_content_width":"","_mc_calendar":[],"footnotes":""},"wf_page_folders":[263],"class_list":["post-245864","page","type-page","status-publish","hentry"],"_links":{"self":[{"href":"https:\/\/museros.org\/inici\/wp-json\/wp\/v2\/pages\/245864","targetHints":{"allow":["GET"]}}],"collection":[{"href":"https:\/\/museros.org\/inici\/wp-json\/wp\/v2\/pages"}],"about":[{"href":"https:\/\/museros.org\/inici\/wp-json\/wp\/v2\/types\/page"}],"author":[{"embeddable":true,"href":"https:\/\/museros.org\/inici\/wp-json\/wp\/v2\/users\/8"}],"replies":[{"embeddable":true,"href":"https:\/\/museros.org\/inici\/wp-json\/wp\/v2\/comments?post=245864"}],"version-history":[{"count":15,"href":"https:\/\/museros.org\/inici\/wp-json\/wp\/v2\/pages\/245864\/revisions"}],"predecessor-version":[{"id":270456,"href":"https:\/\/museros.org\/inici\/wp-json\/wp\/v2\/pages\/245864\/revisions\/270456"}],"wp:attachment":[{"href":"https:\/\/museros.org\/inici\/wp-json\/wp\/v2\/media?parent=245864"}],"wp:term":[{"taxonomy":"wf_page_folders","embeddable":true,"href":"https:\/\/museros.org\/inici\/wp-json\/wp\/v2\/wf_page_folders?post=245864"}],"curies":[{"name":"wp","href":"https:\/\/api.w.org\/{rel}","templated":true}]}}