{"id":245849,"date":"2021-08-16T07:51:16","date_gmt":"2021-08-16T07:51:16","guid":{"rendered":"https:\/\/museros.org\/?page_id=245849"},"modified":"2023-12-06T08:15:45","modified_gmt":"2023-12-06T08:15:45","slug":"politica-de-galetes-2","status":"publish","type":"page","link":"https:\/\/museros.org\/inici\/politica-de-galetes-2\/","title":{"rendered":"Pol\u00edtica de galetes"},"content":{"rendered":"<p>[et_pb_section fb_built=\u00bb1&#8243; _builder_version=\u00bb4.16&#8243; _module_preset=\u00bbdefault\u00bb custom_padding=\u00bb0px||||false|false\u00bb global_colors_info=\u00bb{}\u00bb locked=\u00bboff\u00bb][et_pb_row _builder_version=\u00bb4.16&#8243; _module_preset=\u00bbdefault\u00bb custom_padding=\u00bb0px|||0px|false|false\u00bb global_colors_info=\u00bb{}\u00bb][et_pb_column type=\u00bb4_4&#8243; _builder_version=\u00bb4.16&#8243; _module_preset=\u00bbdefault\u00bb global_colors_info=\u00bb{}\u00bb][et_pb_text _builder_version=\u00bb4.23.1&#8243; _module_preset=\u00bbdefault\u00bb hover_enabled=\u00bb0&#8243; global_colors_info=\u00bb{}\u00bb custom_margin=\u00bb40px||||false|false\u00bb sticky_enabled=\u00bb0&#8243;]<\/p>\n<h1>\u00daS DE COOKIES<\/h1>\n<p>Mitjan\u00e7ant el present av\u00eds de la web www.museros.org amb titular <strong>Ajuntament de Museros<\/strong>, amb C.I.F. P4617900H, l&#8217;informa de la seua pol\u00edtica de cookies, complint aix\u00ed amb el que es preveu en l&#8217;article 22.2 de la Llei 34\/2002, d&#8217;11 de juliol de Serveis de la Societat de la Informaci\u00f3 i de Comer\u00e7 Electr\u00f2nic.<\/p>\n<p><strong>Qu\u00e8 \u00e9s una cookie?<\/strong><\/p>\n<p>Les cookies s\u00f3n fitxers que es descarreguen en el terminal (ordenador\/tel\u00e8fon intel\u00b7ligent\/tauleta) de l&#8217;usuari en accedir a determinades p\u00e0gines web i que s&#8217;emmagatzemen en la mem\u00f2ria d&#8217;este. Les cookies permeten, entre altres coses, emmagatzemar i recuperar informaci\u00f3 sobre els h\u00e0bits de navegaci\u00f3 d&#8217;un usuari o del seu equip, veure quines p\u00e0gines es visiten, el temps de connexi\u00f3, analitzar el funcionament d&#8217;una p\u00e0gina, si existeixen problemes t\u00e8cnics, etc. Depenent de la informaci\u00f3 que continguen i la forma en qu\u00e8 s&#8217;utilitze el terminal, poden utilitzar-se per a recon\u00e9ixer a l&#8217;usuari.<\/p>\n<p><strong>Quins tipus de cookies existeixen?<\/strong><\/p>\n<p>Existeixen diversos tipus de cookies en funci\u00f3 de diferents criteris:<\/p>\n<p><strong>En funci\u00f3 de la titularitat:<\/strong><\/p>\n<ul>\n<li>Cookies pr\u00f2pies: S\u00f3n les que pertanyen al titular de la p\u00e0gina web.<\/li>\n<li>Cookies de tercers: S\u00f3n aquelles la titularitat de les quals \u00e9s d&#8217;un tercer, diferent del titular de la p\u00e0gina web, que ser\u00e0 qui tracte la informaci\u00f3 recaptada.<\/li>\n<\/ul>\n<p><strong>En funci\u00f3 de la seua finalitat:<\/strong><\/p>\n<ul>\n<li>Cookies t\u00e8cniques: s\u00f3n aquelles que permeten a l&#8217;usuari la navegaci\u00f3 a trav\u00e9s d&#8217;una p\u00e0gina web, plataforma o aplicaci\u00f3 i la utilitzaci\u00f3 de les diferents opcions o serveis que en ella existisquen, incloent-hi aquelles que l&#8217;editor utilitza per a permetre la gesti\u00f3 i operativa de la p\u00e0gina web i habilitar les seues funcions i serveis, com, per exemple, controlar el tr\u00e0nsit i la comunicaci\u00f3 de dades, identificar la sessi\u00f3, accedir a parts d&#8217;acc\u00e9s restringit, recordar els elements que integren una comanda, realitzar el proc\u00e9s de compra d&#8217;una comanda, gestionar el pagament, controlar el frau vinculat a la seguretat del servei, realitzar la sol\u00b7licitud d&#8217;inscripci\u00f3 o participaci\u00f3 en un esdeveniment, comptar visites a l&#8217;efecte de la facturaci\u00f3 de llic\u00e8ncies del programari amb el qual funciona el servei (lloc web, plataforma o aplicaci\u00f3), utilitzar elements de seguretat durant la navegaci\u00f3, emmagatzemar continguts per a la difusi\u00f3 de v\u00eddeos o so, habilitar continguts din\u00e0mics (per exemple, animaci\u00f3 de c\u00e0rrega d&#8217;un text o imatge) o compartir continguts a trav\u00e9s de xarxes socials.<\/li>\n<\/ul>\n<p>Tamb\u00e9 pertanyen a esta categoria, per la seua naturalesa t\u00e8cnica, aquelles cookies que permeten la gesti\u00f3, de la forma m\u00e9s efica\u00e7 possible, dels espais publicitaris que, com un element m\u00e9s de disseny o \u201cmaquetaci\u00f3\u201d del servei oferit a l&#8217;usuari, l&#8217;editor haja incl\u00f2s en una p\u00e0gina web, aplicaci\u00f3 o plataforma sobre la base de criteris com el contingut editat, sense que es recopile informaci\u00f3 dels usuaris amb finalitats diferents, com pot ser personalitzar eixe contingut publicitari o altres continguts. Les cookies t\u00e8cniques estaran exceptuades del compliment de les obligacions establides en l&#8217;article 22.2 de la LSSI quan permeten prestar el servei sol\u00b7licitat per l&#8217;usuari, com ocorre en el cas de les cookies enumerades en els par\u00e0grafs anteriors. No obstant aix\u00f2, si estes cookies s&#8217;utilitzen tamb\u00e9 per a finalitats no exemptes (per exemple, per a fins publicitaris comportamentals), quedaran subjectes a aquestes obligacions.<\/p>\n<ul>\n<li>Cookies de prefer\u00e8ncies o personalitzaci\u00f3: s\u00f3n aquelles que permeten recordar informaci\u00f3 perqu\u00e8 l&#8217;usuari accedisca al servei amb determinades caracter\u00edstiques que poden diferenciar la seua experi\u00e8ncia de la d&#8217;altres usuaris, com, per exemple, l&#8217;idioma, el nombre de resultats a mostrar quan l&#8217;usuari realitza una cerca, l&#8217;aspecte o contingut del servei en funci\u00f3 del tipus de navegador a trav\u00e9s del qual l&#8217;usuari accedeix al servei o de la regi\u00f3 des de la qual accedeix al servei, etc.<\/li>\n<\/ul>\n<p>Si \u00e9s el propi usuari qui tria eixes caracter\u00edstiques (per exemple, si selecciona l&#8217;idioma d&#8217;un lloc web clicant en la icona de la bandera del pa\u00eds corresponent), les cookies estaran exceptuades de les obligacions de l&#8217;article 22.2 de la LSSI per considerar-se un servei expressament sol\u00b7licitat per l&#8217;usuari, i aix\u00f2 sempre que les cookies obe\u00efsquen exclusivament a la finalitat seleccionada.<\/p>\n<ul>\n<li>Cookies d&#8217;an\u00e0lisis o mesurament: s\u00f3n aquelles que permeten al responsable de les mateixes el seguiment i an\u00e0lisi del comportament dels usuaris dels llocs web als quals estan vinculades, inclosa la quantificaci\u00f3 dels impactes dels anuncis. La informaci\u00f3 recollida mitjan\u00e7ant esta mena de cookies s&#8217;utilitza en el mesurament de l&#8217;activitat dels llocs web, aplicaci\u00f3 o plataforma, amb la finalitat d&#8217;introduir millores en funci\u00f3 de l&#8217;an\u00e0lisi de les dades d&#8217;\u00fas que fan els usuaris del servei.<\/li>\n<\/ul>\n<p>Respecte al tractament de dades recaptades a trav\u00e9s de les cookies d&#8217;an\u00e0lisis, a pesar que no estan exemptes del deure d&#8217;obtindre un consentiment informat per al seu \u00fas, \u00e9s poc probable que representen un risc per a la privacitat dels usuaris sempre que es tracte de cookies de primera part, que tracten dades agregades amb una finalitat estrictament estad\u00edstica, que es facilite informaci\u00f3 sobre els seus usos i s&#8217;incloga la possibilitat que els usuaris manifesten la seua negativa sobre la seua utilitzaci\u00f3.<\/p>\n<ul>\n<li>Cookies de publicitat comportamental: s\u00f3n aquelles que emmagatzemen informaci\u00f3 del comportament dels usuaris obtinguda a trav\u00e9s de l&#8217;observaci\u00f3 continuada dels seus h\u00e0bits de navegaci\u00f3, la qual cosa permet desenvolupar un perfil espec\u00edfic per a mostrar publicitat en funci\u00f3 d&#8217;este.<\/li>\n<\/ul>\n<p><strong>En funci\u00f3 del temps que romanen activades en l&#8217;equip terminal podem distingir:<\/strong><\/p>\n<ul>\n<li>Cookies de sessi\u00f3: s\u00f3n aquelles dissenyades per a recaptar i emmagatzemar dades mentre l&#8217;usuari accedeix a una p\u00e0gina web. Se solen emprar per a emmagatzemar informaci\u00f3 que nom\u00e9s interessa conservar per a la prestaci\u00f3 del servei sol\u00b7licitat per l&#8217;usuari en una sola ocasi\u00f3 (per exemple, una llista de productes adquirits) i desapareixen en acabar la sessi\u00f3.<\/li>\n<li>Cookies persistents: s\u00f3n aquelles en les quals les dades segueixen emmagatzemats en el terminal i poden ser accedits i tractats durant un per\u00edode definit pel responsable de la *cookie, i que pot anar d&#8217;uns minuts a diversos anys.<\/li>\n<\/ul>\n<p><strong>Per a qu\u00e8 serveix una cookie?<\/strong><\/p>\n<p>Les cookies s&#8217;utilitzen per a poder oferir-li serveis i\/o publicitat personalitzats, per a analitzar el funcionament del sistema, recon\u00e9ixer-li quan accedeix com a usuari, localitzar incid\u00e8ncies i problemes que puguen sorgir i solucionar-los en el menor termini possible, aix\u00ed com analitzar i mesurar l&#8217;\u00fas i activitat de la p\u00e0gina web.<\/p>\n<p><strong>Es necessita el meu consentiment per a implantar una cookie?<\/strong><\/p>\n<p>No es precisa el consentiment per a la instal\u00b7laci\u00f3 de cookies t\u00e8cniques o les que siguen estrictament necess\u00e0ries per a la prestaci\u00f3 d&#8217;un servei de la societat de la informaci\u00f3 expressament sol\u00b7licitat pel destinatari.<\/p>\n<p>Per a la resta, s\u00ed que es precisa del consentiment de l&#8217;interessat que es pot sol\u00b7licitar per diferents vies. En relaci\u00f3 a esta p\u00e0gina web, s&#8217;entendr\u00e0 atorgat si Vost\u00e9 continua utilitzant la p\u00e0gina web, sense perjudici que en qualsevol moment podr\u00e0 revocar-lo i desactivar les cookies.<\/p>\n<p><strong>Quines cookies s&#8217;utilitzen actualment en esta web? Qui utilitza eixes cookies?<\/strong><\/p>\n<p>T\u00c8CNIQUES DE SESSI\u00d3 O PERSISTENTS: S\u00f3n cookies PR\u00d2PIES, de sessi\u00f3, d&#8217;identificaci\u00f3, de configuraci\u00f3 i de registre, estrictament necess\u00e0ries per a la identificaci\u00f3 de l&#8217;usuari i per a la prestaci\u00f3 dels serveis sol\u00b7licitats per l&#8217;usuari. La informaci\u00f3 obtinguda a trav\u00e9s d&#8217;estes \u00e9s tractada \u00fanicament pel titular de la p\u00e0gina web.<\/p>\n<p>NOTA: Esta llista s&#8217;actualitzar\u00e0 amb la major celeritat possible. No obstant aix\u00f2, excepcionalment, durant aquesta actualitzaci\u00f3 poguera oc\u00f3rrer que alguna cookie no estiguera inclosa moment\u00e0niament. En qualsevol cas, sempre seran cookies amb prop\u00f2sits id\u00e8ntics als registrats en esta llista.<\/p>\n<p>Estes eines no obtenen dades personals dels usuaris ni de l&#8217;adre\u00e7a postal des d&#8217;on es connecten. La informaci\u00f3 que obtenen est\u00e0 relacionada amb, el nombre de p\u00e0gines visitades, l&#8217;idioma, la ciutat a la qual est\u00e0 assignada l&#8217;adre\u00e7a IP des de la qual accedeixen els usuaris, el nombre d&#8217;usuaris que ens visiten, la freq\u00fc\u00e8ncia i reincid\u00e8ncia de les visites, el temps de visita, el navegador que usen, l&#8217;operador o tipus de terminal des del qual es realitza la visita.<\/p>\n<p><strong>Detalle cookies pr\u00f2pies<\/strong><\/p>\n<table width=\"471\" height=\"555\">\n<tbody>\n<tr>\n<td style=\"width: 135.383px;\"><strong>Cookie<\/strong><\/td>\n<td style=\"width: 99.8px;\"><strong>Domini<\/strong><\/td>\n<td style=\"width: 88.2px;\"><strong>Duraci\u00f3<\/strong><\/td>\n<td style=\"width: 119.617px;\"><strong>Descripci\u00f3<\/strong><\/td>\n<\/tr>\n<tr>\n<td style=\"width: 135.383px;\">pll_language<\/td>\n<td style=\"width: 99.8px;\">museros.org<\/td>\n<td style=\"width: 88.2px;\">1 any<\/td>\n<td style=\"width: 119.617px;\">Per a emmagatzemar la configuraci\u00f3 d&#8217;idioma.<\/td>\n<\/tr>\n<tr>\n<td style=\"width: 135.383px;\">accessia_version<\/td>\n<td style=\"width: 99.8px;\">museros.org<\/td>\n<td style=\"width: 88.2px;\">Sesi\u00f3<\/td>\n<td style=\"width: 119.617px;\">Per a control de versions<\/td>\n<\/tr>\n<tr>\n<td style=\"width: 135.383px;\">focusStyle<\/td>\n<td style=\"width: 99.8px;\">museros.org<\/td>\n<td style=\"width: 88.2px;\">Sesi\u00f3<\/td>\n<td style=\"width: 119.617px;\">Per a emmagatzemar l&#8217;estil seleccionat<\/td>\n<\/tr>\n<tr>\n<td style=\"width: 135.383px;\">perfilDefault<\/td>\n<td style=\"width: 99.8px;\">museros.org<\/td>\n<td style=\"width: 88.2px;\">Sesi\u00f3<\/td>\n<td style=\"width: 119.617px;\">Per a emmagatzemar el perfil<\/td>\n<\/tr>\n<tr>\n<td style=\"width: 135.383px;\">configuraci\u00f3n<\/td>\n<td style=\"width: 99.8px;\">museros.org<\/td>\n<td style=\"width: 88.2px;\">Sesi\u00f3<\/td>\n<td style=\"width: 119.617px;\">Per a emmagatzemar la configuraci\u00f3 seleccionada<\/td>\n<\/tr>\n<\/tbody>\n<\/table>\n<p>&nbsp;<\/p>\n<p><strong>Detalle cookies de tercers<\/strong><\/p>\n<p>No existeixen<\/p>\n<p><strong>Com deshabilitar les Cookies en el Navegador?<\/strong><\/p>\n<p>La majoria de navegadors actualment permeten a l&#8217;usuari configurar si desitgen acceptar cookies i quins d&#8217;elles. Estos ajustos normalment es troben en les \u2018opcions\u2019 o \u2018Prefer\u00e8ncies\u2019 del men\u00fa del seu navegador.<\/p>\n<p>Estes s\u00f3n les instruccions per a configurar les cookies en els principals navegadors:<\/p>\n<p>Chrome: Configuraci\u00f3 -&gt; Mostrar opcions avan\u00e7ades -&gt; Privacitat -&gt; Configuraci\u00f3 de contingut. Per a m\u00e9s informaci\u00f3, pot consultar el suport de Google o l&#8217;Ajuda del navegador. (<a href=\"http:\/\/support.google.com\/chrome\/?hl=es\">http:\/\/support.google.com\/chrome\/?hl=es<\/a>)<\/p>\n<p>Firefox: Eines -&gt; Opcions -&gt; Privacitat -&gt; Historial -&gt; Configuraci\u00f3 Personalitzada. Per a m\u00e9s informaci\u00f3, pot consultar el suport de Mozilla o l&#8217;Ajuda del navegador. (<a href=\"http:\/\/support.mozilla.org\/es\/home\">http:\/\/support.mozilla.org\/es\/home<\/a>)<\/p>\n<p>Internet Explorer: Eines -&gt; Opcions d&#8217;Internet -&gt; Privacitat -&gt; Configuraci\u00f3. Per a m\u00e9s informaci\u00f3, pot consultar el suport de Microsoft o l&#8217;Ajuda del navegador. (<a href=\"http:\/\/windows.microsoft.com\/es-ES\/windows\/support\">http:\/\/windows.microsoft.com\/es-ES\/windows\/support<\/a>)<\/p>\n<p>Safari: Prefer\u00e8ncies -&gt; Seguretat. Per a m\u00e9s informaci\u00f3, pot consultar el suport d&#8217;Apple o l&#8217;Ajuda del navegador. (<a href=\"http:\/\/www.apple.com\/es\/support\/safari\/\">http:\/\/www.apple.com\/es\/support\/safari\/<\/a>)<\/p>\n<p><strong>Hi ha transfer\u00e8ncia de dades obtingudes per les cookies?<\/strong><\/p>\n<p>En el nostre cas no existeix transfer\u00e8ncia.<\/p>\n<p><strong>Quant temps es conservar\u00e0 la informaci\u00f3 obtinguda?<\/strong><\/p>\n<p>\u00danicament el necessari per a la finalitat amb la qual ha sigut obtinguda.<\/p>\n<p><strong>Consentiment de menors de 14 anys.<\/strong><\/p>\n<p>El nostre portal no est\u00e0 destinat a usuaris menors de 14 anys. Si desitja usar els nostres serveis a trav\u00e9s de la web i tens 14 anys o menys, necessitarem que el teu pare, mare o tutor llija la nostra pol\u00edtica i accepte l&#8217;\u00fas de les dades en el teu nom.<\/p>\n<p><em>\u00daltima Actualitzaci\u00f3: 05 de Desembre de 2023<\/em><\/p>\n<p>[\/et_pb_text][\/et_pb_column][\/et_pb_row][et_pb_row _builder_version=\u00bb4.16&#8243; _module_preset=\u00bbdefault\u00bb global_colors_info=\u00bb{}\u00bb][et_pb_column type=\u00bb4_4&#8243; _builder_version=\u00bb4.16&#8243; _module_preset=\u00bbdefault\u00bb global_colors_info=\u00bb{}\u00bb][et_pb_divider color=\u00bb#E02B20&#8243; divider_weight=\u00bb4px\u00bb _builder_version=\u00bb4.16&#8243; _module_preset=\u00bbdefault\u00bb global_colors_info=\u00bb{}\u00bb][\/et_pb_divider][\/et_pb_column][\/et_pb_row][\/et_pb_section]<\/p>\n","protected":false},"excerpt":{"rendered":"<p>\u00daS DE COOKIES Mitjan\u00e7ant el present av\u00eds de la web www.museros.org amb titular Ajuntament de Museros, amb C.I.F. P4617900H, l&#8217;informa de la seua pol\u00edtica de cookies, complint aix\u00ed amb el que es preveu en l&#8217;article 22.2 de la Llei 34\/2002, d&#8217;11 de juliol de Serveis de la Societat de la Informaci\u00f3 i de Comer\u00e7 Electr\u00f2nic. [&hellip;]<\/p>\n","protected":false},"author":8,"featured_media":0,"parent":0,"menu_order":0,"comment_status":"closed","ping_status":"closed","template":"","meta":{"_et_pb_use_builder":"on","_et_pb_old_content":"","_et_gb_content_width":"","_mc_calendar":[],"footnotes":""},"wf_page_folders":[153],"class_list":["post-245849","page","type-page","status-publish","hentry"],"_links":{"self":[{"href":"https:\/\/museros.org\/inici\/wp-json\/wp\/v2\/pages\/245849","targetHints":{"allow":["GET"]}}],"collection":[{"href":"https:\/\/museros.org\/inici\/wp-json\/wp\/v2\/pages"}],"about":[{"href":"https:\/\/museros.org\/inici\/wp-json\/wp\/v2\/types\/page"}],"author":[{"embeddable":true,"href":"https:\/\/museros.org\/inici\/wp-json\/wp\/v2\/users\/8"}],"replies":[{"embeddable":true,"href":"https:\/\/museros.org\/inici\/wp-json\/wp\/v2\/comments?post=245849"}],"version-history":[{"count":4,"href":"https:\/\/museros.org\/inici\/wp-json\/wp\/v2\/pages\/245849\/revisions"}],"predecessor-version":[{"id":266934,"href":"https:\/\/museros.org\/inici\/wp-json\/wp\/v2\/pages\/245849\/revisions\/266934"}],"wp:attachment":[{"href":"https:\/\/museros.org\/inici\/wp-json\/wp\/v2\/media?parent=245849"}],"wp:term":[{"taxonomy":"wf_page_folders","embeddable":true,"href":"https:\/\/museros.org\/inici\/wp-json\/wp\/v2\/wf_page_folders?post=245849"}],"curies":[{"name":"wp","href":"https:\/\/api.w.org\/{rel}","templated":true}]}}