{"id":245846,"date":"2021-08-16T07:46:19","date_gmt":"2021-08-16T07:46:19","guid":{"rendered":"https:\/\/museros.org\/?page_id=245846"},"modified":"2026-02-09T10:54:49","modified_gmt":"2026-02-09T08:54:49","slug":"ordenances-i-reglaments","status":"publish","type":"page","link":"https:\/\/museros.org\/inici\/ordenances-i-reglaments\/","title":{"rendered":"Ordenances i reglaments"},"content":{"rendered":"<p>[et_pb_section fb_built=\u00bb1&#8243; _builder_version=\u00bb4.16&#8243; _module_preset=\u00bbdefault\u00bb custom_padding=\u00bb0px||||false|false\u00bb locked=\u00bboff\u00bb global_colors_info=\u00bb{}\u00bb][et_pb_row column_structure=\u00bb1_4,3_4&#8243; _builder_version=\u00bb4.16&#8243; _module_preset=\u00bbdefault\u00bb custom_margin=\u00bb0px||0px||false|false\u00bb custom_padding=\u00bb0px||0px||false|false\u00bb locked=\u00bboff\u00bb global_colors_info=\u00bb{}\u00bb][et_pb_column type=\u00bb1_4&#8243; _builder_version=\u00bb4.16&#8243; _module_preset=\u00bbdefault\u00bb global_colors_info=\u00bb{}\u00bb][et_pb_image src=\u00bbhttps:\/\/museros.org\/wp-content\/uploads\/2021\/08\/logo-ordenances-230&#215;180-1.jpg\u00bb title_text=\u00bblogo-ordenances-230&#215;180&#8243; url=\u00bbhttps:\/\/museros.org\/ca\/tramits\u00bb use_overlay=\u00bbon\u00bb overlay_icon_color=\u00bb#E02B20&#8243; hover_overlay_color=\u00bbrgba(255,255,255,0.7)\u00bb hover_icon=\u00bb&#xe04e;||divi||400&#8243; align=\u00bbcenter\u00bb _builder_version=\u00bb4.16&#8243; _module_preset=\u00bbdefault\u00bb width=\u00bb100%\u00bb module_alignment=\u00bbcenter\u00bb global_colors_info=\u00bb{}\u00bb][\/et_pb_image][\/et_pb_column][et_pb_column type=\u00bb3_4&#8243; _builder_version=\u00bb4.16&#8243; _module_preset=\u00bbdefault\u00bb global_colors_info=\u00bb{}\u00bb][et_pb_accordion open_toggle_text_color=\u00bb#990000&#8243; icon_color=\u00bbrgba(153,0,0,0.35)\u00bb use_icon_font_size=\u00bbon\u00bb icon_font_size=\u00bb20px\u00bb admin_label=\u00bbAcorde\u00f3n 2020&#8243; _builder_version=\u00bb4.27.5&#8243; _module_preset=\u00bbdefault\u00bb toggle_text_color=\u00bb#990000&#8243; toggle_font=\u00bb|600|||||||\u00bb toggle_text_align=\u00bbleft\u00bb toggle_font_size=\u00bb16px\u00bb body_font=\u00bb||||||||\u00bb custom_margin=\u00bb||25px||false|false\u00bb locked=\u00bboff\u00bb global_colors_info=\u00bb{}\u00bb][et_pb_accordion_item title=\u00bbOrdenances\u00bb open=\u00bbon\u00bb open_toggle_text_color=\u00bb#990000&#8243; open_toggle_background_color=\u00bb#ffffff\u00bb closed_toggle_text_color=\u00bb#ffffff\u00bb closed_toggle_background_color=\u00bbrgba(0,0,0,0.3)\u00bb icon_color=\u00bbrgba(99,0,0,0.2)\u00bb use_icon_font_size=\u00bbon\u00bb icon_font_size=\u00bb20px\u00bb _builder_version=\u00bb4.27.5&#8243; _module_preset=\u00bbdefault\u00bb width=\u00bb100%\u00bb global_colors_info=\u00bb{}\u00bb toggle_text_color=\u00bb#990000&#8243; toggle_level=\u00bbh4&#8243; toggle_font=\u00bb|600|||||||\u00bb toggle_font_size=\u00bb24px\u00bb closed_toggle_font_size=\u00bb20px\u00bb]<\/p>\n<p>\u2022 Edicte de l&#8217;Ajuntament de Museros sobre modificaci\u00f3 de l&#8217;ordenan\u00e7a reguladora del preu p\u00fablic per prestaci\u00f3 de serveis en les escoles infantils municipals.(N\u00ba120-24\/06\/2021) <a href=\"https:\/\/museros.org\/wp-content\/uploads\/2023\/04\/MODIFICACION-ORDENANZA-GUARDERIAS-INFANTILES-MUNICIPALES-JUNIO-2021.pdf\" target=\"_blank\" rel=\"noopener\">pdf&gt;<\/a><br \/>\u2022 Edicte de l&#8217;Ajuntament de Museros sobre modificaci\u00f3 de l&#8217;ordenan\u00e7a reguladora del preu p\u00fablic per prestaci\u00f3 de serveis en l&#8217;escola d&#8217;estiu. (N\u00ba113-14\/06\/2022) <a href=\"https:\/\/museros.org\/wp-content\/uploads\/2023\/04\/MODIFICACION-ORDENANZA-PRECIO-PUBLICO-ESCOLA-ESTIU-JUNIO-2022.pdf\" target=\"_blank\" rel=\"noopener\">pdf&gt;<\/a><br \/>\u2022 Anunci de l&#8217;Ajuntament de Museros sobre correcci\u00f3 d&#8217;errors a la modificaci\u00f3 de l&#8217;ordenan\u00e7a reguladora del preu p\u00fablic per prestaci\u00f3 de serveis en l&#8217;escola d&#8217;estiu. (N\u00ba124-30\/06\/2022) <a href=\"https:\/\/museros.org\/wp-content\/uploads\/2023\/04\/CORRECCION-MODIFICACION-ORDENANZA-PRECIO-PUBLICO-ESCOLA-ESTIU-JUNIO-2022.pdf\" target=\"_blank\" rel=\"noopener\">pdf&gt;<\/a><br \/>\u2022 Ordenan\u00e7a municipal abolicionista de la prostituci\u00f3 i de l&#8217;explotaci\u00f3 sexual <a href=\"https:\/\/museros.org\/wp-content\/uploads\/2022\/10\/Ordenanc\u0327a-municipal-abolicionista-de-la-prostitucio-i-de-lexplotacio-sexual.pdf\" target=\"_blank\" rel=\"noopener\">pdf&gt;<\/a><br \/>\u2022 Ordenan\u00e7a reguladora de la venda no sedent\u00e0ria de Museros <a href=\"https:\/\/museros.org\/wp-content\/uploads\/2022\/10\/Ordenanc\u0327a-venda-no-sedentaria.pdf\" target=\"_blank\" rel=\"noopener\">pdf&gt;<\/a><br \/>\u2022 Ordenan\u00e7a fiscal i reguladora de preus p\u00fablics 2026 <a href=\"https:\/\/museros.org\/wp-content\/uploads\/2026\/01\/text-refos-ordenances-fiscal-1-1-2026.pdf\" target=\"_blank\" rel=\"noopener\">pdf&gt;<\/a><br \/>\u2022 Ordenan\u00e7a tr\u00e0nsit <a href=\"https:\/\/museros.org\/wp-content\/uploads\/2021\/04\/Ordenanc\u0327a-tra\u0300nsit.pdf\" target=\"_blank\" rel=\"noopener\">pdf&gt;<\/a><br \/>\u2022 Ordenan\u00e7a municipal de conviv\u00e8ncia ciutadana i protecci\u00f3 de l&#8217;espai p\u00fablic <a href=\"https:\/\/museros.org\/wp-content\/uploads\/2025\/09\/bopv_n153-120825-ordenanza-reguladora-de-convivencia-ciudadana-y-proteccion-del-espacio-publico.pdf\" target=\"_blank\" rel=\"noopener\">pdf&gt;<\/a><br \/>\u2022 Ordenan\u00e7a de gesti\u00f3 i recaptaci\u00f3 de tributs <a href=\"https:\/\/museros.org\/wp-content\/uploads\/2021\/04\/Ordenanc\u0327a-de-gestio\u0301-i-recaptacio\u0301-de-tributs.pdf\" target=\"_blank\" rel=\"noopener\">pdf&gt;<\/a><br \/>\u2022 Ordenan\u00e7a d\u2019abocaments <a href=\"https:\/\/museros.org\/wp-content\/uploads\/2021\/04\/Ordenanc\u0327a-dabocaments.pdf\" target=\"_blank\" rel=\"noopener\">pdf&gt;<\/a><br \/>\u2022 Ordenan\u00e7a d&#8217;usos i costums rurals <a href=\"https:\/\/museros.org\/wp-content\/uploads\/2021\/04\/Ordenanc\u0327a-dusos-i-costums-rurals.pdf\" target=\"_blank\" rel=\"noopener\">pdf&gt;<\/a><br \/>\u2022 Modificaci\u00f3 ordenan\u00e7a sobre la tinen\u00e7a d&#8217;animals de companyia <a href=\"https:\/\/museros.org\/wp-content\/uploads\/2021\/04\/Modificacio\u0301-ordenanc\u0327a-animals.pdf\" target=\"_blank\" rel=\"noopener\">pdf&gt;<\/a><br \/>\u2022 Normes subsidi\u00e0ries de planejament <a href=\"https:\/\/museros.org\/wp-content\/uploads\/2021\/04\/Normes-subsidia\u0300ries-de-planejament.pdf\" target=\"_blank\" rel=\"noopener\">pdf&gt;<\/a><br \/>\u2022 Ordenan\u00e7a preu p\u00fablic Escola d&#8217;estiu <a href=\"https:\/\/museros.org\/wp-content\/uploads\/2025\/05\/ordenanza-precio-publico-escola-estiu-bopv_anuncio_n-124-30-06-22.pdf\" target=\"_blank\" rel=\"noopener\">pdf&gt;<\/a><br \/>\u2022 Ordenan\u00e7a preu p\u00fablic Escola Infantil Primer Cicle <a href=\"https:\/\/museros.org\/wp-content\/uploads\/2025\/05\/ordenanza-precio-publico-escola-infantil-primer-ciclo-bopv_anuncio_n-136-16-07-24.pdf\" target=\"_blank\" rel=\"noopener\">pdf&gt;<\/a><br \/>\u2022 Ordenan\u00e7a de la gesti\u00f3 de residus del municipi de Museros <a href=\"https:\/\/museros.org\/wp-content\/uploads\/2025\/05\/Ordenanca-de-la-gestio-de-residus-del-municipi-de-Museros.pdf\" target=\"_blank\" rel=\"noopener\">pdf&gt;<\/a><br \/>\u2022 Ordenan\u00e7a fiscal reguladora de la taxa per a la celebraci\u00f3 de cerim\u00f2nies civils <a href=\"https:\/\/museros.org\/wp-content\/uploads\/2025\/09\/ordenanza-fiscal-reguladora-de-la-tasa-ceremonias-civiles.pdf\" target=\"_blank\" rel=\"noopener\">pdf&gt;<\/a><br \/>\u2022 Ordenan\u00e7a reguladora de l&#8217;estacionament per a persones amb discapacitat que presenten mobilitat redu\u00efda <a href=\"https:\/\/museros.org\/wp-content\/uploads\/2026\/02\/20260206_ordenanza-reguladora-estacionamiento-per-movilidad-reducida_val.pdf\" target=\"_blank\" rel=\"noopener\">pdf&gt;<\/a><\/p>\n<p>[\/et_pb_accordion_item][et_pb_accordion_item title=\u00bbReglaments\u00bb open_toggle_text_color=\u00bb#990000&#8243; open_toggle_background_color=\u00bb#ffffff\u00bb closed_toggle_text_color=\u00bb#ffffff\u00bb closed_toggle_background_color=\u00bbrgba(0,0,0,0.3)\u00bb icon_color=\u00bbrgba(99,0,0,0.2)\u00bb use_icon_font_size=\u00bbon\u00bb icon_font_size=\u00bb20px\u00bb _builder_version=\u00bb4.27.5&#8243; _module_preset=\u00bbdefault\u00bb width=\u00bb100%\u00bb global_colors_info=\u00bb{}\u00bb toggle_text_color=\u00bb#990000&#8243; toggle_level=\u00bbh4&#8243; toggle_font=\u00bb|600|||||||\u00bb toggle_font_size=\u00bb24px\u00bb closed_toggle_font_size=\u00bb20px\u00bb open=\u00bboff\u00bb]<\/p>\n<p>\u2022 Reglament de tancament de camins rurals <a href=\"https:\/\/museros.org\/wp-content\/uploads\/2021\/04\/Reglament-tancament-camins-rurals.pdf\" target=\"_blank\" rel=\"noopener\">pdf&gt;<\/a><br \/>\u2022 Reglament per a la promoci\u00f3 de l&#8217;\u00fas del valenci\u00e0 <a href=\"https:\/\/museros.org\/wp-content\/uploads\/2021\/04\/Reglament-promocio\u0301-valencia\u0300.pdf\" target=\"_blank\" rel=\"noopener\">pdf&gt;<\/a><br \/>\u2022 Reglament de r\u00e8gim d&#8217;\u00fas horts socials <a href=\"https:\/\/museros.org\/wp-content\/uploads\/2021\/04\/Reglament-de-re\u0300gim-du\u0301s-horts-socials.pdf\" target=\"_blank\" rel=\"noopener\">pdf&gt;<\/a><br \/>\u2022 Reglament d&#8217;\u00fas dels paellers <a href=\"https:\/\/museros.org\/wp-content\/uploads\/2021\/04\/Reglament-du\u0301s-dels-paellers.pdf\" target=\"_blank\" rel=\"noopener\">pdf&gt;<\/a><br \/>\u2022 Reglament d&#8217;\u00fas de l&#8217;Espai Jove <a href=\"https:\/\/museros.org\/wp-content\/uploads\/2021\/04\/Reglament-du\u0301s-de-lEspai-Jove.pdf\" target=\"_blank\" rel=\"noopener\">pdf&gt;<\/a><br \/>\u2022 Reglament control horari <a href=\"https:\/\/museros.org\/wp-content\/uploads\/2022\/10\/Reglament-control-horari.pdf\" target=\"_blank\" rel=\"noopener\">pdf&gt;<\/a><br \/>\u2022 Reglament de funcionamient de la MG <a href=\"https:\/\/museros.org\/wp-content\/uploads\/2022\/10\/REGLAMENTO-DE-FUNCIONAMIENTO-DE-LA-MGN.pdf\" target=\"_blank\" rel=\"noopener\">pdf&gt;<\/a><br \/>\u2022 Reglament promoci\u00f3 del valenci\u00e0 <a href=\"https:\/\/museros.org\/wp-content\/uploads\/2023\/11\/Reglament-promocio-valencia.pdf\" target=\"_blank\" rel=\"noopener\">pdf&gt;<\/a><br \/><span class=\"media-list-title\">\u2022 Reglament d&#8217;us dels horts socials ecologics 2024 <a href=\"https:\/\/museros.org\/wp-content\/uploads\/2024\/06\/Reglamentd-us-dels-horts-socials-ecologics-2024.pdf\" target=\"_blank\" rel=\"noopener\">pdf&gt;<\/a><br \/><span class=\"media-list-title\">\u2022 Reglament Regulador d&#8217;Honors i Distincions <a href=\"https:\/\/museros.org\/wp-content\/uploads\/2025\/04\/Reglament-Regulador-dHonors-i-Distincions.pdf\" target=\"_blank\" rel=\"noopener\">pdf&gt;<\/a><br \/>\u2022 Reglament <\/span><\/span>de normes d\u2019\u00fas i funcionament de l\u2019ag\u00e8ncia de lectura de Museros\u00a0<a href=\"https:\/\/museros.org\/wp-content\/uploads\/2025\/11\/bopv_anuncio_aprob-reglament-agencia-lectura.pdf\" target=\"_blank\" rel=\"noopener\"><span class=\"media-list-title\"><span class=\"media-list-title\">pdf&gt;<\/span><\/span><\/a><br \/><span class=\"media-list-title\">\u2022 Reglament <\/span> Regulador del Teletreball del personal empleat p\u00fablic de l&#8217;ajuntament <a href=\"https:\/\/museros.org\/wp-content\/uploads\/2026\/01\/anuncio-bop-28-11-25-reglamento-teletrabajo-empleado-publico-ayuntamiento-museros.pdf\" target=\"_blank\" rel=\"noopener\">pdf&gt;<\/a><\/p>\n<p>&nbsp;<\/p>\n<p>[\/et_pb_accordion_item][\/et_pb_accordion][\/et_pb_column][\/et_pb_row][et_pb_row column_structure=\u00bb1_4,3_4&#8243; _builder_version=\u00bb4.16&#8243; _module_preset=\u00bbdefault\u00bb custom_margin=\u00bb19px||||false|false\u00bb custom_padding=\u00bb0px||0px||false|false\u00bb global_colors_info=\u00bb{}\u00bb][et_pb_column type=\u00bb1_4&#8243; _builder_version=\u00bb4.16&#8243; _module_preset=\u00bbdefault\u00bb global_colors_info=\u00bb{}\u00bb][\/et_pb_column][et_pb_column type=\u00bb3_4&#8243; _builder_version=\u00bb4.16&#8243; _module_preset=\u00bbdefault\u00bb global_colors_info=\u00bb{}\u00bb][et_pb_divider color=\u00bb#999999&#8243; divider_style=\u00bbdotted\u00bb divider_weight=\u00bb7px\u00bb _builder_version=\u00bb4.16&#8243; _module_preset=\u00bbdefault\u00bb custom_margin=\u00bb||||false|false\u00bb locked=\u00bboff\u00bb global_colors_info=\u00bb{}\u00bb][\/et_pb_divider][\/et_pb_column][\/et_pb_row][et_pb_row column_structure=\u00bb1_4,1_4,1_4,1_4&#8243; _builder_version=\u00bb4.16&#8243; _module_preset=\u00bbdefault\u00bb custom_margin=\u00bb0px||0px||false|false\u00bb custom_padding=\u00bb0px||0px||false|false\u00bb global_colors_info=\u00bb{}\u00bb][et_pb_column type=\u00bb1_4&#8243; _builder_version=\u00bb4.16&#8243; _module_preset=\u00bbdefault\u00bb global_colors_info=\u00bb{}\u00bb][\/et_pb_column][et_pb_column type=\u00bb1_4&#8243; _builder_version=\u00bb4.16&#8243; _module_preset=\u00bbdefault\u00bb global_colors_info=\u00bb{}\u00bb][et_pb_image src=\u00bbhttps:\/\/museros.org\/wp-content\/uploads\/2021\/08\/logo-instancies-230&#215;180-1.jpg\u00bb title_text=\u00bblogo-instancies-230&#215;180&#8243; url=\u00bbhttps:\/\/museros.org\/ca\/instancies\u00bb use_overlay=\u00bbon\u00bb overlay_icon_color=\u00bb#E02B20&#8243; hover_overlay_color=\u00bbrgba(255,255,255,0.7)\u00bb hover_icon=\u00bb&#xe04e;||divi||400&#8243; align=\u00bbcenter\u00bb _builder_version=\u00bb4.16&#8243; _module_preset=\u00bbdefault\u00bb width=\u00bb100%\u00bb module_alignment=\u00bbcenter\u00bb global_colors_info=\u00bb{}\u00bb][\/et_pb_image][\/et_pb_column][et_pb_column type=\u00bb1_4&#8243; _builder_version=\u00bb4.16&#8243; _module_preset=\u00bbdefault\u00bb global_colors_info=\u00bb{}\u00bb][et_pb_image src=\u00bbhttps:\/\/museros.org\/wp-content\/uploads\/2021\/08\/logo-inscripcions-230&#215;180-1.jpg\u00bb title_text=\u00bblogo-inscripcions-230&#215;180&#8243; url=\u00bbhttps:\/\/museros.org\/ca\/inscripcions\u00bb use_overlay=\u00bbon\u00bb overlay_icon_color=\u00bb#E02B20&#8243; hover_overlay_color=\u00bbrgba(255,255,255,0.7)\u00bb hover_icon=\u00bb&#xe04e;||divi||400&#8243; align=\u00bbcenter\u00bb _builder_version=\u00bb4.16&#8243; _module_preset=\u00bbdefault\u00bb width=\u00bb100%\u00bb module_alignment=\u00bbcenter\u00bb global_colors_info=\u00bb{}\u00bb][\/et_pb_image][\/et_pb_column][et_pb_column type=\u00bb1_4&#8243; _builder_version=\u00bb4.16&#8243; _module_preset=\u00bbdefault\u00bb global_colors_info=\u00bb{}\u00bb][\/et_pb_column][\/et_pb_row][et_pb_row _builder_version=\u00bb4.16&#8243; _module_preset=\u00bbdefault\u00bb locked=\u00bboff\u00bb global_colors_info=\u00bb{}\u00bb][et_pb_column type=\u00bb4_4&#8243; _builder_version=\u00bb4.16&#8243; _module_preset=\u00bbdefault\u00bb global_colors_info=\u00bb{}\u00bb][et_pb_divider color=\u00bb#E02B20&#8243; divider_weight=\u00bb4px\u00bb _builder_version=\u00bb4.16&#8243; _module_preset=\u00bbdefault\u00bb global_colors_info=\u00bb{}\u00bb][\/et_pb_divider][\/et_pb_column][\/et_pb_row][\/et_pb_section]<\/p>\n","protected":false},"excerpt":{"rendered":"<p>\u2022 Edicte de l&#8217;Ajuntament de Museros sobre modificaci\u00f3 de l&#8217;ordenan\u00e7a reguladora del preu p\u00fablic per prestaci\u00f3 de serveis en les escoles infantils municipals.(N\u00ba120-24\/06\/2021) pdf&gt;\u2022 Edicte de l&#8217;Ajuntament de Museros sobre modificaci\u00f3 de l&#8217;ordenan\u00e7a reguladora del preu p\u00fablic per prestaci\u00f3 de serveis en l&#8217;escola d&#8217;estiu. (N\u00ba113-14\/06\/2022) pdf&gt;\u2022 Anunci de l&#8217;Ajuntament de Museros sobre correcci\u00f3 d&#8217;errors a [&hellip;]<\/p>\n","protected":false},"author":8,"featured_media":0,"parent":0,"menu_order":0,"comment_status":"closed","ping_status":"closed","template":"","meta":{"_et_pb_use_builder":"on","_et_pb_old_content":"","_et_gb_content_width":"","_mc_calendar":[],"footnotes":""},"wf_page_folders":[310],"class_list":["post-245846","page","type-page","status-publish","hentry"],"_links":{"self":[{"href":"https:\/\/museros.org\/inici\/wp-json\/wp\/v2\/pages\/245846","targetHints":{"allow":["GET"]}}],"collection":[{"href":"https:\/\/museros.org\/inici\/wp-json\/wp\/v2\/pages"}],"about":[{"href":"https:\/\/museros.org\/inici\/wp-json\/wp\/v2\/types\/page"}],"author":[{"embeddable":true,"href":"https:\/\/museros.org\/inici\/wp-json\/wp\/v2\/users\/8"}],"replies":[{"embeddable":true,"href":"https:\/\/museros.org\/inici\/wp-json\/wp\/v2\/comments?post=245846"}],"version-history":[{"count":30,"href":"https:\/\/museros.org\/inici\/wp-json\/wp\/v2\/pages\/245846\/revisions"}],"predecessor-version":[{"id":278576,"href":"https:\/\/museros.org\/inici\/wp-json\/wp\/v2\/pages\/245846\/revisions\/278576"}],"wp:attachment":[{"href":"https:\/\/museros.org\/inici\/wp-json\/wp\/v2\/media?parent=245846"}],"wp:term":[{"taxonomy":"wf_page_folders","embeddable":true,"href":"https:\/\/museros.org\/inici\/wp-json\/wp\/v2\/wf_page_folders?post=245846"}],"curies":[{"name":"wp","href":"https:\/\/api.w.org\/{rel}","templated":true}]}}