{"id":245835,"date":"2021-08-16T07:14:56","date_gmt":"2021-08-16T07:14:56","guid":{"rendered":"https:\/\/museros.org\/?page_id=245835"},"modified":"2025-04-14T16:47:21","modified_gmt":"2025-04-14T16:47:21","slug":"la-biblioteca","status":"publish","type":"page","link":"https:\/\/museros.org\/inici\/la-biblioteca\/","title":{"rendered":"Biblioteca"},"content":{"rendered":"<p>[et_pb_section fb_built=\u00bb1&#8243; _builder_version=\u00bb4.16&#8243; _module_preset=\u00bbdefault\u00bb custom_margin=\u00bb0px||||false|false\u00bb custom_padding=\u00bb0px||||false|false\u00bb locked=\u00bboff\u00bb global_colors_info=\u00bb{}\u00bb][et_pb_row column_structure=\u00bb1_4,3_4&#8243; _builder_version=\u00bb4.16&#8243; _module_preset=\u00bbdefault\u00bb custom_margin=\u00bb0px||||false|false\u00bb custom_padding=\u00bb0px||||false|false\u00bb global_colors_info=\u00bb{}\u00bb][et_pb_column type=\u00bb1_4&#8243; _builder_version=\u00bb4.16&#8243; _module_preset=\u00bbdefault\u00bb global_colors_info=\u00bb{}\u00bb][et_pb_image src=\u00bbhttps:\/\/museros.org\/wp-content\/uploads\/2022\/03\/agencia-lec-val-180&#215;230-1.jpg\u00bb title_text=\u00bbagencia-lec-val-180&#215;230&#8243; url=\u00bbhttps:\/\/museros.org\/inici\/area-de-cultura\u00bb use_overlay=\u00bbon\u00bb overlay_icon_color=\u00bb#E02B20&#8243; hover_overlay_color=\u00bbrgba(255,255,255,0.7)\u00bb hover_icon=\u00bb&#xe04d;||divi||400&#8243; align=\u00bbcenter\u00bb _builder_version=\u00bb4.16&#8243; _module_preset=\u00bbdefault\u00bb global_colors_info=\u00bb{}\u00bb][\/et_pb_image][\/et_pb_column][et_pb_column type=\u00bb3_4&#8243; _builder_version=\u00bb4.16&#8243; _module_preset=\u00bbdefault\u00bb global_colors_info=\u00bb{}\u00bb][et_pb_image src=\u00bbhttps:\/\/museros.org\/wp-content\/uploads\/2021\/03\/biblioteca-mural-01.png\u00bb title_text=\u00bbbiblioteca-mural-01&#8243; _builder_version=\u00bb4.17.3&#8243; _module_preset=\u00bbdefault\u00bb global_colors_info=\u00bb{}\u00bb][\/et_pb_image][et_pb_text _builder_version=\u00bb4.21.0&#8243; _module_preset=\u00bbdefault\u00bb custom_padding=\u00bb2px|||||\u00bb global_colors_info=\u00bb{}\u00bb]<\/p>\n<h2>Ag\u00e8ncia de Lectura Municipal de Museros<\/h2>\n<h4>Juan Bautista Mu\u00f1oz Ferrandis<\/h4>\n<p>L&#8217;Ag\u00e8ncia de Lectura consta de dues sales: una de consulta, per a fer les tasques escolars, on es troben els ordinadors, i est\u00e0 destinada als m\u00e9s xicotets. I una altra, una sala d&#8217;estudi per als m\u00e9s majors, a partir de 16 anys. Amb la instal\u00b7laci\u00f3 de l&#8217;ascensor ja pot accedir tot el p\u00fablic.<\/p>\n<p>L&#8217;any 2016 es van iniciar les obres de la remodelaci\u00f3 del parc situat s la seua fa\u00e7ana est i en 2021, emmarcada en la iniciativa d&#8217;activitats culturals d&#8217;art urb\u00e0, se li encarrega, a l&#8217;artista Julieta XFL, la realitzaci\u00f3 d&#8217;un mural relacionat amb les activitats que es duen a terme a la biblioteca.<\/p>\n<p>Carrer de les Escoles Velles, 1<br \/>Tel\u00e8fon: 961 440 969<br \/>Correu electr\u00f2nic:<br \/><a href=\"mailto:biblioteca@museros.es\" target=\"_blank\" rel=\"noopener\">biblioteca@museros.es<\/a><br \/>Horari:<br \/>De dilluns a divendres, de 16.00 h a 20.00 h.<br \/>Dilluns i dimecres, de 09.00 h a 14.00 h.<\/p>\n<p>DEL 15 DE MAIG AL 15 D&#8217;OCTUBRE<br \/>De dilluns a divendres, de 16.00 h a 19.40 h.<br \/>Dilluns i dimecres, de 09.00 h a 14.00 h.<\/p>\n<p>[\/et_pb_text][et_pb_button button_url=\u00bbhttps:\/\/www.museros.org\/ca\/mural-descoles-velles\u00bb button_text=\u00bbMural de Julieta XFL\u00bb button_alignment=\u00bbleft\u00bb button_alignment_tablet=\u00bb\u00bb button_alignment_phone=\u00bb\u00bb button_alignment_last_edited=\u00bbon|phone\u00bb _builder_version=\u00bb4.16&#8243; _module_preset=\u00bbdefault\u00bb custom_button=\u00bbon\u00bb button_text_color=\u00bb#ffffff\u00bb button_bg_color=\u00bb#cc3333&#8243; button_border_color=\u00bbrgba(0,0,0,0)\u00bb button_border_radius=\u00bb2px\u00bb button_icon=\u00bb&#x35;||divi||400&#8243; button_icon_color=\u00bb#ffffff\u00bb custom_margin=\u00bb40px||15px||false|false\u00bb locked=\u00bboff\u00bb global_colors_info=\u00bb{}\u00bb][\/et_pb_button][\/et_pb_column][\/et_pb_row][et_pb_row _builder_version=\u00bb4.17.3&#8243; _module_preset=\u00bbdefault\u00bb custom_margin=\u00bb0px||0px||false|false\u00bb custom_padding=\u00bb0px||0px||false|false\u00bb global_colors_info=\u00bb{}\u00bb][et_pb_column type=\u00bb4_4&#8243; _builder_version=\u00bb4.17.3&#8243; _module_preset=\u00bbdefault\u00bb global_colors_info=\u00bb{}\u00bb][et_pb_divider color=\u00bb#999999&#8243; divider_style=\u00bbdotted\u00bb divider_weight=\u00bb7px\u00bb _builder_version=\u00bb4.17.3&#8243; _module_preset=\u00bbdefault\u00bb custom_margin=\u00bb40px||||false|false\u00bb custom_padding=\u00bb||||false|false\u00bb global_colors_info=\u00bb{}\u00bb][\/et_pb_divider][et_pb_text module_id=\u00bbentrevistes\u00bb _builder_version=\u00bb4.17.3&#8243; _module_preset=\u00bbdefault\u00bb global_colors_info=\u00bb{}\u00bb]<\/p>\n<h2>Una escriptora i un escriptor de Museros<\/h2>\n<p>[\/et_pb_text][\/et_pb_column][\/et_pb_row][et_pb_row column_structure=\u00bb1_2,1_2&#8243; _builder_version=\u00bb4.17.2&#8243; _module_preset=\u00bbdefault\u00bb locked=\u00bboff\u00bb global_colors_info=\u00bb{}\u00bb][et_pb_column type=\u00bb1_2&#8243; _builder_version=\u00bb4.17.2&#8243; _module_preset=\u00bbdefault\u00bb global_colors_info=\u00bb{}\u00bb][et_pb_video src=\u00bbhttps:\/\/museros.org\/wp-content\/uploads\/2022\/04\/entrevista-erika-ok_MrxbTVvu.mp4&#8243; image_src=\u00bbhttps:\/\/museros.org\/wp-content\/uploads\/2022\/04\/interviu-erika-laguna.jpg\u00bb _builder_version=\u00bb4.17.2&#8243; _module_preset=\u00bbdefault\u00bb global_colors_info=\u00bb{}\u00bb][\/et_pb_video][\/et_pb_column][et_pb_column type=\u00bb1_2&#8243; _builder_version=\u00bb4.17.2&#8243; _module_preset=\u00bbdefault\u00bb global_colors_info=\u00bb{}\u00bb][et_pb_video src=\u00bbhttps:\/\/museros.org\/wp-content\/uploads\/2022\/04\/entrevista-jesus-ok_bEenJhOp.mp4&#8243; image_src=\u00bbhttps:\/\/museros.org\/wp-content\/uploads\/2022\/04\/interviu-jesus-piquer.jpg\u00bb _builder_version=\u00bb4.17.2&#8243; _module_preset=\u00bbdefault\u00bb global_colors_info=\u00bb{}\u00bb][\/et_pb_video][\/et_pb_column][\/et_pb_row][et_pb_row _builder_version=\u00bb4.16&#8243; _module_preset=\u00bbdefault\u00bb locked=\u00bboff\u00bb global_colors_info=\u00bb{}\u00bb][et_pb_column type=\u00bb4_4&#8243; _builder_version=\u00bb4.16&#8243; _module_preset=\u00bbdefault\u00bb global_colors_info=\u00bb{}\u00bb][et_pb_divider color=\u00bb#999999&#8243; divider_style=\u00bbdotted\u00bb divider_weight=\u00bb7px\u00bb _builder_version=\u00bb4.17.3&#8243; _module_preset=\u00bbdefault\u00bb custom_margin=\u00bb||||false|false\u00bb custom_padding=\u00bb||0px||false|false\u00bb global_colors_info=\u00bb{}\u00bb][\/et_pb_divider][et_pb_text module_id=\u00bbnoticies\u00bb _builder_version=\u00bb4.17.4&#8243; _module_preset=\u00bbdefault\u00bb custom_margin=\u00bb0px||||false|false\u00bb custom_padding=\u00bb0px||||false|false\u00bb global_colors_info=\u00bb{}\u00bb]<\/p>\n<h1>Noticies<\/h1>\n<p>[\/et_pb_text][et_pb_blog fullwidth=\u00bboff\u00bb posts_number=\u00bb3&#8243; include_categories=\u00bb1262&#8243; meta_date=\u00bbjM,Y\u00bb show_author=\u00bboff\u00bb show_pagination=\u00bboff\u00bb admin_label=\u00bbBlog noticias\u00bb _builder_version=\u00bb4.16&#8243; _module_preset=\u00bbdefault\u00bb min_height=\u00bb519.1px\u00bb custom_margin=\u00bb||0px||false|false\u00bb custom_padding=\u00bb||0px||false|false\u00bb box_shadow_style=\u00bbpreset1&#8243; locked=\u00bboff\u00bb global_colors_info=\u00bb{}\u00bb][\/et_pb_blog][et_pb_divider color=\u00bb#E02B20&#8243; divider_weight=\u00bb4px\u00bb _builder_version=\u00bb4.27.4&#8243; _module_preset=\u00bbdefault\u00bb hover_enabled=\u00bb0&#8243; global_colors_info=\u00bb{}\u00bb custom_margin=\u00bb40px||||false|false\u00bb sticky_enabled=\u00bb0&#8243;][\/et_pb_divider][\/et_pb_column][\/et_pb_row][\/et_pb_section]<\/p>\n","protected":false},"excerpt":{"rendered":"<p>Ag\u00e8ncia de Lectura Municipal de Museros Juan Bautista Mu\u00f1oz Ferrandis L&#8217;Ag\u00e8ncia de Lectura consta de dues sales: una de consulta, per a fer les tasques escolars, on es troben els ordinadors, i est\u00e0 destinada als m\u00e9s xicotets. I una altra, una sala d&#8217;estudi per als m\u00e9s majors, a partir de 16 anys. Amb la instal\u00b7laci\u00f3 [&hellip;]<\/p>\n","protected":false},"author":8,"featured_media":0,"parent":0,"menu_order":0,"comment_status":"closed","ping_status":"closed","template":"","meta":{"_et_pb_use_builder":"on","_et_pb_old_content":"","_et_gb_content_width":"","_mc_calendar":[],"footnotes":""},"wf_page_folders":[174],"class_list":["post-245835","page","type-page","status-publish","hentry"],"_links":{"self":[{"href":"https:\/\/museros.org\/inici\/wp-json\/wp\/v2\/pages\/245835","targetHints":{"allow":["GET"]}}],"collection":[{"href":"https:\/\/museros.org\/inici\/wp-json\/wp\/v2\/pages"}],"about":[{"href":"https:\/\/museros.org\/inici\/wp-json\/wp\/v2\/types\/page"}],"author":[{"embeddable":true,"href":"https:\/\/museros.org\/inici\/wp-json\/wp\/v2\/users\/8"}],"replies":[{"embeddable":true,"href":"https:\/\/museros.org\/inici\/wp-json\/wp\/v2\/comments?post=245835"}],"version-history":[{"count":56,"href":"https:\/\/museros.org\/inici\/wp-json\/wp\/v2\/pages\/245835\/revisions"}],"predecessor-version":[{"id":273569,"href":"https:\/\/museros.org\/inici\/wp-json\/wp\/v2\/pages\/245835\/revisions\/273569"}],"wp:attachment":[{"href":"https:\/\/museros.org\/inici\/wp-json\/wp\/v2\/media?parent=245835"}],"wp:term":[{"taxonomy":"wf_page_folders","embeddable":true,"href":"https:\/\/museros.org\/inici\/wp-json\/wp\/v2\/wf_page_folders?post=245835"}],"curies":[{"name":"wp","href":"https:\/\/api.w.org\/{rel}","templated":true}]}}