{"id":245813,"date":"2021-08-16T06:12:25","date_gmt":"2021-08-16T06:12:25","guid":{"rendered":"https:\/\/museros.org\/?page_id=245813"},"modified":"2025-06-09T12:45:05","modified_gmt":"2025-06-09T12:45:05","slug":"espai-jove","status":"publish","type":"page","link":"https:\/\/museros.org\/inici\/espai-jove\/","title":{"rendered":"Espai Jove"},"content":{"rendered":"<p>[et_pb_section fb_built=\u00bb1&#8243; _builder_version=\u00bb4.16&#8243; _module_preset=\u00bbdefault\u00bb custom_margin=\u00bb0px||||false|false\u00bb custom_padding=\u00bb0px||||false|false\u00bb locked=\u00bboff\u00bb global_colors_info=\u00bb{}\u00bb][et_pb_row column_structure=\u00bb1_4,3_4&#8243; _builder_version=\u00bb4.16&#8243; _module_preset=\u00bbdefault\u00bb custom_margin=\u00bb0px||||false|false\u00bb custom_padding=\u00bb0px||||false|false\u00bb global_colors_info=\u00bb{}\u00bb][et_pb_column type=\u00bb1_4&#8243; _builder_version=\u00bb4.16&#8243; _module_preset=\u00bbdefault\u00bb global_colors_info=\u00bb{}\u00bb][et_pb_image src=\u00bbhttps:\/\/museros.org\/wp-content\/uploads\/2021\/07\/espaijove-230&#215;180-1.jpg\u00bb title_text=\u00bbespaijove-230&#215;180&#8243; url=\u00bbhttps:\/\/museros.org\/inici\/area-de-joventut\u00bb use_overlay=\u00bbon\u00bb overlay_icon_color=\u00bb#E02B20&#8243; hover_overlay_color=\u00bbrgba(255,255,255,0.66)\u00bb hover_icon=\u00bb&#xe04d;||divi||400&#8243; align=\u00bbcenter\u00bb _builder_version=\u00bb4.16&#8243; _module_preset=\u00bbdefault\u00bb global_colors_info=\u00bb{}\u00bb][\/et_pb_image][\/et_pb_column][et_pb_column type=\u00bb3_4&#8243; _builder_version=\u00bb4.16&#8243; _module_preset=\u00bbdefault\u00bb global_colors_info=\u00bb{}\u00bb][et_pb_image src=\u00bbhttps:\/\/museros.org\/wp-content\/uploads\/2021\/04\/espaijove-1080&#215;360-1.jpg\u00bb title_text=\u00bbespaijove-1080&#215;360&#8243; _builder_version=\u00bb4.16&#8243; _module_preset=\u00bbdefault\u00bb global_colors_info=\u00bb{}\u00bb][\/et_pb_image][et_pb_text _builder_version=\u00bb4.27.4&#8243; _module_preset=\u00bbdefault\u00bb custom_padding=\u00bb||0px|||\u00bb hover_enabled=\u00bb0&#8243; global_colors_info=\u00bb{}\u00bb sticky_enabled=\u00bb0&#8243;]<\/p>\n<h2>Espai Jove<\/h2>\n<p>Carrer Major, 17<br \/>Tel\u00e8fon: 697 437 361<br \/>Correu electr\u00f2nic:<br \/><a href=\"mailto:joventut@museros.es\"> joventut@museros.es<\/a><br \/><span class=\"im\"><a href=\"mailto:dinamizadora@museros.es\" target=\"_blank\" rel=\"noopener\">dinamizadora@museros.es<\/a><\/span><\/p>\n<p>Horari d&#8217;atenci\u00f3 al p\u00fablic:<\/p>\n<p><strong>MATINS<\/strong><br \/>Dilluns: de 09.00 h a 14.00 h.<\/p>\n<p><strong>VESPRADES<\/strong><br \/>Dimarts, dimecres, dijous i divendres: de 16.15 h a 19.30 h.<\/p>\n<p><strong>ESTIU<\/strong><br \/><strong>Juny<\/strong>: dilluns de 10:00 h a 14:00 h; i dimarts, dimecres, dijous i divendres: de 10:00 h a 14:00 h, i de 17:00 h a 20:00 h<\/p>\n<p><strong>Juliol:<\/strong> de 09.00 h a 14.00 h.<br \/><strong>Agost tancat<\/strong><\/p>\n<p>[\/et_pb_text][et_pb_button button_url=\u00bbhttps:\/\/museros.org\/wp-content\/uploads\/2024\/05\/DEFINITIU.-Reglament-dus-Espai-Jove-Museros.pdf\u00bb url_new_window=\u00bbon\u00bb button_text=\u00bbReglament d&#8217;\u00fas de l&#8217;Espai Jove\u00bb _builder_version=\u00bb4.25.1&#8243; _module_preset=\u00bbdefault\u00bb custom_margin=\u00bb50px||||false|false\u00bb global_colors_info=\u00bb{}\u00bb][\/et_pb_button][et_pb_button button_url=\u00bbhttps:\/\/museros.org\/wp-content\/uploads\/2024\/05\/normes-espaijove_museros_24.pdf\u00bb url_new_window=\u00bbon\u00bb button_text=\u00bbNormes de l&#8217;Espai Jove\u00bb _builder_version=\u00bb4.25.1&#8243; _module_preset=\u00bbdefault\u00bb custom_margin=\u00bb||||false|false\u00bb global_colors_info=\u00bb{}\u00bb][\/et_pb_button][et_pb_button button_url=\u00bbhttps:\/\/museros.org\/wp-content\/uploads\/2022\/06\/FORMULARIO-SOLICITUD-CARNET-JOVE.pdf\u00bb url_new_window=\u00bbon\u00bb button_text=\u00bbSol\u00b7licitud CARNET JOVE \u00bb _builder_version=\u00bb4.17.4&#8243; _module_preset=\u00bbdefault\u00bb custom_margin=\u00bb20px||||false|false\u00bb locked=\u00bboff\u00bb global_colors_info=\u00bb{}\u00bb][\/et_pb_button][et_pb_text _builder_version=\u00bb4.16&#8243; _module_preset=\u00bbdefault\u00bb global_colors_info=\u00bb{}\u00bb]<\/p>\n<p><a href=\"https:\/\/www.youtube.com\/watch?v=sg_TeKLvxrU\" target=\"_blank\" rel=\"noopener\">V\u00cdDEO &#8211; Avantatges del Carnet Jove<\/a><\/p>\n<p><a href=\"https:\/\/www.youtube.com\/watch?v=NLRHs9dQc-Q\" target=\"_blank\" rel=\"noopener\">V\u00cdDEO &#8211; Coneix el Carnet Jove. Llengua de signes<\/a><\/p>\n<p>[\/et_pb_text][et_pb_divider color=\u00bb#999999&#8243; divider_style=\u00bbdotted\u00bb divider_weight=\u00bb7px\u00bb _builder_version=\u00bb4.16&#8243; _module_preset=\u00bbdefault\u00bb custom_margin=\u00bb40px||||false|false\u00bb global_colors_info=\u00bb{}\u00bb][\/et_pb_divider][\/et_pb_column][\/et_pb_row][et_pb_row column_structure=\u00bb1_4,1_4,1_4,1_4&#8243; _builder_version=\u00bb4.16&#8243; _module_preset=\u00bbdefault\u00bb custom_margin=\u00bb0px||0px||false|false\u00bb custom_padding=\u00bb0px||0px||false|false\u00bb locked=\u00bboff\u00bb global_colors_info=\u00bb{}\u00bb][et_pb_column type=\u00bb1_4&#8243; _builder_version=\u00bb4.16&#8243; _module_preset=\u00bbdefault\u00bb global_colors_info=\u00bb{}\u00bb][\/et_pb_column][et_pb_column type=\u00bb1_4&#8243; _builder_version=\u00bb4.16&#8243; _module_preset=\u00bbdefault\u00bb global_colors_info=\u00bb{}\u00bb][et_pb_image src=\u00bbhttps:\/\/museros.org\/wp-content\/uploads\/2024\/06\/plajove-230&#215;180-1.jpg\u00bb title_text=\u00bbplajove-230&#215;180&#8243; url=\u00bbhttps:\/\/museros.org\/inici\/pla-jove\/\u00bb use_overlay=\u00bbon\u00bb overlay_icon_color=\u00bb#E02B20&#8243; hover_overlay_color=\u00bbrgba(255,255,255,0.7)\u00bb hover_icon=\u00bb&#xe04e;||divi||400&#8243; show_bottom_space=\u00bboff\u00bb align=\u00bbcenter\u00bb _builder_version=\u00bb4.27.4&#8243; _module_preset=\u00bbdefault\u00bb width=\u00bb100%\u00bb custom_margin=\u00bb-20px||||false|false\u00bb locked=\u00bboff\u00bb global_colors_info=\u00bb{}\u00bb][\/et_pb_image][\/et_pb_column][et_pb_column type=\u00bb1_4&#8243; _builder_version=\u00bb4.16&#8243; _module_preset=\u00bbdefault\u00bb global_colors_info=\u00bb{}\u00bb][et_pb_image src=\u00bbhttps:\/\/museros.org\/wp-content\/uploads\/2022\/04\/logo-forum-joves-400&#215;260-1.jpg\u00bb title_text=\u00bblogo-forum-joves-400&#215;260&#8243; url=\u00bbhttps:\/\/museros.org\/inici\/forums-joves\/\u00bb use_overlay=\u00bbon\u00bb overlay_icon_color=\u00bb#E02B20&#8243; hover_overlay_color=\u00bbrgba(255,255,255,0.65)\u00bb hover_icon=\u00bb&#xe04e;||divi||400&#8243; _builder_version=\u00bb4.17.0&#8243; _module_preset=\u00bbdefault\u00bb width=\u00bb70%\u00bb global_colors_info=\u00bb{}\u00bb][\/et_pb_image][\/et_pb_column][et_pb_column type=\u00bb1_4&#8243; _builder_version=\u00bb4.16&#8243; _module_preset=\u00bbdefault\u00bb global_colors_info=\u00bb{}\u00bb][et_pb_image src=\u00bbhttps:\/\/museros.org\/wp-content\/uploads\/2022\/12\/fitxasalut-400&#215;320-1.jpg\u00bb title_text=\u00bbfitxasalut-400&#215;320&#8243; url=\u00bbhttps:\/\/museros.org\/wp-content\/uploads\/2022\/12\/salut-val.pdf\u00bb url_new_window=\u00bbon\u00bb use_overlay=\u00bbon\u00bb overlay_icon_color=\u00bb#E02B20&#8243; hover_overlay_color=\u00bbrgba(255,255,255,0.7)\u00bb hover_icon=\u00bb&#xe04e;||divi||400&#8243; _builder_version=\u00bb4.19.2&#8243; _module_preset=\u00bbdefault\u00bb locked=\u00bboff\u00bb global_colors_info=\u00bb{}\u00bb][\/et_pb_image][\/et_pb_column][\/et_pb_row][et_pb_row _builder_version=\u00bb4.16&#8243; _module_preset=\u00bbdefault\u00bb global_colors_info=\u00bb{}\u00bb][et_pb_column type=\u00bb4_4&#8243; _builder_version=\u00bb4.16&#8243; _module_preset=\u00bbdefault\u00bb global_colors_info=\u00bb{}\u00bb][et_pb_divider color=\u00bb#E02B20&#8243; divider_weight=\u00bb4px\u00bb _builder_version=\u00bb4.16&#8243; _module_preset=\u00bbdefault\u00bb global_colors_info=\u00bb{}\u00bb][\/et_pb_divider][\/et_pb_column][\/et_pb_row][\/et_pb_section]<\/p>\n","protected":false},"excerpt":{"rendered":"<p>Espai Jove Carrer Major, 17Tel\u00e8fon: 697 437 361Correu electr\u00f2nic: joventut@museros.esdinamizadora@museros.es Horari d&#8217;atenci\u00f3 al p\u00fablic: MATINSDilluns: de 09.00 h a 14.00 h. VESPRADESDimarts, dimecres, dijous i divendres: de 16.15 h a 19.30 h. ESTIUJuny: dilluns de 10:00 h a 14:00 h; i dimarts, dimecres, dijous i divendres: de 10:00 h a 14:00 h, i de 17:00 [&hellip;]<\/p>\n","protected":false},"author":8,"featured_media":0,"parent":0,"menu_order":0,"comment_status":"closed","ping_status":"closed","template":"","meta":{"_et_pb_use_builder":"on","_et_pb_old_content":"","_et_gb_content_width":"","_mc_calendar":[],"footnotes":""},"wf_page_folders":[409],"class_list":["post-245813","page","type-page","status-publish","hentry"],"_links":{"self":[{"href":"https:\/\/museros.org\/inici\/wp-json\/wp\/v2\/pages\/245813","targetHints":{"allow":["GET"]}}],"collection":[{"href":"https:\/\/museros.org\/inici\/wp-json\/wp\/v2\/pages"}],"about":[{"href":"https:\/\/museros.org\/inici\/wp-json\/wp\/v2\/types\/page"}],"author":[{"embeddable":true,"href":"https:\/\/museros.org\/inici\/wp-json\/wp\/v2\/users\/8"}],"replies":[{"embeddable":true,"href":"https:\/\/museros.org\/inici\/wp-json\/wp\/v2\/comments?post=245813"}],"version-history":[{"count":57,"href":"https:\/\/museros.org\/inici\/wp-json\/wp\/v2\/pages\/245813\/revisions"}],"predecessor-version":[{"id":275273,"href":"https:\/\/museros.org\/inici\/wp-json\/wp\/v2\/pages\/245813\/revisions\/275273"}],"wp:attachment":[{"href":"https:\/\/museros.org\/inici\/wp-json\/wp\/v2\/media?parent=245813"}],"wp:term":[{"taxonomy":"wf_page_folders","embeddable":true,"href":"https:\/\/museros.org\/inici\/wp-json\/wp\/v2\/wf_page_folders?post=245813"}],"curies":[{"name":"wp","href":"https:\/\/api.w.org\/{rel}","templated":true}]}}