{"id":245808,"date":"2021-08-16T06:07:55","date_gmt":"2021-08-16T06:07:55","guid":{"rendered":"https:\/\/museros.org\/?page_id=245808"},"modified":"2023-07-04T15:28:58","modified_gmt":"2023-07-04T15:28:58","slug":"equip-de-govern-2","status":"publish","type":"page","link":"https:\/\/museros.org\/inici\/equip-de-govern-2\/","title":{"rendered":"Equip de Govern"},"content":{"rendered":"<p>[et_pb_section fb_built=\u00bb1&#8243; _builder_version=\u00bb4.16&#8243; custom_margin=\u00bb0px||0px||false|false\u00bb custom_padding=\u00bb0px||0px||false|false\u00bb locked=\u00bboff\u00bb global_colors_info=\u00bb{}\u00bb][et_pb_row column_structure=\u00bb1_4,3_4&#8243; _builder_version=\u00bb4.16&#8243; _module_preset=\u00bbdefault\u00bb global_colors_info=\u00bb{}\u00bb][et_pb_column type=\u00bb1_4&#8243; _builder_version=\u00bb4.16&#8243; _module_preset=\u00bbdefault\u00bb global_colors_info=\u00bb{}\u00bb][\/et_pb_column][et_pb_column type=\u00bb3_4&#8243; _builder_version=\u00bb4.16&#8243; _module_preset=\u00bbdefault\u00bb global_colors_info=\u00bb{}\u00bb][et_pb_text admin_label=\u00bbEquip de Govern\u00bb _builder_version=\u00bb4.16&#8243; _module_preset=\u00bbdefault\u00bb global_colors_info=\u00bb{}\u00bb]<\/p>\n<h2>Equip de Govern<\/h2>\n<p>[\/et_pb_text][\/et_pb_column][\/et_pb_row][et_pb_row column_structure=\u00bb1_4,3_4&#8243; use_custom_gutter=\u00bbon\u00bb _builder_version=\u00bb4.16&#8243; min_height=\u00bb340px\u00bb custom_margin=\u00bb0px||0px||false|false\u00bb custom_padding=\u00bb0px||0px||false|false\u00bb global_colors_info=\u00bb{}\u00bb][et_pb_column type=\u00bb1_4&#8243; _builder_version=\u00bb4.16&#8243; global_colors_info=\u00bb{}\u00bb][et_pb_image src=\u00bbhttps:\/\/museros.org\/wp-content\/uploads\/2021\/06\/elescudo-230&#215;180-1.jpg\u00bb title_text=\u00bbelescudo-230&#215;180&#8243; align=\u00bbcenter\u00bb src_tablet=\u00bb\u00bb src_phone=\u00bb\u00bb src_last_edited=\u00bbon|desktop\u00bb _builder_version=\u00bb4.16&#8243; _module_preset=\u00bbdefault\u00bb width=\u00bb100%\u00bb custom_margin=\u00bb||||false|false\u00bb custom_padding=\u00bb0px|0px|0px||false|false\u00bb locked=\u00bboff\u00bb global_colors_info=\u00bb{}\u00bb][\/et_pb_image][\/et_pb_column][et_pb_column type=\u00bb3_4&#8243; _builder_version=\u00bb4.16&#8243; global_colors_info=\u00bb{}\u00bb][et_pb_image src=\u00bbhttps:\/\/museros.org\/wp-content\/uploads\/2023\/06\/gobierno-2023.jpg\u00bb title_text=\u00bbgobierno-2023&#8243; src_tablet=\u00bbhttps:\/\/museros.org\/wp-content\/uploads\/2023\/06\/gobierno-2023.jpg\u00bb src_phone=\u00bbhttps:\/\/museros.org\/wp-content\/uploads\/2023\/06\/gobierno-2023.jpg\u00bb src_last_edited=\u00bbon|phone\u00bb _builder_version=\u00bb4.21.0&#8243; _module_preset=\u00bbdefault\u00bb custom_margin=\u00bb||||false|false\u00bb custom_margin_tablet=\u00bb-50px||||false|false\u00bb custom_margin_phone=\u00bb-50px||||false|false\u00bb custom_margin_last_edited=\u00bbon|phone\u00bb custom_padding=\u00bb0px||||false|false\u00bb global_colors_info=\u00bb{}\u00bb][\/et_pb_image][\/et_pb_column][\/et_pb_row][et_pb_row column_structure=\u00bb1_3,1_3,1_3&#8243; use_custom_gutter=\u00bbon\u00bb _builder_version=\u00bb4.16&#8243; min_height=\u00bb340px\u00bb custom_margin=\u00bb|auto||auto|false|false\u00bb custom_margin_tablet=\u00bb|auto||auto|false|false\u00bb custom_margin_phone=\u00bb-170px||||false|false\u00bb custom_margin_last_edited=\u00bbon|phone\u00bb custom_padding=\u00bb||||false|false\u00bb global_colors_info=\u00bb{}\u00bb][et_pb_column type=\u00bb1_3&#8243; _builder_version=\u00bb4.16&#8243; global_colors_info=\u00bb{}\u00bb][et_pb_cta title=\u00bbCristina Civera Balaguer\u00bb title_tablet=\u00bbCristina Civera Balaguer\u00bb title_phone=\u00bbCristina Civera Balaguer\u00bb title_last_edited=\u00bbon|desktop\u00bb admin_label=\u00bbCristina\u00bb _builder_version=\u00bb4.21.0&#8243; _module_preset=\u00bbdefault\u00bb header_font=\u00bb|600|||||||\u00bb header_text_color=\u00bb#000000&#8243; header_font_size=\u00bb14px\u00bb body_text_color=\u00bb#333333&#8243; body_font_size=\u00bb13px\u00bb body_line_height=\u00bb1.4em\u00bb background_color=\u00bb#ffdab5&#8243; custom_margin=\u00bb||||false|false\u00bb global_colors_info=\u00bb{}\u00bb]<\/p>\n<p>Alcaldessa, Regidora d&#8217;Hisenda, Seguretat Ciutadana, Agricultura, Personal i Festes<\/p>\n<p><a href=\"mailto:alcaldia@museros.es\" target=\"_blank\" rel=\"noopener\">alcaldia@museros.es<\/a><\/p>\n<p>[\/et_pb_cta][et_pb_cta title=\u00bbJuan Jos\u00e9 Carri\u00f3n Rubio\u00bb title_tablet=\u00bbJuan Jos\u00e9 Carri\u00f3n Rubio\u00bb title_phone=\u00bbJuan Jos\u00e9 Carri\u00f3n Rubio\u00bb title_last_edited=\u00bbon|desktop\u00bb admin_label=\u00bbJuanjo\u00bb _builder_version=\u00bb4.21.0&#8243; _module_preset=\u00bbdefault\u00bb header_font=\u00bb|600|||||||\u00bb header_text_color=\u00bb#000000&#8243; header_font_size=\u00bb14px\u00bb body_text_color=\u00bb#333333&#8243; body_font_size=\u00bb13px\u00bb body_line_height=\u00bb1.4em\u00bb background_color=\u00bb#ffdab5&#8243; custom_margin=\u00bb||||false|false\u00bb global_colors_info=\u00bb{}\u00bb]<\/p>\n<p>Regidor de Comer\u00e7, Salut i Majors<\/p>\n<p><a href=\"mailto:juanjosecarrion@museros.es\" target=\"_blank\" rel=\"noopener\">juanjosecarrion@museros.es<\/a><\/p>\n<p>[\/et_pb_cta][\/et_pb_column][et_pb_column type=\u00bb1_3&#8243; _builder_version=\u00bb4.16&#8243; global_colors_info=\u00bb{}\u00bb][et_pb_cta title=\u00bbVicente P\u00e9rez Costa\u00bb title_tablet=\u00bbVicente P\u00e9rez Costa\u00bb title_phone=\u00bbVicente P\u00e9rez Costa\u00bb title_last_edited=\u00bbon|desktop\u00bb admin_label=\u00bbVicente\u00bb _builder_version=\u00bb4.21.0&#8243; _module_preset=\u00bbdefault\u00bb header_font=\u00bb|600|||||||\u00bb header_text_color=\u00bb#000000&#8243; header_font_size=\u00bb14px\u00bb body_text_color=\u00bb#333333&#8243; body_font_size=\u00bb13px\u00bb body_line_height=\u00bb1.4em\u00bb background_color=\u00bb#ffdab5&#8243; custom_margin=\u00bb||||false|false\u00bb global_colors_info=\u00bb{}\u00bb]<\/p>\n<p>Regidor d&#8217;Urbanisme, Infraestructures, Benestar Social, Ind\u00fastria, Turisme i ITC<\/p>\n<p><a href=\"mailto:viperco@museros.es\" target=\"_blank\" rel=\"noopener\">viperco@museros.es<\/a><\/p>\n<p>[\/et_pb_cta][et_pb_cta title=\u00bbLaura Brisa Alfonso\u00bb title_tablet=\u00bbLaura Brisa Alfonso\u00bb title_phone=\u00bbLaura Brisa Alfonso\u00bb title_last_edited=\u00bbon|phone\u00bb admin_label=\u00bbSonia\u00bb _builder_version=\u00bb4.21.0&#8243; _module_preset=\u00bbdefault\u00bb header_font=\u00bb|600|||||||\u00bb header_text_color=\u00bb#000000&#8243; header_font_size=\u00bb14px\u00bb body_text_color=\u00bb#333333&#8243; body_font_size=\u00bb13px\u00bb body_line_height=\u00bb1.4em\u00bb background_color=\u00bb#ffdab5&#8243; custom_margin=\u00bb||||false|false\u00bb global_colors_info=\u00bb{}\u00bb]<\/p>\n<p>Regidora de Cultura, Promoci\u00f3 Ling\u00fc\u00edstica i Ocupaci\u00f3<\/p>\n<p><a href=\"mailto:laura.brisa@museros.es\" target=\"_blank\" rel=\"noopener\">laura.brisa@museros.es<\/a><\/p>\n<p>[\/et_pb_cta][et_pb_cta title=\u00bbBeatriz S\u00e1nchez Botello\u00bb title_tablet=\u00bbBeatriz S\u00e1nchez Botello\u00bb title_phone=\u00bbBeatriz S\u00e1nchez Botello\u00bb title_last_edited=\u00bbon|desktop\u00bb admin_label=\u00bbBeatriz\u00bb _builder_version=\u00bb4.21.0&#8243; _module_preset=\u00bbdefault\u00bb header_font=\u00bb|600|||||||\u00bb header_text_color=\u00bb#000000&#8243; header_font_size=\u00bb14px\u00bb body_text_color=\u00bb#333333&#8243; body_font_size=\u00bb13px\u00bb body_line_height=\u00bb1.4em\u00bb background_color=\u00bb#ffdab5&#8243; custom_margin=\u00bb||||false|false\u00bb global_colors_info=\u00bb{}\u00bb]Regidora de Transici\u00f3 Ecol\u00f2gica<br \/>\ni Consum Responsable<\/p>\n<p><a href=\"mailto:juanjosecarrion@museros.es\" target=\"_blank\" rel=\"noopener\">besanbo@museros.es<\/a>[\/et_pb_cta][\/et_pb_column][et_pb_column type=\u00bb1_3&#8243; _builder_version=\u00bb4.16&#8243; global_colors_info=\u00bb{}\u00bb][et_pb_cta title=\u00bbIrene Guedes Fernandez\u00bb title_tablet=\u00bbIrene Guedes Fernandez\u00bb title_phone=\u00bbIrene Guedes Fernandez\u00bb title_last_edited=\u00bbon|phone\u00bb admin_label=\u00bbN\u00e9mesis\u00bb _builder_version=\u00bb4.21.0&#8243; _module_preset=\u00bbdefault\u00bb header_font=\u00bb|600|||||||\u00bb header_text_color=\u00bb#000000&#8243; header_font_size=\u00bb14px\u00bb body_text_color=\u00bb#333333&#8243; body_font_size=\u00bb13px\u00bb body_line_height=\u00bb1.4em\u00bb background_color=\u00bb#ffdab5&#8243; width=\u00bb100%\u00bb module_alignment=\u00bbcenter\u00bb custom_margin=\u00bb||||false|false\u00bb global_colors_info=\u00bb{}\u00bb]<\/p>\n<p>Regidora de Pol\u00edtiques d&#8217;Igualtat de G\u00e8nere, Pol\u00edtiques Inclusives, Joventut<br \/>i Inf\u00e0ncia<\/p>\n<p><a href=\"mailto:iguedesf@museros.es\" target=\"_blank\" rel=\"noopener\">iguedesf@museros.es<\/a><\/p>\n<p>[\/et_pb_cta][et_pb_cta title=\u00bbAgust\u00edn Muedra Jornet\u00bb title_tablet=\u00bbAgust\u00edn Muedra Jornet\u00bb title_phone=\u00bbAgust\u00edn Muedra Jornet\u00bb title_last_edited=\u00bbon|desktop\u00bb admin_label=\u00bbAgust\u00edn\u00bb _builder_version=\u00bb4.21.0&#8243; _module_preset=\u00bbdefault\u00bb header_font=\u00bb|600|||||||\u00bb header_text_color=\u00bb#000000&#8243; header_font_size=\u00bb14px\u00bb body_text_color=\u00bb#333333&#8243; body_font_size=\u00bb13px\u00bb body_line_height=\u00bb1.4em\u00bb background_color=\u00bb#ffdab5&#8243; custom_margin=\u00bb||||false|false\u00bb global_colors_info=\u00bb{}\u00bb]<\/p>\n<p>Regidor d&#8217;Educaci\u00f3 i Esports<\/p>\n<p><a href=\"mailto:amuedra@museros.es\" target=\"_blank\" rel=\"noopener\">amuedra@museros.es<\/a><\/p>\n<p>[\/et_pb_cta][\/et_pb_column][\/et_pb_row][et_pb_row _builder_version=\u00bb4.16&#8243; _module_preset=\u00bbdefault\u00bb custom_margin=\u00bb45px||||false|false\u00bb global_colors_info=\u00bb{}\u00bb][et_pb_column type=\u00bb4_4&#8243; _builder_version=\u00bb4.16&#8243; _module_preset=\u00bbdefault\u00bb global_colors_info=\u00bb{}\u00bb][et_pb_divider color=\u00bb#cc0000&#8243; divider_weight=\u00bb4px\u00bb _builder_version=\u00bb4.16&#8243; _module_preset=\u00bbdefault\u00bb global_colors_info=\u00bb{}\u00bb][\/et_pb_divider][\/et_pb_column][\/et_pb_row][\/et_pb_section]<\/p>\n","protected":false},"excerpt":{"rendered":"<p>Equip de GovernAlcaldessa, Regidora d&#8217;Hisenda, Seguretat Ciutadana, Agricultura, Personal i Festes alcaldia@museros.esRegidor de Comer\u00e7, Salut i Majors juanjosecarrion@museros.esRegidor d&#8217;Urbanisme, Infraestructures, Benestar Social, Ind\u00fastria, Turisme i ITC viperco@museros.esRegidora de Cultura, Promoci\u00f3 Ling\u00fc\u00edstica i Ocupaci\u00f3 laura.brisa@museros.esRegidora de Transici\u00f3 Ecol\u00f2gica i Consum Responsable besanbo@museros.esRegidora de Pol\u00edtiques d&#8217;Igualtat de G\u00e8nere, Pol\u00edtiques Inclusives, Joventuti Inf\u00e0ncia iguedesf@museros.esRegidor d&#8217;Educaci\u00f3 i Esports amuedra@museros.es<\/p>\n","protected":false},"author":8,"featured_media":0,"parent":0,"menu_order":0,"comment_status":"closed","ping_status":"closed","template":"","meta":{"_et_pb_use_builder":"on","_et_pb_old_content":"","_et_gb_content_width":"","_mc_calendar":[],"footnotes":""},"wf_page_folders":[273],"class_list":["post-245808","page","type-page","status-publish","hentry"],"_links":{"self":[{"href":"https:\/\/museros.org\/inici\/wp-json\/wp\/v2\/pages\/245808","targetHints":{"allow":["GET"]}}],"collection":[{"href":"https:\/\/museros.org\/inici\/wp-json\/wp\/v2\/pages"}],"about":[{"href":"https:\/\/museros.org\/inici\/wp-json\/wp\/v2\/types\/page"}],"author":[{"embeddable":true,"href":"https:\/\/museros.org\/inici\/wp-json\/wp\/v2\/users\/8"}],"replies":[{"embeddable":true,"href":"https:\/\/museros.org\/inici\/wp-json\/wp\/v2\/comments?post=245808"}],"version-history":[{"count":22,"href":"https:\/\/museros.org\/inici\/wp-json\/wp\/v2\/pages\/245808\/revisions"}],"predecessor-version":[{"id":265079,"href":"https:\/\/museros.org\/inici\/wp-json\/wp\/v2\/pages\/245808\/revisions\/265079"}],"wp:attachment":[{"href":"https:\/\/museros.org\/inici\/wp-json\/wp\/v2\/media?parent=245808"}],"wp:term":[{"taxonomy":"wf_page_folders","embeddable":true,"href":"https:\/\/museros.org\/inici\/wp-json\/wp\/v2\/wf_page_folders?post=245808"}],"curies":[{"name":"wp","href":"https:\/\/api.w.org\/{rel}","templated":true}]}}