{"id":245794,"date":"2021-08-15T19:58:45","date_gmt":"2021-08-15T19:58:45","guid":{"rendered":"https:\/\/museros.org\/?page_id=245794"},"modified":"2025-07-22T14:01:22","modified_gmt":"2025-07-22T14:01:22","slug":"directori-municipal-2","status":"publish","type":"page","link":"https:\/\/museros.org\/inici\/directori-municipal-2\/","title":{"rendered":"Directori municipal"},"content":{"rendered":"<p>[et_pb_section fb_built=\u00bb1&#8243; _builder_version=\u00bb4.16&#8243; custom_padding=\u00bb0px||||false|false\u00bb locked=\u00bboff\u00bb global_colors_info=\u00bb{}\u00bb][et_pb_row column_structure=\u00bb1_4,3_4&#8243; _builder_version=\u00bb4.16&#8243; _module_preset=\u00bbdefault\u00bb custom_padding=\u00bb0px||||false|false\u00bb locked=\u00bboff\u00bb global_colors_info=\u00bb{}\u00bb][et_pb_column type=\u00bb1_4&#8243; _builder_version=\u00bb4.16&#8243; _module_preset=\u00bbdefault\u00bb global_colors_info=\u00bb{}\u00bb][\/et_pb_column][et_pb_column type=\u00bb3_4&#8243; _builder_version=\u00bb4.16&#8243; _module_preset=\u00bbdefault\u00bb global_colors_info=\u00bb{}\u00bb][et_pb_text _builder_version=\u00bb4.16&#8243; _module_preset=\u00bbdefault\u00bb global_colors_info=\u00bb{}\u00bb]<\/p>\n<h2>Directori municipal<\/h2>\n<p>[\/et_pb_text][\/et_pb_column][\/et_pb_row][et_pb_row column_structure=\u00bb1_4,3_4&#8243; _builder_version=\u00bb4.16&#8243; custom_padding=\u00bb0px|||2px|false|false\u00bb global_colors_info=\u00bb{}\u00bb][et_pb_column type=\u00bb1_4&#8243; _builder_version=\u00bb4.16&#8243; global_colors_info=\u00bb{}\u00bb][et_pb_image src=\u00bbhttps:\/\/museros.org\/wp-content\/uploads\/2021\/06\/elescudo-230&#215;180-1.jpg\u00bb title_text=\u00bbelescudo-230&#215;180&#8243; align=\u00bbcenter\u00bb src_tablet=\u00bb\u00bb src_phone=\u00bb\u00bb src_last_edited=\u00bbon|desktop\u00bb _builder_version=\u00bb4.16&#8243; _module_preset=\u00bbdefault\u00bb width=\u00bb100%\u00bb module_alignment=\u00bbright\u00bb custom_margin=\u00bb-20px||0px||false|false\u00bb custom_padding=\u00bb0px|0px|0px||false|false\u00bb locked=\u00bboff\u00bb global_colors_info=\u00bb{}\u00bb][\/et_pb_image][\/et_pb_column][et_pb_column type=\u00bb3_4&#8243; _builder_version=\u00bb4.16&#8243; global_colors_info=\u00bb{}\u00bb][et_pb_image src=\u00bbhttps:\/\/museros.org\/wp-content\/uploads\/2021\/04\/casadelavila-1080&#215;360-1.jpg\u00bb title_text=\u00bbcasadelavila-1080&#215;360&#8243; _builder_version=\u00bb4.21.0&#8243; _module_preset=\u00bbdefault\u00bb width=\u00bb100%\u00bb global_colors_info=\u00bb{}\u00bb][\/et_pb_image][et_pb_text _builder_version=\u00bb4.27.4&#8243; global_colors_info=\u00bb{}\u00bb]<\/p>\n<p><strong>AJUNTAMENT DE MUSEROS<\/strong><br \/>Pla\u00e7a del Castell,1<br \/>Tel\u00e8fon: 961 441 680<br \/>Fax: 961 444 830<br \/>Correu electr\u00f2nic:<br \/><a href=\"mailto:museros@museros.es\" target=\"_blank\" rel=\"noopener\">museros@museros.es<\/a><br \/><a href=\"mailto:recaudacion@museros.es\" target=\"_blank\" rel=\"noopener\">recaudacion@museros.es<\/a><br \/>Horari: de 09.00 h a 14.00 h.<\/p>\n<p><strong>POLICIA LOCAL<\/strong><br \/>Tel\u00e8fon: 607 607 967<br \/>Correu electr\u00f2nic:<br \/><a href=\"mailto:policia@museros.es\" target=\"_blank\" rel=\"noopener\">policia@museros.es<\/a><\/p>\n<p><strong>AG\u00c8NCIA DE DESENVOLUPAMENT LOCAL<\/strong><\/p>\n<p><strong>OFICINA D&#8217;\u00daS I PROMOCI\u00d3 DEL VALENCI\u00c0 (AVIVA MUSEROS)<\/strong><br \/>Correu electr\u00f2nic:<br \/><a href=\"mailto:aviva@museros.es\" target=\"_blank\" rel=\"noopener\">aviva@museros.es<\/a><\/p>\n<p><strong>JUTJAT DE PAU<\/strong><br \/>Correu electr\u00f2nic:<br \/><a href=\"mailto:juzgadodepaz@museros.es\" target=\"_blank\" rel=\"noopener\">juzgadodepaz@museros.es<\/a><br \/>Horari: dilluns de 09.00 h a 11.00 h. a l&#8217;ajuntament.<\/p>\n<p>[\/et_pb_text][et_pb_divider color=\u00bb#999999&#8243; divider_style=\u00bbdotted\u00bb divider_weight=\u00bb7px\u00bb _builder_version=\u00bb4.16&#8243; _module_preset=\u00bbdefault\u00bb global_colors_info=\u00bb{}\u00bb][\/et_pb_divider][et_pb_image src=\u00bbhttps:\/\/museros.org\/wp-content\/uploads\/2021\/03\/biblioteca-mural-01.png\u00bb title_text=\u00bbbiblioteca-mural-01&#8243; _builder_version=\u00bb4.17.4&#8243; _module_preset=\u00bbdefault\u00bb global_colors_info=\u00bb{}\u00bb][\/et_pb_image][et_pb_text _builder_version=\u00bb4.27.4&#8243; _module_preset=\u00bbdefault\u00bb custom_padding=\u00bb||30px||false|false\u00bb hover_enabled=\u00bb0&#8243; global_colors_info=\u00bb{}\u00bb sticky_enabled=\u00bb0&#8243;]<\/p>\n<p><a href=\"https:\/\/museros.org\/biblioteca\"><strong>AG\u00c8NCIA MUNICIPAL DE LECTURA<\/strong><\/a><br \/>Pla\u00e7a de les Escoles Velles, 1<br \/>Tel\u00e8fon: 961 440 969<br \/>Correu electr\u00f2nic:<br \/><a href=\"mailto:biblioteca@museros.es\" target=\"_blank\" rel=\"noopener\">biblioteca@museros.es<\/a><br \/>Horari:<br \/>De dilluns a divendres, de 16.00 h a 20.00 h.<br \/>Dilluns i dimecres, de 09.00 h a 14.00 h.<\/p>\n<p>DEL 15 DE MAIG AL 15 D\u2019OCTUBRE<br \/>De dilluns a divendres, de 16.00 h a 19.40 h.<br \/>Dilluns i dimecres, de 09.00 h a 14.00 h.<\/p>\n<p>[\/et_pb_text][et_pb_divider color=\u00bb#999999&#8243; divider_style=\u00bbdotted\u00bb divider_weight=\u00bb7px\u00bb _builder_version=\u00bb4.16&#8243; _module_preset=\u00bbdefault\u00bb global_colors_info=\u00bb{}\u00bb][\/et_pb_divider][et_pb_image src=\u00bbhttps:\/\/museros.org\/wp-content\/uploads\/2021\/04\/casadecultura-1080&#215;360-72.jpg\u00bb title_text=\u00bbcasadecultura-1080&#215;360-72&#8243; _builder_version=\u00bb4.16&#8243; _module_preset=\u00bbdefault\u00bb global_colors_info=\u00bb{}\u00bb][\/et_pb_image][et_pb_text _builder_version=\u00bb4.27.4&#8243; _module_preset=\u00bbdefault\u00bb custom_padding=\u00bb||30px||false|false\u00bb global_colors_info=\u00bb{}\u00bb]<\/p>\n<p><a href=\"https:\/\/museros.org\/inici\/casa-de-cultura-vl\"><strong>CASA DE CULTURA<\/strong><\/a><br \/>Avinguda del Pa\u00eds Valenci\u00e0, 17<br \/>Tel\u00e8fon: 961 444 835<br \/>Correu electr\u00f2nic:<br \/><a href=\"mailto:casadecultura@museros.es\" target=\"_blank\" rel=\"noopener\">casadecultura@museros.es<\/a><br \/>Coordinaci\u00f3 de la Casa de Cultura<br \/>Horaris d&#8217;atenci\u00f3 al p\u00fablic:<br \/>DE DILLUNS A DIJOUS<br \/>Matins. De 09.30 h a 12.30 h.<br \/>Vesprades: De 17.00 h a 20.30 h.<br \/>DIVENDRES<br \/>Matins. De 09.30 h a 12.30 h.<br \/>Excepte l&#8217;\u00faltim divendres de cada mes, que estar\u00e0 tancat.<\/p>\n<p>[\/et_pb_text][et_pb_divider color=\u00bb#999999&#8243; divider_style=\u00bbdotted\u00bb divider_weight=\u00bb7px\u00bb _builder_version=\u00bb4.16&#8243; _module_preset=\u00bbdefault\u00bb custom_margin=\u00bb30px||||false|false\u00bb global_colors_info=\u00bb{}\u00bb][\/et_pb_divider][et_pb_image src=\u00bbhttps:\/\/museros.org\/wp-content\/uploads\/2021\/04\/centrodedia.jpg\u00bb title_text=\u00bbcentrodedia\u00bb _builder_version=\u00bb4.16&#8243; _module_preset=\u00bbdefault\u00bb global_colors_info=\u00bb{}\u00bb][\/et_pb_image][et_pb_text _builder_version=\u00bb4.16&#8243; _module_preset=\u00bbdefault\u00bb custom_padding=\u00bb||30px||false|false\u00bb global_colors_info=\u00bb{}\u00bb]<\/p>\n<p><a href=\"https:\/\/museros.org\/punto-de-informacion-catastral\"><strong>CENTRE SOCIAL DE DIA<\/strong><\/a><br \/>Avinguda de Blasco Ib\u00e1\u00f1ez, 87<br \/>Tel\u00e8fon: 960 262 153<br \/>Correu electr\u00f2nic:<br \/><a href=\"mailto:centrosocial@museros.es\" target=\"_blank\" rel=\"noopener\">centrosocial@museros.es<\/a><br \/>Horari: de 09.00 h a 14.00 h.<\/p>\n<p>[\/et_pb_text][et_pb_divider color=\u00bb#999999&#8243; divider_style=\u00bbdotted\u00bb divider_weight=\u00bb7px\u00bb _builder_version=\u00bb4.16&#8243; _module_preset=\u00bbdefault\u00bb global_colors_info=\u00bb{}\u00bb][\/et_pb_divider][et_pb_image src=\u00bbhttps:\/\/museros.org\/wp-content\/uploads\/2021\/04\/escuelainfantil-1080&#215;290-1.jpg\u00bb title_text=\u00bbescuelainfantil-1080&#215;290&#8243; _builder_version=\u00bb4.16&#8243; _module_preset=\u00bbdefault\u00bb global_colors_info=\u00bb{}\u00bb][\/et_pb_image][et_pb_text _builder_version=\u00bb4.18.0&#8243; _module_preset=\u00bbdefault\u00bb custom_padding=\u00bb||30px||false|false\u00bb global_colors_info=\u00bb{}\u00bb]<\/p>\n<p><strong>ESCOLA INFANTIL DE PRIMER CICLE MUNICIPAL<\/strong><br \/>Carrer d&#8217;Enric Valor, 4<br \/>Tel\u00e8fon: 960 262 160<br \/>Correu electr\u00f2nic:<br \/><a href=\"mailto:escolainfantil@museros.es\" target=\"_blank\" rel=\"noopener\">escolainfantil@museros.es<\/a><\/p>\n<p>[\/et_pb_text][et_pb_divider color=\u00bb#999999&#8243; divider_style=\u00bbdotted\u00bb divider_weight=\u00bb7px\u00bb _builder_version=\u00bb4.16&#8243; _module_preset=\u00bbdefault\u00bb global_colors_info=\u00bb{}\u00bb][\/et_pb_divider][et_pb_image src=\u00bbhttps:\/\/museros.org\/wp-content\/uploads\/2021\/04\/espaijove-1080&#215;360-1.jpg\u00bb title_text=\u00bbespaijove-1080&#215;360&#8243; _builder_version=\u00bb4.16&#8243; _module_preset=\u00bbdefault\u00bb global_colors_info=\u00bb{}\u00bb][\/et_pb_image][et_pb_text _builder_version=\u00bb4.18.1&#8243; _module_preset=\u00bbdefault\u00bb min_height=\u00bb371px\u00bb custom_margin=\u00bb||14px|||\u00bb custom_padding=\u00bb||30px||false|false\u00bb global_colors_info=\u00bb{}\u00bb]<\/p>\n<p><strong>ESPAI JOVE<\/strong><br \/>Carrer Major, 17<br \/>Tel\u00e8fon: 697 437 361<br \/>Correu electr\u00f2nic:<br \/><a href=\"mailto:joventut@museros.es\"> joventut@museros.es<\/a><\/p>\n<p>Horaris de atenci\u00f3 al p\u00fablic:<\/p>\n<p style=\"box-sizing: border-box; margin: 0px; padding: 0px 0px 1em; border: 0px; outline: 0px; font-size: 16px; text-size-adjust: 100%; vertical-align: baseline; background: #ffffff; color: #333333; font-family: 'Open Sans', Arial, sans-serif; font-style: normal; font-variant-ligatures: normal; font-variant-caps: normal; font-weight: 500; letter-spacing: normal; orphans: 2; text-align: left; text-indent: 0px; text-transform: none; white-space: normal; widows: 2; word-spacing: 0px; -webkit-text-stroke-width: 0px; text-decoration-thickness: initial; text-decoration-style: initial; text-decoration-color: initial;\">MATINS<br style=\"box-sizing: border-box;\" \/>Dilluns: de 09.00 h a 14.00 h.<\/p>\n<p style=\"box-sizing: border-box; margin: 0px; padding: 0px 0px 1em; border: 0px; outline: 0px; font-size: 16px; text-size-adjust: 100%; vertical-align: baseline; background: #ffffff; color: #333333; font-family: 'Open Sans', Arial, sans-serif; font-style: normal; font-variant-ligatures: normal; font-variant-caps: normal; font-weight: 500; letter-spacing: normal; orphans: 2; text-align: left; text-indent: 0px; text-transform: none; white-space: normal; widows: 2; word-spacing: 0px; -webkit-text-stroke-width: 0px; text-decoration-thickness: initial; text-decoration-style: initial; text-decoration-color: initial;\">VESPRADES<br style=\"box-sizing: border-box;\" \/>Dimarts, dimecres, dijous i divendres: de 16.15 h a 19.30 h.<\/p>\n<p style=\"box-sizing: border-box; margin: 0px; padding: 0px; border: 0px; outline: 0px; font-size: 16px; text-size-adjust: 100%; vertical-align: baseline; background: #ffffff; color: #333333; font-family: 'Open Sans', Arial, sans-serif; font-style: normal; font-variant-ligatures: normal; font-variant-caps: normal; font-weight: 500; letter-spacing: normal; orphans: 2; text-align: left; text-indent: 0px; text-transform: none; white-space: normal; widows: 2; word-spacing: 0px; -webkit-text-stroke-width: 0px; text-decoration-thickness: initial; text-decoration-style: initial; text-decoration-color: initial;\">ESTIU<br style=\"box-sizing: border-box;\" \/>Juliol: de 09.00 h a 14.00 h.<br style=\"box-sizing: border-box;\" \/>Agost tancat<\/p>\n<p>&nbsp;<\/p>\n<p>[\/et_pb_text][et_pb_divider color=\u00bb#999999&#8243; divider_style=\u00bbdotted\u00bb divider_weight=\u00bb7px\u00bb _builder_version=\u00bb4.16&#8243; _module_preset=\u00bbdefault\u00bb global_colors_info=\u00bb{}\u00bb][\/et_pb_divider][et_pb_image src=\u00bbhttps:\/\/museros.org\/wp-content\/uploads\/2021\/04\/poliesportiu.jpg\u00bb title_text=\u00bbpoliesportiu\u00bb module_id=\u00bbpoliesportiu\u00bb _builder_version=\u00bb4.18.1&#8243; _module_preset=\u00bbdefault\u00bb global_colors_info=\u00bb{}\u00bb][\/et_pb_image][et_pb_text _builder_version=\u00bb4.18.1&#8243; _module_preset=\u00bbdefault\u00bb custom_padding=\u00bb||30px||false|false\u00bb global_colors_info=\u00bb{}\u00bb]<\/p>\n<p><strong><\/strong><strong>POLIESPORTIU<\/strong><br \/>Cam\u00ed de Sant Onofre<\/p>\n<p><strong>Horari al p\u00fablic de les instal\u00b7lacions del poliesportiu<\/strong><br \/>De dimarts a divendres: de 17.00 h a 20.00 h<br \/>Dissabtes i diumenges: de 10.00 h a 13.00 h i de 17.00 h a 20.00 h<br \/>Dilluns i festius tancat.<\/p>\n<p><strong>Horari de reserves de les instal\u00b7lacions del poliesportiu<\/strong><br \/>De dimarts a divendres: de 17.00 h a 20.00 h<br \/>Tel\u00e8fon de reserves: 697 163 497 (nom\u00e9s s&#8217;atendran telefonades, no whatsapp ni altres) Imprescindible efectuar la reserva i rebre la confirmaci\u00f3 del conserge per accedir a les instal\u00b7lacions.<\/p>\n<p>[\/et_pb_text][et_pb_divider color=\u00bb#999999&#8243; divider_style=\u00bbdotted\u00bb divider_weight=\u00bb7px\u00bb _builder_version=\u00bb4.16&#8243; _module_preset=\u00bbdefault\u00bb global_colors_info=\u00bb{}\u00bb][\/et_pb_divider][et_pb_image src=\u00bbhttps:\/\/museros.org\/wp-content\/uploads\/2021\/04\/multideporte-1080&#215;250-1.jpg\u00bb title_text=\u00bbmultideporte-1080&#215;250&#8243; _builder_version=\u00bb4.16&#8243; _module_preset=\u00bbdefault\u00bb global_colors_info=\u00bb{}\u00bb][\/et_pb_image][et_pb_text _builder_version=\u00bb4.27.4&#8243; _module_preset=\u00bbdefault\u00bb global_colors_info=\u00bb{}\u00bb]<\/p>\n<p><strong>PISTES MULTIESPORT<\/strong><br \/>Carrer d&#8217;Orde de Sant Jaume<\/p>\n<p><strong>HORARI<\/strong><\/p>\n<p><strong>De juny a setembre<\/strong><br \/>De 10.00 h a 22.00 h.<br \/><strong>D&#8217;octubre a maig<\/strong><br \/>De 10.00 h a 21.00 h.<\/p>\n<p>[\/et_pb_text][et_pb_divider color=\u00bb#999999&#8243; divider_style=\u00bbdotted\u00bb divider_weight=\u00bb7px\u00bb _builder_version=\u00bb4.16&#8243; _module_preset=\u00bbdefault\u00bb global_colors_info=\u00bb{}\u00bb][\/et_pb_divider][et_pb_image src=\u00bbhttps:\/\/museros.org\/wp-content\/uploads\/2021\/10\/paellers.jpg\u00bb title_text=\u00bbpaellers\u00bb _builder_version=\u00bb4.16&#8243; _module_preset=\u00bbdefault\u00bb global_colors_info=\u00bb{}\u00bb][\/et_pb_image][et_pb_text _builder_version=\u00bb4.27.4&#8243; _module_preset=\u00bbdefault\u00bb global_colors_info=\u00bb{}\u00bb]<\/p>\n<p><strong>PAELLERES MUNICIPALS<\/strong><br \/>Cam\u00ed de Sant Onofre<\/p>\n<p><strong>HORARI<\/strong><\/p>\n<p><strong style=\"box-sizing: border-box; margin: 0px; padding: 0px; border: 0px; outline: 0px; font-size: 16px; text-size-adjust: 100%; vertical-align: baseline; background: transparent; font-weight: bold;\">D\u2019abril a octubre<\/strong><br style=\"box-sizing: border-box;\" \/>Dissabtes i diumenges, de 10.00 h a 20.00 h<br style=\"box-sizing: border-box;\" \/><strong style=\"box-sizing: border-box; margin: 0px; padding: 0px; border: 0px; outline: 0px; font-size: 16px; text-size-adjust: 100%; vertical-align: baseline; background: transparent; font-weight: bold;\">De novembre a mar\u00e7<\/strong><br style=\"box-sizing: border-box;\" \/>Dissabtes i diumenges, de 10.00 h a 19.00 h<\/p>\n<p>Els dies festius estaran tancats, excepte que es comunique el contrari a les xarxes socials.<br style=\"box-sizing: border-box;\" \/>Queda prohibida l\u2019entrada d\u2019animals, exceptuant els gossos guia.<\/p>\n<p><a href=\"https:\/\/museros.org\/inici\/paellers-municipals\/\">Reserves a trav\u00e9s del m\u00f2bil.<\/a><\/p>\n<p>[\/et_pb_text][\/et_pb_column][\/et_pb_row][et_pb_row _builder_version=\u00bb4.16&#8243; _module_preset=\u00bbdefault\u00bb locked=\u00bboff\u00bb global_colors_info=\u00bb{}\u00bb][et_pb_column type=\u00bb4_4&#8243; _builder_version=\u00bb4.16&#8243; _module_preset=\u00bbdefault\u00bb global_colors_info=\u00bb{}\u00bb][et_pb_divider color=\u00bb#cc0000&#8243; divider_weight=\u00bb4px\u00bb _builder_version=\u00bb4.16&#8243; _module_preset=\u00bbdefault\u00bb global_colors_info=\u00bb{}\u00bb][\/et_pb_divider][\/et_pb_column][\/et_pb_row][\/et_pb_section]<\/p>\n","protected":false},"excerpt":{"rendered":"<p>Directori municipalAJUNTAMENT DE MUSEROSPla\u00e7a del Castell,1Tel\u00e8fon: 961 441 680Fax: 961 444 830Correu electr\u00f2nic:museros@museros.esrecaudacion@museros.esHorari: de 09.00 h a 14.00 h. POLICIA LOCALTel\u00e8fon: 607 607 967Correu electr\u00f2nic:policia@museros.es AG\u00c8NCIA DE DESENVOLUPAMENT LOCAL OFICINA D&#8217;\u00daS I PROMOCI\u00d3 DEL VALENCI\u00c0 (AVIVA MUSEROS)Correu electr\u00f2nic:aviva@museros.es JUTJAT DE PAUCorreu electr\u00f2nic:juzgadodepaz@museros.esHorari: dilluns de 09.00 h a 11.00 h. a l&#8217;ajuntament.AG\u00c8NCIA MUNICIPAL DE LECTURAPla\u00e7a de [&hellip;]<\/p>\n","protected":false},"author":8,"featured_media":0,"parent":0,"menu_order":0,"comment_status":"closed","ping_status":"closed","template":"","meta":{"_et_pb_use_builder":"on","_et_pb_old_content":"","_et_gb_content_width":"","_mc_calendar":[],"footnotes":""},"wf_page_folders":[276],"class_list":["post-245794","page","type-page","status-publish","hentry"],"_links":{"self":[{"href":"https:\/\/museros.org\/inici\/wp-json\/wp\/v2\/pages\/245794","targetHints":{"allow":["GET"]}}],"collection":[{"href":"https:\/\/museros.org\/inici\/wp-json\/wp\/v2\/pages"}],"about":[{"href":"https:\/\/museros.org\/inici\/wp-json\/wp\/v2\/types\/page"}],"author":[{"embeddable":true,"href":"https:\/\/museros.org\/inici\/wp-json\/wp\/v2\/users\/8"}],"replies":[{"embeddable":true,"href":"https:\/\/museros.org\/inici\/wp-json\/wp\/v2\/comments?post=245794"}],"version-history":[{"count":69,"href":"https:\/\/museros.org\/inici\/wp-json\/wp\/v2\/pages\/245794\/revisions"}],"predecessor-version":[{"id":276348,"href":"https:\/\/museros.org\/inici\/wp-json\/wp\/v2\/pages\/245794\/revisions\/276348"}],"wp:attachment":[{"href":"https:\/\/museros.org\/inici\/wp-json\/wp\/v2\/media?parent=245794"}],"wp:term":[{"taxonomy":"wf_page_folders","embeddable":true,"href":"https:\/\/museros.org\/inici\/wp-json\/wp\/v2\/wf_page_folders?post=245794"}],"curies":[{"name":"wp","href":"https:\/\/api.w.org\/{rel}","templated":true}]}}