{"id":245769,"date":"2021-08-15T17:36:15","date_gmt":"2021-08-15T17:36:15","guid":{"rendered":"https:\/\/museros.org\/?page_id=245769"},"modified":"2021-08-25T19:54:02","modified_gmt":"2021-08-25T19:54:02","slug":"avis-legal","status":"publish","type":"page","link":"https:\/\/museros.org\/inici\/avis-legal\/","title":{"rendered":"Av\u00eds legal"},"content":{"rendered":"<p>[et_pb_section fb_built=\u00bb1&#8243; _builder_version=\u00bb4.10.4&#8243; _module_preset=\u00bbdefault\u00bb hover_enabled=\u00bb0&#8243; locked=\u00bboff\u00bb global_colors_info=\u00bb{}\u00bb custom_padding=\u00bb0px||||false|false\u00bb sticky_enabled=\u00bb0&#8243;][et_pb_row _builder_version=\u00bb4.10.4&#8243; _module_preset=\u00bbdefault\u00bb hover_enabled=\u00bb0&#8243; global_colors_info=\u00bb{}\u00bb custom_padding=\u00bb0px||||false|false\u00bb sticky_enabled=\u00bb0&#8243;][et_pb_column type=\u00bb4_4&#8243; _builder_version=\u00bb4.9.11&#8243; _module_preset=\u00bbdefault\u00bb global_colors_info=\u00bb{}\u00bb][et_pb_text _builder_version=\u00bb4.9.11&#8243; _module_preset=\u00bbdefault\u00bb global_colors_info=\u00bb{}\u00bb]<\/p>\n<h1>Av\u00eds Legal<\/h1>\n<p>El fet d&#8217;accedir a aquest lloc web implica el coneixement i acceptaci\u00f3 dels seg\u00fcents termes i condicions i atribueix la condici\u00f3 d&#8217;usuari de la web i l&#8217;acc\u00e9s al mateix implica la seua acceptaci\u00f3 sense reserves. En cas de no acceptar les cl\u00e0usules establides en el present Av\u00eds Legal, l&#8217;usuari haur\u00e0 d&#8217;abstindre&#8217;s d&#8217;accedir i\/o utilitzar els serveis i\/o continguts posats a la seua disposici\u00f3 en la p\u00e0gina, procedint a abandonar la mateixa.<\/p>\n<p>TITULARITAT DEL LLOC WEB<br \/>Ajuntament de Museros, en compliment del que s&#8217;estableix en l&#8217;Art. 10 de la Llei 34\/2002, d&#8217;11 de juliol, de Serveis de la Societat de la Informaci\u00f3 i Comer\u00e7 Electr\u00f2nic (LSSI-CE), l&#8217;informa de les dades identificatives relatives al lloc web www.museros.es.<\/p>\n<p>DENOMINACI\u00d3 SOCIAL: Ajuntament de Museros<br \/>DOMICILI SOCIAL: Plaza del Castell 1 &#8211; 46136 Museros<br \/>TEL\u00c8FON: +(34) 961441680<br \/>CIF: P4617900H<br \/>CORREU ELECTR\u00d2NIC GENERAL: museros@museros.es<\/p>\n<p>CONDICIONS D&#8217;\u00daS<\/p>\n<p>USUARIS<br \/>L&#8217;acc\u00e9s i\/o \u00fas d&#8217;aquest portal d&#8217;Ajuntament de Museros atribueix la condici\u00f3 d&#8217;USUARI, que accepta, des d&#8217;aquest acc\u00e9s i\/o \u00fas, les Condicions Generals d&#8217;\u00das ac\u00ed reflectides. Les citades Condicions seran aplicable independentment de les Condicions Generals de Contractaci\u00f3 que si escau resulten d&#8217;obligat compliment.<\/p>\n<p>\u00daS DE LA WEB<br \/>www.museros.es proporciona l&#8217;acc\u00e9s a multitud d&#8217;informacions, serveis o dades (d&#8217;ara en avant, \u201cels continguts\u201d) en Internet pertanyents a Ajuntament de Museros als quals l&#8217;USUARI puga tindre acc\u00e9s. L&#8217;USUARI assumeix la responsabilitat de l&#8217;\u00fas del portal. Aquesta responsabilitat s&#8217;est\u00e9n al registre que fora necessari emplenar per a accedir a determinats serveis o continguts.<\/p>\n<p>En aquest registre l&#8217;USUARI ser\u00e0 responsable d&#8217;aportar informaci\u00f3 vera\u00e7 i l\u00edcita. A conseq\u00fc\u00e8ncia d&#8217;aquest registre, a l&#8217;USUARI se li pot proporcionar una contrasenya de la qual ser\u00e0 responsable, comprometent-se a fer un \u00fas diligent i confidencial d&#8217;aquesta. L&#8217;USUARI es compromet a fer un \u00fas adequat dels continguts i serveis (com per exemple serveis de xat, f\u00f2rums de discussi\u00f3 o grups de not\u00edcies) que Ajuntament de Museros ofereix a trav\u00e9s del seu portal i amb car\u00e0cter enunciatiu per\u00f2 no limitatiu, a no emprar-los per a (I) inc\u00f3rrer en activitats il\u00b7l\u00edcites, il\u00b7legals o contr\u00e0ries a la bona fe i a l&#8217;ordre p\u00fablic; (II) difondre continguts o propaganda de car\u00e0cter racista, xen\u00f2fob, pornogr\u00e0fic-il\u00b7legal, d&#8217;apologia del terrorisme o atemptatori contra els drets humans; (III) provocar danys en els sistemes f\u00edsics i l\u00f2gics d&#8217;Ajuntament de Museros, dels seus prove\u00efdors o de terceres persones, introduir o difondre en la xarxa virus inform\u00e0tics o qualssevol altres sistemes f\u00edsics o l\u00f2gics que siguen susceptibles de provocar els danys anteriorment esmentats; (IV) intentar accedir i, en el seu cas, utilitzar els comptes de correu electr\u00f2nic d&#8217;altres usuaris i modificar-ho o manipular els seus missatges. Ajuntament de Museros es reserva el dret de retirar tots aquells comentaris i aportacions que vulneren el respecte a la dignitat de la persona, que siguen discriminatoris, xen\u00f2fobs, racistes, pornogr\u00e0fics, que atempten contra la joventut o la inf\u00e0ncia, l&#8217;ordre o la seguretat p\u00fablica o que, al seu judici, no resultaren adequats per a la seua publicaci\u00f3. En qualsevol cas, Ajuntament de Museros no ser\u00e0 responsable de les opinions abocades pels usuaris a trav\u00e9s dels f\u00f2rums, xats, o altres eines de participaci\u00f3.<\/p>\n<p>PROPIETAT INTEL\u00b7LECTUAL I INDUSTRIAL<br \/>Ajuntament de Museros per si o com a cession\u00e0ria, \u00e9s titular de tots els drets de propietat intel\u00b7lectual i industrial de la seua p\u00e0gina web, aix\u00ed com dels elements continguts en la mateixa (a t\u00edtol enunciatiu, imatges, so, \u00e0udio, v\u00eddeo, programari o textos; marques o logotips, combinacions de colors, estructura i disseny, selecci\u00f3 de materials usats, programes d&#8217;ordinador necessaris per al seu funcionament, acc\u00e9s i \u00fas, etc.), titularitat d&#8217;Ajuntament de Museros o b\u00e9 dels seus llicenciadors.<\/p>\n<p>Tots els drets reservats: En virtut del que es disposa en els articles 8 i 32.1, par\u00e0graf segon, de la Llei de Propietat Intel\u00b7lectual, queden expressament prohibides la reproducci\u00f3, la distribuci\u00f3 i la comunicaci\u00f3 p\u00fablica, inclosa la seua modalitat de posada a disposici\u00f3, de la totalitat o part dels continguts d&#8217;aquesta p\u00e0gina web, amb finalitats comercials, en qualsevol suport i per qualsevol mitj\u00e0 t\u00e8cnic, sense l&#8217;autoritzaci\u00f3 d&#8217;Ajuntament de Museros. L&#8217;USUARI es compromet a respectar els drets de Propietat Intel\u00b7lectual i Industrial titularitat d&#8217;Ajuntament de Museros. Podr\u00e0 visualitzar els elements del portal i fins i tot imprimir-los, copiar-los i emmagatzemar-los en el disc dur del seu ordinador o en qualsevol altre suport f\u00edsic sempre que siga, exclusivament, per al seu \u00fas personal i privat. L&#8217;USUARI haur\u00e0 d&#8217;abstindre&#8217;s de suprimir, alterar, eludir o manipular qualsevol dispositiu de protecci\u00f3 o sistema de seguretat que estiguera instal\u00b7lat en les p\u00e0gines d&#8217;Ajuntament de Museros.<\/p>\n<p>EXCLUSI\u00d3 DE GARANTIES I RESPONSABILITAT<br \/>Ajuntament de Museros no es fa responsable, en cap cas, dels danys i perjudicis de qualsevol naturalesa que poguera ocasionar, a t\u00edtol enunciatiu: errors o omissions en els continguts, falta de disponibilitat del portal o la transmissi\u00f3 de virus o programes maliciosos o lesius en els continguts, malgrat haver adoptat totes les mesures tecnol\u00f2giques necess\u00e0ries per a evitar-ho.<\/p>\n<p>MODIFICACIONS<br \/>Ajuntament de Museros es reserva el dret d&#8217;efectuar sense previ av\u00eds les modificacions que considere oportunes en el seu portal, podent canviar, suprimir o afegir tant els continguts i serveis que es presten a trav\u00e9s de la mateixa com la forma en la qual aquests apareguen presentats o localitzats en el seu portal.<\/p>\n<p>ENLLA\u00c7OS<br \/>En el cas que en www.museros.es es disposaren enlla\u00e7os o enlla\u00e7os feia altres llocs d&#8217;Internet, Ajuntament de Museros no exercir\u00e0 cap mena de control sobre aquests llocs i continguts. En cap cas Ajuntament de Museros assumir\u00e0 cap responsabilitat pels continguts d&#8217;algun enlla\u00e7 pertanyent a un lloc web ali\u00e9, ni garantir\u00e0 la disponibilitat t\u00e8cnica, qualitat, fiabilitat, exactitud, amplitud, veracitat, validesa i constitucionalitat de qualsevol material o informaci\u00f3 continguda en cap d&#8217;aquests enlla\u00e7os o altres llocs d&#8217;Internet.<\/p>\n<p>Igualment, la inclusi\u00f3 d&#8217;aquestes connexions externes no implicar\u00e0 cap mena d&#8217;associaci\u00f3, fusi\u00f3 o participaci\u00f3 amb les entitats connectades.<\/p>\n<p>DRET D&#8217;EXCLUSI\u00d3<br \/>Ajuntament de Museros es reserva el dret a denegar o retirar l&#8217;acc\u00e9s a portal i\/o els serveis oferits sense necessitat de preav\u00eds, a inst\u00e0ncia pr\u00f2pia o d&#8217;un tercer, a aquells usuaris que incomplisquen les presents Condicions Generals d&#8217;\u00das.<\/p>\n<p>GENERALITATS<br \/>L&#8217;Ajuntament de Museros perseguir\u00e0 l&#8217;incompliment de les presents condicions, aix\u00ed com qualsevol utilitzaci\u00f3 indeguda del seu portal exercint totes les accions civils i penals que li puguen correspondre en dret.<\/p>\n<p>MODIFICACI\u00d3 DE LES PRESENTS CONDICIONS I DURACI\u00d3<br \/>Ajuntament de Museros podr\u00e0 modificar en qualsevol moment les condicions ac\u00ed determinades, sent degudament publicades com ac\u00ed apareixen.<br \/>La vig\u00e8ncia de les citades condicions anir\u00e0 en funci\u00f3 de la seua exposici\u00f3 i estaran vigents fins que siguen modificades per unes altres degudament publicades.<\/p>\n<p>LEGISLACI\u00d3 APLICABLE I JURISDICCI\u00d3<br \/>Els termes i condicions que regeixen aquest web site, aix\u00ed com les relacions que pogueren derivar-se estan protegides i queden subjectes a la legislaci\u00f3 espanyola. Per a la resoluci\u00f3 de qualsevol mena de controv\u00e8rsia, litigi o discrep\u00e0ncia que poguera suscitar-se entre l&#8217;USUARI i Ajuntament de Museros per l&#8217;\u00fas d&#8217;aquest lloc web, s&#8217;acorda el sotmetiment de les mateixes als Jutjats i Tribunals de Val\u00e8ncia, Espanya.<\/p>\n<p>&nbsp;<\/p>\n<p>[\/et_pb_text][\/et_pb_column][\/et_pb_row][et_pb_row _builder_version=\u00bb4.9.11&#8243; _module_preset=\u00bbdefault\u00bb global_colors_info=\u00bb{}\u00bb][et_pb_column type=\u00bb4_4&#8243; _builder_version=\u00bb4.9.11&#8243; _module_preset=\u00bbdefault\u00bb global_colors_info=\u00bb{}\u00bb][et_pb_divider color=\u00bb#E02B20&#8243; divider_weight=\u00bb4px\u00bb _builder_version=\u00bb4.9.11&#8243; _module_preset=\u00bbdefault\u00bb global_colors_info=\u00bb{}\u00bb][\/et_pb_divider][\/et_pb_column][\/et_pb_row][\/et_pb_section]<\/p>\n","protected":false},"excerpt":{"rendered":"<p>Av\u00eds Legal El fet d&#8217;accedir a aquest lloc web implica el coneixement i acceptaci\u00f3 dels seg\u00fcents termes i condicions i atribueix la condici\u00f3 d&#8217;usuari de la web i l&#8217;acc\u00e9s al mateix implica la seua acceptaci\u00f3 sense reserves. En cas de no acceptar les cl\u00e0usules establides en el present Av\u00eds Legal, l&#8217;usuari haur\u00e0 d&#8217;abstindre&#8217;s d&#8217;accedir i\/o [&hellip;]<\/p>\n","protected":false},"author":8,"featured_media":0,"parent":0,"menu_order":0,"comment_status":"closed","ping_status":"closed","template":"","meta":{"_et_pb_use_builder":"on","_et_pb_old_content":"","_et_gb_content_width":"","_mc_calendar":[],"footnotes":""},"wf_page_folders":[153],"class_list":["post-245769","page","type-page","status-publish","hentry"],"_links":{"self":[{"href":"https:\/\/museros.org\/inici\/wp-json\/wp\/v2\/pages\/245769","targetHints":{"allow":["GET"]}}],"collection":[{"href":"https:\/\/museros.org\/inici\/wp-json\/wp\/v2\/pages"}],"about":[{"href":"https:\/\/museros.org\/inici\/wp-json\/wp\/v2\/types\/page"}],"author":[{"embeddable":true,"href":"https:\/\/museros.org\/inici\/wp-json\/wp\/v2\/users\/8"}],"replies":[{"embeddable":true,"href":"https:\/\/museros.org\/inici\/wp-json\/wp\/v2\/comments?post=245769"}],"version-history":[{"count":3,"href":"https:\/\/museros.org\/inici\/wp-json\/wp\/v2\/pages\/245769\/revisions"}],"predecessor-version":[{"id":247665,"href":"https:\/\/museros.org\/inici\/wp-json\/wp\/v2\/pages\/245769\/revisions\/247665"}],"wp:attachment":[{"href":"https:\/\/museros.org\/inici\/wp-json\/wp\/v2\/media?parent=245769"}],"wp:term":[{"taxonomy":"wf_page_folders","embeddable":true,"href":"https:\/\/museros.org\/inici\/wp-json\/wp\/v2\/wf_page_folders?post=245769"}],"curies":[{"name":"wp","href":"https:\/\/api.w.org\/{rel}","templated":true}]}}