{"id":244840,"date":"2021-07-08T20:39:46","date_gmt":"2021-07-08T20:39:46","guid":{"rendered":"https:\/\/museros.org\/?page_id=244840"},"modified":"2025-04-07T19:36:07","modified_gmt":"2025-04-07T19:36:07","slug":"area-de-juventud","status":"publish","type":"page","link":"https:\/\/museros.org\/inici\/es\/area-de-juventud\/","title":{"rendered":"\u00c1rea de Juventud"},"content":{"rendered":"<p>[et_pb_section fb_built=\u00bb1&#8243; _builder_version=\u00bb4.16&#8243; _module_preset=\u00bbdefault\u00bb custom_padding=\u00bb0px||||false|false\u00bb global_colors_info=\u00bb{}\u00bb][et_pb_row column_structure=\u00bb1_4,3_4&#8243; _builder_version=\u00bb4.16&#8243; _module_preset=\u00bbdefault\u00bb custom_padding=\u00bb0px||||false|false\u00bb global_colors_info=\u00bb{}\u00bb][et_pb_column type=\u00bb1_4&#8243; _builder_version=\u00bb4.16&#8243; _module_preset=\u00bbdefault\u00bb global_colors_info=\u00bb{}\u00bb][et_pb_image src=\u00bbhttps:\/\/museros.org\/wp-content\/uploads\/2021\/06\/logo-juventud-cl-230&#215;180-1.jpg\u00bb title_text=\u00bblogo-juventud-cl-230&#215;180&#8243; url=\u00bbhttps:\/\/museros.org\/inici\/es\/concejalias\/\u00bb use_overlay=\u00bbon\u00bb overlay_icon_color=\u00bb#E02B20&#8243; hover_overlay_color=\u00bbrgba(255,255,255,0.71)\u00bb hover_icon=\u00bb&#xe04d;||divi||400&#8243; show_bottom_space=\u00bboff\u00bb align=\u00bbcenter\u00bb _builder_version=\u00bb4.16&#8243; _module_preset=\u00bbdefault\u00bb custom_margin=\u00bb0px||0px||false|false\u00bb custom_padding=\u00bb0px||0px||false|false\u00bb global_colors_info=\u00bb{}\u00bb][\/et_pb_image][\/et_pb_column][et_pb_column type=\u00bb3_4&#8243; _builder_version=\u00bb4.16&#8243; _module_preset=\u00bbdefault\u00bb global_colors_info=\u00bb{}\u00bb][et_pb_text _builder_version=\u00bb4.16&#8243; _module_preset=\u00bbdefault\u00bb custom_padding=\u00bb2px|||||\u00bb global_colors_info=\u00bb{}\u00bb]<\/p>\n<h1>\u00c1rea de Juventud<\/h1>\n<p>El \u00c1rea de Juventud de Museros pose a disposici\u00f3n del Espacio Joven, un lugar donde se podr\u00e1 informar de todo aquello que sea de vuestro inter\u00e9s: ocio, formaci\u00f3n, becas, concursos, salud, tiempo libre, convocatorias abiertas&#8230; Ac\u00e9rcate y descubre el que puede ofrecerte este servicio.<\/p>\n<p>Desde el \u00c1rea, nos marcamos como objetivos, entre otros, los siguientes:<\/p>\n<ul>\n<li>Fomentar la participaci\u00f3n de los j\u00f3venes y de las j\u00f3venes en todos los \u00e1mbitos sociales, al impulsar el asociacionismo juvenil como elemento concreto de participaci\u00f3n, y al facilitar para lo cual los canales, medios y recursos adecuados.<\/li>\n<li>Desarrollar alternativas al ocio y al tiempo libre de la juventud, que sirvan como elemento de prevenci\u00f3n de riesgos.<\/li>\n<li>Promocionar e impulsar la creaci\u00f3n art\u00edstica, cultural y educativa de los j\u00f3venes y de las j\u00f3venes mediante actividades de difusi\u00f3n y promoci\u00f3n.<\/li>\n<li>Dinamizar el espacio educativo y favorecer la formaci\u00f3n integral de la juventud, al promover actividades complementarias a las actuaciones acad\u00e9micas.<\/li>\n<li>Informar y presentar recursos a las personas j\u00f3venes sobre temas o asuntos de inter\u00e9s, y asesorarlos sobre cuestiones de car\u00e1cter laboral, vivienda, etc.<\/li>\n<li>Promover actuaciones que favorezcan el acercamiento de la juventud en el municipio y en otros municipios del alrededor de Museros.<\/li>\n<li>Ofrecer alternativas de tiempo libre a los j\u00f3venes y a las j\u00f3venes, al proporcionarlos la oportunidad de relacionarse con otros j\u00f3venes y motivarlos a adoptar una actitud participativa.<\/li>\n<li>Promocionar procesos de formaci\u00f3n no formal e informal que contribuyan al desarrollo integral de los j\u00f3venes y de las j\u00f3venes.<\/li>\n<li>Facilitar subvenciones econ\u00f3micas y asistencia t\u00e9cnica para el desarrollo de varias actividades propuestas desde las asociaciones juveniles.<\/li>\n<\/ul>\n<p>La t\u00e9cnica de juventud trabaja diariamente al atender los j\u00f3venes y las j\u00f3venes y, en general, todo el que t\u00e9 a ver con ellos y con ellas.<\/p>\n<p>Estudia demandas, intereses y necesidades, e informa, coordina y dinamiza el colectivo joven, con pr\u00e1cticas de evaluaci\u00f3n que contribuyen en el desarrollo de pol\u00edticas y programas en coordinaci\u00f3n con otras entidades.<\/p>\n<p>Participa activamente en las reuniones y otras actividades de conexi\u00f3n con el personal t\u00e9cnico de juventud del \u00e1rea geogr\u00e1fica para la creaci\u00f3n de redes o para el funcionamiento de las existentes y con lo otras \u00e1reas en el dise\u00f1o, en la implementaci\u00f3n y en la evaluaci\u00f3n de planes de juventud, en la realizaci\u00f3n y difusi\u00f3n de campa\u00f1as informativas y educativas, y en la programaci\u00f3n de actividades de ocio educativo.<\/p>\n<p>Adem\u00e1s, facilita informaci\u00f3n y asesoramiento sobre las actividades, los recursos, los servicios, los programas y las convocatorias que sean de inter\u00e9s para las personas j\u00f3venes y para las personas que trabajan con j\u00f3venes en el municipio.<\/p>\n<p>En general, ofrece informaci\u00f3n, asesoramiento y apoyo para fomentar una participaci\u00f3n de las personas j\u00f3venes en todos los \u00e1mbitos, especialmente en la creaci\u00f3n de asociaciones juveniles, realizaci\u00f3n de actividades de voluntariado, foros j\u00f3venes o cualquier otra tipos de participaci\u00f3n activa.<\/p>\n<p>[\/et_pb_text][et_pb_text _builder_version=\u00bb4.16&#8243; _module_preset=\u00bbdefault\u00bb global_colors_info=\u00bb{}\u00bb]<\/p>\n<p><a href=\"https:\/\/museros.org\/wp-content\/uploads\/2021\/07\/Protocol-de-prevencio-enfront-del-COVID.pdf\" target=\"_blank\" rel=\"noopener\">Protocol de prevenci\u00f3 COVID<\/a><\/p>\n<p><a href=\"https:\/\/www.youtube.com\/watch?v=sg_TeKLvxrU\" target=\"_blank\" rel=\"noopener\">Carnet Jove<\/a><\/p>\n<p><a href=\"https:\/\/www.youtube.com\/watch?v=NLRHs9dQc-Q\" target=\"_blank\" rel=\"noopener\">Carnet Jove &#8211; Llengua de signes<\/a><\/p>\n<p>[\/et_pb_text][\/et_pb_column][\/et_pb_row][et_pb_row column_structure=\u00bb1_5,1_5,1_5,1_5,1_5&#8243; use_custom_gutter=\u00bbon\u00bb gutter_width=\u00bb1&#8243; _builder_version=\u00bb4.19.0&#8243; _module_preset=\u00bbdefault\u00bb custom_margin=\u00bb0px||0px||false|false\u00bb custom_padding=\u00bb0px||0px||false|false\u00bb global_colors_info=\u00bb{}\u00bb][et_pb_column type=\u00bb1_5&#8243; _builder_version=\u00bb4.16&#8243; _module_preset=\u00bbdefault\u00bb global_colors_info=\u00bb{}\u00bb][\/et_pb_column][et_pb_column type=\u00bb1_5&#8243; _builder_version=\u00bb4.16&#8243; _module_preset=\u00bbdefault\u00bb global_colors_info=\u00bb{}\u00bb][\/et_pb_column][et_pb_column type=\u00bb1_5&#8243; _builder_version=\u00bb4.16&#8243; _module_preset=\u00bbdefault\u00bb global_colors_info=\u00bb{}\u00bb][et_pb_image src=\u00bbhttps:\/\/museros.org\/wp-content\/uploads\/2024\/06\/planjoven-230&#215;180-1.jpg\u00bb title_text=\u00bbplanjoven-230&#215;180&#8243; url=\u00bbhttps:\/\/museros.org\/inici\/es\/plan-joven\/\u00bb use_overlay=\u00bbon\u00bb overlay_icon_color=\u00bb#E02B20&#8243; hover_overlay_color=\u00bbrgba(255,255,255,0.68)\u00bb hover_icon=\u00bb&#xe04e;||divi||400&#8243; align=\u00bbcenter\u00bb _builder_version=\u00bb4.25.1&#8243; _module_preset=\u00bbdefault\u00bb custom_margin=\u00bb-20px||0px||false|false\u00bb custom_padding=\u00bb0px||0px||false|false\u00bb global_colors_info=\u00bb{}\u00bb][\/et_pb_image][\/et_pb_column][et_pb_column type=\u00bb1_5&#8243; _builder_version=\u00bb4.16&#8243; _module_preset=\u00bbdefault\u00bb global_colors_info=\u00bb{}\u00bb][et_pb_image src=\u00bbhttps:\/\/museros.org\/wp-content\/uploads\/2022\/04\/logo-forum-joves-400&#215;260-1.jpg\u00bb title_text=\u00bblogo-forum-joves-400&#215;260&#8243; url=\u00bbhttps:\/\/museros.org\/inici\/es\/foros-jovenes\/\u00bb use_overlay=\u00bbon\u00bb overlay_icon_color=\u00bb#E02B20&#8243; hover_overlay_color=\u00bbrgba(255,255,255,0.68)\u00bb hover_icon=\u00bb&#xe04e;||divi||400&#8243; align=\u00bbcenter\u00bb _builder_version=\u00bb4.17.0&#8243; _module_preset=\u00bbdefault\u00bb width=\u00bb70%\u00bb custom_margin=\u00bb0px||0px||false|false\u00bb custom_padding=\u00bb0px||0px||false|false\u00bb global_colors_info=\u00bb{}\u00bb][\/et_pb_image][\/et_pb_column][et_pb_column type=\u00bb1_5&#8243; _builder_version=\u00bb4.16&#8243; _module_preset=\u00bbdefault\u00bb global_colors_info=\u00bb{}\u00bb][et_pb_image src=\u00bbhttps:\/\/museros.org\/wp-content\/uploads\/2021\/07\/espaijove-230&#215;180-1.jpg\u00bb title_text=\u00bbespaijove-230&#215;180&#8243; url=\u00bbhttps:\/\/museros.org\/inici\/es\/espaijove\u00bb use_overlay=\u00bbon\u00bb overlay_icon_color=\u00bb#E02B20&#8243; hover_overlay_color=\u00bbrgba(255,255,255,0.69)\u00bb hover_icon=\u00bb&#xe04e;||divi||400&#8243; _builder_version=\u00bb4.16&#8243; _module_preset=\u00bbdefault\u00bb global_colors_info=\u00bb{}\u00bb][\/et_pb_image][\/et_pb_column][\/et_pb_row][et_pb_row column_structure=\u00bb1_4,3_4&#8243; _builder_version=\u00bb4.16&#8243; _module_preset=\u00bbdefault\u00bb custom_margin=\u00bb||30px||false|false\u00bb custom_padding=\u00bb||0px||false|false\u00bb global_colors_info=\u00bb{}\u00bb][et_pb_column type=\u00bb1_4&#8243; _builder_version=\u00bb4.16&#8243; _module_preset=\u00bbdefault\u00bb global_colors_info=\u00bb{}\u00bb][\/et_pb_column][et_pb_column type=\u00bb3_4&#8243; _builder_version=\u00bb4.16&#8243; _module_preset=\u00bbdefault\u00bb global_colors_info=\u00bb{}\u00bb][et_pb_divider color=\u00bb#999999&#8243; divider_style=\u00bbdotted\u00bb divider_weight=\u00bb7px\u00bb _builder_version=\u00bb4.16&#8243; _module_preset=\u00bbdefault\u00bb global_colors_info=\u00bb{}\u00bb][\/et_pb_divider][et_pb_button button_url=\u00bbhttps:\/\/museros.org\/wp-content\/uploads\/2022\/06\/FORMULARIO-SOLICITUD-CARNET-JOVE.pdf\u00bb url_new_window=\u00bbon\u00bb button_text=\u00bbSolicitud CARNET JOVE \u00bb _builder_version=\u00bb4.19.3&#8243; _module_preset=\u00bbdefault\u00bb custom_margin=\u00bb20px||40px||false|false\u00bb locked=\u00bboff\u00bb global_colors_info=\u00bb{}\u00bb][\/et_pb_button][\/et_pb_column][\/et_pb_row][et_pb_row _builder_version=\u00bb4.16&#8243; _module_preset=\u00bbdefault\u00bb custom_margin=\u00bb0px||||false|false\u00bb custom_padding=\u00bb0px||||false|false\u00bb global_colors_info=\u00bb{}\u00bb][et_pb_column type=\u00bb4_4&#8243; _builder_version=\u00bb4.16&#8243; _module_preset=\u00bbdefault\u00bb global_colors_info=\u00bb{}\u00bb][et_pb_divider color=\u00bb#E02B20&#8243; divider_weight=\u00bb4px\u00bb _builder_version=\u00bb4.16&#8243; _module_preset=\u00bbdefault\u00bb custom_margin=\u00bb40px||||false|false\u00bb global_colors_info=\u00bb{}\u00bb][\/et_pb_divider][\/et_pb_column][\/et_pb_row][\/et_pb_section]<\/p>\n","protected":false},"excerpt":{"rendered":"<p>\u00c1rea de Juventud El \u00c1rea de Juventud de Museros pose a disposici\u00f3n del Espacio Joven, un lugar donde se podr\u00e1 informar de todo aquello que sea de vuestro inter\u00e9s: ocio, formaci\u00f3n, becas, concursos, salud, tiempo libre, convocatorias abiertas&#8230; Ac\u00e9rcate y descubre el que puede ofrecerte este servicio. Desde el \u00c1rea, nos marcamos como objetivos, entre [&hellip;]<\/p>\n","protected":false},"author":8,"featured_media":0,"parent":0,"menu_order":0,"comment_status":"closed","ping_status":"closed","template":"","meta":{"_et_pb_use_builder":"on","_et_pb_old_content":"","_et_gb_content_width":"","_mc_calendar":[],"footnotes":""},"wf_page_folders":[292],"class_list":["post-244840","page","type-page","status-publish","hentry"],"_links":{"self":[{"href":"https:\/\/museros.org\/inici\/wp-json\/wp\/v2\/pages\/244840","targetHints":{"allow":["GET"]}}],"collection":[{"href":"https:\/\/museros.org\/inici\/wp-json\/wp\/v2\/pages"}],"about":[{"href":"https:\/\/museros.org\/inici\/wp-json\/wp\/v2\/types\/page"}],"author":[{"embeddable":true,"href":"https:\/\/museros.org\/inici\/wp-json\/wp\/v2\/users\/8"}],"replies":[{"embeddable":true,"href":"https:\/\/museros.org\/inici\/wp-json\/wp\/v2\/comments?post=244840"}],"version-history":[{"count":48,"href":"https:\/\/museros.org\/inici\/wp-json\/wp\/v2\/pages\/244840\/revisions"}],"predecessor-version":[{"id":273486,"href":"https:\/\/museros.org\/inici\/wp-json\/wp\/v2\/pages\/244840\/revisions\/273486"}],"wp:attachment":[{"href":"https:\/\/museros.org\/inici\/wp-json\/wp\/v2\/media?parent=244840"}],"wp:term":[{"taxonomy":"wf_page_folders","embeddable":true,"href":"https:\/\/museros.org\/inici\/wp-json\/wp\/v2\/wf_page_folders?post=244840"}],"curies":[{"name":"wp","href":"https:\/\/api.w.org\/{rel}","templated":true}]}}