{"id":244402,"date":"2021-06-24T14:25:30","date_gmt":"2021-06-24T14:25:30","guid":{"rendered":"https:\/\/museros.org\/?page_id=244402"},"modified":"2022-04-16T17:44:23","modified_gmt":"2022-04-16T17:44:23","slug":"cero-micromachismos","status":"publish","type":"page","link":"https:\/\/museros.org\/inici\/es\/cero-micromachismos\/","title":{"rendered":"Cero micromachismos"},"content":{"rendered":"<p>[et_pb_section fb_built=\u00bb1&#8243; _builder_version=\u00bb4.16&#8243; _module_preset=\u00bbdefault\u00bb custom_margin=\u00bb||0px||false|false\u00bb custom_padding=\u00bb0px||0px||false|false\u00bb global_colors_info=\u00bb{}\u00bb][et_pb_row column_structure=\u00bb1_4,3_4&#8243; _builder_version=\u00bb4.16&#8243; _module_preset=\u00bbdefault\u00bb custom_padding=\u00bb0px||||false|false\u00bb global_colors_info=\u00bb{}\u00bb][et_pb_column type=\u00bb1_4&#8243; _builder_version=\u00bb4.16&#8243; _module_preset=\u00bbdefault\u00bb global_colors_info=\u00bb{}\u00bb][et_pb_image src=\u00bbhttps:\/\/museros.org\/wp-content\/uploads\/2021\/08\/logo-pactodestado-300&#215;300-1.jpg\u00bb title_text=\u00bblogo-pactodestado-300&#215;300&#8243; url=\u00bbhttps:\/\/violenciagenero.igualdad.gob.es\/pactoEstado\/\u00bb url_new_window=\u00bbon\u00bb _builder_version=\u00bb4.16&#8243; _module_preset=\u00bbdefault\u00bb global_colors_info=\u00bb{}\u00bb][\/et_pb_image][\/et_pb_column][et_pb_column type=\u00bb3_4&#8243; _builder_version=\u00bb4.16&#8243; _module_preset=\u00bbdefault\u00bb global_colors_info=\u00bb{}\u00bb][et_pb_image src=\u00bbhttps:\/\/museros.org\/wp-content\/uploads\/2021\/08\/cero-machismos.jpg\u00bb title_text=\u00bbcero-machismos\u00bb _builder_version=\u00bb4.16&#8243; _module_preset=\u00bbdefault\u00bb custom_margin=\u00bb||40px||false|false\u00bb global_colors_info=\u00bb{}\u00bb][\/et_pb_image][et_pb_text _builder_version=\u00bb4.17.1&#8243; _module_preset=\u00bbdefault\u00bb custom_margin=\u00bb||30px||false|false\u00bb hover_enabled=\u00bb0&#8243; global_colors_info=\u00bb{}\u00bb sticky_enabled=\u00bb0&#8243;]<\/p>\n<p><span style=\"color: #800080;\">\u00bfQu\u00e9 son los micromachismos?<\/span><br \/>Los micromachismos son peque\u00f1as violencias cotidianas, ejercidas por mujeres y hombres, que socavan la autonom\u00eda de las mujeres y reproducen los roles de g\u00e9nero.<br \/>Se trata de comportamientos que tenemos muy interiorizados, y que est\u00e1n absolutamente normalizados por la sociedad y se producen en todos los \u00e1mbitos de la vida: el laboral, el social, el familiar, etc.<br \/>Aunque se les puede restar importancia al tratarse de comportamientos machistas \u201cde baja intensidad\u201d, la realidad es que en muchas ocasiones generan un malestar en las mujeres debido a la acumulaci\u00f3n de peque\u00f1as violencias diarias.<\/p>\n<p><span style=\"color: #800080;\">\u00bfC\u00f3mo podemos combatirlos?<\/span><br \/>1. Identific\u00e1ndolos<br \/>Para poder combatir los micromachismos el primer paso y tambi\u00e9n el m\u00e1s dif\u00edcil, es aprender a identificarlos. Para ello, es importante pararse a pensar: este comportamiento o pensamiento que tengo, \u00bfser\u00eda igual si en lugar de dirigirlo a una mujer fuera dirigido a un hombre?<br \/>2. No infravalor\u00e1ndolos<br \/>Aunque algunos micromachismos nos puedan parecer tonter\u00edas sin importancia, la realidad es que pueden generar mucho malestar en las mujeres cuando los sufren cada d\u00eda. Es por ello que no debemos tachar a ninguna mujer de \u201cexagerada\u201d cuando nos explica que algo le ha molestado.<br \/>3. Abriendo la mente<br \/>La mayor\u00eda de los micromachismos se ejercen sin intenci\u00f3n de hacer da\u00f1o, simplemente reproducimos lo que nos ense\u00f1a la sociedad desde la infancia. Debemos abrir nuestra mente para entender que los estereotipos de g\u00e9nero pueden generar malestar en todas las personas, y as\u00ed poder erradicarlos.<br \/>4. Elimin\u00e1ndolos<br \/>Con peque\u00f1os cambios cotidianos podemos conseguir cada d\u00eda una sociedad m\u00e1s igualitaria y respetuosa.<br \/>En Museros \u00a1Cero Micromachismos!<\/p>\n<p>[\/et_pb_text][\/et_pb_column][\/et_pb_row][et_pb_row column_structure=\u00bb1_3,1_3,1_3&#8243; _builder_version=\u00bb4.16&#8243; _module_preset=\u00bbdefault\u00bb global_colors_info=\u00bb{}\u00bb][et_pb_column type=\u00bb1_3&#8243; _builder_version=\u00bb4.16&#8243; _module_preset=\u00bbdefault\u00bb global_colors_info=\u00bb{}\u00bb][et_pb_slider _builder_version=\u00bb4.16&#8243; _module_preset=\u00bbdefault\u00bb auto=\u00bbon\u00bb global_colors_info=\u00bb{}\u00bb][et_pb_slide _builder_version=\u00bb4.16&#8243; _module_preset=\u00bbdefault\u00bb background_image=\u00bbhttps:\/\/museros.org\/wp-content\/uploads\/2021\/06\/cartell-zero-masclisme-01.jpg\u00bb background_enable_image=\u00bbon\u00bb global_colors_info=\u00bb{}\u00bb sticky_transition=\u00bbon\u00bb][\/et_pb_slide][et_pb_slide _builder_version=\u00bb4.16&#8243; _module_preset=\u00bbdefault\u00bb background_image=\u00bbhttps:\/\/museros.org\/wp-content\/uploads\/2021\/06\/cartell-zero-masclisme-02.jpg\u00bb background_enable_image=\u00bbon\u00bb custom_padding=\u00bb180px||150px||false|false\u00bb global_colors_info=\u00bb{}\u00bb sticky_transition=\u00bbon\u00bb][\/et_pb_slide][\/et_pb_slider][\/et_pb_column][et_pb_column type=\u00bb1_3&#8243; _builder_version=\u00bb4.16&#8243; _module_preset=\u00bbdefault\u00bb global_colors_info=\u00bb{}\u00bb][et_pb_slider _builder_version=\u00bb4.16&#8243; _module_preset=\u00bbdefault\u00bb auto=\u00bbon\u00bb auto_speed=\u00bb5000&#8243; global_colors_info=\u00bb{}\u00bb][et_pb_slide _builder_version=\u00bb4.16&#8243; _module_preset=\u00bbdefault\u00bb background_image=\u00bbhttps:\/\/museros.org\/wp-content\/uploads\/2021\/06\/cartell-zero-masclisme-03.jpg\u00bb background_enable_image=\u00bbon\u00bb global_colors_info=\u00bb{}\u00bb sticky_transition=\u00bbon\u00bb][\/et_pb_slide][et_pb_slide _builder_version=\u00bb4.16&#8243; _module_preset=\u00bbdefault\u00bb background_image=\u00bbhttps:\/\/museros.org\/wp-content\/uploads\/2021\/06\/cartell-zero-masclisme-04.jpg\u00bb background_enable_image=\u00bbon\u00bb custom_padding=\u00bb180px||150px||false|false\u00bb global_colors_info=\u00bb{}\u00bb sticky_transition=\u00bbon\u00bb][\/et_pb_slide][\/et_pb_slider][\/et_pb_column][et_pb_column type=\u00bb1_3&#8243; _builder_version=\u00bb4.16&#8243; _module_preset=\u00bbdefault\u00bb global_colors_info=\u00bb{}\u00bb][et_pb_slider _builder_version=\u00bb4.16&#8243; _module_preset=\u00bbdefault\u00bb auto=\u00bbon\u00bb auto_speed=\u00bb9000&#8243; global_colors_info=\u00bb{}\u00bb][et_pb_slide _builder_version=\u00bb4.16&#8243; _module_preset=\u00bbdefault\u00bb background_image=\u00bbhttps:\/\/museros.org\/wp-content\/uploads\/2021\/06\/cartell-zero-masclisme-05.jpg\u00bb background_enable_image=\u00bbon\u00bb global_colors_info=\u00bb{}\u00bb sticky_transition=\u00bbon\u00bb][\/et_pb_slide][et_pb_slide _builder_version=\u00bb4.16&#8243; _module_preset=\u00bbdefault\u00bb background_image=\u00bbhttps:\/\/museros.org\/wp-content\/uploads\/2021\/06\/cartell-zero-masclisme-06.jpg\u00bb background_enable_image=\u00bbon\u00bb custom_padding=\u00bb180px||150px||false|false\u00bb global_colors_info=\u00bb{}\u00bb sticky_transition=\u00bbon\u00bb][\/et_pb_slide][\/et_pb_slider][\/et_pb_column][\/et_pb_row][\/et_pb_section][et_pb_section fb_built=\u00bb1&#8243; _builder_version=\u00bb4.16&#8243; _module_preset=\u00bbdefault\u00bb global_colors_info=\u00bb{}\u00bb][et_pb_row _builder_version=\u00bb4.16&#8243; _module_preset=\u00bbdefault\u00bb global_colors_info=\u00bb{}\u00bb][et_pb_column type=\u00bb4_4&#8243; _builder_version=\u00bb4.16&#8243; _module_preset=\u00bbdefault\u00bb global_colors_info=\u00bb{}\u00bb][et_pb_divider color=\u00bb#996699&#8243; divider_weight=\u00bb4px\u00bb _builder_version=\u00bb4.16&#8243; _module_preset=\u00bbdefault\u00bb global_colors_info=\u00bb{}\u00bb][\/et_pb_divider][\/et_pb_column][\/et_pb_row][\/et_pb_section]<\/p>\n","protected":false},"excerpt":{"rendered":"<p>\u00bfQu\u00e9 son los micromachismos?Los micromachismos son peque\u00f1as violencias cotidianas, ejercidas por mujeres y hombres, que socavan la autonom\u00eda de las mujeres y reproducen los roles de g\u00e9nero.Se trata de comportamientos que tenemos muy interiorizados, y que est\u00e1n absolutamente normalizados por la sociedad y se producen en todos los \u00e1mbitos de la vida: el laboral, el [&hellip;]<\/p>\n","protected":false},"author":8,"featured_media":0,"parent":0,"menu_order":0,"comment_status":"closed","ping_status":"closed","template":"","meta":{"_et_pb_use_builder":"on","_et_pb_old_content":"","_et_gb_content_width":"","_mc_calendar":[],"footnotes":""},"wf_page_folders":[290],"class_list":["post-244402","page","type-page","status-publish","hentry"],"_links":{"self":[{"href":"https:\/\/museros.org\/inici\/wp-json\/wp\/v2\/pages\/244402","targetHints":{"allow":["GET"]}}],"collection":[{"href":"https:\/\/museros.org\/inici\/wp-json\/wp\/v2\/pages"}],"about":[{"href":"https:\/\/museros.org\/inici\/wp-json\/wp\/v2\/types\/page"}],"author":[{"embeddable":true,"href":"https:\/\/museros.org\/inici\/wp-json\/wp\/v2\/users\/8"}],"replies":[{"embeddable":true,"href":"https:\/\/museros.org\/inici\/wp-json\/wp\/v2\/comments?post=244402"}],"version-history":[{"count":13,"href":"https:\/\/museros.org\/inici\/wp-json\/wp\/v2\/pages\/244402\/revisions"}],"predecessor-version":[{"id":258150,"href":"https:\/\/museros.org\/inici\/wp-json\/wp\/v2\/pages\/244402\/revisions\/258150"}],"wp:attachment":[{"href":"https:\/\/museros.org\/inici\/wp-json\/wp\/v2\/media?parent=244402"}],"wp:term":[{"taxonomy":"wf_page_folders","embeddable":true,"href":"https:\/\/museros.org\/inici\/wp-json\/wp\/v2\/wf_page_folders?post=244402"}],"curies":[{"name":"wp","href":"https:\/\/api.w.org\/{rel}","templated":true}]}}