{"id":243768,"date":"2021-06-07T14:57:33","date_gmt":"2021-06-07T14:57:33","guid":{"rendered":"https:\/\/museros.org\/?page_id=243768"},"modified":"2026-03-16T14:14:39","modified_gmt":"2026-03-16T12:14:39","slug":"area-de-urbanismo","status":"publish","type":"page","link":"https:\/\/museros.org\/inici\/es\/area-de-urbanismo\/","title":{"rendered":"\u00c1rea de Urbanismo"},"content":{"rendered":"<p>[et_pb_section fb_built=\u00bb1&#8243; _builder_version=\u00bb4.16&#8243; _module_preset=\u00bbdefault\u00bb custom_padding=\u00bb0px||||false|false\u00bb locked=\u00bboff\u00bb global_colors_info=\u00bb{}\u00bb][et_pb_row column_structure=\u00bb1_4,3_4&#8243; _builder_version=\u00bb4.16&#8243; _module_preset=\u00bbdefault\u00bb custom_margin=\u00bb0px||40px||false|false\u00bb custom_padding=\u00bb0px||0px||false|false\u00bb global_colors_info=\u00bb{}\u00bb][et_pb_column type=\u00bb1_4&#8243; _builder_version=\u00bb4.16&#8243; _module_preset=\u00bbdefault\u00bb global_colors_info=\u00bb{}\u00bb][et_pb_image src=\u00bbhttps:\/\/museros.org\/wp-content\/uploads\/2021\/06\/logo-urbanismo-cl-230&#215;180-1.jpg\u00bb title_text=\u00bblogo-urbanismo-cl-230&#215;180&#8243; url=\u00bbhttps:\/\/museros.org\/inici\/es\/concejalias\u00bb use_overlay=\u00bbon\u00bb overlay_icon_color=\u00bb#E02B20&#8243; hover_overlay_color=\u00bbrgba(255,255,255,0.7)\u00bb hover_icon=\u00bb&#xe04d;||divi||400&#8243; align=\u00bbcenter\u00bb _builder_version=\u00bb4.16&#8243; _module_preset=\u00bbdefault\u00bb width=\u00bb100%\u00bb width_tablet=\u00bb\u00bb width_phone=\u00bb\u00bb width_last_edited=\u00bbon|phone\u00bb custom_margin=\u00bb0px||0px||false|false\u00bb custom_padding=\u00bb0px||0px||false|false\u00bb global_colors_info=\u00bb{}\u00bb][\/et_pb_image][\/et_pb_column][et_pb_column type=\u00bb3_4&#8243; _builder_version=\u00bb4.16&#8243; _module_preset=\u00bbdefault\u00bb global_colors_info=\u00bb{}\u00bb][et_pb_text _builder_version=\u00bb4.16&#8243; _module_preset=\u00bbdefault\u00bb global_colors_info=\u00bb{}\u00bb]<\/p>\n<h1>Urbanismo<\/h1>\n<p>La funci\u00f3n del \u00c1rea de Urbanismo es la definici\u00f3n y gesti\u00f3n del modelo de evoluci\u00f3n urbana del municipio de Museros en su conjunto. As\u00ed mismo le corresponde la planificaci\u00f3n y ejecuci\u00f3n de las grandes infraestructuras municipales y la gesti\u00f3n del patrimonio municipal.<\/p>\n<p>Ejerce funciones de control de los actos de uso, transformaci\u00f3n y edificaci\u00f3n del suelo mediante la tramitaci\u00f3n de licencias y declaraciones responsables, as\u00ed como, de protecci\u00f3n de la legalidad urban\u00edstica.<\/p>\n<p>El objetivo fundamental de la Concejal\u00eda es velar por un desarrollo equilibrado y sostenible, propiciando el acceso de todos los ciudadanos a las redes de infraestructuras de la ciudad.<\/p>\n<p>[\/et_pb_text][\/et_pb_column][\/et_pb_row][et_pb_row column_structure=\u00bb1_5,1_5,1_5,1_5,1_5&#8243; _builder_version=\u00bb4.16&#8243; _module_preset=\u00bbdefault\u00bb global_colors_info=\u00bb{}\u00bb][et_pb_column type=\u00bb1_5&#8243; _builder_version=\u00bb4.16&#8243; _module_preset=\u00bbdefault\u00bb global_colors_info=\u00bb{}\u00bb][\/et_pb_column][et_pb_column type=\u00bb1_5&#8243; _builder_version=\u00bb4.16&#8243; _module_preset=\u00bbdefault\u00bb global_colors_info=\u00bb{}\u00bb][et_pb_image src=\u00bbhttps:\/\/museros.org\/wp-content\/uploads\/2024\/09\/anuncio-RCE-400&#215;320-1.jpg\u00bb title_text=\u00bbanuncio-RCE-400&#215;320&#8243; url=\u00bbhttps:\/\/museros.org\/inici\/es\/anuncio-rce\u00bb use_overlay=\u00bbon\u00bb overlay_icon_color=\u00bb#E02B20&#8243; hover_overlay_color=\u00bbrgba(255,255,255,0.7)\u00bb hover_icon=\u00bb&#xe04e;||divi||400&#8243; admin_label=\u00bbANUNCIO CARRETERAS\u00bb _builder_version=\u00bb4.27.6&#8243; _module_preset=\u00bbdefault\u00bb locked=\u00bboff\u00bb global_colors_info=\u00bb{}\u00bb][\/et_pb_image][et_pb_image src=\u00bbhttps:\/\/museros.org\/wp-content\/uploads\/2022\/10\/PUAM-400&#215;320-1.jpg\u00bb title_text=\u00bbPUAM-400&#215;320&#8243; url=\u00bbhttps:\/\/museros.org\/inici\/es\/puam-cst\/\u00bb use_overlay=\u00bbon\u00bb overlay_icon_color=\u00bb#E02B20&#8243; hover_overlay_color=\u00bbrgba(255,255,255,0.7)\u00bb hover_icon=\u00bb&#xe04e;||divi||400&#8243; align=\u00bbcenter\u00bb admin_label=\u00bbPUAM\u00bb _builder_version=\u00bb4.27.6&#8243; _module_preset=\u00bbdefault\u00bb width=\u00bb100%\u00bb width_tablet=\u00bb40%\u00bb width_phone=\u00bb40%\u00bb width_last_edited=\u00bbon|phone\u00bb max_width=\u00bb100%\u00bb locked=\u00bboff\u00bb global_colors_info=\u00bb{}\u00bb][\/et_pb_image][\/et_pb_column][et_pb_column type=\u00bb1_5&#8243; _builder_version=\u00bb4.16&#8243; _module_preset=\u00bbdefault\u00bb global_colors_info=\u00bb{}\u00bb][et_pb_image src=\u00bbhttps:\/\/museros.org\/wp-content\/uploads\/2023\/03\/pmus.jpg\u00bb title_text=\u00bbpmus\u00bb url=\u00bbhttps:\/\/museros.org\/wp-content\/uploads\/2023\/03\/PMUS_Completo_Fdo.pdf\u00bb url_new_window=\u00bbon\u00bb use_overlay=\u00bbon\u00bb overlay_icon_color=\u00bb#E02B20&#8243; hover_overlay_color=\u00bbrgba(255,255,255,0.7)\u00bb hover_icon=\u00bb&#xe04e;||divi||400&#8243; align=\u00bbcenter\u00bb admin_label=\u00bbPMUS\u00bb _builder_version=\u00bb4.27.6&#8243; _module_preset=\u00bbdefault\u00bb width=\u00bb100%\u00bb width_tablet=\u00bb40%\u00bb width_phone=\u00bb40%\u00bb width_last_edited=\u00bbon|phone\u00bb max_width=\u00bb100%\u00bb locked=\u00bboff\u00bb global_colors_info=\u00bb{}\u00bb][\/et_pb_image][et_pb_image src=\u00bbhttps:\/\/museros.org\/wp-content\/uploads\/2026\/03\/organoambiental-y-territorialmunicipal-banner-p.jpg\u00bb title_text=\u00bborganoambiental y territorialmunicipal banner p\u00bb url=\u00bbhttps:\/\/museros.org\/inici\/es\/organo-ambiental\/\u00bb use_overlay=\u00bbon\u00bb overlay_icon_color=\u00bb#E02B20&#8243; hover_overlay_color=\u00bbrgba(255,255,255,0.7)\u00bb hover_icon=\u00bb&#xe04e;||divi||400&#8243; align=\u00bbcenter\u00bb admin_label=\u00bb\u00d3RGANO AMBIENTAL\u00bb _builder_version=\u00bb4.27.6&#8243; _module_preset=\u00bbdefault\u00bb width=\u00bb100%\u00bb width_tablet=\u00bb40%\u00bb width_phone=\u00bb40%\u00bb width_last_edited=\u00bbon|phone\u00bb max_width=\u00bb100%\u00bb global_colors_info=\u00bb{}\u00bb][\/et_pb_image][\/et_pb_column][et_pb_column type=\u00bb1_5&#8243; _builder_version=\u00bb4.16&#8243; _module_preset=\u00bbdefault\u00bb global_colors_info=\u00bb{}\u00bb][et_pb_image src=\u00bbhttps:\/\/museros.org\/wp-content\/uploads\/2023\/03\/Plan-GE-400&#215;320-2.jpg\u00bb title_text=\u00bbPlan-GE-400&#215;320&#8243; url=\u00bbhttps:\/\/museros.org\/inici\/es\/pge-version-preliminar\u00bb use_overlay=\u00bbon\u00bb overlay_icon_color=\u00bb#E02B20&#8243; hover_overlay_color=\u00bbrgba(255,255,255,0.7)\u00bb hover_icon=\u00bb&#xe04e;||divi||400&#8243; align=\u00bbcenter\u00bb admin_label=\u00bbPGE\u00bb _builder_version=\u00bb4.27.6&#8243; _module_preset=\u00bbdefault\u00bb width=\u00bb100%\u00bb width_tablet=\u00bb40%\u00bb width_phone=\u00bb40%\u00bb width_last_edited=\u00bbon|phone\u00bb max_width=\u00bb100%\u00bb global_colors_info=\u00bb{}\u00bb][\/et_pb_image][\/et_pb_column][et_pb_column type=\u00bb1_5&#8243; _builder_version=\u00bb4.16&#8243; _module_preset=\u00bbdefault\u00bb global_colors_info=\u00bb{}\u00bb][et_pb_image src=\u00bbhttps:\/\/museros.org\/wp-content\/uploads\/2021\/12\/anuncio-ee-400&#215;320-1.jpg\u00bb title_text=\u00bbanuncio-ee-400&#215;320&#8243; url=\u00bbhttps:\/\/museros.org\/inici\/es\/anuncio-eficiencia-energetica\/\u00bb use_overlay=\u00bbon\u00bb overlay_icon_color=\u00bb#E02B20&#8243; hover_overlay_color=\u00bbrgba(255,255,255,0.7)\u00bb hover_icon=\u00bb&#xe04e;||divi||400&#8243; align=\u00bbcenter\u00bb admin_label=\u00bbIVACE EFICIENCIA ENERG\u00c9TICA\u00bb _builder_version=\u00bb4.27.6&#8243; _module_preset=\u00bbdefault\u00bb width=\u00bb100%\u00bb width_tablet=\u00bb40%\u00bb width_phone=\u00bb40%\u00bb width_last_edited=\u00bbon|phone\u00bb max_width=\u00bb100%\u00bb global_colors_info=\u00bb{}\u00bb][\/et_pb_image][\/et_pb_column][\/et_pb_row][et_pb_row column_structure=\u00bb1_4,3_4&#8243; _builder_version=\u00bb4.16&#8243; _module_preset=\u00bbdefault\u00bb custom_margin=\u00bb0px||40px||false|false\u00bb custom_padding=\u00bb0px||0px||false|false\u00bb global_colors_info=\u00bb{}\u00bb][et_pb_column type=\u00bb1_4&#8243; _builder_version=\u00bb4.16&#8243; _module_preset=\u00bbdefault\u00bb global_colors_info=\u00bb{}\u00bb][\/et_pb_column][et_pb_column type=\u00bb3_4&#8243; _builder_version=\u00bb4.16&#8243; _module_preset=\u00bbdefault\u00bb global_colors_info=\u00bb{}\u00bb][et_pb_button button_url=\u00bbhttps:\/\/museros.org\/inici\/es\/normas-subsidiarias-de-planeamiento-de-museros\/\u00bb url_new_window=\u00bbon\u00bb button_text=\u00bbTEXTO CONSOLIDADO DE PLANEAMIENTO URBAN\u00cdSTICO DE MUSEROS\u00bb admin_label=\u00bbTEXTO CONSOLIDADO DE PLANEAMIENTO URBAN\u00cdSTICO DE MUSEROS\u00bb _builder_version=\u00bb4.27.5&#8243; _module_preset=\u00bbdefault\u00bb custom_margin=\u00bb0px||20px||false|false\u00bb global_colors_info=\u00bb{}\u00bb][\/et_pb_button][et_pb_button button_url=\u00bbhttps:\/\/museros.org\/wp-content\/uploads\/2025\/04\/Homologacio-dels-Plans-municipals-de-Emergencies-Risc-Sismic-i-Risc-Inundacions.pdf\u00bb url_new_window=\u00bbon\u00bb button_text=\u00bbHOMOLOGACI\u00d3N DE LOS PLANES MUNICIPALES DE EMERGENCIAS\u00bb admin_label=\u00bbPlan\u00bb _builder_version=\u00bb4.27.4&#8243; _module_preset=\u00bbdefault\u00bb custom_margin=\u00bb0px||20px||false|false\u00bb global_colors_info=\u00bb{}\u00bb][\/et_pb_button][et_pb_button button_url=\u00bbhttps:\/\/museros.org\/wp-content\/uploads\/2024\/04\/PAM-SIS-23-FEBRER-2024-reducido.pdf\u00bb url_new_window=\u00bbon\u00bb button_text=\u00bbPlan de Actuaci\u00f3n Municipal ante el riesgo s\u00edsmico de Museros\u00bb admin_label=\u00bbPlan\u00bb _builder_version=\u00bb4.27.3&#8243; _module_preset=\u00bbdefault\u00bb custom_margin=\u00bb0px||20px||false|false\u00bb global_colors_info=\u00bb{}\u00bb][\/et_pb_button][et_pb_button button_url=\u00bbhttps:\/\/museros.org\/wp-content\/uploads\/2024\/11\/Pla-local-reduit-de-prevencio-dincendis-forestals-de-Museros.pdf\u00bb url_new_window=\u00bbon\u00bb button_text=\u00bbPlan local reducido de prevenci\u00f3n de incendios forestales de Museros\u00bb admin_label=\u00bbPlan\u00bb _builder_version=\u00bb4.27.3&#8243; _module_preset=\u00bbdefault\u00bb custom_margin=\u00bb0px||20px||false|false\u00bb global_colors_info=\u00bb{}\u00bb][\/et_pb_button][et_pb_button button_url=\u00bbhttps:\/\/museros.org\/wp-content\/uploads\/2024\/11\/Plan-de-Actuacion-Municipal-frente-al-riesgo-de-inundaciones-de-Museros.pdf\u00bb url_new_window=\u00bbon\u00bb button_text=\u00bbPlan de Actuacio\u0301n Municipal frente al riesgo de inundaciones de Museros\u00bb admin_label=\u00bbPlan\u00bb _builder_version=\u00bb4.27.3&#8243; _module_preset=\u00bbdefault\u00bb custom_margin=\u00bb20px||20px||false|false\u00bb global_colors_info=\u00bb{}\u00bb][\/et_pb_button][et_pb_button button_url=\u00bbhttps:\/\/museros.org\/wp-content\/uploads\/2024\/11\/Plan-Territorial-Municipal-de-emergencias-de-Museros.pdf\u00bb url_new_window=\u00bbon\u00bb button_text=\u00bbPlan Territorial Municipal de emergencias de Museros\u00bb admin_label=\u00bbPlan\u00bb _builder_version=\u00bb4.27.3&#8243; _module_preset=\u00bbdefault\u00bb custom_margin=\u00bb0px||40px||false|false\u00bb global_colors_info=\u00bb{}\u00bb][\/et_pb_button][et_pb_divider color=\u00bb#E02B20&#8243; divider_weight=\u00bb4px\u00bb _builder_version=\u00bb4.16&#8243; _module_preset=\u00bbdefault\u00bb global_colors_info=\u00bb{}\u00bb][\/et_pb_divider][\/et_pb_column][\/et_pb_row][\/et_pb_section]<\/p>\n","protected":false},"excerpt":{"rendered":"<p>Urbanismo La funci\u00f3n del \u00c1rea de Urbanismo es la definici\u00f3n y gesti\u00f3n del modelo de evoluci\u00f3n urbana del municipio de Museros en su conjunto. As\u00ed mismo le corresponde la planificaci\u00f3n y ejecuci\u00f3n de las grandes infraestructuras municipales y la gesti\u00f3n del patrimonio municipal. Ejerce funciones de control de los actos de uso, transformaci\u00f3n y edificaci\u00f3n [&hellip;]<\/p>\n","protected":false},"author":8,"featured_media":0,"parent":0,"menu_order":0,"comment_status":"closed","ping_status":"closed","template":"","meta":{"_et_pb_use_builder":"on","_et_pb_old_content":"","_et_gb_content_width":"","_mc_calendar":[],"footnotes":""},"wf_page_folders":[285],"class_list":["post-243768","page","type-page","status-publish","hentry"],"_links":{"self":[{"href":"https:\/\/museros.org\/inici\/wp-json\/wp\/v2\/pages\/243768","targetHints":{"allow":["GET"]}}],"collection":[{"href":"https:\/\/museros.org\/inici\/wp-json\/wp\/v2\/pages"}],"about":[{"href":"https:\/\/museros.org\/inici\/wp-json\/wp\/v2\/types\/page"}],"author":[{"embeddable":true,"href":"https:\/\/museros.org\/inici\/wp-json\/wp\/v2\/users\/8"}],"replies":[{"embeddable":true,"href":"https:\/\/museros.org\/inici\/wp-json\/wp\/v2\/comments?post=243768"}],"version-history":[{"count":24,"href":"https:\/\/museros.org\/inici\/wp-json\/wp\/v2\/pages\/243768\/revisions"}],"predecessor-version":[{"id":279200,"href":"https:\/\/museros.org\/inici\/wp-json\/wp\/v2\/pages\/243768\/revisions\/279200"}],"wp:attachment":[{"href":"https:\/\/museros.org\/inici\/wp-json\/wp\/v2\/media?parent=243768"}],"wp:term":[{"taxonomy":"wf_page_folders","embeddable":true,"href":"https:\/\/museros.org\/inici\/wp-json\/wp\/v2\/wf_page_folders?post=243768"}],"curies":[{"name":"wp","href":"https:\/\/api.w.org\/{rel}","templated":true}]}}