{"id":243510,"date":"2021-06-01T20:34:53","date_gmt":"2021-06-01T20:34:53","guid":{"rendered":"https:\/\/museros.org\/?page_id=243510"},"modified":"2022-04-16T11:56:50","modified_gmt":"2022-04-16T11:56:50","slug":"lugares-de-interes","status":"publish","type":"page","link":"https:\/\/museros.org\/inici\/es\/lugares-de-interes\/","title":{"rendered":"Lugares de inter\u00e9s"},"content":{"rendered":"<p>[et_pb_section fb_built=\u00bb1&#8243; _builder_version=\u00bb4.16&#8243; _module_preset=\u00bbdefault\u00bb custom_padding=\u00bb0px||||false|false\u00bb global_colors_info=\u00bb{}\u00bb][et_pb_row column_structure=\u00bb1_4,3_4&#8243; _builder_version=\u00bb4.16&#8243; _module_preset=\u00bbdefault\u00bb custom_margin=\u00bb0px||||false|false\u00bb custom_padding=\u00bb0px||||false|false\u00bb global_colors_info=\u00bb{}\u00bb][et_pb_column type=\u00bb1_4&#8243; _builder_version=\u00bb4.16&#8243; _module_preset=\u00bbdefault\u00bb global_colors_info=\u00bb{}\u00bb][et_pb_image src=\u00bbhttps:\/\/museros.org\/wp-content\/uploads\/2021\/08\/logo-lugares.jpg\u00bb title_text=\u00bblogo-lugares\u00bb url=\u00bbhttps:\/\/museros.org\/inici\/es\/\u00bb use_overlay=\u00bbon\u00bb overlay_icon_color=\u00bb#E02B20&#8243; hover_overlay_color=\u00bbrgba(255,255,255,0.67)\u00bb hover_icon=\u00bb&#xe04d;||divi||400&#8243; align=\u00bbcenter\u00bb _builder_version=\u00bb4.16&#8243; _module_preset=\u00bbdefault\u00bb global_colors_info=\u00bb{}\u00bb][\/et_pb_image][\/et_pb_column][et_pb_column type=\u00bb3_4&#8243; _builder_version=\u00bb4.16&#8243; _module_preset=\u00bbdefault\u00bb global_colors_info=\u00bb{}\u00bb][et_pb_text _builder_version=\u00bb4.16&#8243; _module_preset=\u00bbdefault\u00bb global_colors_info=\u00bb{}\u00bb]<\/p>\n<h1>Lugares de inter\u00e9s<\/h1>\n<p>A lo largo de sus calles, podemos encontrar historia proyectada en su patrimonio municipal. Dentro de los espacios m\u00e1s importantes encontramos:<\/p>\n<p>Mas\u00eda de San Onofre<br \/>Antiguo convento de dominicos, fundado en 1471, donde fue prior el beatificado y canonizado san Lu\u00eds Beltr\u00e1n. Tras el abandono de las instalaciones por parte de las religiosas se culmin\u00f3 como enclave decisivo en la batalla de la Guerra de la Independencia Espa\u00f1ola, donde vecinos del municipio combatieron heroicamente a las tropas del mariscal Suchet. Por este motivo, el escudo municipal luce dos ramas de laurel, s\u00edmbolo de lealtad y valor.<\/p>\n<p>Ermita de San Roque<br \/>Construida en 1542 y es de estilo barroco, con una edificaci\u00f3n muy sencilla concebida seg\u00fan el modelo de las iglesias \u00abde Conquista\u00bb. S\u00edmbolo de la devoci\u00f3n a san Roque. En las fiestas patronales de agosto, se realizan, en esta ermita, las procesiones m\u00e1s multitudinarias y bellas de la comarca.<\/p>\n<p>Iglesia Parroquial de la Asunci\u00f3n.<br \/>Comenz\u00f3 su construcci\u00f3n en 1415 y fue acabada en 1734, sustituyendo al antiguo templo que a su comienzo edificara la orden de Calatrava. Es un edificio con torre campanario, de una sola nave con capillas laterales y decoraci\u00f3n de azulejos t\u00edpicos valencianos. Est\u00e1 dedicada a la virgen de la Asunci\u00f3n.<\/p>\n<p>Casa jard\u00edn de Teodoro Llorente.<br \/>Situada en la plaza hom\u00f3nima, Elegida por el ilustre autor como lugar de descanso y recogimiento. En el interior de la vivienda, se guardan importantes documentos del autor.<\/p>\n<p>Real acequia de Moncada<br \/>Construida en el a\u00f1o 850 por los romanos Espero y Atlas, y denominada con este nombre por Jaime I. Riega las tierras de 28 municipios.<\/p>\n<p>V\u00eda Augusta<br \/>Antiguo paso entre Sagunto y Valencia, fue reconvertida por los romanos en espl\u00e9ndida v\u00eda. El Cid, Jaime I y el mariscal Suchet se beneficiaron de ella en sus estrategias de conquista.<\/p>\n<p>Yacimientos arqueol\u00f3gicos<br \/>En la partida de &#8216;Els Germanells&#8217;, aparecen restos arqueol\u00f3gicos centenarios, que nos indican el origen del primer asentamiento humano en Museros. En la actualidad, el n\u00facleo urbano se encuentra varios kil\u00f3metros m\u00e1s pr\u00f3ximo al mar Mediterr\u00e1neo.<\/p>\n<p>[\/et_pb_text][\/et_pb_column][\/et_pb_row][et_pb_row _builder_version=\u00bb4.16&#8243; _module_preset=\u00bbdefault\u00bb custom_margin=\u00bb25px||||false|false\u00bb global_colors_info=\u00bb{}\u00bb][et_pb_column type=\u00bb4_4&#8243; _builder_version=\u00bb4.16&#8243; _module_preset=\u00bbdefault\u00bb global_colors_info=\u00bb{}\u00bb][et_pb_divider color=\u00bb#E02B20&#8243; divider_weight=\u00bb4px\u00bb _builder_version=\u00bb4.16&#8243; _module_preset=\u00bbdefault\u00bb global_colors_info=\u00bb{}\u00bb][\/et_pb_divider][\/et_pb_column][\/et_pb_row][\/et_pb_section]<\/p>\n","protected":false},"excerpt":{"rendered":"<p>Lugares de inter\u00e9s A lo largo de sus calles, podemos encontrar historia proyectada en su patrimonio municipal. Dentro de los espacios m\u00e1s importantes encontramos: Mas\u00eda de San OnofreAntiguo convento de dominicos, fundado en 1471, donde fue prior el beatificado y canonizado san Lu\u00eds Beltr\u00e1n. Tras el abandono de las instalaciones por parte de las religiosas [&hellip;]<\/p>\n","protected":false},"author":8,"featured_media":0,"parent":0,"menu_order":0,"comment_status":"closed","ping_status":"closed","template":"","meta":{"_et_pb_use_builder":"on","_et_pb_old_content":"","_et_gb_content_width":"","_mc_calendar":[],"footnotes":""},"wf_page_folders":[393],"class_list":["post-243510","page","type-page","status-publish","hentry"],"_links":{"self":[{"href":"https:\/\/museros.org\/inici\/wp-json\/wp\/v2\/pages\/243510","targetHints":{"allow":["GET"]}}],"collection":[{"href":"https:\/\/museros.org\/inici\/wp-json\/wp\/v2\/pages"}],"about":[{"href":"https:\/\/museros.org\/inici\/wp-json\/wp\/v2\/types\/page"}],"author":[{"embeddable":true,"href":"https:\/\/museros.org\/inici\/wp-json\/wp\/v2\/users\/8"}],"replies":[{"embeddable":true,"href":"https:\/\/museros.org\/inici\/wp-json\/wp\/v2\/comments?post=243510"}],"version-history":[{"count":11,"href":"https:\/\/museros.org\/inici\/wp-json\/wp\/v2\/pages\/243510\/revisions"}],"predecessor-version":[{"id":258089,"href":"https:\/\/museros.org\/inici\/wp-json\/wp\/v2\/pages\/243510\/revisions\/258089"}],"wp:attachment":[{"href":"https:\/\/museros.org\/inici\/wp-json\/wp\/v2\/media?parent=243510"}],"wp:term":[{"taxonomy":"wf_page_folders","embeddable":true,"href":"https:\/\/museros.org\/inici\/wp-json\/wp\/v2\/wf_page_folders?post=243510"}],"curies":[{"name":"wp","href":"https:\/\/api.w.org\/{rel}","templated":true}]}}