{"id":243448,"date":"2021-06-01T11:06:41","date_gmt":"2021-06-01T11:06:41","guid":{"rendered":"https:\/\/museros.org\/?page_id=243448"},"modified":"2022-02-27T20:42:08","modified_gmt":"2022-02-27T20:42:08","slug":"area-de-tecnologias","status":"publish","type":"page","link":"https:\/\/museros.org\/inici\/es\/area-de-tecnologias\/","title":{"rendered":"\u00c1rea de Tecnolog\u00edas"},"content":{"rendered":"\n[et_pb_section fb_built=\u00bb1&#8243; _builder_version=\u00bb4.10.4&#8243; _module_preset=\u00bbdefault\u00bb custom_padding=\u00bb0px||||false|false\u00bb global_colors_info=\u00bb{}\u00bb][et_pb_row column_structure=\u00bb1_4,3_4&#8243; _builder_version=\u00bb4.10.4&#8243; _module_preset=\u00bbdefault\u00bb custom_padding=\u00bb0px||||false|false\u00bb global_colors_info=\u00bb{}\u00bb][et_pb_column type=\u00bb1_4&#8243; _builder_version=\u00bb4.9.4&#8243; _module_preset=\u00bbdefault\u00bb global_colors_info=\u00bb{}\u00bb][et_pb_image src=\u00bbhttps:\/\/museros.org\/wp-content\/uploads\/2021\/06\/logo-tecnologias-cl-230&#215;180-1.jpg\u00bb title_text=\u00bblogo-tecnologias-cl-230&#215;180&#8243; url=\u00bbhttps:\/\/museros.org\/inici\/es\/concejalias\u00bb use_overlay=\u00bbon\u00bb overlay_icon_color=\u00bb#E02B20&#8243; hover_overlay_color=\u00bbrgba(255,255,255,0.71)\u00bb hover_icon=\u00bb&#xe04d;||divi||400&#8243; align=\u00bbcenter\u00bb _builder_version=\u00bb4.14.8&#8243; _module_preset=\u00bbdefault\u00bb width=\u00bb100%\u00bb width_tablet=\u00bb\u00bb width_phone=\u00bb\u00bb width_last_edited=\u00bbon|phone\u00bb max_width_tablet=\u00bb\u00bb max_width_phone=\u00bb\u00bb max_width_last_edited=\u00bbon|desktop\u00bb hover_enabled=\u00bb0&#8243; global_colors_info=\u00bb{}\u00bb sticky_enabled=\u00bb0&#8243;][\/et_pb_image][\/et_pb_column][et_pb_column type=\u00bb3_4&#8243; _builder_version=\u00bb4.9.4&#8243; _module_preset=\u00bbdefault\u00bb global_colors_info=\u00bb{}\u00bb][et_pb_text _builder_version=\u00bb4.9.4&#8243; _module_preset=\u00bbdefault\u00bb global_colors_info=\u00bb{}\u00bb]<h1>TIC<\/h1>\n<p>El \u00c1rea Tecnolog\u00edas de la Informaci\u00f3n y la Comunicaci\u00f3n (TIC) nace con la necesidad de la administraci\u00f3n electr\u00f3nica y tiene como principal objetivo el establecer las diferentes l\u00edneas estrat\u00e9gicas de actuaci\u00f3n que conducir\u00e1n a una mayor eficiencia en la gesti\u00f3n administrativa y al desarrollo de la sociedad de la informaci\u00f3n, de esta forma se pretende generar una administraci\u00f3n electr\u00f3nica m\u00e1s \u00fatil y cercana al ciudadano, dise\u00f1ar, desarrollar e impulsar el despliegue de las Tecnolog\u00edas de la Informaci\u00f3n y la Comunicaci\u00f3n.<\/p>\n<p>Para ello se trabaja en generalizar el uso de soluciones reales y rentabilizar las infraestructuras de comunicaciones, as\u00ed como la implantaci\u00f3n de nuevas tecnolog\u00edas en la gesti\u00f3n municipal, dotando tanto al ciudadano como a los empleados municipales de las herramientas inform\u00e1ticas necesarias.<\/p>[\/et_pb_text][\/et_pb_column][\/et_pb_row][et_pb_row _builder_version=\u00bb4.9.4&#8243; _module_preset=\u00bbdefault\u00bb global_colors_info=\u00bb{}\u00bb][et_pb_column type=\u00bb4_4&#8243; _builder_version=\u00bb4.9.4&#8243; _module_preset=\u00bbdefault\u00bb global_colors_info=\u00bb{}\u00bb][et_pb_divider color=\u00bb#E02B20&#8243; divider_weight=\u00bb4px\u00bb _builder_version=\u00bb4.9.4&#8243; _module_preset=\u00bbdefault\u00bb global_colors_info=\u00bb{}\u00bb][\/et_pb_divider][\/et_pb_column][\/et_pb_row][\/et_pb_section]\n","protected":false},"excerpt":{"rendered":"<p>TIC El \u00c1rea Tecnolog\u00edas de la Informaci\u00f3n y la Comunicaci\u00f3n (TIC) nace con la necesidad de la administraci\u00f3n electr\u00f3nica y tiene como principal objetivo el establecer las diferentes l\u00edneas estrat\u00e9gicas de actuaci\u00f3n que conducir\u00e1n a una mayor eficiencia en la gesti\u00f3n administrativa y al desarrollo de la sociedad de la informaci\u00f3n, de esta forma se [&hellip;]<\/p>\n","protected":false},"author":8,"featured_media":0,"parent":0,"menu_order":0,"comment_status":"closed","ping_status":"closed","template":"","meta":{"_et_pb_use_builder":"on","_et_pb_old_content":"","_et_gb_content_width":"","_mc_calendar":[],"footnotes":""},"wf_page_folders":[287],"class_list":["post-243448","page","type-page","status-publish","hentry"],"_links":{"self":[{"href":"https:\/\/museros.org\/inici\/wp-json\/wp\/v2\/pages\/243448","targetHints":{"allow":["GET"]}}],"collection":[{"href":"https:\/\/museros.org\/inici\/wp-json\/wp\/v2\/pages"}],"about":[{"href":"https:\/\/museros.org\/inici\/wp-json\/wp\/v2\/types\/page"}],"author":[{"embeddable":true,"href":"https:\/\/museros.org\/inici\/wp-json\/wp\/v2\/users\/8"}],"replies":[{"embeddable":true,"href":"https:\/\/museros.org\/inici\/wp-json\/wp\/v2\/comments?post=243448"}],"version-history":[{"count":15,"href":"https:\/\/museros.org\/inici\/wp-json\/wp\/v2\/pages\/243448\/revisions"}],"predecessor-version":[{"id":253732,"href":"https:\/\/museros.org\/inici\/wp-json\/wp\/v2\/pages\/243448\/revisions\/253732"}],"wp:attachment":[{"href":"https:\/\/museros.org\/inici\/wp-json\/wp\/v2\/media?parent=243448"}],"wp:term":[{"taxonomy":"wf_page_folders","embeddable":true,"href":"https:\/\/museros.org\/inici\/wp-json\/wp\/v2\/wf_page_folders?post=243448"}],"curies":[{"name":"wp","href":"https:\/\/api.w.org\/{rel}","templated":true}]}}