{"id":243318,"date":"2021-05-30T09:40:39","date_gmt":"2021-05-30T09:40:39","guid":{"rendered":"https:\/\/museros.org\/?page_id=243318"},"modified":"2025-02-24T12:29:06","modified_gmt":"2025-02-24T12:29:06","slug":"uso-de-la-pirotecnia","status":"publish","type":"page","link":"https:\/\/museros.org\/inici\/es\/uso-de-la-pirotecnia\/","title":{"rendered":"Uso de la pirotecnia"},"content":{"rendered":"<p>[et_pb_section fb_built=\u00bb1&#8243; _builder_version=\u00bb4.16&#8243; _module_preset=\u00bbdefault\u00bb custom_padding=\u00bb0px||||false|false\u00bb locked=\u00bboff\u00bb global_colors_info=\u00bb{}\u00bb][et_pb_row column_structure=\u00bb1_4,3_4&#8243; _builder_version=\u00bb4.16&#8243; _module_preset=\u00bbdefault\u00bb custom_padding=\u00bb0px||||false|false\u00bb global_colors_info=\u00bb{}\u00bb][et_pb_column type=\u00bb1_4&#8243; _builder_version=\u00bb4.16&#8243; _module_preset=\u00bbdefault\u00bb global_colors_info=\u00bb{}\u00bb][et_pb_image src=\u00bbhttps:\/\/museros.org\/wp-content\/uploads\/2021\/08\/logo-artificios-200&#215;160-1.jpg\u00bb title_text=\u00bblogo-artificios-200&#215;160&#8243; url=\u00bbhttps:\/\/museros.org\/inici\/es\/area-de-seguridad-ciudadana\u00bb use_overlay=\u00bbon\u00bb overlay_icon_color=\u00bb#E02B20&#8243; hover_overlay_color=\u00bbrgba(255,255,255,0.7)\u00bb hover_icon=\u00bb&#xe04d;||divi||400&#8243; align=\u00bbcenter\u00bb _builder_version=\u00bb4.16&#8243; _module_preset=\u00bbdefault\u00bb width=\u00bb100%\u00bb module_alignment=\u00bbcenter\u00bb global_colors_info=\u00bb{}\u00bb][\/et_pb_image][\/et_pb_column][et_pb_column type=\u00bb3_4&#8243; _builder_version=\u00bb4.16&#8243; _module_preset=\u00bbdefault\u00bb global_colors_info=\u00bb{}\u00bb][et_pb_text _builder_version=\u00bb4.16&#8243; _module_preset=\u00bbdefault\u00bb custom_padding=\u00bb||7px|||\u00bb global_colors_info=\u00bb{}\u00bb]<\/p>\n<h1>Uso de art\u00edculos pirot\u00e9cnicos por menores<\/h1>\n<p>El Decreto 19\/2011, de 4 de marzo, del Consejo, por el cual se reconoce el car\u00e1cter religioso, cultural o tradicional de las manifestaciones festivas celebradas en la Comunidad Valenciana, en que se utilizan artificios pirot\u00e9cnicos (Diari Oficial de la Generalitat Valenciana n.\u00ba 6475), de 8 de marzo de 2011, dictado al amparo de la disposici\u00f3n adiciona 6.\u00aa del RD 563\/2010, de 7 de mayo, en el art\u00edculo 7 permite que en las celebraciones festivas organizadas, realizadas por consumidores reconocidos como expertos y en las celebraciones particulares de car\u00e1cter familiar, singular o espor\u00e1dico puedan participar los menores de edad de acuerdo con las condiciones y requisitos previstos en la normativa en vigor sobre la materia.<br \/>As\u00ed mismo, el Decreto 19\/2011 permite la rebaja de las edades para el uso de art\u00edculos pirot\u00e9cnicos. De este modo, los productos con marcado CE de categor\u00eda 1, de muy baja peligrosidad y nivel sonoro insignificante (bombillas, mini petardos, bengalas), podr\u00e1n ser utilizados por los ni\u00f1os a partir de 8 a\u00f1os, y los de categor\u00eda 2 (art\u00edculos de baja peligrosidad y bajo nivel sonoro, que tienen que dispararse al aire libre en zonas delimitadas como son los chinos, las fuentes o los voladores), por ni\u00f1os a partir de 10 a\u00f1os.<br \/>Por este motivo, el padre, la madre o el tutor, tutora o titulares de la patria potestad tendr\u00e1n que autorizar a sus hijos menores a utilizar el material y manifestar que disponen de formaci\u00f3n suficiente porque no se produzcan accidentes, y tambi\u00e9n, de su utilizaci\u00f3n segura, y por consiguiente se autoriza, bajo su responsabilidad, que el menor utilizo artificios de la categor\u00eda indicada siempre que ese uso sea bajo la supervisi\u00f3n de un adulto. Esta autorizaci\u00f3n se encuentra disponible en la p\u00e1gina web y a las oficinas de atenci\u00f3n al p\u00fablico del Ayuntamiento de Museros.<\/p>\n<p>[\/et_pb_text][\/et_pb_column][\/et_pb_row][et_pb_row column_structure=\u00bb1_4,1_4,1_4,1_4&#8243; _builder_version=\u00bb4.16&#8243; _module_preset=\u00bbdefault\u00bb custom_margin=\u00bb0px||0px||false|false\u00bb custom_padding=\u00bb0px||0px||false|false\u00bb global_colors_info=\u00bb{}\u00bb][et_pb_column type=\u00bb1_4&#8243; _builder_version=\u00bb4.16&#8243; _module_preset=\u00bbdefault\u00bb global_colors_info=\u00bb{}\u00bb][\/et_pb_column][et_pb_column type=\u00bb1_4&#8243; _builder_version=\u00bb4.16&#8243; _module_preset=\u00bbdefault\u00bb global_colors_info=\u00bb{}\u00bb][et_pb_image src=\u00bbhttps:\/\/museros.org\/wp-content\/uploads\/2022\/02\/declaracion-uso-pirotecnia.jpg\u00bb title_text=\u00bbdeclaracion-uso-pirotecnia\u00bb url=\u00bbhttps:\/\/museros.org\/wp-content\/uploads\/2022\/04\/a-declaracio-responsable-acte-pirotecnic.pdf\u00bb url_new_window=\u00bbon\u00bb use_overlay=\u00bbon\u00bb overlay_icon_color=\u00bb#E02B20&#8243; hover_overlay_color=\u00bbrgba(255,255,255,0.7)\u00bb hover_icon=\u00bb&#xe04c;||divi||400&#8243; align=\u00bbcenter\u00bb _builder_version=\u00bb4.17.0&#8243; _module_preset=\u00bbdefault\u00bb width=\u00bb100%\u00bb locked=\u00bboff\u00bb global_colors_info=\u00bb{}\u00bb][\/et_pb_image][\/et_pb_column][et_pb_column type=\u00bb1_4&#8243; _builder_version=\u00bb4.16&#8243; _module_preset=\u00bbdefault\u00bb global_colors_info=\u00bb{}\u00bb][et_pb_image src=\u00bbhttps:\/\/museros.org\/wp-content\/uploads\/2021\/08\/logo-autorizacion-200&#215;160-1.jpg\u00bb title_text=\u00bblogo-autorizacion-200&#215;160&#8243; url=\u00bbhttps:\/\/museros.org\/wp-content\/uploads\/2025\/02\/autorizacion-generalitat-artificios.pdf\u00bb url_new_window=\u00bbon\u00bb use_overlay=\u00bbon\u00bb overlay_icon_color=\u00bb#E02B20&#8243; hover_overlay_color=\u00bbrgba(255,255,255,0.7)\u00bb hover_icon=\u00bb&#xe04c;||divi||400&#8243; align=\u00bbcenter\u00bb _builder_version=\u00bb4.27.4&#8243; _module_preset=\u00bbdefault\u00bb width=\u00bb100%\u00bb hover_enabled=\u00bb0&#8243; global_colors_info=\u00bb{}\u00bb sticky_enabled=\u00bb0&#8243;][\/et_pb_image][\/et_pb_column][et_pb_column type=\u00bb1_4&#8243; _builder_version=\u00bb4.16&#8243; _module_preset=\u00bbdefault\u00bb global_colors_info=\u00bb{}\u00bb][\/et_pb_column][\/et_pb_row][et_pb_row _builder_version=\u00bb4.16&#8243; _module_preset=\u00bbdefault\u00bb custom_margin=\u00bb50px||||false|false\u00bb custom_padding=\u00bb0px|||||\u00bb global_colors_info=\u00bb{}\u00bb][et_pb_column type=\u00bb4_4&#8243; _builder_version=\u00bb4.16&#8243; _module_preset=\u00bbdefault\u00bb global_colors_info=\u00bb{}\u00bb][et_pb_divider color=\u00bb#E02B20&#8243; divider_weight=\u00bb4px\u00bb _builder_version=\u00bb4.16&#8243; _module_preset=\u00bbdefault\u00bb global_colors_info=\u00bb{}\u00bb][\/et_pb_divider][\/et_pb_column][\/et_pb_row][\/et_pb_section]<\/p>\n","protected":false},"excerpt":{"rendered":"<p>Uso de art\u00edculos pirot\u00e9cnicos por menores El Decreto 19\/2011, de 4 de marzo, del Consejo, por el cual se reconoce el car\u00e1cter religioso, cultural o tradicional de las manifestaciones festivas celebradas en la Comunidad Valenciana, en que se utilizan artificios pirot\u00e9cnicos (Diari Oficial de la Generalitat Valenciana n.\u00ba 6475), de 8 de marzo de 2011, [&hellip;]<\/p>\n","protected":false},"author":8,"featured_media":0,"parent":0,"menu_order":0,"comment_status":"closed","ping_status":"closed","template":"","meta":{"_et_pb_use_builder":"on","_et_pb_old_content":"","_et_gb_content_width":"","_mc_calendar":[],"footnotes":""},"wf_page_folders":[278],"class_list":["post-243318","page","type-page","status-publish","hentry"],"_links":{"self":[{"href":"https:\/\/museros.org\/inici\/wp-json\/wp\/v2\/pages\/243318","targetHints":{"allow":["GET"]}}],"collection":[{"href":"https:\/\/museros.org\/inici\/wp-json\/wp\/v2\/pages"}],"about":[{"href":"https:\/\/museros.org\/inici\/wp-json\/wp\/v2\/types\/page"}],"author":[{"embeddable":true,"href":"https:\/\/museros.org\/inici\/wp-json\/wp\/v2\/users\/8"}],"replies":[{"embeddable":true,"href":"https:\/\/museros.org\/inici\/wp-json\/wp\/v2\/comments?post=243318"}],"version-history":[{"count":19,"href":"https:\/\/museros.org\/inici\/wp-json\/wp\/v2\/pages\/243318\/revisions"}],"predecessor-version":[{"id":273036,"href":"https:\/\/museros.org\/inici\/wp-json\/wp\/v2\/pages\/243318\/revisions\/273036"}],"wp:attachment":[{"href":"https:\/\/museros.org\/inici\/wp-json\/wp\/v2\/media?parent=243318"}],"wp:term":[{"taxonomy":"wf_page_folders","embeddable":true,"href":"https:\/\/museros.org\/inici\/wp-json\/wp\/v2\/wf_page_folders?post=243318"}],"curies":[{"name":"wp","href":"https:\/\/api.w.org\/{rel}","templated":true}]}}