{"id":243172,"date":"2021-05-28T17:23:21","date_gmt":"2021-05-28T17:23:21","guid":{"rendered":"https:\/\/museros.org\/?page_id=243172"},"modified":"2025-07-02T14:15:02","modified_gmt":"2025-07-02T14:15:02","slug":"seguridad-vial-y-trafico","status":"publish","type":"page","link":"https:\/\/museros.org\/inici\/es\/seguridad-vial-y-trafico\/","title":{"rendered":"Seguridad vial y tr\u00e1fico"},"content":{"rendered":"<p>[et_pb_section fb_built=\u00bb1&#8243; _builder_version=\u00bb4.16&#8243; _module_preset=\u00bbdefault\u00bb custom_padding=\u00bb0px||||false|false\u00bb locked=\u00bboff\u00bb global_colors_info=\u00bb{}\u00bb][et_pb_row column_structure=\u00bb1_4,3_4&#8243; _builder_version=\u00bb4.16&#8243; _module_preset=\u00bbdefault\u00bb custom_padding=\u00bb0px||||false|false\u00bb global_colors_info=\u00bb{}\u00bb][et_pb_column type=\u00bb1_4&#8243; _builder_version=\u00bb4.16&#8243; _module_preset=\u00bbdefault\u00bb global_colors_info=\u00bb{}\u00bb][et_pb_image src=\u00bbhttps:\/\/museros.org\/wp-content\/uploads\/2021\/08\/logo-viariaytransito-200&#215;160-1.jpg\u00bb title_text=\u00bblogo-viariaytransito-200&#215;160&#8243; url=\u00bbhttps:\/\/museros.org\/inici\/es\/area-de-seguridad-ciudadana\u00bb use_overlay=\u00bbon\u00bb overlay_icon_color=\u00bb#E02B20&#8243; hover_overlay_color=\u00bbrgba(255,255,255,0.7)\u00bb hover_icon=\u00bb&#xe04d;||divi||400&#8243; align=\u00bbcenter\u00bb _builder_version=\u00bb4.16&#8243; _module_preset=\u00bbdefault\u00bb width=\u00bb100%\u00bb module_alignment=\u00bbcenter\u00bb global_colors_info=\u00bb{}\u00bb][\/et_pb_image][\/et_pb_column][et_pb_column type=\u00bb3_4&#8243; _builder_version=\u00bb4.16&#8243; _module_preset=\u00bbdefault\u00bb global_colors_info=\u00bb{}\u00bb][et_pb_text _builder_version=\u00bb4.16&#8243; _module_preset=\u00bbdefault\u00bb global_colors_info=\u00bb{}\u00bb]<\/p>\n<h1>Seguridad vial<\/h1>\n<p>La seguridad vial se encarga de prevenir y\/o minimizar los da\u00f1os y efectos que provocan los accidentes viales, su principal objetivo es salvaguardar la integridad f\u00edsica de las personas que transitan por la v\u00eda p\u00fablica eliminando y\/o disminuyendo los factores de riesgo.<\/p>\n<p>Dentro de seguridad vial existe la <strong>seguridad vial activa y seguridad vial pasiva<\/strong>:<br \/>La <strong>seguridad vial activa<\/strong> o primaria tiene como objetivo principal evitar que el accidente suceda.<br \/>La seguridad vial activa se aplica al factor humano, a los veh\u00edculos y a las v\u00edas. Por ejemplo un elemento de seguridad vial activa en las v\u00edas son las se\u00f1ales de tr\u00e1nsito, en el veh\u00edculo ser\u00edan los frenos ABS y en el factor humano la velocidad adecuada a la que se conduce.<\/p>\n<p>La <strong>seguridad pasiva<\/strong> o secundaria comprende una serie de dispositivos cuya misi\u00f3n consiste en tratar de disminuir al m\u00e1ximo la gravedad de las lesiones producidas a las v\u00edctimas de un accidente una vez que \u00e9ste se ha producido.<br \/>Al igual que la seguridad vial activa \u00e9sta se puede aplicar en el factor humano, en los veh\u00edculos y en las v\u00edas. Por ejemplo, el cintur\u00f3n de seguridad es un elemento de seguridad vial pasiva aplicada al veh\u00edculo.<\/p>\n<p>[\/et_pb_text][et_pb_divider color=\u00bb#E02B20&#8243; divider_weight=\u00bb4px\u00bb _builder_version=\u00bb4.16&#8243; _module_preset=\u00bbdefault\u00bb locked=\u00bboff\u00bb global_colors_info=\u00bb{}\u00bb][\/et_pb_divider][et_pb_text _builder_version=\u00bb4.27.4&#8243; _module_preset=\u00bbdefault\u00bb locked=\u00bboff\u00bb global_colors_info=\u00bb{}\u00bb]<\/p>\n<p><strong>Resoluci\u00f3n instalaci\u00f3n de c\u00e1maras de videovigilancia para la regulaci\u00f3n del tr\u00e1fico<\/strong> <a href=\"https:\/\/museros.org\/wp-content\/uploads\/2025\/07\/20250402_resolucion-instalacion-de-camaras-museros.pdf\" target=\"_blank\" rel=\"noopener\">&gt; pdf<\/a><\/p>\n<p>[\/et_pb_text][et_pb_divider color=\u00bb#E02B20&#8243; divider_weight=\u00bb4px\u00bb _builder_version=\u00bb4.16&#8243; _module_preset=\u00bbdefault\u00bb locked=\u00bboff\u00bb global_colors_info=\u00bb{}\u00bb][\/et_pb_divider][\/et_pb_column][\/et_pb_row][et_pb_row column_structure=\u00bb1_4,1_4,1_4,1_4&#8243; _builder_version=\u00bb4.16&#8243; _module_preset=\u00bbdefault\u00bb custom_margin=\u00bb0px||0px||false|false\u00bb custom_padding=\u00bb0px||0px||false|false\u00bb global_colors_info=\u00bb{}\u00bb][et_pb_column type=\u00bb1_4&#8243; _builder_version=\u00bb4.16&#8243; _module_preset=\u00bbdefault\u00bb global_colors_info=\u00bb{}\u00bb][\/et_pb_column][et_pb_column type=\u00bb1_4&#8243; _builder_version=\u00bb4.16&#8243; _module_preset=\u00bbdefault\u00bb global_colors_info=\u00bb{}\u00bb][\/et_pb_column][et_pb_column type=\u00bb1_4&#8243; _builder_version=\u00bb4.16&#8243; _module_preset=\u00bbdefault\u00bb global_colors_info=\u00bb{}\u00bb][et_pb_image src=\u00bbhttps:\/\/museros.org\/wp-content\/uploads\/2021\/08\/logo-dgt-200&#215;160-1.jpg\u00bb title_text=\u00bblogo-dgt-200&#215;160&#8243; url=\u00bbhttps:\/\/www.dgt.es\u00bb url_new_window=\u00bbon\u00bb use_overlay=\u00bbon\u00bb overlay_icon_color=\u00bb#E02B20&#8243; hover_overlay_color=\u00bbrgba(255,255,255,0.7)\u00bb hover_icon=\u00bb&#xe04e;||divi||400&#8243; align=\u00bbcenter\u00bb _builder_version=\u00bb4.16&#8243; _module_preset=\u00bbdefault\u00bb global_colors_info=\u00bb{}\u00bb][\/et_pb_image][\/et_pb_column][et_pb_column type=\u00bb1_4&#8243; _builder_version=\u00bb4.16&#8243; _module_preset=\u00bbdefault\u00bb global_colors_info=\u00bb{}\u00bb][et_pb_image src=\u00bbhttps:\/\/museros.org\/wp-content\/uploads\/2021\/08\/logo-intras-200&#215;160-1.jpg\u00bb title_text=\u00bblogo-intras-200&#215;160&#8243; url=\u00bbhttps:\/\/bit.ly\/3c2xTfn\u00bb url_new_window=\u00bbon\u00bb use_overlay=\u00bbon\u00bb overlay_icon_color=\u00bb#E02B20&#8243; hover_overlay_color=\u00bbrgba(255,255,255,0.7)\u00bb hover_icon=\u00bb&#xe04e;||divi||400&#8243; align=\u00bbcenter\u00bb _builder_version=\u00bb4.16&#8243; _module_preset=\u00bbdefault\u00bb global_colors_info=\u00bb{}\u00bb][\/et_pb_image][\/et_pb_column][\/et_pb_row][et_pb_row _builder_version=\u00bb4.16&#8243; _module_preset=\u00bbdefault\u00bb custom_margin=\u00bb50px||||false|false\u00bb custom_padding=\u00bb0px|||||\u00bb global_colors_info=\u00bb{}\u00bb][et_pb_column type=\u00bb4_4&#8243; _builder_version=\u00bb4.16&#8243; _module_preset=\u00bbdefault\u00bb global_colors_info=\u00bb{}\u00bb][et_pb_divider color=\u00bb#E02B20&#8243; divider_weight=\u00bb4px\u00bb _builder_version=\u00bb4.16&#8243; _module_preset=\u00bbdefault\u00bb global_colors_info=\u00bb{}\u00bb][\/et_pb_divider][\/et_pb_column][\/et_pb_row][\/et_pb_section]<\/p>\n","protected":false},"excerpt":{"rendered":"<p>Seguridad vial La seguridad vial se encarga de prevenir y\/o minimizar los da\u00f1os y efectos que provocan los accidentes viales, su principal objetivo es salvaguardar la integridad f\u00edsica de las personas que transitan por la v\u00eda p\u00fablica eliminando y\/o disminuyendo los factores de riesgo. Dentro de seguridad vial existe la seguridad vial activa y seguridad [&hellip;]<\/p>\n","protected":false},"author":8,"featured_media":0,"parent":0,"menu_order":0,"comment_status":"closed","ping_status":"closed","template":"","meta":{"_et_pb_use_builder":"on","_et_pb_old_content":"","_et_gb_content_width":"","_mc_calendar":[],"footnotes":""},"wf_page_folders":[278],"class_list":["post-243172","page","type-page","status-publish","hentry"],"_links":{"self":[{"href":"https:\/\/museros.org\/inici\/wp-json\/wp\/v2\/pages\/243172","targetHints":{"allow":["GET"]}}],"collection":[{"href":"https:\/\/museros.org\/inici\/wp-json\/wp\/v2\/pages"}],"about":[{"href":"https:\/\/museros.org\/inici\/wp-json\/wp\/v2\/types\/page"}],"author":[{"embeddable":true,"href":"https:\/\/museros.org\/inici\/wp-json\/wp\/v2\/users\/8"}],"replies":[{"embeddable":true,"href":"https:\/\/museros.org\/inici\/wp-json\/wp\/v2\/comments?post=243172"}],"version-history":[{"count":17,"href":"https:\/\/museros.org\/inici\/wp-json\/wp\/v2\/pages\/243172\/revisions"}],"predecessor-version":[{"id":275957,"href":"https:\/\/museros.org\/inici\/wp-json\/wp\/v2\/pages\/243172\/revisions\/275957"}],"wp:attachment":[{"href":"https:\/\/museros.org\/inici\/wp-json\/wp\/v2\/media?parent=243172"}],"wp:term":[{"taxonomy":"wf_page_folders","embeddable":true,"href":"https:\/\/museros.org\/inici\/wp-json\/wp\/v2\/wf_page_folders?post=243172"}],"curies":[{"name":"wp","href":"https:\/\/api.w.org\/{rel}","templated":true}]}}