{"id":241517,"date":"2021-04-10T21:54:29","date_gmt":"2021-04-10T21:54:29","guid":{"rendered":"https:\/\/museros.org\/?page_id=241517"},"modified":"2025-11-19T13:26:49","modified_gmt":"2025-11-19T11:26:49","slug":"instancias","status":"publish","type":"page","link":"https:\/\/museros.org\/inici\/es\/instancias\/","title":{"rendered":"Instancias"},"content":{"rendered":"<p>[et_pb_section fb_built=\u00bb1&#8243; _builder_version=\u00bb4.16&#8243; _module_preset=\u00bbdefault\u00bb custom_padding=\u00bb0px||69px||false|false\u00bb locked=\u00bboff\u00bb global_colors_info=\u00bb{}\u00bb][et_pb_row column_structure=\u00bb1_4,3_4&#8243; _builder_version=\u00bb4.16&#8243; _module_preset=\u00bbdefault\u00bb custom_padding=\u00bb0px||||false|false\u00bb global_colors_info=\u00bb{}\u00bb][et_pb_column type=\u00bb1_4&#8243; _builder_version=\u00bb4.16&#8243; _module_preset=\u00bbdefault\u00bb global_colors_info=\u00bb{}\u00bb][et_pb_image src=\u00bbhttps:\/\/museros.org\/wp-content\/uploads\/2021\/08\/logo-instancias-230&#215;180-1.jpg\u00bb title_text=\u00bblogo-instancias-230&#215;180&#8243; url=\u00bbhttps:\/\/museros.org\/inici\/es\/tramites\u00bb use_overlay=\u00bbon\u00bb overlay_icon_color=\u00bb#E02B20&#8243; hover_overlay_color=\u00bbrgba(255,255,255,0.7)\u00bb hover_icon=\u00bb&#xe04d;||divi||400&#8243; align=\u00bbcenter\u00bb _builder_version=\u00bb4.16&#8243; _module_preset=\u00bbdefault\u00bb width=\u00bb100%\u00bb global_colors_info=\u00bb{}\u00bb][\/et_pb_image][\/et_pb_column][et_pb_column type=\u00bb3_4&#8243; _builder_version=\u00bb4.16&#8243; _module_preset=\u00bbdefault\u00bb global_colors_info=\u00bb{}\u00bb][et_pb_accordion open_toggle_text_color=\u00bb#FFFFFF\u00bb icon_color=\u00bbrgba(153,0,0,0.35)\u00bb use_icon_font_size=\u00bbon\u00bb icon_font_size=\u00bb20px\u00bb admin_label=\u00bbAcorde\u00f3n 2020&#8243; _builder_version=\u00bb4.27.4&#8243; _module_preset=\u00bbdefault\u00bb toggle_text_color=\u00bb#990000&#8243; toggle_font=\u00bb|600|||||||\u00bb toggle_font_size=\u00bb16px\u00bb body_font=\u00bb||||||||\u00bb hover_enabled=\u00bb0&#8243; locked=\u00bboff\u00bb global_colors_info=\u00bb{}\u00bb sticky_enabled=\u00bb0&#8243;][et_pb_accordion_item title=\u00bbInstancias\u00bb open=\u00bbon\u00bb open_toggle_text_color=\u00bb#FFFFFF\u00bb open_toggle_background_color=\u00bbrgba(0,0,0,0.3)\u00bb closed_toggle_text_color=\u00bb#ffffff\u00bb closed_toggle_background_color=\u00bbrgba(0,0,0,0.3)\u00bb icon_color=\u00bbrgba(99,0,0,0.2)\u00bb use_icon_font_size=\u00bbon\u00bb icon_font_size=\u00bb20px\u00bb _builder_version=\u00bb4.16&#8243; _module_preset=\u00bbdefault\u00bb width=\u00bb100%\u00bb global_colors_info=\u00bb{}\u00bb toggle_text_color=\u00bb#ffffff\u00bb toggle_level=\u00bbh4&#8243; toggle_font=\u00bb|600|||||||\u00bb toggle_font_size=\u00bb24px\u00bb closed_toggle_font_size=\u00bb20px\u00bb][\/et_pb_accordion_item][et_pb_accordion_item title=\u00bbGenerales\u00bb open_toggle_text_color=\u00bb#000000&#8243; toggle_icon=\u00bb&#xe050;||divi||400&#8243; _builder_version=\u00bb4.17.0&#8243; _module_preset=\u00bbdefault\u00bb global_colors_info=\u00bb{}\u00bb open=\u00bboff\u00bb]<\/p>\n<p>\u2022 Solicitud general <a href=\"https:\/\/museros.org\/wp-content\/uploads\/2022\/04\/a-sollicitud-general.pdf\" target=\"_blank\" rel=\"noopener\">PDF&gt;<\/a><\/p>\n<p>[\/et_pb_accordion_item][et_pb_accordion_item title=\u00bbRecaudaci\u00f3n\u00bb open_toggle_text_color=\u00bb#000000&#8243; _builder_version=\u00bb4.27.4&#8243; _module_preset=\u00bbdefault\u00bb hover_enabled=\u00bb0&#8243; global_colors_info=\u00bb{}\u00bb open=\u00bboff\u00bb sticky_enabled=\u00bb0&#8243;]<\/p>\n<p>\u2022 Solicitud de bonificaci\u00f3n por familia numerosa IBI <a href=\"https:\/\/museros.org\/wp-content\/uploads\/2025\/11\/a-sollicitud-notificacionselectroniques_ovt.pdf\" target=\"_blank\" rel=\"noopener\">PDF&gt;<\/a><br \/>\u2022 Solicitud para las notificaciones electr\u00f3nicas de la Oficina Tributaria del Ayuntamiento de Museros (OTAM) <a href=\"https:\/\/museros.org\/wp-content\/uploads\/2025\/11\/a-sollicitud-notificacionselectroniques_otam.pdf\" target=\"_blank\" rel=\"noopener\">PDF&gt;<\/a><br \/>\u2022 Solicitud para el plan Museros Plus <a href=\"https:\/\/museros.org\/wp-content\/uploads\/2022\/04\/a-sollicitud-plamuserosplus.pdf\" target=\"_blank\" rel=\"noopener\">PDF&gt;<\/a><br \/>\u2022 Solicitud de domiciliaci\u00f3n bancaria <a href=\"https:\/\/museros.org\/wp-content\/uploads\/2022\/04\/a-domiciliacio-bancaria.pdf\" target=\"_blank\" rel=\"noopener\">PDF&gt;<\/a><br \/>\u2022 Declaraci\u00f3n tributaria sobre plusvalia <a href=\"https:\/\/museros.org\/wp-content\/uploads\/2022\/04\/a-declaracio-plusvalia.pdf\" target=\"_blank\" rel=\"noopener\">PDF&gt;<\/a><br \/>\u2022 Documentaci\u00f3n para la solicitud de exenci\u00f3n por discapacidad <a href=\"https:\/\/museros.org\/wp-content\/uploads\/2022\/04\/b-sollicitud-dexempcio.pdf\" target=\"_blank\" rel=\"noopener\">PDF&gt;<\/a><br \/>\u2022 Mantenimiento de terceros <a href=\"https:\/\/museros.org\/wp-content\/uploads\/2022\/04\/a-manteniment-de-tercers.pdf\" target=\"_blank\" rel=\"noopener\">PDF&gt;<\/a><\/p>\n<p>[\/et_pb_accordion_item][et_pb_accordion_item title=\u00bbUrbanismo\u00bb open_toggle_text_color=\u00bb#000000&#8243; _builder_version=\u00bb4.17.4&#8243; _module_preset=\u00bbdefault\u00bb global_colors_info=\u00bb{}\u00bb open=\u00bboff\u00bb]<\/p>\n<p>\u2022 Solicitud otros vados <a href=\"https:\/\/museros.org\/wp-content\/uploads\/2022\/04\/a-sollicitud-guals.pdf\" target=\"_blank\" rel=\"noopener\">PDF&gt;<\/a><br \/>\u2022 Solicitud cambio titularidad de actividad <a href=\"https:\/\/museros.org\/wp-content\/uploads\/2022\/04\/a-sollicitud-cambi-titularitat.pdf\" target=\"_blank\" rel=\"noopener\">PDF&gt;<\/a><br \/>\u2022 Solicitud compatibilidad urban\u00edstica de actividad <a href=\"https:\/\/museros.org\/wp-content\/uploads\/2022\/04\/a-certificat-compatibilitat-urbanistica.pdf\" target=\"_blank\" rel=\"noopener\">PDF&gt;<\/a><br \/>\u2022 Solicitud comunicaci\u00f3n ambiental de actividad <a href=\"https:\/\/museros.org\/wp-content\/uploads\/2022\/04\/a-sollicitud-de-comunicacio-ambiental-dactivitat.pdf\" target=\"_blank\" rel=\"noopener\">PDF&gt;<\/a><br \/>\u2022 Solicitud declaraci\u00f3n responsable ambiental de actividad <a href=\"https:\/\/museros.org\/wp-content\/uploads\/2022\/04\/a-sollicitud-declaracio-responsable-ambiental-dactivitat.pdf\" target=\"_blank\" rel=\"noopener\">PDF&gt;<\/a><br \/>\u2022 Solicitud de ocupaci\u00f3n v\u00eda p\u00fablica <a href=\"https:\/\/museros.org\/wp-content\/uploads\/2022\/04\/a-sollicitud-ocupacio-via-publica.pdf\" target=\"_blank\" rel=\"noopener\">PDF&gt;<\/a><br \/>\u2022 Solicitud de certificado o informe urban\u00edstico <a href=\"https:\/\/museros.org\/wp-content\/uploads\/2022\/04\/a-sollicitud-informe-o-certificat.pdf\" target=\"_blank\" rel=\"noopener\">PDF&gt;<\/a><br \/>\u2022 Solicitud declaraci\u00f3n responsable obra menor + Anexo 1 <a href=\"https:\/\/museros.org\/wp-content\/uploads\/2022\/06\/a-declaracio-dobra-menor-annex-I.pdf\" target=\"_blank\" rel=\"noopener\">PDF&gt;<\/a><br \/>\u2022 Solicitud licencia ambiental de actividad <a href=\"https:\/\/museros.org\/wp-content\/uploads\/2022\/04\/a-sollicitud-llicencia-ambiental.pdf\" target=\"_blank\" rel=\"noopener\">PDF&gt;<\/a><br \/>\u2022 Solicitud licencia de obras <a href=\"https:\/\/museros.org\/wp-content\/uploads\/2022\/04\/a-sollicitud-llicencia-dobres.pdf\" target=\"_blank\" rel=\"noopener\">PDF&gt;<\/a><br \/>\u2022 Solicitud vivenda primera ocupaci\u00f3nn <a href=\"https:\/\/museros.org\/wp-content\/uploads\/2022\/04\/a-sollicitud-llicencia-primera-ocupacio.pdf\" target=\"_blank\" rel=\"noopener\">PDF&gt;<\/a><br \/>\u2022 Solicitud vivenda segunda ocupaci\u00f3n <a href=\"https:\/\/museros.org\/wp-content\/uploads\/2022\/04\/a-sollicitud-llicencia-segona-ocupacio.pdf\" target=\"_blank\" rel=\"noopener\">PDF&gt;<\/a><br \/>\u2022 Solicitud permiso desag\u00fces <a href=\"https:\/\/museros.org\/wp-content\/uploads\/2022\/04\/a-sollicitud-permis-abocaments.pdf\" target=\"_blank\" rel=\"noopener\">PDF&gt;<\/a><\/p>\n<p>[\/et_pb_accordion_item][et_pb_accordion_item title=\u00bbServicios Sociales\u00bb open_toggle_text_color=\u00bb#000000&#8243; _builder_version=\u00bb4.27.4&#8243; _module_preset=\u00bbdefault\u00bb global_colors_info=\u00bb{}\u00bb open=\u00bboff\u00bb]<\/p>\n<p>1. Solicitud de ayuda por emergencia social <a href=\"https:\/\/museros.org\/wp-content\/uploads\/2022\/06\/1-SOLICITUD-AJUDA-EMERGENCIASOCIAL.pdf\" target=\"_blank\" rel=\"noopener\">PDF&gt;<\/a><br \/>2. Solicitud bonometro <a href=\"https:\/\/museros.org\/wp-content\/uploads\/2022\/06\/2-SOLICITUD-BONO-METRO.pdf\" target=\"_blank\" rel=\"noopener\">PDF&gt;<\/a><br \/>3. Modelo de domiciliaci\u00f3n bancaria <a href=\"https:\/\/museros.org\/wp-content\/uploads\/2022\/06\/3-DOCUMENTO-DOMICILIACION-BANCARIA.pdf\" target=\"_blank\" rel=\"noopener\">PDF&gt;<\/a><br \/>4. Solicitud programa de ocupaci\u00f3n social <a href=\"https:\/\/museros.org\/wp-content\/uploads\/2022\/06\/5-SOLICITUD-PROGRAMA-OCUPACIO-SOCIAL.pdf\" target=\"_blank\" rel=\"noopener\">PDF&gt;<\/a><br \/>5. Solicitud tarjeta dorada <a href=\"https:\/\/museros.org\/wp-content\/uploads\/2022\/06\/6-SOLICITUD-TARGETA-DAURADA.pdf\" target=\"_blank\" rel=\"noopener\">PDF&gt;<\/a><br \/>6. Solicitud tarjeta estacionamento diversidad funcional <a href=\"https:\/\/museros.org\/wp-content\/uploads\/2022\/06\/7-SOLICITUD-ESTACIONAMENT-DIVERSITAT-FUNCIONAL.pdf\" target=\"_blank\" rel=\"noopener\">PDF&gt;<\/a><br \/>7. Instancia general <a href=\"https:\/\/museros.org\/wp-content\/uploads\/2022\/06\/8-GENERAL.pdf\" target=\"_blank\" rel=\"noopener\">PDF&gt;<\/a><br \/>8. Ayudas en materia de vivienda <a href=\"https:\/\/museros.org\/wp-content\/uploads\/2022\/06\/9-AYUDAS-MATERIA-DE-VIVIENDA.pdf\" target=\"_blank\" rel=\"noopener\">PDF&gt;<\/a><br \/>9. Justificante de ayuda <a href=\"https:\/\/museros.org\/wp-content\/uploads\/2022\/06\/10-JUSTIFICANT-AJUDA.pdf\" target=\"_blank\" rel=\"noopener\">PDF&gt;<\/a><br \/>10. Solicitud de actividades en periodo estival <a href=\"https:\/\/museros.org\/wp-content\/uploads\/2022\/06\/11-SOLICITUD-ACTIVIDADES-ESTIO.pdf\" target=\"_blank\" rel=\"noopener\">PDF&gt;<\/a><br \/>11. Dependencia <a href=\"https:\/\/museros.org\/wp-content\/uploads\/2022\/06\/12-ESCRITO-DEPENDENCIA.pdf\" target=\"_blank\" rel=\"noopener\">PDF&gt;<\/a><br \/>12. Escrito para presentar documentaci\u00f3n <a href=\"https:\/\/museros.org\/wp-content\/uploads\/2022\/06\/13-ESCRITO-PRESENTAR-DOCUMENTACION.pdf\" target=\"_blank\" rel=\"noopener\">PDF&gt;<\/a><br \/>13. Renta valenciana de inclusi\u00f3n <a href=\"https:\/\/museros.org\/wp-content\/uploads\/2022\/06\/14-RENDA-DINCLUSIO.pdf\" target=\"_blank\" rel=\"noopener\">PDF&gt;<\/a><br \/>14. Tramitaci\u00f3n SAD <a href=\"https:\/\/museros.org\/wp-content\/uploads\/2022\/06\/15-ESCRITO-SAD.pdf\" target=\"_blank\" rel=\"noopener\">PDF&gt;<\/a><\/p>\n<p>[\/et_pb_accordion_item][et_pb_accordion_item title=\u00bbPersonal RRHH\u00bb open_toggle_text_color=\u00bb#000000&#8243; _builder_version=\u00bb4.19.3&#8243; _module_preset=\u00bbdefault\u00bb global_colors_info=\u00bb{}\u00bb open=\u00bboff\u00bb]<\/p>\n<p>Solicitud procesos selectivos <a href=\"https:\/\/museros.org\/wp-content\/uploads\/2022\/12\/Sol\u00b7licitud-processos-selectius.pdf\" target=\"_blank\" rel=\"noopener\">pdf&gt;<\/a><\/p>\n<p>[\/et_pb_accordion_item][et_pb_accordion_item title=\u00bbAgricultura y Medio Ambiente\u00bb open_toggle_text_color=\u00bb#000000&#8243; _builder_version=\u00bb4.17.1&#8243; _module_preset=\u00bbdefault\u00bb global_colors_info=\u00bb{}\u00bb open=\u00bboff\u00bb]<\/p>\n<p>\u2022 Declaraci\u00f3n responsable huertos sociales <a href=\"https:\/\/museros.org\/wp-content\/uploads\/2022\/04\/a-declaracio-horts-socials.pdf\" target=\"_blank\" rel=\"noopener\">PDF&gt;<\/a><br \/>\u2022 Solicitud huertos sociales <a href=\"https:\/\/museros.org\/wp-content\/uploads\/2022\/04\/a-sollicitud-horts-socials.pdf\" target=\"_blank\" rel=\"noopener\">PDF&gt;<\/a><br \/>\u2022 Solicitud cierre caminos rurales <a href=\"https:\/\/museros.org\/wp-content\/uploads\/2022\/04\/a-sollicitud-tancament-camins.pdf\" target=\"_blank\" rel=\"noopener\">PDF&gt;<\/a><\/p>\n<p>[\/et_pb_accordion_item][et_pb_accordion_item title=\u00bbCultura\u00bb open_toggle_text_color=\u00bb#000000&#8243; _builder_version=\u00bb4.17.1&#8243; _module_preset=\u00bbdefault\u00bb global_colors_info=\u00bb{}\u00bb toggle_text_color=\u00bb#990000&#8243; open=\u00bboff\u00bb]<\/p>\n<p>\u2022 Solicitud de cesi\u00f3n de espacio p\u00fablico <a href=\"https:\/\/museros.org\/wp-content\/uploads\/2022\/04\/a-sollicitud-espai.pdf\" target=\"_blank\" rel=\"noopener\">PDF&gt;<\/a><\/p>\n<p>[\/et_pb_accordion_item][et_pb_accordion_item title=\u00bbPolic\u00eda\u00bb open_toggle_text_color=\u00bb#000000&#8243; _builder_version=\u00bb4.17.0&#8243; _module_preset=\u00bbdefault\u00bb link_option_url_new_window=\u00bbon\u00bb global_colors_info=\u00bb{}\u00bb open=\u00bboff\u00bb]<\/p>\n<p>Solicitud de la licencia de animal potencialmente peligroso <a href=\"https:\/\/museros.org\/wp-content\/uploads\/2022\/04\/a-sollicitud-llicencia-gosos-perillosos.pdf\" target=\"_blank\" rel=\"noopener\">PDF&gt;<\/a><br \/>Declaraci\u00f3n responsable de animal potencialmente peligroso <a href=\"https:\/\/museros.org\/wp-content\/uploads\/2022\/04\/a-declaracio-responsable-gosos-perillosos.pdf\" target=\"_blank\" rel=\"noopener\">PDF&gt;<\/a><br \/>Declaraci\u00f3n responsable de uso de pirotecnia <a href=\"https:\/\/museros.org\/wp-content\/uploads\/2022\/04\/a-declaracio-responsable-acte-pirotecnic.pdf\" target=\"_blank\" rel=\"noopener\">PDF&gt;<\/a><br \/>Autorizaci\u00f3n disminuci\u00f3n de edades de uso de artificios <a href=\"https:\/\/museros.org\/wp-content\/uploads\/2021\/05\/model-dautoritzacio.pdf\" target=\"_blank\" rel=\"noopener\">PDF&gt;<\/a><\/p>\n<p>[\/et_pb_accordion_item][et_pb_accordion_item title=\u00bbAsociaciones\u00bb open_toggle_text_color=\u00bb#000000&#8243; _builder_version=\u00bb4.17.0&#8243; _module_preset=\u00bbdefault\u00bb link_option_url_new_window=\u00bbon\u00bb global_colors_info=\u00bb{}\u00bb open=\u00bboff\u00bb]<\/p>\n<p>Registro municipal de asociaciones vecinales <a href=\"https:\/\/museros.org\/wp-content\/uploads\/2022\/04\/a-asociaciones-vecinales.pdf\" target=\"_blank\" rel=\"noopener\">PDF&gt;<\/a><\/p>\n<p>[\/et_pb_accordion_item][et_pb_accordion_item title=\u00bbEscuela Infantil Municipal de Primer Ciclo\u00bb open_toggle_text_color=\u00bb#000000&#8243; _builder_version=\u00bb4.27.4&#8243; _module_preset=\u00bbdefault\u00bb link_option_url_new_window=\u00bbon\u00bb global_colors_info=\u00bb{}\u00bb open=\u00bboff\u00bb]<\/p>\n<p>Solicitud de servicio de horario extra <a href=\"https:\/\/museros.org\/wp-content\/uploads\/2025\/06\/solicitud-de-servicio-de-horario-extra-en-la-escoleta.pdf\" target=\"_blank\" rel=\"noopener\">PDF&gt;<\/a><\/p>\n<p>[\/et_pb_accordion_item][\/et_pb_accordion][et_pb_divider color=\u00bb#999999&#8243; divider_style=\u00bbdotted\u00bb divider_weight=\u00bb7px\u00bb _builder_version=\u00bb4.16&#8243; _module_preset=\u00bbdefault\u00bb min_height=\u00bb26px\u00bb custom_margin=\u00bb40px||0px||false|false\u00bb custom_padding=\u00bb||0px||false|false\u00bb locked=\u00bboff\u00bb global_colors_info=\u00bb{}\u00bb][\/et_pb_divider][\/et_pb_column][\/et_pb_row][et_pb_row column_structure=\u00bb1_4,1_4,1_4,1_4&#8243; _builder_version=\u00bb4.16&#8243; _module_preset=\u00bbdefault\u00bb custom_margin=\u00bb0px||0px||false|false\u00bb custom_padding=\u00bb0px||0px||false|false\u00bb global_colors_info=\u00bb{}\u00bb][et_pb_column type=\u00bb1_4&#8243; _builder_version=\u00bb4.16&#8243; _module_preset=\u00bbdefault\u00bb global_colors_info=\u00bb{}\u00bb][\/et_pb_column][et_pb_column type=\u00bb1_4&#8243; _builder_version=\u00bb4.16&#8243; _module_preset=\u00bbdefault\u00bb global_colors_info=\u00bb{}\u00bb][et_pb_image src=\u00bbhttps:\/\/museros.org\/wp-content\/uploads\/2021\/08\/logo-ordenanzas-230&#215;180-1.jpg\u00bb title_text=\u00bblogo-ordenanzas-230&#215;180&#8243; url=\u00bbhttps:\/\/museros.org\/inici\/es\/ordenanzas\u00bb use_overlay=\u00bbon\u00bb overlay_icon_color=\u00bb#E02B20&#8243; hover_overlay_color=\u00bbrgba(255,255,255,0.7)\u00bb hover_icon=\u00bb&#xe04e;||divi||400&#8243; align=\u00bbcenter\u00bb _builder_version=\u00bb4.16&#8243; _module_preset=\u00bbdefault\u00bb width=\u00bb100%\u00bb global_colors_info=\u00bb{}\u00bb][\/et_pb_image][\/et_pb_column][et_pb_column type=\u00bb1_4&#8243; _builder_version=\u00bb4.16&#8243; _module_preset=\u00bbdefault\u00bb global_colors_info=\u00bb{}\u00bb][et_pb_image src=\u00bbhttps:\/\/museros.org\/wp-content\/uploads\/2021\/08\/logo-inscripciones-230&#215;180-1.jpg\u00bb title_text=\u00bblogo-inscripciones-230&#215;180&#8243; url=\u00bbhttps:\/\/museros.org\/inici\/es\/inscripciones\u00bb use_overlay=\u00bbon\u00bb overlay_icon_color=\u00bb#E02B20&#8243; hover_overlay_color=\u00bbrgba(255,255,255,0.7)\u00bb hover_icon=\u00bb&#xe04e;||divi||400&#8243; align=\u00bbcenter\u00bb _builder_version=\u00bb4.16&#8243; _module_preset=\u00bbdefault\u00bb width=\u00bb100%\u00bb global_colors_info=\u00bb{}\u00bb][\/et_pb_image][\/et_pb_column][et_pb_column type=\u00bb1_4&#8243; _builder_version=\u00bb4.16&#8243; _module_preset=\u00bbdefault\u00bb global_colors_info=\u00bb{}\u00bb][\/et_pb_column][\/et_pb_row][et_pb_row _builder_version=\u00bb4.16&#8243; _module_preset=\u00bbdefault\u00bb custom_margin=\u00bb|auto|3px|auto||\u00bb global_colors_info=\u00bb{}\u00bb][et_pb_column type=\u00bb4_4&#8243; _builder_version=\u00bb4.16&#8243; _module_preset=\u00bbdefault\u00bb global_colors_info=\u00bb{}\u00bb][et_pb_divider color=\u00bb#E02B20&#8243; divider_weight=\u00bb4px\u00bb _builder_version=\u00bb4.16&#8243; _module_preset=\u00bbdefault\u00bb global_colors_info=\u00bb{}\u00bb][\/et_pb_divider][\/et_pb_column][\/et_pb_row][\/et_pb_section]<\/p>\n","protected":false},"excerpt":{"rendered":"<p>\u2022 Solicitud general PDF&gt;\u2022 Solicitud de bonificaci\u00f3n por familia numerosa IBI PDF&gt;\u2022 Solicitud para las notificaciones electr\u00f3nicas de la Oficina Tributaria del Ayuntamiento de Museros (OTAM) PDF&gt;\u2022 Solicitud para el plan Museros Plus PDF&gt;\u2022 Solicitud de domiciliaci\u00f3n bancaria PDF&gt;\u2022 Declaraci\u00f3n tributaria sobre plusvalia PDF&gt;\u2022 Documentaci\u00f3n para la solicitud de exenci\u00f3n por discapacidad PDF&gt;\u2022 Mantenimiento de [&hellip;]<\/p>\n","protected":false},"author":8,"featured_media":0,"parent":0,"menu_order":0,"comment_status":"closed","ping_status":"closed","template":"","meta":{"_et_pb_use_builder":"on","_et_pb_old_content":"","_et_gb_content_width":"","_mc_calendar":[],"footnotes":""},"wf_page_folders":[309],"class_list":["post-241517","page","type-page","status-publish","hentry"],"_links":{"self":[{"href":"https:\/\/museros.org\/inici\/wp-json\/wp\/v2\/pages\/241517","targetHints":{"allow":["GET"]}}],"collection":[{"href":"https:\/\/museros.org\/inici\/wp-json\/wp\/v2\/pages"}],"about":[{"href":"https:\/\/museros.org\/inici\/wp-json\/wp\/v2\/types\/page"}],"author":[{"embeddable":true,"href":"https:\/\/museros.org\/inici\/wp-json\/wp\/v2\/users\/8"}],"replies":[{"embeddable":true,"href":"https:\/\/museros.org\/inici\/wp-json\/wp\/v2\/comments?post=241517"}],"version-history":[{"count":146,"href":"https:\/\/museros.org\/inici\/wp-json\/wp\/v2\/pages\/241517\/revisions"}],"predecessor-version":[{"id":277621,"href":"https:\/\/museros.org\/inici\/wp-json\/wp\/v2\/pages\/241517\/revisions\/277621"}],"wp:attachment":[{"href":"https:\/\/museros.org\/inici\/wp-json\/wp\/v2\/media?parent=241517"}],"wp:term":[{"taxonomy":"wf_page_folders","embeddable":true,"href":"https:\/\/museros.org\/inici\/wp-json\/wp\/v2\/wf_page_folders?post=241517"}],"curies":[{"name":"wp","href":"https:\/\/api.w.org\/{rel}","templated":true}]}}