{"id":241462,"date":"2021-04-09T08:45:53","date_gmt":"2021-04-09T08:45:53","guid":{"rendered":"https:\/\/museros.org\/?page_id=241462"},"modified":"2022-04-15T13:26:16","modified_gmt":"2022-04-15T13:26:16","slug":"asesoria-juridica","status":"publish","type":"page","link":"https:\/\/museros.org\/inici\/es\/asesoria-juridica\/","title":{"rendered":"Asesor\u00eda jur\u00eddica"},"content":{"rendered":"<p>[et_pb_section fb_built=\u00bb1&#8243; _builder_version=\u00bb4.16&#8243; _module_preset=\u00bbdefault\u00bb custom_padding=\u00bb0px||||false|false\u00bb global_colors_info=\u00bb{}\u00bb][et_pb_row column_structure=\u00bb1_4,3_4&#8243; _builder_version=\u00bb4.17.1&#8243; _module_preset=\u00bbdefault\u00bb custom_margin=\u00bb0px||0px||false|false\u00bb custom_padding=\u00bb0px||||false|false\u00bb hover_enabled=\u00bb0&#8243; global_colors_info=\u00bb{}\u00bb sticky_enabled=\u00bb0&#8243;][et_pb_column type=\u00bb1_4&#8243; _builder_version=\u00bb4.16&#8243; _module_preset=\u00bbdefault\u00bb global_colors_info=\u00bb{}\u00bb][et_pb_image src=\u00bbhttps:\/\/museros.org\/wp-content\/uploads\/2022\/04\/asesoria-juridica-180&#215;230-1.jpg\u00bb title_text=\u00bbasesoria-juridica-180&#215;230&#8243; url=\u00bbhttps:\/\/museros.org\/inici\/es\/\u00bb use_overlay=\u00bbon\u00bb overlay_icon_color=\u00bb#E02B20&#8243; hover_overlay_color=\u00bbrgba(255,255,255,0.68)\u00bb hover_icon=\u00bb&#xe04d;||divi||400&#8243; align=\u00bbcenter\u00bb _builder_version=\u00bb4.17.1&#8243; _module_preset=\u00bbdefault\u00bb hover_enabled=\u00bb0&#8243; global_colors_info=\u00bb{}\u00bb sticky_enabled=\u00bb0&#8243;][\/et_pb_image][\/et_pb_column][et_pb_column type=\u00bb3_4&#8243; _builder_version=\u00bb4.16&#8243; _module_preset=\u00bbdefault\u00bb global_colors_info=\u00bb{}\u00bb][et_pb_text _builder_version=\u00bb4.16&#8243; _module_preset=\u00bbdefault\u00bb custom_padding=\u00bb||5px|3px||\u00bb global_colors_info=\u00bb{}\u00bb]<\/p>\n<h2>Asesor\u00eda jur\u00eddica<\/h2>\n<p>Servicio gratuito de asesoramiento jur\u00eddico, intermediaci\u00f3n y negociaciones diversas.<\/p>\n<p>Los vecinos y las vecinas de Museros se pueden beneficiar del convenio de colaboraci\u00f3n entre la Diputaci\u00f3n de Val\u00e8ncia y el Colegio de Abogados de Val\u00e8ncia para la prestaci\u00f3n gratuita de los servicios de asesoramiento jur\u00eddico, intermediaci\u00f3n y negociaci\u00f3n de pr\u00e9stamos, arrendamientos y evitaci\u00f3n de desahucios en la vivienda habitual.<\/p>\n<p>Convenio de colaboraci\u00f3n entre la Excelent\u00edsima. Diputaci\u00f3n Provincial de Valencia y el Ilustre Colegio de Abogados de Valencia, para la prestaci\u00f3n de los servicios de asesoramiento jur\u00eddico, intermediaci\u00f3n y negociaci\u00f3n sobre pr\u00e9stamos, arrendamientos y evitaci\u00f3n de desahucios relativos a la vivienda habitual y sobre mediaci\u00f3n familiar (marzo de 2016).<\/p>\n<p>[\/et_pb_text][et_pb_button button_url=\u00bbhttps:\/\/museros.org\/wp-content\/uploads\/2021\/07\/Convenio-Diputacion.pdf\u00bb url_new_window=\u00bbon\u00bb button_text=\u00bbArchivo PDF\u00bb _builder_version=\u00bb4.16&#8243; _module_preset=\u00bbdefault\u00bb global_colors_info=\u00bb{}\u00bb][\/et_pb_button][et_pb_text _builder_version=\u00bb4.16&#8243; _module_preset=\u00bbdefault\u00bb global_colors_info=\u00bb{}\u00bb]<\/p>\n<p><em><span style=\"color: #000000;\"><\/span><\/em><\/p>\n<p><span style=\"color: #000000;\">Instancia para la prestaci\u00f3n de servicios jur\u00eddicos.<\/span><\/p>\n<p>[\/et_pb_text][et_pb_button button_url=\u00bbhttps:\/\/museros.org\/wp-content\/uploads\/2022\/02\/E-modelo-sollicitut-juridica.pdf\u00bb url_new_window=\u00bbon\u00bb button_text=\u00bbSolicitud PDF\u00bb _builder_version=\u00bb4.16&#8243; _module_preset=\u00bbdefault\u00bb global_colors_info=\u00bb{}\u00bb][\/et_pb_button][\/et_pb_column][\/et_pb_row][et_pb_row _builder_version=\u00bb4.16&#8243; _module_preset=\u00bbdefault\u00bb custom_margin=\u00bb25px||||false|false\u00bb global_colors_info=\u00bb{}\u00bb][et_pb_column type=\u00bb4_4&#8243; _builder_version=\u00bb4.16&#8243; _module_preset=\u00bbdefault\u00bb global_colors_info=\u00bb{}\u00bb][et_pb_divider color=\u00bb#E02B20&#8243; divider_weight=\u00bb4px\u00bb _builder_version=\u00bb4.16&#8243; _module_preset=\u00bbdefault\u00bb global_colors_info=\u00bb{}\u00bb][\/et_pb_divider][\/et_pb_column][\/et_pb_row][\/et_pb_section]<\/p>\n","protected":false},"excerpt":{"rendered":"<p>Asesor\u00eda jur\u00eddica Servicio gratuito de asesoramiento jur\u00eddico, intermediaci\u00f3n y negociaciones diversas. Los vecinos y las vecinas de Museros se pueden beneficiar del convenio de colaboraci\u00f3n entre la Diputaci\u00f3n de Val\u00e8ncia y el Colegio de Abogados de Val\u00e8ncia para la prestaci\u00f3n gratuita de los servicios de asesoramiento jur\u00eddico, intermediaci\u00f3n y negociaci\u00f3n de pr\u00e9stamos, arrendamientos y evitaci\u00f3n [&hellip;]<\/p>\n","protected":false},"author":8,"featured_media":0,"parent":0,"menu_order":0,"comment_status":"closed","ping_status":"closed","template":"","meta":{"_et_pb_use_builder":"on","_et_pb_old_content":"","_et_gb_content_width":"","_mc_calendar":[],"footnotes":""},"wf_page_folders":[389],"class_list":["post-241462","page","type-page","status-publish","hentry"],"_links":{"self":[{"href":"https:\/\/museros.org\/inici\/wp-json\/wp\/v2\/pages\/241462","targetHints":{"allow":["GET"]}}],"collection":[{"href":"https:\/\/museros.org\/inici\/wp-json\/wp\/v2\/pages"}],"about":[{"href":"https:\/\/museros.org\/inici\/wp-json\/wp\/v2\/types\/page"}],"author":[{"embeddable":true,"href":"https:\/\/museros.org\/inici\/wp-json\/wp\/v2\/users\/8"}],"replies":[{"embeddable":true,"href":"https:\/\/museros.org\/inici\/wp-json\/wp\/v2\/comments?post=241462"}],"version-history":[{"count":27,"href":"https:\/\/museros.org\/inici\/wp-json\/wp\/v2\/pages\/241462\/revisions"}],"predecessor-version":[{"id":258023,"href":"https:\/\/museros.org\/inici\/wp-json\/wp\/v2\/pages\/241462\/revisions\/258023"}],"wp:attachment":[{"href":"https:\/\/museros.org\/inici\/wp-json\/wp\/v2\/media?parent=241462"}],"wp:term":[{"taxonomy":"wf_page_folders","embeddable":true,"href":"https:\/\/museros.org\/inici\/wp-json\/wp\/v2\/wf_page_folders?post=241462"}],"curies":[{"name":"wp","href":"https:\/\/api.w.org\/{rel}","templated":true}]}}